{"id":7322,"date":"2022-03-05T13:42:23","date_gmt":"2022-03-05T12:42:23","guid":{"rendered":"https:\/\/sites.ac-nancy-metz.fr\/arts-plastiques\/?page_id=7322"},"modified":"2023-05-30T15:33:43","modified_gmt":"2023-05-30T13:33:43","slug":"actualites-des-galeries-darts","status":"publish","type":"page","link":"https:\/\/sites.ac-nancy-metz.fr\/arts-plastiques\/actualites-des-galeries-darts\/","title":{"rendered":"Actualit\u00e9s des Galeries d&rsquo;Arts"},"content":{"rendered":"<div class=\"wp-block-image\">\n<figure class=\"alignleft size-full is-resized\"><img fetchpriority=\"high\" decoding=\"async\" src=\"https:\/\/sites.ac-nancy-metz.fr\/arts-plastiques\/wp-content\/uploads\/Logo-Galeries-dArts.png\" alt=\"\" class=\"wp-image-7326\" width=\"450\" height=\"430\" srcset=\"https:\/\/sites.ac-nancy-metz.fr\/arts-plastiques\/wp-content\/uploads\/Logo-Galeries-dArts.png 728w, https:\/\/sites.ac-nancy-metz.fr\/arts-plastiques\/wp-content\/uploads\/Logo-Galeries-dArts-300x286.png 300w\" sizes=\"(max-width: 450px) 100vw, 450px\" \/><\/figure>\n<\/div>\n\n\n<p>Les&nbsp;Galeries d\u2019Arts sont&nbsp;des&nbsp;<strong>lieux d\u2019expositions d\u2019\u0153uvres d\u2019arts et des pratiques plastiques des \u00e9l\u00e8ves.&nbsp;<\/strong><\/p>\n\n\n\n<p>Elles&nbsp;se&nbsp;d\u00e9veloppent&nbsp;dans&nbsp;les \u00e9tablissements dans des espaces vari\u00e9s tout en veillant aux conditions d\u2019accrochages des \u0153uvres d\u2019art et des productions ou r\u00e9alisations des \u00e9l\u00e8ves.&nbsp;<\/p>\n\n\n\n<p>Coordonn\u00e9es&nbsp;par&nbsp;les&nbsp;professeurs&nbsp;d\u2019arts plastiques, elles proposent des formes sensibles et po\u00e9tiques de dialogues et de&nbsp;valorisation des pratiques&nbsp;artistiques.<\/p>\n\n\n\n<iframe width=\"100%\" height=\"300px\" frameborder=\"0\" allowfullscreen=\"\" src=\"\/\/umap.openstreetmap.fr\/fr\/map\/carte-sans-nom_748361?scaleControl=false&amp;miniMap=false&amp;scrollWheelZoom=false&amp;zoomControl=true&amp;allowEdit=false&amp;moreControl=true&amp;searchControl=null&amp;tilelayersControl=null&amp;embedControl=null&amp;datalayersControl=true&amp;onLoadPanel=undefined&amp;captionBar=false\"><\/iframe><p><a href=\"\/\/umap.openstreetmap.fr\/fr\/map\/carte-sans-nom_748361\">Voir en plein \u00e9cran<\/a><\/p>\n\n\n\n<h2 class=\"wp-block-heading\">Coll\u00e8ge Saint-Marie de Saint Di\u00e9 des Vosges<\/h2>\n\n\n\n<figure class=\"wp-block-image size-full\"><img decoding=\"async\" width=\"1006\" height=\"713\" src=\"https:\/\/sites.ac-nancy-metz.fr\/arts-plastiques\/wp-content\/uploads\/Capture-decran-2023-05-30-a-15.13.12.png\" alt=\"\" class=\"wp-image-9117\" srcset=\"https:\/\/sites.ac-nancy-metz.fr\/arts-plastiques\/wp-content\/uploads\/Capture-decran-2023-05-30-a-15.13.12.png 1006w, https:\/\/sites.ac-nancy-metz.fr\/arts-plastiques\/wp-content\/uploads\/Capture-decran-2023-05-30-a-15.13.12-300x213.png 300w, https:\/\/sites.ac-nancy-metz.fr\/arts-plastiques\/wp-content\/uploads\/Capture-decran-2023-05-30-a-15.13.12-768x544.png 768w\" sizes=\"(max-width: 1006px) 100vw, 1006px\" \/><\/figure>\n\n\n\n<h2 class=\"wp-block-heading\">Exposition \u00ab\u00a0Arborescence : Le v\u00e9g\u00e9tal et ses enjeux\u00a0\u00bb<\/h2>\n\n\n\n<figure class=\"wp-block-image size-full\"><img decoding=\"async\" width=\"807\" height=\"697\" src=\"https:\/\/sites.ac-nancy-metz.fr\/arts-plastiques\/wp-content\/uploads\/Capture-decran-2022-11-20-a-22.13.21.png\" alt=\"\" class=\"wp-image-8847\" srcset=\"https:\/\/sites.ac-nancy-metz.fr\/arts-plastiques\/wp-content\/uploads\/Capture-decran-2022-11-20-a-22.13.21.png 807w, https:\/\/sites.ac-nancy-metz.fr\/arts-plastiques\/wp-content\/uploads\/Capture-decran-2022-11-20-a-22.13.21-300x259.png 300w, https:\/\/sites.ac-nancy-metz.fr\/arts-plastiques\/wp-content\/uploads\/Capture-decran-2022-11-20-a-22.13.21-768x663.png 768w\" sizes=\"(max-width: 807px) 100vw, 807px\" \/><\/figure>\n","protected":false},"excerpt":{"rendered":"<p>Les&nbsp;Galeries d\u2019Arts sont&nbsp;des&nbsp;lieux d\u2019expositions d\u2019\u0153uvres d\u2019arts et des pratiques plastiques des \u00e9l\u00e8ves.&nbsp; Elles&nbsp;se&nbsp;d\u00e9veloppent&nbsp;dans&nbsp;les \u00e9tablissements dans des espaces vari\u00e9s tout en veillant aux conditions d\u2019accrochages des \u0153uvres&#8230;<\/p>\n","protected":false},"author":2,"featured_media":0,"parent":0,"menu_order":0,"comment_status":"closed","ping_status":"closed","template":"","meta":{"footnotes":""},"class_list":["post-7322","page","type-page","status-publish","hentry"],"_links":{"self":[{"href":"https:\/\/sites.ac-nancy-metz.fr\/arts-plastiques\/wp-json\/wp\/v2\/pages\/7322","targetHints":{"allow":["GET"]}}],"collection":[{"href":"https:\/\/sites.ac-nancy-metz.fr\/arts-plastiques\/wp-json\/wp\/v2\/pages"}],"about":[{"href":"https:\/\/sites.ac-nancy-metz.fr\/arts-plastiques\/wp-json\/wp\/v2\/types\/page"}],"author":[{"embeddable":true,"href":"https:\/\/sites.ac-nancy-metz.fr\/arts-plastiques\/wp-json\/wp\/v2\/users\/2"}],"replies":[{"embeddable":true,"href":"https:\/\/sites.ac-nancy-metz.fr\/arts-plastiques\/wp-json\/wp\/v2\/comments?post=7322"}],"version-history":[{"count":5,"href":"https:\/\/sites.ac-nancy-metz.fr\/arts-plastiques\/wp-json\/wp\/v2\/pages\/7322\/revisions"}],"predecessor-version":[{"id":9120,"href":"https:\/\/sites.ac-nancy-metz.fr\/arts-plastiques\/wp-json\/wp\/v2\/pages\/7322\/revisions\/9120"}],"wp:attachment":[{"href":"https:\/\/sites.ac-nancy-metz.fr\/arts-plastiques\/wp-json\/wp\/v2\/media?parent=7322"}],"curies":[{"name":"wp","href":"https:\/\/api.w.org\/{rel}","templated":true}]}}