{"id":733,"date":"2020-09-11T13:11:21","date_gmt":"2020-09-11T11:11:21","guid":{"rendered":"https:\/\/sites.ac-nancy-metz.fr\/arts-plastiques\/?page_id=733"},"modified":"2021-04-19T12:08:13","modified_gmt":"2021-04-19T10:08:13","slug":"enseignement-hybride-2","status":"publish","type":"page","link":"https:\/\/sites.ac-nancy-metz.fr\/arts-plastiques\/enseignement-hybride-2\/","title":{"rendered":"Enseignement hybride lyc\u00e9e"},"content":{"rendered":"\n<p><strong>Des ressources pour d\u00e9velopper la pratique plastique \u00e0 distance, construire une culture artistique et favoriser la rencontre avec les oeuvres : <\/strong><\/p>\n\n\n\n<div class=\"wp-block-image\"><figure class=\"aligncenter is-resized\"><a href=\"https:\/\/sites.ac-nancy-metz.fr\/arts-plastiques\/2020\/10\/30\/ressources-rentree-novembre-2020\/\"><img fetchpriority=\"high\" decoding=\"async\" src=\"https:\/\/sites.ac-nancy-metz.fr\/arts-plastiques\/wp-content\/uploads\/capture-decran-2020-11-20-a-15-01-20.png\" alt=\"\" class=\"wp-image-2358\" width=\"445\" height=\"421\" srcset=\"https:\/\/sites.ac-nancy-metz.fr\/arts-plastiques\/wp-content\/uploads\/capture-decran-2020-11-20-a-15-01-20.png 752w, https:\/\/sites.ac-nancy-metz.fr\/arts-plastiques\/wp-content\/uploads\/capture-decran-2020-11-20-a-15-01-20-300x284.png 300w\" sizes=\"(max-width: 445px) 100vw, 445px\" \/><\/a><\/figure><\/div>\n\n\n\n<figure class=\"wp-block-image\"><a href=\"https:\/\/sites.ac-nancy-metz.fr\/arts-plastiques\/innovations-pedagogiques\/\"><img decoding=\"async\" width=\"1024\" height=\"470\" src=\"https:\/\/sites.ac-nancy-metz.fr\/arts-plastiques\/wp-content\/uploads\/capture-decran-2020-11-17-a-15-50-32-1024x470.png\" alt=\"\" class=\"wp-image-2279\" srcset=\"https:\/\/sites.ac-nancy-metz.fr\/arts-plastiques\/wp-content\/uploads\/capture-decran-2020-11-17-a-15-50-32-1024x470.png 1024w, https:\/\/sites.ac-nancy-metz.fr\/arts-plastiques\/wp-content\/uploads\/capture-decran-2020-11-17-a-15-50-32-300x138.png 300w, https:\/\/sites.ac-nancy-metz.fr\/arts-plastiques\/wp-content\/uploads\/capture-decran-2020-11-17-a-15-50-32-768x353.png 768w, https:\/\/sites.ac-nancy-metz.fr\/arts-plastiques\/wp-content\/uploads\/capture-decran-2020-11-17-a-15-50-32.png 1184w\" sizes=\"(max-width: 1024px) 100vw, 1024px\" \/><\/a><\/figure>\n\n\n\n<div class=\"wp-block-image\"><figure class=\"aligncenter is-resized\"><img decoding=\"async\" src=\"https:\/\/sites.ac-nancy-metz.fr\/arts-plastiques\/wp-content\/uploads\/Capture-d\u2019ecran-2021-01-30-a-14.51.56-1.png\" alt=\"\" class=\"wp-image-2997\" width=\"443\" height=\"325\" srcset=\"https:\/\/sites.ac-nancy-metz.fr\/arts-plastiques\/wp-content\/uploads\/Capture-d\u2019ecran-2021-01-30-a-14.51.56-1.png 1024w, https:\/\/sites.ac-nancy-metz.fr\/arts-plastiques\/wp-content\/uploads\/Capture-d\u2019ecran-2021-01-30-a-14.51.56-1-300x221.png 300w, https:\/\/sites.ac-nancy-metz.fr\/arts-plastiques\/wp-content\/uploads\/Capture-d\u2019ecran-2021-01-30-a-14.51.56-1-768x565.png 768w\" sizes=\"(max-width: 443px) 100vw, 443px\" \/><\/figure><\/div>\n\n\n\n<p><strong>Des modalit\u00e9s d&rsquo;adaptation possibles \u00e0 mettre en oeuvre :<\/strong><\/p>\n\n\n\n<div class=\"wp-block-image\"><figure class=\"aligncenter is-resized\"><img loading=\"lazy\" decoding=\"async\" src=\"https:\/\/sites.ac-nancy-metz.fr\/arts-plastiques\/wp-content\/uploads\/capture-decran-2021-01-30-a-14-51-51-1024x742.png\" alt=\"\" class=\"wp-image-2995\" width=\"465\" height=\"336\" srcset=\"https:\/\/sites.ac-nancy-metz.fr\/arts-plastiques\/wp-content\/uploads\/capture-decran-2021-01-30-a-14-51-51-1024x742.png 1024w, https:\/\/sites.ac-nancy-metz.fr\/arts-plastiques\/wp-content\/uploads\/capture-decran-2021-01-30-a-14-51-51-300x217.png 300w, https:\/\/sites.ac-nancy-metz.fr\/arts-plastiques\/wp-content\/uploads\/capture-decran-2021-01-30-a-14-51-51-768x556.png 768w, https:\/\/sites.ac-nancy-metz.fr\/arts-plastiques\/wp-content\/uploads\/capture-decran-2021-01-30-a-14-51-51.png 1092w\" sizes=\"(max-width: 465px) 100vw, 465px\" \/><\/figure><\/div>\n\n\n\n<figure class=\"wp-block-image\"><img loading=\"lazy\" decoding=\"async\" width=\"1024\" height=\"728\" src=\"https:\/\/sites.ac-nancy-metz.fr\/arts-plastiques\/wp-content\/uploads\/capture-decran-2020-11-15-a-22-44-51-1024x728.png\" alt=\"\" class=\"wp-image-2239\" srcset=\"https:\/\/sites.ac-nancy-metz.fr\/arts-plastiques\/wp-content\/uploads\/capture-decran-2020-11-15-a-22-44-51-1024x728.png 1024w, https:\/\/sites.ac-nancy-metz.fr\/arts-plastiques\/wp-content\/uploads\/capture-decran-2020-11-15-a-22-44-51-300x213.png 300w, https:\/\/sites.ac-nancy-metz.fr\/arts-plastiques\/wp-content\/uploads\/capture-decran-2020-11-15-a-22-44-51-768x546.png 768w, https:\/\/sites.ac-nancy-metz.fr\/arts-plastiques\/wp-content\/uploads\/capture-decran-2020-11-15-a-22-44-51.png 1102w\" sizes=\"(max-width: 1024px) 100vw, 1024px\" \/><\/figure>\n\n\n\n<figure class=\"wp-block-image\"><img loading=\"lazy\" decoding=\"async\" width=\"947\" height=\"708\" src=\"https:\/\/sites.ac-nancy-metz.fr\/arts-plastiques\/wp-content\/uploads\/capture-decran-2020-11-15-a-22-45-44.png\" alt=\"\" class=\"wp-image-2240\" srcset=\"https:\/\/sites.ac-nancy-metz.fr\/arts-plastiques\/wp-content\/uploads\/capture-decran-2020-11-15-a-22-45-44.png 947w, https:\/\/sites.ac-nancy-metz.fr\/arts-plastiques\/wp-content\/uploads\/capture-decran-2020-11-15-a-22-45-44-300x224.png 300w, https:\/\/sites.ac-nancy-metz.fr\/arts-plastiques\/wp-content\/uploads\/capture-decran-2020-11-15-a-22-45-44-768x574.png 768w\" sizes=\"(max-width: 947px) 100vw, 947px\" \/><\/figure>\n\n\n\n<div style=\"width: 100%;\"><div style=\"position: relative; padding-bottom: 200%; padding-top: 0; height: 0;\"><iframe frameborder=\"0\" width=\"800px\" height=\"1600px\" style=\"position: absolute; top: 0; left: 0; width: 100%; height: 100%;\" src=\"https:\/\/view.genial.ly\/5fb1169eef4ef20d0a6e0e31\" type=\"text\/html\" allowscriptaccess=\"always\" allowfullscreen=\"true\" scrolling=\"yes\" allownetworking=\"all\"><\/iframe> <\/div> <\/div>\n\n\n\n<p><a href=\"https:\/\/dane.ac-nancy-metz.fr\/continuite-pedagogique\/\">Continuit\u00e9 p\u00e9dagogique, enseignement hybride<\/a><\/p>\n\n\n\n<p><div><a href=\"https:\/\/dane.ac-nancy-metz.fr\/ressources-numeriques-et-disciplines\/arts-plastiques\/\">Arts plastiques : DANE Nancy-Metz<\/a><\/div><\/p>\n\n\n\n<p><a href=\"https:\/\/dane.ac-nancy-metz.fr\/galerie_virtuelle\/\">Lyc\u00e9e 4.0<\/a><\/p>\n\n\n\n<p><a href=\"https:\/\/pedagogie.ac-nancy-metz.fr\/hybride\/\">Guide pratique de la mise en oeuvre d\u2019un enseignement en modalit\u00e9 hybride\ufeff<\/a><\/p>\n","protected":false},"excerpt":{"rendered":"<p>Des ressources pour d\u00e9velopper la pratique plastique \u00e0 distance, construire une culture artistique et favoriser la rencontre avec les oeuvres : Des modalit\u00e9s d&rsquo;adaptation possibles \u00e0&#8230;<\/p>\n","protected":false},"author":2,"featured_media":0,"parent":0,"menu_order":0,"comment_status":"closed","ping_status":"closed","template":"","meta":{"footnotes":""},"class_list":["post-733","page","type-page","status-publish","hentry"],"_links":{"self":[{"href":"https:\/\/sites.ac-nancy-metz.fr\/arts-plastiques\/wp-json\/wp\/v2\/pages\/733","targetHints":{"allow":["GET"]}}],"collection":[{"href":"https:\/\/sites.ac-nancy-metz.fr\/arts-plastiques\/wp-json\/wp\/v2\/pages"}],"about":[{"href":"https:\/\/sites.ac-nancy-metz.fr\/arts-plastiques\/wp-json\/wp\/v2\/types\/page"}],"author":[{"embeddable":true,"href":"https:\/\/sites.ac-nancy-metz.fr\/arts-plastiques\/wp-json\/wp\/v2\/users\/2"}],"replies":[{"embeddable":true,"href":"https:\/\/sites.ac-nancy-metz.fr\/arts-plastiques\/wp-json\/wp\/v2\/comments?post=733"}],"version-history":[{"count":11,"href":"https:\/\/sites.ac-nancy-metz.fr\/arts-plastiques\/wp-json\/wp\/v2\/pages\/733\/revisions"}],"predecessor-version":[{"id":2998,"href":"https:\/\/sites.ac-nancy-metz.fr\/arts-plastiques\/wp-json\/wp\/v2\/pages\/733\/revisions\/2998"}],"wp:attachment":[{"href":"https:\/\/sites.ac-nancy-metz.fr\/arts-plastiques\/wp-json\/wp\/v2\/media?parent=733"}],"curies":[{"name":"wp","href":"https:\/\/api.w.org\/{rel}","templated":true}]}}