{"id":7330,"date":"2022-03-05T15:15:07","date_gmt":"2022-03-05T14:15:07","guid":{"rendered":"https:\/\/sites.ac-nancy-metz.fr\/arts-plastiques\/?page_id=7330"},"modified":"2022-06-29T20:40:12","modified_gmt":"2022-06-29T18:40:12","slug":"actualites-des-collections-darts","status":"publish","type":"page","link":"https:\/\/sites.ac-nancy-metz.fr\/arts-plastiques\/actualites-des-collections-darts\/","title":{"rendered":"Actualit\u00e9s des Collections d&rsquo;Arts"},"content":{"rendered":"<div class=\"wp-block-image\">\n<figure class=\"alignright size-full is-resized\"><img fetchpriority=\"high\" decoding=\"async\" src=\"https:\/\/sites.ac-nancy-metz.fr\/arts-plastiques\/wp-content\/uploads\/Logo-Collection-dArts-1.png\" alt=\"\" class=\"wp-image-7343\" width=\"459\" height=\"430\" srcset=\"https:\/\/sites.ac-nancy-metz.fr\/arts-plastiques\/wp-content\/uploads\/Logo-Collection-dArts-1.png 520w, https:\/\/sites.ac-nancy-metz.fr\/arts-plastiques\/wp-content\/uploads\/Logo-Collection-dArts-1-300x281.png 300w\" sizes=\"(max-width: 459px) 100vw, 459px\" \/><\/figure>\n<\/div>\n\n\n<p>Les <strong>Collections d\u2019Arts <\/strong>visent \u00e0 <strong>l\u2019acquisition d\u2019\u0153uvres d\u2019arts<\/strong> <strong>plastiques<\/strong> et \u00e0 la <strong>constitution de fonds <\/strong>dans les territoires, en \u00e9tablissements et\/ou dans les bassins. Elles permettent une <strong>diffusion et une rencontre avec les \u0153uvres <\/strong>en dialogues avec les \u00e9tablissements de proximit\u00e9. Elles donnent une r\u00e9elle <strong>plus-value aux Lieux d\u2019Arts et de Cultures <\/strong>avec une <strong>collection p\u00e9renne<\/strong>.<\/p>\n\n\n\n<p>La premi\u00e8re Collection d&rsquo;Arts est inaugur\u00e9e au coll\u00e8ge Jacques Gr\u00fcber \u00e0 Colombey-les-Belles. <\/p>\n\n\n\n<iframe width=\"100%\" height=\"300px\" frameborder=\"0\" allowfullscreen src=\"\/\/umap.openstreetmap.fr\/fr\/map\/collections-darts_782708?scaleControl=false&#038;miniMap=false&#038;scrollWheelZoom=false&#038;zoomControl=true&#038;allowEdit=false&#038;moreControl=true&#038;searchControl=null&#038;tilelayersControl=null&#038;embedControl=null&#038;datalayersControl=true&#038;onLoadPanel=undefined&#038;captionBar=false\"><\/iframe><p><a href=\"\/\/umap.openstreetmap.fr\/fr\/map\/collections-darts_782708\">Voir en plein \u00e9cran<\/a><\/p>\n","protected":false},"excerpt":{"rendered":"<p>Les Collections d\u2019Arts visent \u00e0 l\u2019acquisition d\u2019\u0153uvres d\u2019arts plastiques et \u00e0 la constitution de fonds dans les territoires, en \u00e9tablissements et\/ou dans les bassins. Elles permettent&#8230;<\/p>\n","protected":false},"author":2,"featured_media":0,"parent":0,"menu_order":0,"comment_status":"closed","ping_status":"closed","template":"","meta":{"footnotes":""},"class_list":["post-7330","page","type-page","status-publish","hentry"],"_links":{"self":[{"href":"https:\/\/sites.ac-nancy-metz.fr\/arts-plastiques\/wp-json\/wp\/v2\/pages\/7330","targetHints":{"allow":["GET"]}}],"collection":[{"href":"https:\/\/sites.ac-nancy-metz.fr\/arts-plastiques\/wp-json\/wp\/v2\/pages"}],"about":[{"href":"https:\/\/sites.ac-nancy-metz.fr\/arts-plastiques\/wp-json\/wp\/v2\/types\/page"}],"author":[{"embeddable":true,"href":"https:\/\/sites.ac-nancy-metz.fr\/arts-plastiques\/wp-json\/wp\/v2\/users\/2"}],"replies":[{"embeddable":true,"href":"https:\/\/sites.ac-nancy-metz.fr\/arts-plastiques\/wp-json\/wp\/v2\/comments?post=7330"}],"version-history":[{"count":6,"href":"https:\/\/sites.ac-nancy-metz.fr\/arts-plastiques\/wp-json\/wp\/v2\/pages\/7330\/revisions"}],"predecessor-version":[{"id":8669,"href":"https:\/\/sites.ac-nancy-metz.fr\/arts-plastiques\/wp-json\/wp\/v2\/pages\/7330\/revisions\/8669"}],"wp:attachment":[{"href":"https:\/\/sites.ac-nancy-metz.fr\/arts-plastiques\/wp-json\/wp\/v2\/media?parent=7330"}],"curies":[{"name":"wp","href":"https:\/\/api.w.org\/{rel}","templated":true}]}}