{"id":741,"date":"2020-09-11T13:14:14","date_gmt":"2020-09-11T11:14:14","guid":{"rendered":"https:\/\/sites.ac-nancy-metz.fr\/arts-plastiques\/?page_id=741"},"modified":"2022-05-19T18:00:53","modified_gmt":"2022-05-19T16:00:53","slug":"ressources-pour-une-ecole-inclusive","status":"publish","type":"page","link":"https:\/\/sites.ac-nancy-metz.fr\/arts-plastiques\/ressources-pour-une-ecole-inclusive\/","title":{"rendered":"\u00c9cole inclusive"},"content":{"rendered":"\n<div data-wp-interactive=\"core\/file\" class=\"wp-block-file\"><object data-wp-bind--hidden=\"!state.hasPdfPreview\" hidden class=\"wp-block-file__embed\" data=\"https:\/\/sites.ac-nancy-metz.fr\/arts-plastiques\/wp-content\/uploads\/Besoins-educatifs-particuliers-et-pratiques-plastiques-singulieres-1-5.pdf\" type=\"application\/pdf\" style=\"width:100%;height:600px\" aria-label=\"Contenu embarqu\u00e9 Contenu embarqu\u00e9 Besoins-educatifs-particuliers-et-pratiques-plastiques-singulieres-1-5..\"><\/object><a id=\"wp-block-file--media-0f83a91e-3e2d-46b0-9321-b9aba2de524f\" href=\"https:\/\/sites.ac-nancy-metz.fr\/arts-plastiques\/wp-content\/uploads\/Besoins-educatifs-particuliers-et-pratiques-plastiques-singulieres-1-5.pdf\">Besoins-educatifs-particuliers-et-pratiques-plastiques-singulieres-1-5<\/a><a href=\"https:\/\/sites.ac-nancy-metz.fr\/arts-plastiques\/wp-content\/uploads\/Besoins-educatifs-particuliers-et-pratiques-plastiques-singulieres-1-5.pdf\" class=\"wp-block-file__button\" download aria-describedby=\"wp-block-file--media-0f83a91e-3e2d-46b0-9321-b9aba2de524f\">T\u00e9l\u00e9charger<\/a><\/div>\n\n\n\n<p><strong>Ressources sur le site du Minist\u00e8re de l&rsquo;\u00c9ducation Nationale<\/strong><\/p>\n\n\n\n<p class=\"has-medium-font-size\"><a href=\"https:\/\/eduscol.education.fr\/2506\/le-livret-de-parcours-inclusif-lpi\">Le livret de parcours inclusif (LPI)<\/a><\/p>\n\n\n\n<div class=\"wp-block-image\"><figure class=\"aligncenter is-resized\"><a href=\"https:\/\/eduscol.education.fr\/1137\/ecole-inclusive\"><img fetchpriority=\"high\" decoding=\"async\" src=\"https:\/\/sites.ac-nancy-metz.fr\/arts-plastiques\/wp-content\/uploads\/capture-decran-2021-02-07-a-18-33-45.png\" alt=\"\" class=\"wp-image-3104\" width=\"272\" height=\"195\" srcset=\"https:\/\/sites.ac-nancy-metz.fr\/arts-plastiques\/wp-content\/uploads\/capture-decran-2021-02-07-a-18-33-45.png 952w, https:\/\/sites.ac-nancy-metz.fr\/arts-plastiques\/wp-content\/uploads\/capture-decran-2021-02-07-a-18-33-45-300x215.png 300w, https:\/\/sites.ac-nancy-metz.fr\/arts-plastiques\/wp-content\/uploads\/capture-decran-2021-02-07-a-18-33-45-768x550.png 768w\" sizes=\"(max-width: 272px) 100vw, 272px\" \/><\/a><\/figure><\/div>\n\n\n\n<p><strong>Ressources et corpus th\u00e9orique<\/strong><\/p>\n\n\n\n<div style=\"width: 100%;\"><div style=\"position: relative; padding-bottom: 56.25%; padding-top: 0; height: 0;\"><iframe style=\"position: absolute; top: 0; left: 0; width: 100%; height: 100%;\" src=\"https:\/\/view.genial.ly\/5fdc994fa666f40d7dc5fe4b\" type=\"text\/html\" allowscriptaccess=\"always\" allowfullscreen=\"true\" scrolling=\"yes\" allownetworking=\"all\" width=\"1200\" height=\"675\" frameborder=\"0\"><\/iframe> <\/div> <\/div>\n\n\n\n<div class=\"wp-block-image\"><figure class=\"aligncenter is-resized\"><a href=\"https:\/\/sites.ac-nancy-metz.fr\/arts-plastiques\/wp-content\/uploads\/bibliographie-besoins-particuliers-et-pratiques-singulieres.pdf\"><img decoding=\"async\" src=\"https:\/\/sites.ac-nancy-metz.fr\/arts-plastiques\/wp-content\/uploads\/capture-decran-2021-02-08-a-12-53-12.png\" alt=\"\" class=\"wp-image-3141\" width=\"220\" height=\"307\" srcset=\"https:\/\/sites.ac-nancy-metz.fr\/arts-plastiques\/wp-content\/uploads\/capture-decran-2021-02-08-a-12-53-12.png 431w, https:\/\/sites.ac-nancy-metz.fr\/arts-plastiques\/wp-content\/uploads\/capture-decran-2021-02-08-a-12-53-12-214x300.png 214w\" sizes=\"(max-width: 220px) 100vw, 220px\" \/><\/a><\/figure><\/div>\n\n\n\n<p><strong>Ressources compl\u00e9mentaires<\/strong><\/p>\n\n\n\n<div class=\"wp-block-image\"><figure class=\"aligncenter is-resized\"><a href=\"https:\/\/padlet.com\/laurenced1203\/aanfey04cubu\"><img decoding=\"async\" src=\"https:\/\/sites.ac-nancy-metz.fr\/arts-plastiques\/wp-content\/uploads\/capture-decran-2021-04-03-a-15-46-41-1024x537.png\" alt=\"\" class=\"wp-image-3895\" width=\"467\" height=\"244\" srcset=\"https:\/\/sites.ac-nancy-metz.fr\/arts-plastiques\/wp-content\/uploads\/capture-decran-2021-04-03-a-15-46-41-1024x537.png 1024w, https:\/\/sites.ac-nancy-metz.fr\/arts-plastiques\/wp-content\/uploads\/capture-decran-2021-04-03-a-15-46-41-300x157.png 300w, https:\/\/sites.ac-nancy-metz.fr\/arts-plastiques\/wp-content\/uploads\/capture-decran-2021-04-03-a-15-46-41-768x403.png 768w, https:\/\/sites.ac-nancy-metz.fr\/arts-plastiques\/wp-content\/uploads\/capture-decran-2021-04-03-a-15-46-41.png 1366w\" sizes=\"(max-width: 467px) 100vw, 467px\" \/><\/a><\/figure><\/div>\n\n\n\n<p><a href=\"https:\/\/dane.ac-nancy-metz.fr\/je-suis-enseignant-avec-des-eleves-a-besoins-educatifs-particuliers\/\">\u00c9l\u00e8ves \u00e0 besoins \u00e9ducatifs particuliers<\/a><\/p>\n\n\n\n<p><a href=\"http:\/\/artsplastiques.discipline.ac-lille.fr\/documents\/adapter-un-doc-pour-ebep-ap-lille.pdf\">Les \u00e9l\u00e8ves \u00e0 besoins \u00e9ducatifs particuliers dans l\u2019enseignement g\u00e9n\u00e9ralis\u00e9<\/a><\/p>\n\n\n\n<p><a href=\"http:\/\/artsplastiques.discipline.ac-lille.fr\/documents\/adapter-un-doc-pour-ebep.pdf\">Comment adapter les documents pour les \u00e9l\u00e8ves \u00e0 besoins \u00e9ducatifs particuliers ?<\/a><\/p>\n\n\n\n<p><a href=\"https:\/\/dane.ac-nancy-metz.fr\/je-suis-enseignant-avec-des-eleves-allophones\/\">\u00c9l\u00e8ves allophones<\/a><\/p>\n\n\n\n<div class=\"wp-block-image\"><figure class=\"aligncenter size-large is-resized\"><a href=\"http:\/\/veille-et-analyses.ens-lyon.fr\/DA-Veille\/127-janvier-2019.pdf\"><img loading=\"lazy\" decoding=\"async\" src=\"https:\/\/sites.ac-nancy-metz.fr\/arts-plastiques\/wp-content\/uploads\/Capture-decran-2021-05-02-a-14.30.34-1024x585.png\" alt=\"\" class=\"wp-image-4380\" width=\"331\" height=\"189\" srcset=\"https:\/\/sites.ac-nancy-metz.fr\/arts-plastiques\/wp-content\/uploads\/Capture-decran-2021-05-02-a-14.30.34-1024x585.png 1024w, https:\/\/sites.ac-nancy-metz.fr\/arts-plastiques\/wp-content\/uploads\/Capture-decran-2021-05-02-a-14.30.34-300x171.png 300w, https:\/\/sites.ac-nancy-metz.fr\/arts-plastiques\/wp-content\/uploads\/Capture-decran-2021-05-02-a-14.30.34-768x439.png 768w, https:\/\/sites.ac-nancy-metz.fr\/arts-plastiques\/wp-content\/uploads\/Capture-decran-2021-05-02-a-14.30.34.png 1392w\" sizes=\"(max-width: 331px) 100vw, 331px\" \/><\/a><\/figure><\/div>\n\n\n\n<div style=\"width: 100%;\"><div style=\"position: relative; padding-bottom: 56.25%; padding-top: 0; height: 0;\"><iframe style=\"position: absolute; top: 0; left: 0; width: 100%; height: 100%;\" src=\"https:\/\/view.genial.ly\/5a0028f92b068b1be817d2b6\" type=\"text\/html\" allowscriptaccess=\"always\" allowfullscreen=\"true\" scrolling=\"yes\" allownetworking=\"all\" width=\"1600px\" height=\"900px\" frameborder=\"0\"><\/iframe> <\/div> <\/div>\n\n\n\n<div class=\"wp-block-file\"><a id=\"wp-block-file--media-d3a62820-c203-4a84-80d0-b1d4b1ad0498\" href=\"https:\/\/sites.ac-nancy-metz.fr\/arts-plastiques\/wp-content\/uploads\/LearnEnjoy-REVTASCOL-Comite-Pilotage-20210416-VF.pdf\">LearnEnjoy-REVTASCOL-Comite-Pilotage-20210416-VF<\/a><a href=\"https:\/\/sites.ac-nancy-metz.fr\/arts-plastiques\/wp-content\/uploads\/LearnEnjoy-REVTASCOL-Comite-Pilotage-20210416-VF.pdf\" class=\"wp-block-file__button\" download aria-describedby=\"wp-block-file--media-d3a62820-c203-4a84-80d0-b1d4b1ad0498\">T\u00e9l\u00e9charger<\/a><\/div>\n","protected":false},"excerpt":{"rendered":"<p>Ressources sur le site du Minist\u00e8re de l&rsquo;\u00c9ducation Nationale Le livret de parcours inclusif (LPI) Ressources et corpus th\u00e9orique Ressources compl\u00e9mentaires \u00c9l\u00e8ves \u00e0 besoins \u00e9ducatifs particuliers&#8230;<\/p>\n","protected":false},"author":2,"featured_media":0,"parent":0,"menu_order":0,"comment_status":"closed","ping_status":"closed","template":"","meta":{"footnotes":""},"class_list":["post-741","page","type-page","status-publish","hentry"],"_links":{"self":[{"href":"https:\/\/sites.ac-nancy-metz.fr\/arts-plastiques\/wp-json\/wp\/v2\/pages\/741","targetHints":{"allow":["GET"]}}],"collection":[{"href":"https:\/\/sites.ac-nancy-metz.fr\/arts-plastiques\/wp-json\/wp\/v2\/pages"}],"about":[{"href":"https:\/\/sites.ac-nancy-metz.fr\/arts-plastiques\/wp-json\/wp\/v2\/types\/page"}],"author":[{"embeddable":true,"href":"https:\/\/sites.ac-nancy-metz.fr\/arts-plastiques\/wp-json\/wp\/v2\/users\/2"}],"replies":[{"embeddable":true,"href":"https:\/\/sites.ac-nancy-metz.fr\/arts-plastiques\/wp-json\/wp\/v2\/comments?post=741"}],"version-history":[{"count":41,"href":"https:\/\/sites.ac-nancy-metz.fr\/arts-plastiques\/wp-json\/wp\/v2\/pages\/741\/revisions"}],"predecessor-version":[{"id":9161,"href":"https:\/\/sites.ac-nancy-metz.fr\/arts-plastiques\/wp-json\/wp\/v2\/pages\/741\/revisions\/9161"}],"wp:attachment":[{"href":"https:\/\/sites.ac-nancy-metz.fr\/arts-plastiques\/wp-json\/wp\/v2\/media?parent=741"}],"curies":[{"name":"wp","href":"https:\/\/api.w.org\/{rel}","templated":true}]}}