{"id":760,"date":"2020-09-11T15:24:28","date_gmt":"2020-09-11T13:24:28","guid":{"rendered":"https:\/\/sites.ac-nancy-metz.fr\/arts-plastiques\/?page_id=760"},"modified":"2023-04-11T13:07:37","modified_gmt":"2023-04-11T11:07:37","slug":"documents-de-linspection","status":"publish","type":"page","link":"https:\/\/sites.ac-nancy-metz.fr\/arts-plastiques\/documents-de-linspection\/","title":{"rendered":"Documents de l&rsquo;inspection"},"content":{"rendered":"\n<p><strong>&nbsp;Lors de l&rsquo;inspection, les points suivants seront particuli\u00e8rement observ\u00e9s :<\/strong><\/p>\n\n\n\n<p><strong>&#8211; la ma\u00eetrise de la discipline, de la didactique&nbsp; et de la mise en oeuvre p\u00e9dagogique<\/strong><\/p>\n\n\n\n<p><strong>&#8211; les modalit\u00e9s d&rsquo;\u00e9valuations des comp\u00e9tences disciplinaires et transversales<\/strong><\/p>\n\n\n\n<p><strong>&#8211; l\u2019organisation de la classe<\/strong><\/p>\n\n\n\n<p><strong>&#8211; la place du num\u00e9rique<\/strong><\/p>\n\n\n\n<p><strong>&#8211; la contribution aux parcours de l&rsquo;\u00e9l\u00e8ve dans l&rsquo;\u00e9tablissement : EAC, citoyen, avenir, sant\u00e9<\/strong><\/p>\n\n\n\n<p><strong>&#8211; l\u2019engagement dans une d\u00e9marche de d\u00e9veloppement professionnel, de formations et d&rsquo;autoformations<\/strong><\/p>\n\n\n\n<p class=\"has-pale-cyan-blue-background-color has-background\"><strong>Des points d&rsquo;attention seront port\u00e9s sur :<\/strong><\/p>\n\n\n\n<p class=\"has-vivid-cyan-blue-color has-text-color has-small-font-size\">Projet d\u2019enseignement&nbsp;: la probl\u00e9matisation des apprentissages et la mise en \u0153uvre p\u00e9dagogique<\/p>\n\n\n\n<p class=\"has-vivid-cyan-blue-color has-text-color has-small-font-size\">Place de la pratique&nbsp;r\u00e9flexive&nbsp;: gestes, formes plastiques et intentions artistiques<\/p>\n\n\n\n<p class=\"has-vivid-cyan-blue-color has-text-color has-small-font-size\">\u00c9l\u00e9ments de langage (vocabulaire, notions, gestes, termes, concepts)&nbsp;<\/p>\n\n\n\n<p class=\"has-vivid-cyan-blue-color has-text-color has-small-font-size\">Espaces, environnements, postures et pratiques artistiques&nbsp;<\/p>\n\n\n\n<p class=\"has-vivid-cyan-blue-color has-text-color has-small-font-size\">Dire le faire&nbsp;: la verbalisation, la place de l\u2019oral et de l\u2019\u00e9loquence dans l\u2019enseignement des arts plastiques&nbsp;<\/p>\n\n\n\n<p class=\"has-vivid-cyan-blue-color has-text-color has-small-font-size\">Dialogue avec les \u0153uvres d\u2019art&nbsp;: histoires, th\u00e9ories, sciences et sociologie de l\u2019art<\/p>\n\n\n\n<p class=\"has-vivid-cyan-blue-color has-text-color has-small-font-size\">Carnet d\u2019artiste&nbsp;: recherches, traces, et m\u00e9moire<\/p>\n\n\n\n<p class=\"has-vivid-cyan-blue-color has-text-color has-small-font-size\">\u00c9valuer pour donner de la valeur<\/p>\n\n\n\n<p class=\"has-vivid-cyan-blue-color has-text-color has-small-font-size\">Exposer&nbsp;: les modalit\u00e9s de pr\u00e9sentation de la pratique (mat\u00e9rialit\u00e9 et galerie virtuelle)<\/p>\n\n\n\n<p class=\"has-vivid-cyan-blue-color has-text-color has-small-font-size\">Place et hybridation du num\u00e9rique, de l\u2019informatique et des nouvelles technologies (r\u00e9alit\u00e9s mixtes, augment\u00e9e, virtuelle, objets connect\u00e9s\u2026)<\/p>\n\n\n\n<p class=\"has-vivid-cyan-blue-color has-text-color has-small-font-size\">Postures, pratiques et gestes professionnels&nbsp;<\/p>\n\n\n\n<p><strong>Vous mettrez \u00e0 disposition les documents suivants :<\/strong><\/p>\n\n\n\n<p>&#8211; le cahier de textes pour les diff\u00e9rents niveaux (pr\u00e9voir une extraction num\u00e9rique ou une version papier) ;<\/p>\n\n\n\n<p>&#8211; au coll\u00e8ge : les projets de cycle ; <br><\/p>\n\n\n\n<p>&#8211; au lyc\u00e9e : les progressions annuelles \u00e9tablies pour les diff\u00e9rentes classes ;<\/p>\n\n\n\n<p>&#8211; les fiches d\u2019activit\u00e9s distribu\u00e9es aux \u00e9l\u00e8ves lors des s\u00e9ances des classes observ\u00e9es (activit\u00e9s exp\u00e9rimentales, documentaires ou autres) ;<\/p>\n\n\n\n<p>&#8211; les modalit\u00e9s d&rsquo;\u00e9valuations pour les diff\u00e9rents niveaux d\u2019enseignement ;<\/p>\n\n\n\n<p>&#8211; tous documents relatifs aux actions sp\u00e9cifiques d\u00e9velopp\u00e9es : productions, projets, ateliers, accompagnements, etc\u2026<\/p>\n\n\n\n<p class=\"has-text-align-center\"><strong><a href=\"https:\/\/sites.ac-nancy-metz.fr\/arts-plastiques\/rendez-vous-de-carriere\/\">Espace \u00ab\u00a0Rendez-vous de carri\u00e8re\u00a0\u00bb <\/a><\/strong><\/p>\n\n\n\n<p>En vous remerciant de votre collaboration, je vous prie d\u2019agr\u00e9er, mesdames, messieurs, l\u2019expression de mes meilleures salutations.<\/p>\n\n\n\n<p class=\"has-text-align-right\"><strong>Benjamin HORRUT, IA-IPR Arts plastiques<\/strong><\/p>\n","protected":false},"excerpt":{"rendered":"<p>&nbsp;Lors de l&rsquo;inspection, les points suivants seront particuli\u00e8rement observ\u00e9s : &#8211; la ma\u00eetrise de la discipline, de la didactique&nbsp; et de la mise en oeuvre p\u00e9dagogique&#8230;<\/p>\n","protected":false},"author":2,"featured_media":0,"parent":0,"menu_order":0,"comment_status":"closed","ping_status":"closed","template":"","meta":{"footnotes":""},"class_list":["post-760","page","type-page","status-publish","hentry"],"_links":{"self":[{"href":"https:\/\/sites.ac-nancy-metz.fr\/arts-plastiques\/wp-json\/wp\/v2\/pages\/760","targetHints":{"allow":["GET"]}}],"collection":[{"href":"https:\/\/sites.ac-nancy-metz.fr\/arts-plastiques\/wp-json\/wp\/v2\/pages"}],"about":[{"href":"https:\/\/sites.ac-nancy-metz.fr\/arts-plastiques\/wp-json\/wp\/v2\/types\/page"}],"author":[{"embeddable":true,"href":"https:\/\/sites.ac-nancy-metz.fr\/arts-plastiques\/wp-json\/wp\/v2\/users\/2"}],"replies":[{"embeddable":true,"href":"https:\/\/sites.ac-nancy-metz.fr\/arts-plastiques\/wp-json\/wp\/v2\/comments?post=760"}],"version-history":[{"count":15,"href":"https:\/\/sites.ac-nancy-metz.fr\/arts-plastiques\/wp-json\/wp\/v2\/pages\/760\/revisions"}],"predecessor-version":[{"id":9053,"href":"https:\/\/sites.ac-nancy-metz.fr\/arts-plastiques\/wp-json\/wp\/v2\/pages\/760\/revisions\/9053"}],"wp:attachment":[{"href":"https:\/\/sites.ac-nancy-metz.fr\/arts-plastiques\/wp-json\/wp\/v2\/media?parent=760"}],"curies":[{"name":"wp","href":"https:\/\/api.w.org\/{rel}","templated":true}]}}