{"id":7932,"date":"2022-03-28T08:43:59","date_gmt":"2022-03-28T06:43:59","guid":{"rendered":"https:\/\/sites.ac-nancy-metz.fr\/arts-plastiques\/?page_id=7932"},"modified":"2025-04-08T09:05:21","modified_gmt":"2025-04-08T07:05:21","slug":"residence-dartiste","status":"publish","type":"page","link":"https:\/\/sites.ac-nancy-metz.fr\/arts-plastiques\/residence-dartiste\/","title":{"rendered":"R\u00e9sidences d\u2019artistes"},"content":{"rendered":"\n<p>Lyc\u00e9e Jean Baptiste Vuillaume &#8211; Mirecourt <strong>\u00ab ARCHIKEA \u00bb<\/strong><\/p>\n\n\n\n<div data-wp-interactive=\"core\/file\" class=\"wp-block-file\"><object data-wp-bind--hidden=\"!state.hasPdfPreview\" hidden class=\"wp-block-file__embed\" data=\"https:\/\/sites.ac-nancy-metz.fr\/arts-plastiques\/wp-content\/uploads\/Projet-lycee-Mirecourt.pdf\" type=\"application\/pdf\" style=\"width:100%;height:600px\" aria-label=\"Contenu embarqu\u00e9 Projet-lyce\u0301e- Mirecourt.\"><\/object><a id=\"wp-block-file--media-17b6c3b5-dbd5-4867-b03d-d011b548e9b2\" href=\"https:\/\/sites.ac-nancy-metz.fr\/arts-plastiques\/wp-content\/uploads\/Projet-lycee-Mirecourt.pdf\">Projet-lyce\u0301e- Mirecourt<\/a><a href=\"https:\/\/sites.ac-nancy-metz.fr\/arts-plastiques\/wp-content\/uploads\/Projet-lycee-Mirecourt.pdf\" class=\"wp-block-file__button wp-element-button\" download aria-describedby=\"wp-block-file--media-17b6c3b5-dbd5-4867-b03d-d011b548e9b2\">T\u00e9l\u00e9charger<\/a><\/div>\n\n\n\n<p>Lyc\u00e9e Jean Baptiste Vuillaume &#8211; Mirecourt <strong>\u00ab Danser la main \u00bb<\/strong><\/p>\n\n\n\n<div data-wp-interactive=\"core\/file\" class=\"wp-block-file\"><object data-wp-bind--hidden=\"!state.hasPdfPreview\" hidden class=\"wp-block-file__embed\" data=\"https:\/\/sites.ac-nancy-metz.fr\/arts-plastiques\/wp-content\/uploads\/compte-rendu-Projet-_lycee-LAC-Mirecourt.pdf\" type=\"application\/pdf\" style=\"width:100%;height:600px\" aria-label=\"Contenu embarqu\u00e9 compte rendu-Projet _lyce\u0301e-LAC- Mirecourt.\"><\/object><a id=\"wp-block-file--media-fd05092e-3eeb-487f-93ff-8efd5c8d56c6\" href=\"https:\/\/sites.ac-nancy-metz.fr\/arts-plastiques\/wp-content\/uploads\/compte-rendu-Projet-_lycee-LAC-Mirecourt.pdf\">compte rendu-Projet _lyce\u0301e-LAC- Mirecourt<\/a><a href=\"https:\/\/sites.ac-nancy-metz.fr\/arts-plastiques\/wp-content\/uploads\/compte-rendu-Projet-_lycee-LAC-Mirecourt.pdf\" class=\"wp-block-file__button wp-element-button\" download aria-describedby=\"wp-block-file--media-fd05092e-3eeb-487f-93ff-8efd5c8d56c6\">T\u00e9l\u00e9charger<\/a><\/div>\n\n\n\n<p>Lyc\u00e9e Jean Baptiste Vuillaume &#8211; Mirecourt  <strong>\u00ab Sculpture portative \u00bb<\/strong><\/p>\n\n\n\n<div data-wp-interactive=\"core\/file\" class=\"wp-block-file\"><object data-wp-bind--hidden=\"!state.hasPdfPreview\" hidden class=\"wp-block-file__embed\" data=\"https:\/\/sites.ac-nancy-metz.fr\/arts-plastiques\/wp-content\/uploads\/sculpture-portative-1.pdf\" type=\"application\/pdf\" style=\"width:100%;height:600px\" aria-label=\"Contenu embarqu\u00e9 sculpture-portative-1.\"><\/object><a id=\"wp-block-file--media-f68b5838-cbcf-4254-a7d0-14feca9107fe\" href=\"https:\/\/sites.ac-nancy-metz.fr\/arts-plastiques\/wp-content\/uploads\/sculpture-portative-1.pdf\">sculpture-portative-1<\/a><a href=\"https:\/\/sites.ac-nancy-metz.fr\/arts-plastiques\/wp-content\/uploads\/sculpture-portative-1.pdf\" class=\"wp-block-file__button wp-element-button\" download aria-describedby=\"wp-block-file--media-f68b5838-cbcf-4254-a7d0-14feca9107fe\">T\u00e9l\u00e9charger<\/a><\/div>\n\n\n\n<p><strong>Lyc\u00e9e Claude Gel\u00e9e -\u00c9pinal Exposition \u00ab Plein les yeux \u00bb<\/strong><\/p>\n\n\n\n<div data-wp-interactive=\"core\/file\" class=\"wp-block-file\"><object data-wp-bind--hidden=\"!state.hasPdfPreview\" hidden class=\"wp-block-file__embed\" data=\"https:\/\/sites.ac-nancy-metz.fr\/arts-plastiques\/wp-content\/uploads\/Lycee-Claude-Gelee-Epinal-1.pdf\" type=\"application\/pdf\" style=\"width:100%;height:600px\" aria-label=\"Contenu embarqu\u00e9 Lycee-Claude-Gelee-Epinal-1.\"><\/object><a id=\"wp-block-file--media-cc260bd4-0d16-4971-ba76-95792c69d36d\" href=\"https:\/\/sites.ac-nancy-metz.fr\/arts-plastiques\/wp-content\/uploads\/Lycee-Claude-Gelee-Epinal-1.pdf\">Lycee-Claude-Gelee-Epinal-1<\/a><a href=\"https:\/\/sites.ac-nancy-metz.fr\/arts-plastiques\/wp-content\/uploads\/Lycee-Claude-Gelee-Epinal-1.pdf\" class=\"wp-block-file__button wp-element-button\" download aria-describedby=\"wp-block-file--media-cc260bd4-0d16-4971-ba76-95792c69d36d\">T\u00e9l\u00e9charger<\/a><\/div>\n\n\n\n<p class=\"has-cyan-bluish-gray-background-color has-background\">Projet artistique et culturel avec l&rsquo;artiste Antonin Leclere et \u00ab\u00a0vents de for\u00eats\u00a0\u00bb \u00e0 destination des \u00e9l\u00e8ves de 4\u00e8me<\/p>\n\n\n\n<figure class=\"wp-block-image size-large\"><a href=\"https:\/\/padlet.com\/MmeDiliberto\/i1gjqbybrjs06qe4\"><img fetchpriority=\"high\" decoding=\"async\" width=\"1024\" height=\"516\" src=\"https:\/\/sites.ac-nancy-metz.fr\/arts-plastiques\/wp-content\/uploads\/Capture-decran-2022-06-23-a-16.54.17-1024x516.png\" alt=\"\" class=\"wp-image-8610\" srcset=\"https:\/\/sites.ac-nancy-metz.fr\/arts-plastiques\/wp-content\/uploads\/Capture-decran-2022-06-23-a-16.54.17-1024x516.png 1024w, https:\/\/sites.ac-nancy-metz.fr\/arts-plastiques\/wp-content\/uploads\/Capture-decran-2022-06-23-a-16.54.17-300x151.png 300w, https:\/\/sites.ac-nancy-metz.fr\/arts-plastiques\/wp-content\/uploads\/Capture-decran-2022-06-23-a-16.54.17-768x387.png 768w, https:\/\/sites.ac-nancy-metz.fr\/arts-plastiques\/wp-content\/uploads\/Capture-decran-2022-06-23-a-16.54.17.png 1429w\" sizes=\"(max-width: 1024px) 100vw, 1024px\" \/><\/a><\/figure>\n\n\n\n<p class=\"has-cyan-bluish-gray-background-color has-background\">Atelier photographie argentique lyc\u00e9e Jean-Baptiste Vuillaume \/ Coll\u00e8ge Guy Dolmaire Mirecourt<\/p>\n\n\n\n<figure class=\"wp-block-image size-full\"><img decoding=\"async\" width=\"968\" height=\"542\" src=\"https:\/\/sites.ac-nancy-metz.fr\/arts-plastiques\/wp-content\/uploads\/Capture-decran-2022-05-22-a-22.00.32.png\" alt=\"\" class=\"wp-image-8477\" srcset=\"https:\/\/sites.ac-nancy-metz.fr\/arts-plastiques\/wp-content\/uploads\/Capture-decran-2022-05-22-a-22.00.32.png 968w, https:\/\/sites.ac-nancy-metz.fr\/arts-plastiques\/wp-content\/uploads\/Capture-decran-2022-05-22-a-22.00.32-300x168.png 300w, https:\/\/sites.ac-nancy-metz.fr\/arts-plastiques\/wp-content\/uploads\/Capture-decran-2022-05-22-a-22.00.32-768x430.png 768w\" sizes=\"(max-width: 968px) 100vw, 968px\" \/><\/figure>\n\n\n\n<figure class=\"wp-block-image size-full\"><img decoding=\"async\" width=\"851\" height=\"678\" src=\"https:\/\/sites.ac-nancy-metz.fr\/arts-plastiques\/wp-content\/uploads\/Capture-decran-2022-05-22-a-22.01.03.png\" alt=\"\" class=\"wp-image-8478\" srcset=\"https:\/\/sites.ac-nancy-metz.fr\/arts-plastiques\/wp-content\/uploads\/Capture-decran-2022-05-22-a-22.01.03.png 851w, https:\/\/sites.ac-nancy-metz.fr\/arts-plastiques\/wp-content\/uploads\/Capture-decran-2022-05-22-a-22.01.03-300x239.png 300w, https:\/\/sites.ac-nancy-metz.fr\/arts-plastiques\/wp-content\/uploads\/Capture-decran-2022-05-22-a-22.01.03-768x612.png 768w\" sizes=\"(max-width: 851px) 100vw, 851px\" \/><\/figure>\n\n\n\n<p class=\"has-cyan-bluish-gray-background-color has-background\">Projet f\u00e9d\u00e9rateur au coll\u00e8ge Grandville de Liverdun en lien avec le Jardin Botanique de Nancy<\/p>\n\n\n\n<div class=\"wp-block-columns is-layout-flex wp-container-core-columns-is-layout-9d6595d7 wp-block-columns-is-layout-flex\">\n<div class=\"wp-block-column is-layout-flow wp-block-column-is-layout-flow\">\n<figure class=\"wp-block-image size-full\"><img loading=\"lazy\" decoding=\"async\" width=\"351\" height=\"513\" src=\"https:\/\/sites.ac-nancy-metz.fr\/arts-plastiques\/wp-content\/uploads\/Capture-decran-2022-03-28-a-08.48.57.png\" alt=\"\" class=\"wp-image-7936\" srcset=\"https:\/\/sites.ac-nancy-metz.fr\/arts-plastiques\/wp-content\/uploads\/Capture-decran-2022-03-28-a-08.48.57.png 351w, https:\/\/sites.ac-nancy-metz.fr\/arts-plastiques\/wp-content\/uploads\/Capture-decran-2022-03-28-a-08.48.57-205x300.png 205w\" sizes=\"(max-width: 351px) 100vw, 351px\" \/><\/figure>\n<\/div>\n\n\n\n<div class=\"wp-block-column is-layout-flow wp-block-column-is-layout-flow\">\n<figure class=\"wp-block-image size-full\"><img loading=\"lazy\" decoding=\"async\" width=\"349\" height=\"521\" src=\"https:\/\/sites.ac-nancy-metz.fr\/arts-plastiques\/wp-content\/uploads\/Capture-decran-2022-03-28-a-08.49.04.png\" alt=\"\" class=\"wp-image-7937\" srcset=\"https:\/\/sites.ac-nancy-metz.fr\/arts-plastiques\/wp-content\/uploads\/Capture-decran-2022-03-28-a-08.49.04.png 349w, https:\/\/sites.ac-nancy-metz.fr\/arts-plastiques\/wp-content\/uploads\/Capture-decran-2022-03-28-a-08.49.04-201x300.png 201w\" sizes=\"(max-width: 349px) 100vw, 349px\" \/><\/figure>\n<\/div>\n\n\n\n<div class=\"wp-block-column is-layout-flow wp-block-column-is-layout-flow\">\n<figure class=\"wp-block-image size-full is-resized\"><img loading=\"lazy\" decoding=\"async\" width=\"374\" height=\"499\" src=\"https:\/\/sites.ac-nancy-metz.fr\/arts-plastiques\/wp-content\/uploads\/Capture-decran-2022-03-28-a-08.55.08-edited.png\" alt=\"\" class=\"wp-image-7940\" style=\"width:388px\" srcset=\"https:\/\/sites.ac-nancy-metz.fr\/arts-plastiques\/wp-content\/uploads\/Capture-decran-2022-03-28-a-08.55.08-edited.png 374w, https:\/\/sites.ac-nancy-metz.fr\/arts-plastiques\/wp-content\/uploads\/Capture-decran-2022-03-28-a-08.55.08-edited-225x300.png 225w\" sizes=\"(max-width: 374px) 100vw, 374px\" \/><\/figure>\n<\/div>\n<\/div>\n\n\n\n<figure class=\"wp-block-image size-full is-resized\"><img loading=\"lazy\" decoding=\"async\" width=\"940\" height=\"535\" src=\"https:\/\/sites.ac-nancy-metz.fr\/arts-plastiques\/wp-content\/uploads\/Capture-decran-2022-03-28-a-08.54.57.png\" alt=\"\" class=\"wp-image-7941\" style=\"width:1172px;height:619px\" srcset=\"https:\/\/sites.ac-nancy-metz.fr\/arts-plastiques\/wp-content\/uploads\/Capture-decran-2022-03-28-a-08.54.57.png 940w, https:\/\/sites.ac-nancy-metz.fr\/arts-plastiques\/wp-content\/uploads\/Capture-decran-2022-03-28-a-08.54.57-300x171.png 300w, https:\/\/sites.ac-nancy-metz.fr\/arts-plastiques\/wp-content\/uploads\/Capture-decran-2022-03-28-a-08.54.57-768x437.png 768w\" sizes=\"(max-width: 940px) 100vw, 940px\" \/><\/figure>\n\n\n\n<div class=\"wp-block-columns is-layout-flex wp-container-core-columns-is-layout-9d6595d7 wp-block-columns-is-layout-flex\">\n<div class=\"wp-block-column is-layout-flow wp-block-column-is-layout-flow\">\n<div class=\"wp-block-columns is-layout-flex wp-container-core-columns-is-layout-9d6595d7 wp-block-columns-is-layout-flex\">\n<div class=\"wp-block-column is-layout-flow wp-block-column-is-layout-flow\">\n<div class=\"wp-block-columns is-layout-flex wp-container-core-columns-is-layout-9d6595d7 wp-block-columns-is-layout-flex\">\n<div class=\"wp-block-column is-layout-flow wp-block-column-is-layout-flow\">\n<figure class=\"wp-block-image size-full\"><a href=\"https:\/\/sites.ac-nancy-metz.fr\/arts-plastiques\/wp-content\/uploads\/Projet-federateur-Contenu-.pdf\"><img loading=\"lazy\" decoding=\"async\" width=\"245\" height=\"50\" src=\"https:\/\/sites.ac-nancy-metz.fr\/arts-plastiques\/wp-content\/uploads\/Capture-decran-2022-03-28-a-09.07.01.png\" alt=\"\" class=\"wp-image-7944\"\/><\/a><\/figure>\n<\/div>\n\n\n\n<div class=\"wp-block-column is-layout-flow wp-block-column-is-layout-flow\">\n<figure class=\"wp-block-image size-full\"><a href=\"https:\/\/sites.ac-nancy-metz.fr\/arts-plastiques\/wp-content\/uploads\/Projet-federateur-Contenu-2.pdf\"><img loading=\"lazy\" decoding=\"async\" width=\"266\" height=\"50\" src=\"https:\/\/sites.ac-nancy-metz.fr\/arts-plastiques\/wp-content\/uploads\/Capture-decran-2022-03-28-a-09.07.12.png\" alt=\"\" class=\"wp-image-7946\"\/><\/a><\/figure>\n<\/div>\n<\/div>\n<\/div>\n\n\n\n<div class=\"wp-block-column is-layout-flow wp-block-column-is-layout-flow\">\n<div class=\"wp-block-columns is-layout-flex wp-container-core-columns-is-layout-9d6595d7 wp-block-columns-is-layout-flex\">\n<div class=\"wp-block-column is-layout-flow wp-block-column-is-layout-flow\">\n<figure class=\"wp-block-image size-full\"><a href=\"https:\/\/sites.ac-nancy-metz.fr\/arts-plastiques\/wp-content\/uploads\/Projet-federateur-Contenu-4.pdf\"><img loading=\"lazy\" decoding=\"async\" width=\"281\" height=\"50\" src=\"https:\/\/sites.ac-nancy-metz.fr\/arts-plastiques\/wp-content\/uploads\/Capture-decran-2022-03-28-a-09.07.33.png\" alt=\"\" class=\"wp-image-7948\"\/><\/a><\/figure>\n<\/div>\n\n\n\n<div class=\"wp-block-column is-layout-flow wp-block-column-is-layout-flow\">\n<figure class=\"wp-block-image size-full is-resized\"><a href=\"https:\/\/sites.ac-nancy-metz.fr\/arts-plastiques\/wp-content\/uploads\/Projet-federateur-5.pdf\"><img loading=\"lazy\" decoding=\"async\" width=\"415\" height=\"50\" src=\"https:\/\/sites.ac-nancy-metz.fr\/arts-plastiques\/wp-content\/uploads\/Capture-decran-2022-03-28-a-09.07.41.png\" alt=\"\" class=\"wp-image-7949\" style=\"width:377px\" srcset=\"https:\/\/sites.ac-nancy-metz.fr\/arts-plastiques\/wp-content\/uploads\/Capture-decran-2022-03-28-a-09.07.41.png 415w, https:\/\/sites.ac-nancy-metz.fr\/arts-plastiques\/wp-content\/uploads\/Capture-decran-2022-03-28-a-09.07.41-300x36.png 300w\" sizes=\"(max-width: 415px) 100vw, 415px\" \/><\/a><\/figure>\n<\/div>\n<\/div>\n<\/div>\n<\/div>\n<\/div>\n<\/div>\n","protected":false},"excerpt":{"rendered":"<p>Lyc\u00e9e Jean Baptiste Vuillaume &#8211; Mirecourt \u00ab ARCHIKEA \u00bb Lyc\u00e9e Jean Baptiste Vuillaume &#8211; Mirecourt \u00ab Danser la main \u00bb Lyc\u00e9e Jean Baptiste Vuillaume &#8211; Mirecourt&#8230;<\/p>\n","protected":false},"author":3,"featured_media":0,"parent":0,"menu_order":0,"comment_status":"closed","ping_status":"closed","template":"","meta":{"footnotes":""},"class_list":["post-7932","page","type-page","status-publish","hentry"],"_links":{"self":[{"href":"https:\/\/sites.ac-nancy-metz.fr\/arts-plastiques\/wp-json\/wp\/v2\/pages\/7932","targetHints":{"allow":["GET"]}}],"collection":[{"href":"https:\/\/sites.ac-nancy-metz.fr\/arts-plastiques\/wp-json\/wp\/v2\/pages"}],"about":[{"href":"https:\/\/sites.ac-nancy-metz.fr\/arts-plastiques\/wp-json\/wp\/v2\/types\/page"}],"author":[{"embeddable":true,"href":"https:\/\/sites.ac-nancy-metz.fr\/arts-plastiques\/wp-json\/wp\/v2\/users\/3"}],"replies":[{"embeddable":true,"href":"https:\/\/sites.ac-nancy-metz.fr\/arts-plastiques\/wp-json\/wp\/v2\/comments?post=7932"}],"version-history":[{"count":13,"href":"https:\/\/sites.ac-nancy-metz.fr\/arts-plastiques\/wp-json\/wp\/v2\/pages\/7932\/revisions"}],"predecessor-version":[{"id":10350,"href":"https:\/\/sites.ac-nancy-metz.fr\/arts-plastiques\/wp-json\/wp\/v2\/pages\/7932\/revisions\/10350"}],"wp:attachment":[{"href":"https:\/\/sites.ac-nancy-metz.fr\/arts-plastiques\/wp-json\/wp\/v2\/media?parent=7932"}],"curies":[{"name":"wp","href":"https:\/\/api.w.org\/{rel}","templated":true}]}}