{"id":8054,"date":"2022-04-14T22:15:05","date_gmt":"2022-04-14T20:15:05","guid":{"rendered":"https:\/\/sites.ac-nancy-metz.fr\/arts-plastiques\/?page_id=8054"},"modified":"2022-04-25T19:39:27","modified_gmt":"2022-04-25T17:39:27","slug":"lart-en-peril","status":"publish","type":"page","link":"https:\/\/sites.ac-nancy-metz.fr\/arts-plastiques\/lart-en-peril\/","title":{"rendered":"L&rsquo;art en p\u00e9ril"},"content":{"rendered":"\n<p class=\"has-text-align-center\"><strong>\u00ab&nbsp;<em>L\u00e0, il y a une sorte de jeu o\u00f9 l\u2019ancien et le nouveau se m\u00e9langent.<\/em>&nbsp;[\u2026]&nbsp;<em>\u00c7a prolongeait une vieille id\u00e9e que j\u2019avais eu avant&nbsp;: on est \u00e0 la fois l\u00e0 et pas l\u00e0. \u00c0 la fois on est aujourd\u2019hui, et on est il y a tr\u00e8s longtemps.<\/em>&nbsp;&nbsp;\u00bb Boris MIKHAILOV<\/strong><\/p>\n\n\n\n<p>Les \u00e9v\u00e8nements dramatiques de l&rsquo;actualit\u00e9, des conflits et des guerres, nous rappellent qu&rsquo;en arts plastiques, les oeuvres ont cette immanence d&rsquo;\u00eatre un miroir de l&rsquo;humanit\u00e9. Mais, en tant que sujets \u00e0 part enti\u00e8re, elles sont n\u00e9anmoins intrins\u00e8quement fragiles, et irr\u00e9m\u00e9diablement irrempla\u00e7ables lorsqu&rsquo;elles sont d\u00e9truites ou perdues. Le corpus des oeuvres propos\u00e9 ci-dessous propose une approche de l&rsquo;art lorsqu&rsquo;il est en p\u00e9ril. <\/p>\n\n\n\n<p class=\"has-text-align-center has-small-font-size\"><strong>Ressources : S\u00e9bastien CHAMPION Charg\u00e9 de Mission d\u2019Inspection \/ Marie ROUSSEAU IA-IPR Inspectrice d\u2019Acad\u00e9mie \u2013 Inspectrice P\u00e9dagogique R\u00e9gionale<\/strong><\/p>\n\n\n\n<div class=\"wp-block-columns is-layout-flex wp-container-core-columns-is-layout-9d6595d7 wp-block-columns-is-layout-flex\">\n<div class=\"wp-block-column is-layout-flow wp-block-column-is-layout-flow\">\n<div class=\"wp-block-image\"><figure class=\"aligncenter size-full\"><a href=\"https:\/\/sites.ac-nancy-metz.fr\/arts-plastiques\/wp-content\/uploads\/Lart-en-peril-Cosquer.pdf\"><img fetchpriority=\"high\" decoding=\"async\" width=\"750\" height=\"500\" src=\"https:\/\/sites.ac-nancy-metz.fr\/arts-plastiques\/wp-content\/uploads\/2_grotte_cosquer_chevaux_mcc-drac-sra_paca.michel_olive_0.jpg\" alt=\"\" class=\"wp-image-8063\" srcset=\"https:\/\/sites.ac-nancy-metz.fr\/arts-plastiques\/wp-content\/uploads\/2_grotte_cosquer_chevaux_mcc-drac-sra_paca.michel_olive_0.jpg 750w, https:\/\/sites.ac-nancy-metz.fr\/arts-plastiques\/wp-content\/uploads\/2_grotte_cosquer_chevaux_mcc-drac-sra_paca.michel_olive_0-300x200.jpg 300w\" sizes=\"(max-width: 750px) 100vw, 750px\" \/><\/a><figcaption><em>Grotte Cosquer<\/em>, -27&nbsp;000 et -19&nbsp;000&nbsp;ans avant le pr\u00e9sent, Marseille<\/figcaption><\/figure><\/div>\n\n\n\n<figure class=\"wp-block-image size-full is-resized\"><a href=\"https:\/\/sites.ac-nancy-metz.fr\/arts-plastiques\/wp-content\/uploads\/Lart-en-peril-Pinsel.pdf\"><img decoding=\"async\" src=\"https:\/\/sites.ac-nancy-metz.fr\/arts-plastiques\/wp-content\/uploads\/Pinsel_Samson.jpg\" alt=\"\" class=\"wp-image-8072\" width=\"347\" height=\"411\" srcset=\"https:\/\/sites.ac-nancy-metz.fr\/arts-plastiques\/wp-content\/uploads\/Pinsel_Samson.jpg 493w, https:\/\/sites.ac-nancy-metz.fr\/arts-plastiques\/wp-content\/uploads\/Pinsel_Samson-253x300.jpg 253w\" sizes=\"(max-width: 347px) 100vw, 347px\" \/><\/a><figcaption>Johann Georg PINSEL, <em>Samson tuant le lion<\/em>, vers 1758, bois polychrom\u00e9 et dor\u00e9, 139 x 160 x 110 cm<br>Lviv, Galerie nationale des beaux-arts<\/figcaption><\/figure>\n\n\n\n<figure class=\"wp-block-image size-full\"><a href=\"https:\/\/sites.ac-nancy-metz.fr\/arts-plastiques\/wp-content\/uploads\/Lart-en-peril-Tombouctou.pdf\"><img decoding=\"async\" width=\"476\" height=\"640\" src=\"https:\/\/sites.ac-nancy-metz.fr\/arts-plastiques\/wp-content\/uploads\/Loc_timbuktu_manuscripts_amm0001rs.jpg\" alt=\"\" class=\"wp-image-8086\" srcset=\"https:\/\/sites.ac-nancy-metz.fr\/arts-plastiques\/wp-content\/uploads\/Loc_timbuktu_manuscripts_amm0001rs.jpg 476w, https:\/\/sites.ac-nancy-metz.fr\/arts-plastiques\/wp-content\/uploads\/Loc_timbuktu_manuscripts_amm0001rs-223x300.jpg 223w\" sizes=\"(max-width: 476px) 100vw, 476px\" \/><\/a><figcaption><em>Manuscrits de Tombouctou<\/em>, Nasir al-Din Abu al-Abbas Ahmad ibn al-Hajj al-Amin al-Tawathi al-Ghalawi&rsquo;s Kashf al-Ghummah fi Nafa al-Ummah, XVII-XIX\u00e8me si\u00e8cle<\/figcaption><\/figure>\n\n\n\n<figure class=\"wp-block-image size-full is-resized\"><a href=\"https:\/\/sites.ac-nancy-metz.fr\/arts-plastiques\/wp-content\/uploads\/Lart-en-peril-LEMARCHAL-1.pdf\"><img loading=\"lazy\" decoding=\"async\" src=\"https:\/\/sites.ac-nancy-metz.fr\/arts-plastiques\/wp-content\/uploads\/Capture-decran-2022-04-14-a-22.52.11.png\" alt=\"\" class=\"wp-image-8092\" width=\"347\" height=\"272\" srcset=\"https:\/\/sites.ac-nancy-metz.fr\/arts-plastiques\/wp-content\/uploads\/Capture-decran-2022-04-14-a-22.52.11.png 623w, https:\/\/sites.ac-nancy-metz.fr\/arts-plastiques\/wp-content\/uploads\/Capture-decran-2022-04-14-a-22.52.11-300x236.png 300w\" sizes=\"(max-width: 347px) 100vw, 347px\" \/><\/a><figcaption>Guillaume LEMARCHAL,<em> Immersion 1, Ukraine<\/em>, 2008-2009, photographie argentique couleur contrecoll\u00e9e sur aluminium, 80 x 100 cm<\/figcaption><\/figure>\n\n\n\n<div class=\"wp-block-image\"><figure class=\"aligncenter size-full is-resized\"><a href=\"https:\/\/sites.ac-nancy-metz.fr\/arts-plastiques\/wp-content\/uploads\/Lart-en-peril-Honthorst-2.pdf\"><img decoding=\"async\" src=\"https:\/\/sites.ac-nancy-metz.fr\/arts-plastiques\/wp-content\/uploads\/386954.jpg\" alt=\"\" class=\"wp-image-8110\" width=\"-286\" height=\"-496\" srcset=\"https:\/\/sites.ac-nancy-metz.fr\/arts-plastiques\/wp-content\/uploads\/386954.jpg 592w, https:\/\/sites.ac-nancy-metz.fr\/arts-plastiques\/wp-content\/uploads\/386954-173x300.jpg 173w\" sizes=\"(max-width: 592px) 100vw, 592px\" \/><\/a><figcaption>Gerrit von HONTHORST, <em>L&rsquo;Adoration des pasteurs<\/em>, 1606, Galerie des Offices, Florence (d\u00e9truit en 1993), huile sur toile et les dimensions, 338 \u00d7 198 cm<\/figcaption><\/figure><\/div>\n\n\n\n<figure class=\"wp-block-image\"><a href=\"https:\/\/sites.ac-nancy-metz.fr\/arts-plastiques\/wp-content\/uploads\/Lart-en-peril-Pont-de-Mostar.pdf\"><img decoding=\"async\" src=\"https:\/\/sites.ac-nancy-metz.fr\/arts-plastiques\/wp-content\/uploads\/Oreg_hid_Stari_most_a_Neretva_folyon._Fortepan_76327-1024x607.jpg\" alt=\"L\u2019attribut alt de cette image est vide, son nom de fichier est Oreg_hid_Stari_most_a_Neretva_folyon._Fortepan_76327-1024x607.jpg.\"\/><\/a><figcaption><em>Stari Most<\/em> (Vieux pont), XVI\u00e8me si\u00e8cle, Mostar, Bosnie-Herz\u00e9govine<\/figcaption><\/figure>\n<\/div>\n\n\n\n<div class=\"wp-block-column is-layout-flow wp-block-column-is-layout-flow\">\n<div class=\"wp-block-image\"><figure class=\"aligncenter size-large is-resized\"><a href=\"https:\/\/sites.ac-nancy-metz.fr\/arts-plastiques\/wp-content\/uploads\/Lart-en-peril-sainte-Sophie-de-Kiev.pdf\"><img loading=\"lazy\" decoding=\"async\" src=\"https:\/\/sites.ac-nancy-metz.fr\/arts-plastiques\/wp-content\/uploads\/1280px-80-391-0151_Kyiv_St.Sophias_Cathedral_RB_18_2_cropped-1024x769.jpg\" alt=\"\" class=\"wp-image-8065\" width=\"375\" height=\"280\"\/><\/a><figcaption><em>Cath\u00e9drale Sainte-Sophie<\/em>, 1037, reconstruite de 1633 \u00e0 1740, Kiev<\/figcaption><\/figure><\/div>\n\n\n\n<div class=\"wp-block-image\"><figure class=\"aligncenter size-full is-resized\"><a href=\"https:\/\/sites.ac-nancy-metz.fr\/arts-plastiques\/wp-content\/uploads\/Lart-en-peril-Mosquee-Alep.pdf\"><img loading=\"lazy\" decoding=\"async\" src=\"https:\/\/sites.ac-nancy-metz.fr\/arts-plastiques\/wp-content\/uploads\/1379676-jpg_1264556_1000x667.jpg\" alt=\"\" class=\"wp-image-8074\" width=\"368\" height=\"245\" srcset=\"https:\/\/sites.ac-nancy-metz.fr\/arts-plastiques\/wp-content\/uploads\/1379676-jpg_1264556_1000x667.jpg 1000w, https:\/\/sites.ac-nancy-metz.fr\/arts-plastiques\/wp-content\/uploads\/1379676-jpg_1264556_1000x667-300x200.jpg 300w, https:\/\/sites.ac-nancy-metz.fr\/arts-plastiques\/wp-content\/uploads\/1379676-jpg_1264556_1000x667-768x512.jpg 768w\" sizes=\"(max-width: 368px) 100vw, 368px\" \/><\/a><figcaption><em>Grande Mosqu\u00e9e<\/em>, VIII-XIII\u00e8me si\u00e8cle, Alep, endommag\u00e9e en 2013, en cours de reconstruction<\/figcaption><\/figure><\/div>\n\n\n\n<div class=\"wp-block-image\"><figure class=\"aligncenter size-large\"><a href=\"https:\/\/sites.ac-nancy-metz.fr\/arts-plastiques\/wp-content\/uploads\/Lart-en-peril-POIRIER-ALEP-2.pdf\"><img loading=\"lazy\" decoding=\"async\" width=\"1024\" height=\"696\" src=\"https:\/\/sites.ac-nancy-metz.fr\/arts-plastiques\/wp-content\/uploads\/dsc_0610_resultat-1024x696.jpg\" alt=\"\" class=\"wp-image-8080\" srcset=\"https:\/\/sites.ac-nancy-metz.fr\/arts-plastiques\/wp-content\/uploads\/dsc_0610_resultat-1024x696.jpg 1024w, https:\/\/sites.ac-nancy-metz.fr\/arts-plastiques\/wp-content\/uploads\/dsc_0610_resultat-300x204.jpg 300w, https:\/\/sites.ac-nancy-metz.fr\/arts-plastiques\/wp-content\/uploads\/dsc_0610_resultat-768x522.jpg 768w, https:\/\/sites.ac-nancy-metz.fr\/arts-plastiques\/wp-content\/uploads\/dsc_0610_resultat-1536x1044.jpg 1536w, https:\/\/sites.ac-nancy-metz.fr\/arts-plastiques\/wp-content\/uploads\/dsc_0610_resultat.jpg 1766w\" sizes=\"(max-width: 1024px) 100vw, 1024px\" \/><\/a><figcaption>Anne et Patrick POIRIER, <em>Alep<\/em>, 2014-2015 Tapis de laine, soie et fibres de bambou&nbsp;<\/figcaption><\/figure><\/div>\n\n\n\n<div class=\"wp-block-image\"><figure class=\"aligncenter size-full is-resized\"><a href=\"https:\/\/sites.ac-nancy-metz.fr\/arts-plastiques\/wp-content\/uploads\/Lart-en-peril-CHERNYSHEVA-1.pdf\"><img loading=\"lazy\" decoding=\"async\" src=\"https:\/\/sites.ac-nancy-metz.fr\/arts-plastiques\/wp-content\/uploads\/Capture-decran-2022-04-14-a-22.49.49.png\" alt=\"\" class=\"wp-image-8089\" width=\"305\" height=\"427\" srcset=\"https:\/\/sites.ac-nancy-metz.fr\/arts-plastiques\/wp-content\/uploads\/Capture-decran-2022-04-14-a-22.49.49.png 402w, https:\/\/sites.ac-nancy-metz.fr\/arts-plastiques\/wp-content\/uploads\/Capture-decran-2022-04-14-a-22.49.49-214x300.png 214w\" sizes=\"(max-width: 305px) 100vw, 305px\" \/><\/a><figcaption>Olga CHERNYSHEVA, <em>On Duty<\/em> (Au travail), ensemble-216&nbsp;(dissociable), 2007, tirage : 4\/5, 1 autre image<br>photographie noir et blanc, 135 x 90 cm<\/figcaption><\/figure><\/div>\n\n\n\n<figure class=\"wp-block-image size-full is-resized\"><a href=\"https:\/\/sites.ac-nancy-metz.fr\/arts-plastiques\/wp-content\/uploads\/Lart-en-peril-MIKHAILOV-1.pdf\"><img loading=\"lazy\" decoding=\"async\" src=\"https:\/\/sites.ac-nancy-metz.fr\/arts-plastiques\/wp-content\/uploads\/BM_SaltLake_img249_1_-600x436-2.jpg\" alt=\"\" class=\"wp-image-8101\" width=\"356\" height=\"258\" srcset=\"https:\/\/sites.ac-nancy-metz.fr\/arts-plastiques\/wp-content\/uploads\/BM_SaltLake_img249_1_-600x436-2.jpg 600w, https:\/\/sites.ac-nancy-metz.fr\/arts-plastiques\/wp-content\/uploads\/BM_SaltLake_img249_1_-600x436-2-300x218.jpg 300w\" sizes=\"(max-width: 356px) 100vw, 356px\" \/><\/a><figcaption>Boris MIKHAILOV, s\u00e9rie&nbsp;<em>Salt Lake<\/em>, 1986, C-print, 60 x 84 cm, \u00e9dition de 7<\/figcaption><\/figure>\n\n\n\n<figure class=\"wp-block-image size-large\"><a href=\"https:\/\/sites.ac-nancy-metz.fr\/arts-plastiques\/wp-content\/uploads\/Lart-en-peril-Cathedrale-de-Lviv.pdf\"><img loading=\"lazy\" decoding=\"async\" width=\"1024\" height=\"680\" src=\"https:\/\/sites.ac-nancy-metz.fr\/arts-plastiques\/wp-content\/uploads\/1280px-StGeorgeCathedral_Lviv-1024x680.jpg\" alt=\"\" class=\"wp-image-8108\" srcset=\"https:\/\/sites.ac-nancy-metz.fr\/arts-plastiques\/wp-content\/uploads\/1280px-StGeorgeCathedral_Lviv-1024x680.jpg 1024w, https:\/\/sites.ac-nancy-metz.fr\/arts-plastiques\/wp-content\/uploads\/1280px-StGeorgeCathedral_Lviv-300x199.jpg 300w, https:\/\/sites.ac-nancy-metz.fr\/arts-plastiques\/wp-content\/uploads\/1280px-StGeorgeCathedral_Lviv-768x510.jpg 768w, https:\/\/sites.ac-nancy-metz.fr\/arts-plastiques\/wp-content\/uploads\/1280px-StGeorgeCathedral_Lviv.jpg 1280w\" sizes=\"(max-width: 1024px) 100vw, 1024px\" \/><\/a><figcaption>Cath\u00e9drale Saint-Georges, 1744-1760, Lviv, Ukraine<\/figcaption><\/figure>\n\n\n\n<div class=\"wp-block-image\"><figure class=\"aligncenter size-large is-resized\"><a href=\"https:\/\/sites.ac-nancy-metz.fr\/arts-plastiques\/wp-content\/uploads\/Lart-en-peril-DZIGA-VERTOV-3.pdf\"><img loading=\"lazy\" decoding=\"async\" src=\"https:\/\/sites.ac-nancy-metz.fr\/arts-plastiques\/wp-content\/uploads\/1280px-\u041f\u043b\u0430\u043a\u0430\u0442_\u043a_\u0444\u0438\u043b\u044c\u043c\u0443_\u042d\u043d\u0442\u0443\u0437\u0438\u0430\u0437\u043c_\u0421\u0438\u043c\u0444\u043e\u043d\u0438\u044f_\u0414\u043e\u043d\u0431\u0430\u0441\u0441\u0430-1024x726.jpg\" alt=\"\" class=\"wp-image-8114\" width=\"345\" height=\"245\" srcset=\"https:\/\/sites.ac-nancy-metz.fr\/arts-plastiques\/wp-content\/uploads\/1280px-\u041f\u043b\u0430\u043a\u0430\u0442_\u043a_\u0444\u0438\u043b\u044c\u043c\u0443_\u042d\u043d\u0442\u0443\u0437\u0438\u0430\u0437\u043c_\u0421\u0438\u043c\u0444\u043e\u043d\u0438\u044f_\u0414\u043e\u043d\u0431\u0430\u0441\u0441\u0430-1024x726.jpg 1024w, https:\/\/sites.ac-nancy-metz.fr\/arts-plastiques\/wp-content\/uploads\/1280px-\u041f\u043b\u0430\u043a\u0430\u0442_\u043a_\u0444\u0438\u043b\u044c\u043c\u0443_\u042d\u043d\u0442\u0443\u0437\u0438\u0430\u0437\u043c_\u0421\u0438\u043c\u0444\u043e\u043d\u0438\u044f_\u0414\u043e\u043d\u0431\u0430\u0441\u0441\u0430-300x213.jpg 300w, https:\/\/sites.ac-nancy-metz.fr\/arts-plastiques\/wp-content\/uploads\/1280px-\u041f\u043b\u0430\u043a\u0430\u0442_\u043a_\u0444\u0438\u043b\u044c\u043c\u0443_\u042d\u043d\u0442\u0443\u0437\u0438\u0430\u0437\u043c_\u0421\u0438\u043c\u0444\u043e\u043d\u0438\u044f_\u0414\u043e\u043d\u0431\u0430\u0441\u0441\u0430-768x545.jpg 768w, https:\/\/sites.ac-nancy-metz.fr\/arts-plastiques\/wp-content\/uploads\/1280px-\u041f\u043b\u0430\u043a\u0430\u0442_\u043a_\u0444\u0438\u043b\u044c\u043c\u0443_\u042d\u043d\u0442\u0443\u0437\u0438\u0430\u0437\u043c_\u0421\u0438\u043c\u0444\u043e\u043d\u0438\u044f_\u0414\u043e\u043d\u0431\u0430\u0441\u0441\u0430.jpg 1280w\" sizes=\"(max-width: 345px) 100vw, 345px\" \/><\/a><figcaption>Dziga VERTOV, <em>La Symphonie du Donbass (Enthousiasme)<\/em>, 1930, film documentaire, 65 minutes<\/figcaption><\/figure><\/div>\n\n\n\n<figure class=\"wp-block-image size-full\"><a href=\"https:\/\/sites.ac-nancy-metz.fr\/arts-plastiques\/wp-content\/uploads\/Lart-en-peril-POIRIER-DOMUS-1.pdf\"><img loading=\"lazy\" decoding=\"async\" width=\"900\" height=\"600\" src=\"https:\/\/sites.ac-nancy-metz.fr\/arts-plastiques\/wp-content\/uploads\/anne_patrick3.jpg\" alt=\"\" class=\"wp-image-8118\" srcset=\"https:\/\/sites.ac-nancy-metz.fr\/arts-plastiques\/wp-content\/uploads\/anne_patrick3.jpg 900w, https:\/\/sites.ac-nancy-metz.fr\/arts-plastiques\/wp-content\/uploads\/anne_patrick3-300x200.jpg 300w, https:\/\/sites.ac-nancy-metz.fr\/arts-plastiques\/wp-content\/uploads\/anne_patrick3-768x512.jpg 768w\" sizes=\"(max-width: 900px) 100vw, 900px\" \/><\/a><figcaption>Anne et Patrick POIRIER,&nbsp;<em>Domus Aurea<\/em>, 1975-1978, installation, charbon de bois, fusain, charbon et eau, 1000 x 700 cm, dimensions variables<\/figcaption><\/figure>\n<\/div>\n\n\n\n<div class=\"wp-block-column is-layout-flow wp-block-column-is-layout-flow\">\n<figure class=\"wp-block-image size-large\"><a href=\"https:\/\/sites.ac-nancy-metz.fr\/arts-plastiques\/wp-content\/uploads\/Lart-en-peril-COURBET-1.pdf\"><img loading=\"lazy\" decoding=\"async\" width=\"1024\" height=\"625\" src=\"https:\/\/sites.ac-nancy-metz.fr\/arts-plastiques\/wp-content\/uploads\/1920px-Gustave_Courbet_018-1024x625.jpg\" alt=\"\" class=\"wp-image-8068\" srcset=\"https:\/\/sites.ac-nancy-metz.fr\/arts-plastiques\/wp-content\/uploads\/1920px-Gustave_Courbet_018-1024x625.jpg 1024w, https:\/\/sites.ac-nancy-metz.fr\/arts-plastiques\/wp-content\/uploads\/1920px-Gustave_Courbet_018-300x183.jpg 300w, https:\/\/sites.ac-nancy-metz.fr\/arts-plastiques\/wp-content\/uploads\/1920px-Gustave_Courbet_018-768x468.jpg 768w, https:\/\/sites.ac-nancy-metz.fr\/arts-plastiques\/wp-content\/uploads\/1920px-Gustave_Courbet_018-1536x937.jpg 1536w, https:\/\/sites.ac-nancy-metz.fr\/arts-plastiques\/wp-content\/uploads\/1920px-Gustave_Courbet_018.jpg 1920w\" sizes=\"(max-width: 1024px) 100vw, 1024px\" \/><\/a><figcaption>Gustave COURBET, <em>Les Casseurs de pierres<\/em>, 1849, huile sur toile, 165 x 257 cm, d\u00e9truit en 1945<\/figcaption><\/figure>\n\n\n\n<figure class=\"wp-block-image size-full\"><a href=\"https:\/\/sites.ac-nancy-metz.fr\/arts-plastiques\/wp-content\/uploads\/Lart-en-peril-BAMIYAN.pdf\"><img loading=\"lazy\" decoding=\"async\" width=\"1024\" height=\"1008\" src=\"https:\/\/sites.ac-nancy-metz.fr\/arts-plastiques\/wp-content\/uploads\/Tall-Buddha-Bamiyan_F.Riviere.jpg\" alt=\"\" class=\"wp-image-8077\" srcset=\"https:\/\/sites.ac-nancy-metz.fr\/arts-plastiques\/wp-content\/uploads\/Tall-Buddha-Bamiyan_F.Riviere.jpg 1024w, https:\/\/sites.ac-nancy-metz.fr\/arts-plastiques\/wp-content\/uploads\/Tall-Buddha-Bamiyan_F.Riviere-300x295.jpg 300w, https:\/\/sites.ac-nancy-metz.fr\/arts-plastiques\/wp-content\/uploads\/Tall-Buddha-Bamiyan_F.Riviere-768x756.jpg 768w\" sizes=\"(max-width: 1024px) 100vw, 1024px\" \/><\/a><figcaption><em>Bouddhas de B\u00e2miy\u00e2n<\/em>, III-VII\u00e8me si\u00e8cle, Afghanistan, d\u00e9truits en 2001<\/figcaption><\/figure>\n\n\n\n<figure class=\"wp-block-image size-full is-resized\"><a href=\"https:\/\/sites.ac-nancy-metz.fr\/arts-plastiques\/wp-content\/uploads\/Lart-en-peril-PONOMAREV-2.pdf\"><img loading=\"lazy\" decoding=\"async\" src=\"https:\/\/sites.ac-nancy-metz.fr\/arts-plastiques\/wp-content\/uploads\/Capture-decran-2022-04-14-a-22.45.15.png\" alt=\"\" class=\"wp-image-8083\" width=\"347\" height=\"279\" srcset=\"https:\/\/sites.ac-nancy-metz.fr\/arts-plastiques\/wp-content\/uploads\/Capture-decran-2022-04-14-a-22.45.15.png 576w, https:\/\/sites.ac-nancy-metz.fr\/arts-plastiques\/wp-content\/uploads\/Capture-decran-2022-04-14-a-22.45.15-300x242.png 300w\" sizes=\"(max-width: 347px) 100vw, 347px\" \/><\/a><figcaption>Alexandr PONOMAREV, <em>Maya, l&rsquo;\u00eele perdue<\/em>,<br>2000-2001, Mer de Barents (Russie), vid\u00e9o DVD-Vid\u00e9o couleur sonore, dur\u00e9e 14 minutes<\/figcaption><\/figure>\n\n\n\n<div class=\"wp-block-image\"><figure class=\"aligncenter size-full is-resized\"><a href=\"https:\/\/sites.ac-nancy-metz.fr\/arts-plastiques\/wp-content\/uploads\/Lart-en-peril-KABAKOV-2.pdf\"><img loading=\"lazy\" decoding=\"async\" src=\"https:\/\/sites.ac-nancy-metz.fr\/arts-plastiques\/wp-content\/uploads\/59edf469edc2c919d88bf4f6.jpgLarge.jpeg\" alt=\"\" class=\"wp-image-8095\" width=\"370\" height=\"564\" srcset=\"https:\/\/sites.ac-nancy-metz.fr\/arts-plastiques\/wp-content\/uploads\/59edf469edc2c919d88bf4f6.jpgLarge.jpeg 393w, https:\/\/sites.ac-nancy-metz.fr\/arts-plastiques\/wp-content\/uploads\/59edf469edc2c919d88bf4f6.jpgLarge-197x300.jpeg 197w\" sizes=\"(max-width: 370px) 100vw, 370px\" \/><\/a><figcaption>Ilya KABAKOV, <em>The Man Who Flew Into Space From His Apartment<\/em>, 1982-1984, installation<\/figcaption><\/figure><\/div>\n\n\n\n<div class=\"wp-block-image\"><figure class=\"aligncenter size-full is-resized\"><a href=\"https:\/\/sites.ac-nancy-metz.fr\/arts-plastiques\/wp-content\/uploads\/Lart-en-peril-Cimabue-2.pdf\"><img loading=\"lazy\" decoding=\"async\" src=\"https:\/\/sites.ac-nancy-metz.fr\/arts-plastiques\/wp-content\/uploads\/Cimabue_025.jpg\" alt=\"\" class=\"wp-image-8105\" width=\"358\" height=\"410\"\/><\/a><figcaption>CIMABUE, <em>Crucifix de Santa Croce<\/em>, 1272-1288, tempera et or sur bois, 448 x 390 cm, Florence<\/figcaption><\/figure><\/div>\n\n\n\n<div class=\"wp-block-image\"><figure class=\"aligncenter size-full\"><a href=\"https:\/\/sites.ac-nancy-metz.fr\/arts-plastiques\/wp-content\/uploads\/Lart-en-peril-Angkor-vat.pdf\"><img loading=\"lazy\" decoding=\"async\" width=\"1024\" height=\"796\" src=\"https:\/\/sites.ac-nancy-metz.fr\/arts-plastiques\/wp-content\/uploads\/Angkor1866.jpg\" alt=\"\" class=\"wp-image-8112\" srcset=\"https:\/\/sites.ac-nancy-metz.fr\/arts-plastiques\/wp-content\/uploads\/Angkor1866.jpg 1024w, https:\/\/sites.ac-nancy-metz.fr\/arts-plastiques\/wp-content\/uploads\/Angkor1866-300x233.jpg 300w, https:\/\/sites.ac-nancy-metz.fr\/arts-plastiques\/wp-content\/uploads\/Angkor1866-768x597.jpg 768w\" sizes=\"(max-width: 1024px) 100vw, 1024px\" \/><\/a><figcaption><em>Angkor Vat<\/em>, IX-XIV\u00e8me, Empire Khmer, Cambodge<\/figcaption><\/figure><\/div>\n<\/div>\n<\/div>\n\n\n\n<figure class=\"wp-block-embed is-type-wp-embed is-provider-arts-plastiques wp-block-embed-arts-plastiques\"><div class=\"wp-block-embed__wrapper\">\n<blockquote class=\"wp-embedded-content\" data-secret=\"RKldyTUCzw\"><a href=\"https:\/\/sites.ac-nancy-metz.fr\/arts-plastiques\/2022\/03\/18\/evoquer-la-crise-ukrainienne-avec-les-eleves\/\">Evoquer la crise ukrainienne avec les \u00e9l\u00e8ves<\/a><\/blockquote><iframe class=\"wp-embedded-content\" sandbox=\"allow-scripts\" security=\"restricted\" style=\"position: absolute; clip: rect(1px, 1px, 1px, 1px);\" title=\"\u00ab\u00a0Evoquer la crise ukrainienne avec les \u00e9l\u00e8ves\u00a0\u00bb &#8212; Arts plastiques\" src=\"https:\/\/sites.ac-nancy-metz.fr\/arts-plastiques\/2022\/03\/18\/evoquer-la-crise-ukrainienne-avec-les-eleves\/embed\/#?secret=XtqEfRKZhF#?secret=RKldyTUCzw\" data-secret=\"RKldyTUCzw\" width=\"600\" height=\"338\" frameborder=\"0\" marginwidth=\"0\" marginheight=\"0\" scrolling=\"no\"><\/iframe>\n<\/div><\/figure>\n\n\n\n<p><\/p>\n","protected":false},"excerpt":{"rendered":"<p>\u00ab&nbsp;L\u00e0, il y a une sorte de jeu o\u00f9 l\u2019ancien et le nouveau se m\u00e9langent.&nbsp;[\u2026]&nbsp;\u00c7a prolongeait une vieille id\u00e9e que j\u2019avais eu avant&nbsp;: on est \u00e0&#8230;<\/p>\n","protected":false},"author":2,"featured_media":0,"parent":0,"menu_order":0,"comment_status":"closed","ping_status":"closed","template":"","meta":{"footnotes":""},"class_list":["post-8054","page","type-page","status-publish","hentry"],"_links":{"self":[{"href":"https:\/\/sites.ac-nancy-metz.fr\/arts-plastiques\/wp-json\/wp\/v2\/pages\/8054","targetHints":{"allow":["GET"]}}],"collection":[{"href":"https:\/\/sites.ac-nancy-metz.fr\/arts-plastiques\/wp-json\/wp\/v2\/pages"}],"about":[{"href":"https:\/\/sites.ac-nancy-metz.fr\/arts-plastiques\/wp-json\/wp\/v2\/types\/page"}],"author":[{"embeddable":true,"href":"https:\/\/sites.ac-nancy-metz.fr\/arts-plastiques\/wp-json\/wp\/v2\/users\/2"}],"replies":[{"embeddable":true,"href":"https:\/\/sites.ac-nancy-metz.fr\/arts-plastiques\/wp-json\/wp\/v2\/comments?post=8054"}],"version-history":[{"count":97,"href":"https:\/\/sites.ac-nancy-metz.fr\/arts-plastiques\/wp-json\/wp\/v2\/pages\/8054\/revisions"}],"predecessor-version":[{"id":8299,"href":"https:\/\/sites.ac-nancy-metz.fr\/arts-plastiques\/wp-json\/wp\/v2\/pages\/8054\/revisions\/8299"}],"wp:attachment":[{"href":"https:\/\/sites.ac-nancy-metz.fr\/arts-plastiques\/wp-json\/wp\/v2\/media?parent=8054"}],"curies":[{"name":"wp","href":"https:\/\/api.w.org\/{rel}","templated":true}]}}