{"id":8655,"date":"2022-06-29T14:28:23","date_gmt":"2022-06-29T12:28:23","guid":{"rendered":"https:\/\/sites.ac-nancy-metz.fr\/arts-plastiques\/?page_id=8655"},"modified":"2022-06-29T14:33:16","modified_gmt":"2022-06-29T12:33:16","slug":"licence-pppe","status":"publish","type":"page","link":"https:\/\/sites.ac-nancy-metz.fr\/arts-plastiques\/licence-pppe\/","title":{"rendered":"Licence PPPE"},"content":{"rendered":"\n<p>La Licence 3PE est implant\u00e9e au lyc\u00e9e Robert Schuman \u00e0 Metz et les heures d&rsquo;enseignement en arts plastiques sont assur\u00e9es par Madame Myriam Sacksteder.<\/p>\n\n\n\n<div data-wp-interactive=\"core\/file\" class=\"wp-block-file\"><object data-wp-bind--hidden=\"!state.hasPdfPreview\" hidden class=\"wp-block-file__embed\" data=\"https:\/\/sites.ac-nancy-metz.fr\/arts-plastiques\/wp-content\/uploads\/Nancy-Metz-PPPE-1-1.pdf\" type=\"application\/pdf\" style=\"width:100%;height:600px\" aria-label=\"Contenu embarqu\u00e9 Contenu embarqu\u00e9 Nancy-Metz-PPPE-1-1..\"><\/object><a id=\"wp-block-file--media-a0a4fcaa-647d-4a93-9332-f51820544e89\" href=\"https:\/\/sites.ac-nancy-metz.fr\/arts-plastiques\/wp-content\/uploads\/Nancy-Metz-PPPE-1-1.pdf\">Nancy-Metz-PPPE-1-1<\/a><a href=\"https:\/\/sites.ac-nancy-metz.fr\/arts-plastiques\/wp-content\/uploads\/Nancy-Metz-PPPE-1-1.pdf\" class=\"wp-block-file__button\" download aria-describedby=\"wp-block-file--media-a0a4fcaa-647d-4a93-9332-f51820544e89\">T\u00e9l\u00e9charger<\/a><\/div>\n","protected":false},"excerpt":{"rendered":"<p>La Licence 3PE est implant\u00e9e au lyc\u00e9e Robert Schuman \u00e0 Metz et les heures d&rsquo;enseignement en arts plastiques sont assur\u00e9es par Madame Myriam Sacksteder.<\/p>\n","protected":false},"author":2,"featured_media":0,"parent":0,"menu_order":0,"comment_status":"closed","ping_status":"closed","template":"","meta":{"footnotes":""},"class_list":["post-8655","page","type-page","status-publish","hentry"],"_links":{"self":[{"href":"https:\/\/sites.ac-nancy-metz.fr\/arts-plastiques\/wp-json\/wp\/v2\/pages\/8655","targetHints":{"allow":["GET"]}}],"collection":[{"href":"https:\/\/sites.ac-nancy-metz.fr\/arts-plastiques\/wp-json\/wp\/v2\/pages"}],"about":[{"href":"https:\/\/sites.ac-nancy-metz.fr\/arts-plastiques\/wp-json\/wp\/v2\/types\/page"}],"author":[{"embeddable":true,"href":"https:\/\/sites.ac-nancy-metz.fr\/arts-plastiques\/wp-json\/wp\/v2\/users\/2"}],"replies":[{"embeddable":true,"href":"https:\/\/sites.ac-nancy-metz.fr\/arts-plastiques\/wp-json\/wp\/v2\/comments?post=8655"}],"version-history":[{"count":2,"href":"https:\/\/sites.ac-nancy-metz.fr\/arts-plastiques\/wp-json\/wp\/v2\/pages\/8655\/revisions"}],"predecessor-version":[{"id":8662,"href":"https:\/\/sites.ac-nancy-metz.fr\/arts-plastiques\/wp-json\/wp\/v2\/pages\/8655\/revisions\/8662"}],"wp:attachment":[{"href":"https:\/\/sites.ac-nancy-metz.fr\/arts-plastiques\/wp-json\/wp\/v2\/media?parent=8655"}],"curies":[{"name":"wp","href":"https:\/\/api.w.org\/{rel}","templated":true}]}}