{"id":8663,"date":"2022-06-29T20:36:04","date_gmt":"2022-06-29T18:36:04","guid":{"rendered":"https:\/\/sites.ac-nancy-metz.fr\/arts-plastiques\/?page_id=8663"},"modified":"2022-06-29T20:37:11","modified_gmt":"2022-06-29T18:37:11","slug":"musee-scolaire","status":"publish","type":"page","link":"https:\/\/sites.ac-nancy-metz.fr\/arts-plastiques\/musee-scolaire\/","title":{"rendered":"Mus\u00e9e scolaire"},"content":{"rendered":"<div class=\"wp-block-image\">\n<figure class=\"alignright size-full\"><img fetchpriority=\"high\" decoding=\"async\" width=\"403\" height=\"432\" src=\"https:\/\/sites.ac-nancy-metz.fr\/arts-plastiques\/wp-content\/uploads\/Capture-de\u0301cran-2022-06-27-a\u0300-14.06.15.png\" alt=\"\" class=\"wp-image-8667\" srcset=\"https:\/\/sites.ac-nancy-metz.fr\/arts-plastiques\/wp-content\/uploads\/Capture-de\u0301cran-2022-06-27-a\u0300-14.06.15.png 403w, https:\/\/sites.ac-nancy-metz.fr\/arts-plastiques\/wp-content\/uploads\/Capture-de\u0301cran-2022-06-27-a\u0300-14.06.15-280x300.png 280w\" sizes=\"(max-width: 403px) 100vw, 403px\" \/><\/figure>\n<\/div>\n\n\n<p>Les <strong>Mus\u00e9es scolaires <\/strong>ont vocation \u00e0 <strong>constituer des fonds <\/strong>des \u0153uvres, des productions, des r\u00e9alisations et des d\u00e9marches artistiques engag\u00e9es des \u00e9l\u00e8ves en arts plastiques dans les \u00e9tablissements.<\/p>\n\n\n\n<p>Ils constituent une <strong>m\u00e9moire remarquable <\/strong>de l\u2019existant des pratiques en cours et en devenir.<\/p>\n\n\n\n<p>Ils visent \u00e9galement \u00e0 conf\u00e9rer une <strong>plus-value au parcours artistique de l\u2019\u00e9l\u00e8ve<\/strong>.<\/p>\n","protected":false},"excerpt":{"rendered":"<p>Les Mus\u00e9es scolaires ont vocation \u00e0 constituer des fonds des \u0153uvres, des productions, des r\u00e9alisations et des d\u00e9marches artistiques engag\u00e9es des \u00e9l\u00e8ves en arts plastiques dans&#8230;<\/p>\n","protected":false},"author":2,"featured_media":0,"parent":0,"menu_order":0,"comment_status":"closed","ping_status":"closed","template":"","meta":{"footnotes":""},"class_list":["post-8663","page","type-page","status-publish","hentry"],"_links":{"self":[{"href":"https:\/\/sites.ac-nancy-metz.fr\/arts-plastiques\/wp-json\/wp\/v2\/pages\/8663","targetHints":{"allow":["GET"]}}],"collection":[{"href":"https:\/\/sites.ac-nancy-metz.fr\/arts-plastiques\/wp-json\/wp\/v2\/pages"}],"about":[{"href":"https:\/\/sites.ac-nancy-metz.fr\/arts-plastiques\/wp-json\/wp\/v2\/types\/page"}],"author":[{"embeddable":true,"href":"https:\/\/sites.ac-nancy-metz.fr\/arts-plastiques\/wp-json\/wp\/v2\/users\/2"}],"replies":[{"embeddable":true,"href":"https:\/\/sites.ac-nancy-metz.fr\/arts-plastiques\/wp-json\/wp\/v2\/comments?post=8663"}],"version-history":[{"count":2,"href":"https:\/\/sites.ac-nancy-metz.fr\/arts-plastiques\/wp-json\/wp\/v2\/pages\/8663\/revisions"}],"predecessor-version":[{"id":8668,"href":"https:\/\/sites.ac-nancy-metz.fr\/arts-plastiques\/wp-json\/wp\/v2\/pages\/8663\/revisions\/8668"}],"wp:attachment":[{"href":"https:\/\/sites.ac-nancy-metz.fr\/arts-plastiques\/wp-json\/wp\/v2\/media?parent=8663"}],"curies":[{"name":"wp","href":"https:\/\/api.w.org\/{rel}","templated":true}]}}