{"id":8701,"date":"2022-07-08T14:30:11","date_gmt":"2022-07-08T12:30:11","guid":{"rendered":"https:\/\/sites.ac-nancy-metz.fr\/arts-plastiques\/?page_id=8701"},"modified":"2024-02-06T09:55:06","modified_gmt":"2024-02-06T08:55:06","slug":"textes-en-vigueur","status":"publish","type":"page","link":"https:\/\/sites.ac-nancy-metz.fr\/arts-plastiques\/textes-en-vigueur\/","title":{"rendered":"Textes en vigueur"},"content":{"rendered":"\n<p class=\"has-pale-cyan-blue-background-color has-background\"><strong>\u0152uvres, th\u00e8mes, questions de r\u00e9f\u00e9rence du baccalaur\u00e9at pour l&rsquo;enseignement de sp\u00e9cialit\u00e9 d&rsquo;arts plastiques en classe terminale \u00e0 compter de la rentr\u00e9e scolaire 2023<\/strong><\/p>\n\n\n<div class=\"wp-block-image\">\n<figure class=\"aligncenter size-full\"><a href=\"https:\/\/www.education.gouv.fr\/bo\/22\/Hebdo27\/MENE2216111N.htm\"><img fetchpriority=\"high\" decoding=\"async\" width=\"923\" height=\"120\" src=\"https:\/\/sites.ac-nancy-metz.fr\/arts-plastiques\/wp-content\/uploads\/Capture-decran-2022-07-08-a-14.39.30.png\" alt=\"\" class=\"wp-image-8725\" srcset=\"https:\/\/sites.ac-nancy-metz.fr\/arts-plastiques\/wp-content\/uploads\/Capture-decran-2022-07-08-a-14.39.30.png 923w, https:\/\/sites.ac-nancy-metz.fr\/arts-plastiques\/wp-content\/uploads\/Capture-decran-2022-07-08-a-14.39.30-300x39.png 300w, https:\/\/sites.ac-nancy-metz.fr\/arts-plastiques\/wp-content\/uploads\/Capture-decran-2022-07-08-a-14.39.30-768x100.png 768w\" sizes=\"(max-width: 923px) 100vw, 923px\" \/><\/a><\/figure>\n<\/div>\n\n\n<p><a href=\"https:\/\/www.education.gouv.fr\/bo\/2023\/Hebdo44\/MENE2327505N\">https:\/\/www.education.gouv.fr\/bo\/2023\/Hebdo44\/MENE2327505N<\/a><\/p>\n\n\n\n<p class=\"has-pale-cyan-blue-background-color has-background\"><strong>\u00c9preuve terminale de l&rsquo;enseignement de sp\u00e9cialit\u00e9 arts \u00e0 compter de la session 2022&nbsp;<\/strong><\/p>\n\n\n<div class=\"wp-block-image\">\n<figure class=\"aligncenter size-full\"><a href=\"https:\/\/www.education.gouv.fr\/bo\/21\/Hebdo30\/MENE2121271N.htm\"><img decoding=\"async\" width=\"864\" height=\"112\" src=\"https:\/\/sites.ac-nancy-metz.fr\/arts-plastiques\/wp-content\/uploads\/Capture-decran-2022-07-08-a-14.41.39.png\" alt=\"\" class=\"wp-image-8728\" srcset=\"https:\/\/sites.ac-nancy-metz.fr\/arts-plastiques\/wp-content\/uploads\/Capture-decran-2022-07-08-a-14.41.39.png 864w, https:\/\/sites.ac-nancy-metz.fr\/arts-plastiques\/wp-content\/uploads\/Capture-decran-2022-07-08-a-14.41.39-300x39.png 300w, https:\/\/sites.ac-nancy-metz.fr\/arts-plastiques\/wp-content\/uploads\/Capture-decran-2022-07-08-a-14.41.39-768x100.png 768w\" sizes=\"(max-width: 864px) 100vw, 864px\" \/><\/a><\/figure>\n<\/div>\n\n\n<p class=\"has-text-align-center\"><a href=\"https:\/\/www.education.gouv.fr\/bo\/21\/Hebdo30\/MENE2121271N.htm\">https:\/\/www.education.gouv.fr\/bo\/21\/Hebdo30\/MENE2121271N.htm<\/a><\/p>\n\n\n\n<p class=\"has-pale-cyan-blue-background-color has-background\"><strong>\u00c9preuve orale de contr\u00f4le<\/strong><\/p>\n\n\n<div class=\"wp-block-image\">\n<figure class=\"aligncenter size-full\"><a href=\"https:\/\/www.education.gouv.fr\/bo\/21\/Hebdo30\/MENE2121271N.htm\"><img decoding=\"async\" width=\"896\" height=\"403\" src=\"https:\/\/sites.ac-nancy-metz.fr\/arts-plastiques\/wp-content\/uploads\/Capture-decran-2022-07-08-a-14.37.23.png\" alt=\"\" class=\"wp-image-8720\" srcset=\"https:\/\/sites.ac-nancy-metz.fr\/arts-plastiques\/wp-content\/uploads\/Capture-decran-2022-07-08-a-14.37.23.png 896w, https:\/\/sites.ac-nancy-metz.fr\/arts-plastiques\/wp-content\/uploads\/Capture-decran-2022-07-08-a-14.37.23-300x135.png 300w, https:\/\/sites.ac-nancy-metz.fr\/arts-plastiques\/wp-content\/uploads\/Capture-decran-2022-07-08-a-14.37.23-768x345.png 768w\" sizes=\"(max-width: 896px) 100vw, 896px\" \/><\/a><\/figure>\n<\/div>\n\n\n<p class=\"has-text-align-center\"><a href=\"https:\/\/www.education.gouv.fr\/bo\/21\/Hebdo30\/MENE2121271N.htm\">https:\/\/www.education.gouv.fr\/bo\/21\/Hebdo30\/MENE2121271N.htm<\/a><\/p>\n\n\n\n<p class=\"has-pale-cyan-blue-background-color has-background\"><strong>\u00c9valuations ponctuelles des enseignements optionnels pour les candidats individuels \u00e0 compter de la session 2022<\/strong><\/p>\n\n\n<div class=\"wp-block-image\">\n<figure class=\"aligncenter size-full\"><a href=\"https:\/\/www.education.gouv.fr\/bo\/21\/Hebdo41\/MENE2121399N.htm\"><img loading=\"lazy\" decoding=\"async\" width=\"894\" height=\"97\" src=\"https:\/\/sites.ac-nancy-metz.fr\/arts-plastiques\/wp-content\/uploads\/Capture-decran-2022-07-08-a-14.42.11.png\" alt=\"\" class=\"wp-image-8730\" srcset=\"https:\/\/sites.ac-nancy-metz.fr\/arts-plastiques\/wp-content\/uploads\/Capture-decran-2022-07-08-a-14.42.11.png 894w, https:\/\/sites.ac-nancy-metz.fr\/arts-plastiques\/wp-content\/uploads\/Capture-decran-2022-07-08-a-14.42.11-300x33.png 300w, https:\/\/sites.ac-nancy-metz.fr\/arts-plastiques\/wp-content\/uploads\/Capture-decran-2022-07-08-a-14.42.11-768x83.png 768w\" sizes=\"(max-width: 894px) 100vw, 894px\" \/><\/a><\/figure>\n<\/div>\n\n\n<p class=\"has-text-align-center\"><a href=\"https:\/\/www.education.gouv.fr\/bo\/21\/Hebdo41\/MENE2121399N.htm\">https:\/\/www.education.gouv.fr\/bo\/21\/Hebdo41\/MENE2121399N.htm<\/a><\/p>\n\n\n\n<p class=\"has-pale-cyan-blue-background-color has-background\"><strong>Organisation de la proc\u00e9dure et adaptations et am\u00e9nagements des \u00e9preuves d&rsquo;examen et concours pour les candidats en situation de handicap<\/strong><\/p>\n\n\n<div class=\"wp-block-image\">\n<figure class=\"aligncenter size-full\"><a href=\"https:\/\/www.education.gouv.fr\/bo\/20\/Hebdo47\/MENE2034197C.htm\"><img loading=\"lazy\" decoding=\"async\" width=\"885\" height=\"132\" src=\"https:\/\/sites.ac-nancy-metz.fr\/arts-plastiques\/wp-content\/uploads\/Capture-decran-2022-07-08-a-14.43.03.png\" alt=\"\" class=\"wp-image-8732\" srcset=\"https:\/\/sites.ac-nancy-metz.fr\/arts-plastiques\/wp-content\/uploads\/Capture-decran-2022-07-08-a-14.43.03.png 885w, https:\/\/sites.ac-nancy-metz.fr\/arts-plastiques\/wp-content\/uploads\/Capture-decran-2022-07-08-a-14.43.03-300x45.png 300w, https:\/\/sites.ac-nancy-metz.fr\/arts-plastiques\/wp-content\/uploads\/Capture-decran-2022-07-08-a-14.43.03-768x115.png 768w\" sizes=\"(max-width: 885px) 100vw, 885px\" \/><\/a><\/figure>\n<\/div>\n\n\n<p class=\"has-text-align-center\"><a href=\"https:\/\/www.education.gouv.fr\/bo\/20\/Hebdo47\/MENE2034197C.htm\">https:\/\/www.education.gouv.fr\/bo\/20\/Hebdo47\/MENE2034197C.htm<\/a><\/p>\n","protected":false},"excerpt":{"rendered":"<p>\u0152uvres, th\u00e8mes, questions de r\u00e9f\u00e9rence du baccalaur\u00e9at pour l&rsquo;enseignement de sp\u00e9cialit\u00e9 d&rsquo;arts plastiques en classe terminale \u00e0 compter de la rentr\u00e9e scolaire 2023 https:\/\/www.education.gouv.fr\/bo\/2023\/Hebdo44\/MENE2327505N \u00c9preuve terminale&#8230;<\/p>\n","protected":false},"author":2,"featured_media":0,"parent":0,"menu_order":0,"comment_status":"closed","ping_status":"closed","template":"","meta":{"footnotes":""},"class_list":["post-8701","page","type-page","status-publish","hentry"],"_links":{"self":[{"href":"https:\/\/sites.ac-nancy-metz.fr\/arts-plastiques\/wp-json\/wp\/v2\/pages\/8701","targetHints":{"allow":["GET"]}}],"collection":[{"href":"https:\/\/sites.ac-nancy-metz.fr\/arts-plastiques\/wp-json\/wp\/v2\/pages"}],"about":[{"href":"https:\/\/sites.ac-nancy-metz.fr\/arts-plastiques\/wp-json\/wp\/v2\/types\/page"}],"author":[{"embeddable":true,"href":"https:\/\/sites.ac-nancy-metz.fr\/arts-plastiques\/wp-json\/wp\/v2\/users\/2"}],"replies":[{"embeddable":true,"href":"https:\/\/sites.ac-nancy-metz.fr\/arts-plastiques\/wp-json\/wp\/v2\/comments?post=8701"}],"version-history":[{"count":19,"href":"https:\/\/sites.ac-nancy-metz.fr\/arts-plastiques\/wp-json\/wp\/v2\/pages\/8701\/revisions"}],"predecessor-version":[{"id":9625,"href":"https:\/\/sites.ac-nancy-metz.fr\/arts-plastiques\/wp-json\/wp\/v2\/pages\/8701\/revisions\/9625"}],"wp:attachment":[{"href":"https:\/\/sites.ac-nancy-metz.fr\/arts-plastiques\/wp-json\/wp\/v2\/media?parent=8701"}],"curies":[{"name":"wp","href":"https:\/\/api.w.org\/{rel}","templated":true}]}}