{"id":9345,"date":"2023-11-11T11:38:59","date_gmt":"2023-11-11T10:38:59","guid":{"rendered":"https:\/\/sites.ac-nancy-metz.fr\/arts-plastiques\/?page_id=9345"},"modified":"2023-11-17T16:44:35","modified_gmt":"2023-11-17T15:44:35","slug":"modeles-de-sequence","status":"publish","type":"page","link":"https:\/\/sites.ac-nancy-metz.fr\/arts-plastiques\/modeles-de-sequence\/","title":{"rendered":"Sch\u00e8mes et diff\u00e9rents mod\u00e8les de s\u00e9quence"},"content":{"rendered":"\n<p><\/p>\n\n\n\n<p>Ce travail entrepris depuis 2022 par Christian VIEAUX, Inspecteur G\u00e9n\u00e9ral en arts plastiques, sur la base d\u2019observations en classe, ant\u00e9rieures et actuelles, propose \u00e0 travers 12 fiches, d&rsquo;\u00e9tablir un diagnostic et une r\u00e9flexion sur plusieurs mod\u00e8les de s\u00e9quences efficientes. Le mod\u00e8le dit \u00ab\u00a0pr\u00e9gnant\u00a0\u00bb, principalement au coll\u00e8ge, applique un sch\u00e9ma \u00ab&nbsp;lin\u00e9aire&nbsp;\u00bb : incitation -&gt; effectuation -&gt; verbalisation &lt;-&gt; \u00e9valuation &lt;-&gt; champ r\u00e9f\u00e9rentiel. \u00c0 ce mod\u00e8le, analys\u00e9 et comment\u00e9, semble se substituer depuis presque une dizaine d\u2019ann\u00e9es, un second mod\u00e8le, dit \u00ab&nbsp;hybrid\u00e9e&nbsp;\u00bb selon des formalisations beaucoup plus curriculaires et une utilisation de gestes p\u00e9dagogiques pens\u00e9s avec r\u00e9flexivit\u00e9 et souplesse.<\/p>\n\n\n\n<p>Cet outil de r\u00e9flexion, mis \u00e0 la disposition des acteurs de l\u2019enseignement des arts plastiques, concernant les modalit\u00e9s d&rsquo;apprentissage des \u00e9l\u00e8ves en classe, est une invitation, non dogmatique, \u00e0 en repenser certaines dynamiques qui, \u00e0 ce jour, ont entre 30 et 50 d\u2019\u00e2ge, et sont parfois r\u00e9pliqu\u00e9es presque en l\u2019\u00e9tat dans les classes malgr\u00e9 les \u00e9volutions des \u00e9l\u00e8ves, des programmes, de la politique \u00e9ducative, etc<\/p>\n\n\n\n<div data-wp-interactive=\"core\/file\" class=\"wp-block-file\"><object data-wp-bind--hidden=\"!state.hasPdfPreview\" hidden class=\"wp-block-file__embed\" data=\"https:\/\/sites.ac-nancy-metz.fr\/arts-plastiques\/wp-content\/uploads\/PARTIE-1_FICHE-1_Didactique-service-apprentissages-AP_REAGENCER-REMODELER-SEQUENCE_-EMERGENCE-MODELE-HYBRIDE-1.pdf\" type=\"application\/pdf\" style=\"width:100%;height:600px\" aria-label=\"Contenu embarqu\u00e9 PARTIE-1_FICHE-1_Didactique-service-apprentissages-AP_REAGENCER-REMODELER-SEQUENCE_-EMERGENCE-MODELE-HYBRIDE-1.\"><\/object><a id=\"wp-block-file--media-6b625270-68cb-44be-addd-bab45cd4fde7\" href=\"https:\/\/sites.ac-nancy-metz.fr\/arts-plastiques\/wp-content\/uploads\/PARTIE-1_FICHE-1_Didactique-service-apprentissages-AP_REAGENCER-REMODELER-SEQUENCE_-EMERGENCE-MODELE-HYBRIDE-1.pdf\">PARTIE-1_FICHE-1_Didactique-service-apprentissages-AP_REAGENCER-REMODELER-SEQUENCE_-EMERGENCE-MODELE-HYBRIDE-1<\/a><a href=\"https:\/\/sites.ac-nancy-metz.fr\/arts-plastiques\/wp-content\/uploads\/PARTIE-1_FICHE-1_Didactique-service-apprentissages-AP_REAGENCER-REMODELER-SEQUENCE_-EMERGENCE-MODELE-HYBRIDE-1.pdf\" class=\"wp-block-file__button wp-element-button\" download aria-describedby=\"wp-block-file--media-6b625270-68cb-44be-addd-bab45cd4fde7\">T\u00e9l\u00e9charger<\/a><\/div>\n\n\n\n<div data-wp-interactive=\"core\/file\" class=\"wp-block-file\"><object data-wp-bind--hidden=\"!state.hasPdfPreview\" hidden class=\"wp-block-file__embed\" data=\"https:\/\/sites.ac-nancy-metz.fr\/arts-plastiques\/wp-content\/uploads\/PARTIE-1_FICHE-2_Didactique-service-apprentissages-AP_REAGENCEMENT-REMODELAGE-SEQUENCE_-IDENTIFIER-SITUER-DIVERSES-CENTRATIONS.pdf\" type=\"application\/pdf\" style=\"width:100%;height:600px\" aria-label=\"Contenu embarqu\u00e9 PARTIE-1_FICHE-2_Didactique-service-apprentissages-AP_REAGENCEMENT-REMODELAGE-SEQUENCE_-IDENTIFIER-SITUER-DIVERSES-CENTRATIONS.\"><\/object><a id=\"wp-block-file--media-22aeb688-afb2-4e04-982d-8e8b71e97822\" href=\"https:\/\/sites.ac-nancy-metz.fr\/arts-plastiques\/wp-content\/uploads\/PARTIE-1_FICHE-2_Didactique-service-apprentissages-AP_REAGENCEMENT-REMODELAGE-SEQUENCE_-IDENTIFIER-SITUER-DIVERSES-CENTRATIONS.pdf\">PARTIE-1_FICHE-2_Didactique-service-apprentissages-AP_REAGENCEMENT-REMODELAGE-SEQUENCE_-IDENTIFIER-SITUER-DIVERSES-CENTRATIONS<\/a><a href=\"https:\/\/sites.ac-nancy-metz.fr\/arts-plastiques\/wp-content\/uploads\/PARTIE-1_FICHE-2_Didactique-service-apprentissages-AP_REAGENCEMENT-REMODELAGE-SEQUENCE_-IDENTIFIER-SITUER-DIVERSES-CENTRATIONS.pdf\" class=\"wp-block-file__button wp-element-button\" download aria-describedby=\"wp-block-file--media-22aeb688-afb2-4e04-982d-8e8b71e97822\">T\u00e9l\u00e9charger<\/a><\/div>\n\n\n\n<div data-wp-interactive=\"core\/file\" class=\"wp-block-file\"><object data-wp-bind--hidden=\"!state.hasPdfPreview\" hidden class=\"wp-block-file__embed\" data=\"https:\/\/sites.ac-nancy-metz.fr\/arts-plastiques\/wp-content\/uploads\/PARTIE-1_FICHE-3_Didactique-service-apprentissages-AP_REAGENCER-REMODELER_RE-PENSER-SEQUENCE.pdf\" type=\"application\/pdf\" style=\"width:100%;height:600px\" aria-label=\"Contenu embarqu\u00e9 PARTIE-1_FICHE-3_Didactique-service-apprentissages-AP_REAGENCER-REMODELER_RE-PENSER-SEQUENCE.\"><\/object><a id=\"wp-block-file--media-f59299c1-f9f9-4312-a89d-e7f644e2b35f\" href=\"https:\/\/sites.ac-nancy-metz.fr\/arts-plastiques\/wp-content\/uploads\/PARTIE-1_FICHE-3_Didactique-service-apprentissages-AP_REAGENCER-REMODELER_RE-PENSER-SEQUENCE.pdf\">PARTIE-1_FICHE-3_Didactique-service-apprentissages-AP_REAGENCER-REMODELER_RE-PENSER-SEQUENCE<\/a><a href=\"https:\/\/sites.ac-nancy-metz.fr\/arts-plastiques\/wp-content\/uploads\/PARTIE-1_FICHE-3_Didactique-service-apprentissages-AP_REAGENCER-REMODELER_RE-PENSER-SEQUENCE.pdf\" class=\"wp-block-file__button wp-element-button\" download aria-describedby=\"wp-block-file--media-f59299c1-f9f9-4312-a89d-e7f644e2b35f\">T\u00e9l\u00e9charger<\/a><\/div>\n\n\n\n<div data-wp-interactive=\"core\/file\" class=\"wp-block-file\"><object data-wp-bind--hidden=\"!state.hasPdfPreview\" hidden class=\"wp-block-file__embed\" data=\"https:\/\/sites.ac-nancy-metz.fr\/arts-plastiques\/wp-content\/uploads\/PARTIE-1_FICHE-4_Didactique-service-apprentissages-AP_REAGENCER-REMODELER_RE-PENSER_PRINCIPES-INVARIANTS-CONSTANTES.pdf\" type=\"application\/pdf\" style=\"width:100%;height:600px\" aria-label=\"Contenu embarqu\u00e9 PARTIE-1_FICHE-4_Didactique-service-apprentissages-AP_REAGENCER-REMODELER_RE-PENSER_PRINCIPES-INVARIANTS-CONSTANTES.\"><\/object><a id=\"wp-block-file--media-99f401f3-6495-4743-a8c7-2c7d945c745e\" href=\"https:\/\/sites.ac-nancy-metz.fr\/arts-plastiques\/wp-content\/uploads\/PARTIE-1_FICHE-4_Didactique-service-apprentissages-AP_REAGENCER-REMODELER_RE-PENSER_PRINCIPES-INVARIANTS-CONSTANTES.pdf\">PARTIE-1_FICHE-4_Didactique-service-apprentissages-AP_REAGENCER-REMODELER_RE-PENSER_PRINCIPES-INVARIANTS-CONSTANTES<\/a><a href=\"https:\/\/sites.ac-nancy-metz.fr\/arts-plastiques\/wp-content\/uploads\/PARTIE-1_FICHE-4_Didactique-service-apprentissages-AP_REAGENCER-REMODELER_RE-PENSER_PRINCIPES-INVARIANTS-CONSTANTES.pdf\" class=\"wp-block-file__button wp-element-button\" download aria-describedby=\"wp-block-file--media-99f401f3-6495-4743-a8c7-2c7d945c745e\">T\u00e9l\u00e9charger<\/a><\/div>\n\n\n\n<div data-wp-interactive=\"core\/file\" class=\"wp-block-file\"><object data-wp-bind--hidden=\"!state.hasPdfPreview\" hidden class=\"wp-block-file__embed\" data=\"https:\/\/sites.ac-nancy-metz.fr\/arts-plastiques\/wp-content\/uploads\/PARTIE-1_FICHE-5_Didactique-service-apprentissages-AP_REAGENCER-REMODELER_RE-PENSER-SEQUENCE_ANCRAGES-DROIT-CONVERGENCES-MODALITES.pdf\" type=\"application\/pdf\" style=\"width:100%;height:600px\" aria-label=\"Contenu embarqu\u00e9 PARTIE-1_FICHE-5_Didactique-service-apprentissages-AP_REAGENCER-REMODELER_RE-PENSER-SEQUENCE_ANCRAGES-DROIT-CONVERGENCES-MODALITES.\"><\/object><a id=\"wp-block-file--media-2c1c86cb-9663-4987-b502-8c5a1151224c\" href=\"https:\/\/sites.ac-nancy-metz.fr\/arts-plastiques\/wp-content\/uploads\/PARTIE-1_FICHE-5_Didactique-service-apprentissages-AP_REAGENCER-REMODELER_RE-PENSER-SEQUENCE_ANCRAGES-DROIT-CONVERGENCES-MODALITES.pdf\">PARTIE-1_FICHE-5_Didactique-service-apprentissages-AP_REAGENCER-REMODELER_RE-PENSER-SEQUENCE_ANCRAGES-DROIT-CONVERGENCES-MODALITES<\/a><a href=\"https:\/\/sites.ac-nancy-metz.fr\/arts-plastiques\/wp-content\/uploads\/PARTIE-1_FICHE-5_Didactique-service-apprentissages-AP_REAGENCER-REMODELER_RE-PENSER-SEQUENCE_ANCRAGES-DROIT-CONVERGENCES-MODALITES.pdf\" class=\"wp-block-file__button wp-element-button\" download aria-describedby=\"wp-block-file--media-2c1c86cb-9663-4987-b502-8c5a1151224c\">T\u00e9l\u00e9charger<\/a><\/div>\n\n\n\n<div data-wp-interactive=\"core\/file\" class=\"wp-block-file\"><object data-wp-bind--hidden=\"!state.hasPdfPreview\" hidden class=\"wp-block-file__embed\" data=\"https:\/\/sites.ac-nancy-metz.fr\/arts-plastiques\/wp-content\/uploads\/PARTIE-2_FICHE-6_Didactique-service-apprentissages-AP_CONSIDERATIONS-SUR-SEQUENCE-AP_RETOURS-HISTORIQUES-ET-CRITIQUES_SOURCES-LIMITES-PARADOXES-MODELE-PREGNANT.pdf\" type=\"application\/pdf\" style=\"width:100%;height:600px\" aria-label=\"Contenu embarqu\u00e9 PARTIE-2_FICHE-6_Didactique-service-apprentissages-AP_CONSIDERATIONS-SUR-SEQUENCE-AP_RETOURS-HISTORIQUES-ET-CRITIQUES_SOURCES-LIMITES-PARADOXES-MODELE-PREGNANT.\"><\/object><a id=\"wp-block-file--media-f8f30aae-a2f1-42c8-9db2-3e9b2c0f615b\" href=\"https:\/\/sites.ac-nancy-metz.fr\/arts-plastiques\/wp-content\/uploads\/PARTIE-2_FICHE-6_Didactique-service-apprentissages-AP_CONSIDERATIONS-SUR-SEQUENCE-AP_RETOURS-HISTORIQUES-ET-CRITIQUES_SOURCES-LIMITES-PARADOXES-MODELE-PREGNANT.pdf\">PARTIE-2_FICHE-6_Didactique-service-apprentissages-AP_CONSIDERATIONS-SUR-SEQUENCE-AP_RETOURS-HISTORIQUES-ET-CRITIQUES_SOURCES-LIMITES-PARADOXES-MODELE-PREGNANT<\/a><a href=\"https:\/\/sites.ac-nancy-metz.fr\/arts-plastiques\/wp-content\/uploads\/PARTIE-2_FICHE-6_Didactique-service-apprentissages-AP_CONSIDERATIONS-SUR-SEQUENCE-AP_RETOURS-HISTORIQUES-ET-CRITIQUES_SOURCES-LIMITES-PARADOXES-MODELE-PREGNANT.pdf\" class=\"wp-block-file__button wp-element-button\" download aria-describedby=\"wp-block-file--media-f8f30aae-a2f1-42c8-9db2-3e9b2c0f615b\">T\u00e9l\u00e9charger<\/a><\/div>\n\n\n\n<div data-wp-interactive=\"core\/file\" class=\"wp-block-file\"><object data-wp-bind--hidden=\"!state.hasPdfPreview\" hidden class=\"wp-block-file__embed\" data=\"https:\/\/sites.ac-nancy-metz.fr\/arts-plastiques\/wp-content\/uploads\/PARTIE-2_FICHE-7_Didactique-service-apprentissages-AP_CONSIDERATIONS-SUR-SEQUENCE-AP_RETOURS-HISTORIQUES-ET-CRITIQUES_APORIE-1_LINEARITE-SEQUENCE-VS-SITUATION-OUVERTE.pdf\" type=\"application\/pdf\" style=\"width:100%;height:600px\" aria-label=\"Contenu embarqu\u00e9 PARTIE-2_FICHE-7_Didactique-service-apprentissages-AP_CONSIDERATIONS-SUR-SEQUENCE-AP_RETOURS-HISTORIQUES-ET-CRITIQUES_APORIE-1_LINEARITE-SEQUENCE-VS-SITUATION-OUVERTE.\"><\/object><a id=\"wp-block-file--media-53d45722-bf09-463f-8bce-59e9d9513320\" href=\"https:\/\/sites.ac-nancy-metz.fr\/arts-plastiques\/wp-content\/uploads\/PARTIE-2_FICHE-7_Didactique-service-apprentissages-AP_CONSIDERATIONS-SUR-SEQUENCE-AP_RETOURS-HISTORIQUES-ET-CRITIQUES_APORIE-1_LINEARITE-SEQUENCE-VS-SITUATION-OUVERTE.pdf\">PARTIE-2_FICHE-7_Didactique-service-apprentissages-AP_CONSIDERATIONS-SUR-SEQUENCE-AP_RETOURS-HISTORIQUES-ET-CRITIQUES_APORIE-1_LINEARITE-SEQUENCE-VS-SITUATION-OUVERTE<\/a><a href=\"https:\/\/sites.ac-nancy-metz.fr\/arts-plastiques\/wp-content\/uploads\/PARTIE-2_FICHE-7_Didactique-service-apprentissages-AP_CONSIDERATIONS-SUR-SEQUENCE-AP_RETOURS-HISTORIQUES-ET-CRITIQUES_APORIE-1_LINEARITE-SEQUENCE-VS-SITUATION-OUVERTE.pdf\" class=\"wp-block-file__button wp-element-button\" download aria-describedby=\"wp-block-file--media-53d45722-bf09-463f-8bce-59e9d9513320\">T\u00e9l\u00e9charger<\/a><\/div>\n\n\n\n<div data-wp-interactive=\"core\/file\" class=\"wp-block-file\"><object data-wp-bind--hidden=\"!state.hasPdfPreview\" hidden class=\"wp-block-file__embed\" data=\"https:\/\/sites.ac-nancy-metz.fr\/arts-plastiques\/wp-content\/uploads\/PARTIE-2_FICHE-8_Didactique-service-apprentissages-AP_REPERES-SITUER-PRATIQUES-DIDACTIQUES-DISCIPLINE-ENSEIGNEMENT-ARTISTIQUE-EDUCATION-ARTISTIQUE.pdf\" type=\"application\/pdf\" style=\"width:100%;height:600px\" aria-label=\"Contenu embarqu\u00e9 PARTIE-2_FICHE-8_Didactique-service-apprentissages-AP_REPERES-SITUER-PRATIQUES-DIDACTIQUES-DISCIPLINE-ENSEIGNEMENT-ARTISTIQUE-EDUCATION-ARTISTIQUE.\"><\/object><a id=\"wp-block-file--media-0feabcaf-166f-4242-a6a8-773a1f20a606\" href=\"https:\/\/sites.ac-nancy-metz.fr\/arts-plastiques\/wp-content\/uploads\/PARTIE-2_FICHE-8_Didactique-service-apprentissages-AP_REPERES-SITUER-PRATIQUES-DIDACTIQUES-DISCIPLINE-ENSEIGNEMENT-ARTISTIQUE-EDUCATION-ARTISTIQUE.pdf\">PARTIE-2_FICHE-8_Didactique-service-apprentissages-AP_REPERES-SITUER-PRATIQUES-DIDACTIQUES-DISCIPLINE-ENSEIGNEMENT-ARTISTIQUE-EDUCATION-ARTISTIQUE<\/a><a href=\"https:\/\/sites.ac-nancy-metz.fr\/arts-plastiques\/wp-content\/uploads\/PARTIE-2_FICHE-8_Didactique-service-apprentissages-AP_REPERES-SITUER-PRATIQUES-DIDACTIQUES-DISCIPLINE-ENSEIGNEMENT-ARTISTIQUE-EDUCATION-ARTISTIQUE.pdf\" class=\"wp-block-file__button wp-element-button\" download aria-describedby=\"wp-block-file--media-0feabcaf-166f-4242-a6a8-773a1f20a606\">T\u00e9l\u00e9charger<\/a><\/div>\n\n\n\n<div data-wp-interactive=\"core\/file\" class=\"wp-block-file\"><object data-wp-bind--hidden=\"!state.hasPdfPreview\" hidden class=\"wp-block-file__embed\" data=\"https:\/\/sites.ac-nancy-metz.fr\/arts-plastiques\/wp-content\/uploads\/PARTIE-2_FICHE-9_Didactique-service-apprentissages-AP_QUESTION-STANDARDISATION-ENSEIGNEMENT-MASSE-AUX-RISQUES-EDUCATION-ARTISTIQUE-INDUSTRIELLE.pdf\" type=\"application\/pdf\" style=\"width:100%;height:600px\" aria-label=\"Contenu embarqu\u00e9 PARTIE-2_FICHE-9_Didactique-service-apprentissages-AP_QUESTION-STANDARDISATION-ENSEIGNEMENT-MASSE-AUX-RISQUES-EDUCATION-ARTISTIQUE-INDUSTRIELLE.\"><\/object><a id=\"wp-block-file--media-3a76dc86-1298-44f6-9567-7207d5fa0db5\" href=\"https:\/\/sites.ac-nancy-metz.fr\/arts-plastiques\/wp-content\/uploads\/PARTIE-2_FICHE-9_Didactique-service-apprentissages-AP_QUESTION-STANDARDISATION-ENSEIGNEMENT-MASSE-AUX-RISQUES-EDUCATION-ARTISTIQUE-INDUSTRIELLE.pdf\">PARTIE-2_FICHE-9_Didactique-service-apprentissages-AP_QUESTION-STANDARDISATION-ENSEIGNEMENT-MASSE-AUX-RISQUES-EDUCATION-ARTISTIQUE-INDUSTRIELLE<\/a><a href=\"https:\/\/sites.ac-nancy-metz.fr\/arts-plastiques\/wp-content\/uploads\/PARTIE-2_FICHE-9_Didactique-service-apprentissages-AP_QUESTION-STANDARDISATION-ENSEIGNEMENT-MASSE-AUX-RISQUES-EDUCATION-ARTISTIQUE-INDUSTRIELLE.pdf\" class=\"wp-block-file__button wp-element-button\" download aria-describedby=\"wp-block-file--media-3a76dc86-1298-44f6-9567-7207d5fa0db5\">T\u00e9l\u00e9charger<\/a><\/div>\n\n\n\n<div data-wp-interactive=\"core\/file\" class=\"wp-block-file\"><object data-wp-bind--hidden=\"!state.hasPdfPreview\" hidden class=\"wp-block-file__embed\" data=\"https:\/\/sites.ac-nancy-metz.fr\/arts-plastiques\/wp-content\/uploads\/PARTIE-3-\u2013-FICHE-10_Didactique-service-apprentissages-AP_EXPOSE-DES-MOTIFS_POURQUOI-CE-DOSSIER_COMMENT.pdf\" type=\"application\/pdf\" style=\"width:100%;height:600px\" aria-label=\"Contenu embarqu\u00e9 PARTIE-3-\u2013-FICHE-10_Didactique-service-apprentissages-AP_EXPOSE-DES-MOTIFS_POURQUOI-CE-DOSSIER_COMMENT.\"><\/object><a id=\"wp-block-file--media-ed25fc2b-caa2-45ea-b6b2-206ce44b02e7\" href=\"https:\/\/sites.ac-nancy-metz.fr\/arts-plastiques\/wp-content\/uploads\/PARTIE-3-\u2013-FICHE-10_Didactique-service-apprentissages-AP_EXPOSE-DES-MOTIFS_POURQUOI-CE-DOSSIER_COMMENT.pdf\">PARTIE-3-\u2013-FICHE-10_Didactique-service-apprentissages-AP_EXPOSE-DES-MOTIFS_POURQUOI-CE-DOSSIER_COMMENT<\/a><a href=\"https:\/\/sites.ac-nancy-metz.fr\/arts-plastiques\/wp-content\/uploads\/PARTIE-3-\u2013-FICHE-10_Didactique-service-apprentissages-AP_EXPOSE-DES-MOTIFS_POURQUOI-CE-DOSSIER_COMMENT.pdf\" class=\"wp-block-file__button wp-element-button\" download aria-describedby=\"wp-block-file--media-ed25fc2b-caa2-45ea-b6b2-206ce44b02e7\">T\u00e9l\u00e9charger<\/a><\/div>\n\n\n\n<div data-wp-interactive=\"core\/file\" class=\"wp-block-file\"><object data-wp-bind--hidden=\"!state.hasPdfPreview\" hidden class=\"wp-block-file__embed\" data=\"https:\/\/sites.ac-nancy-metz.fr\/arts-plastiques\/wp-content\/uploads\/PARTIE-3_FICHE-11_Didactique-service-apprentissage-AP_EXPOSE-MOTIFS-MATERIAUX-DEFINITIONS-RESSOURCES_ETAT-SOMMAIRE-FORMATIONS-DIDACTIQUES-AP.pdf\" type=\"application\/pdf\" style=\"width:100%;height:600px\" aria-label=\"Contenu embarqu\u00e9 PARTIE-3_FICHE-11_Didactique-service-apprentissage-AP_EXPOSE-MOTIFS-MATERIAUX-DEFINITIONS-RESSOURCES_ETAT-SOMMAIRE-FORMATIONS-DIDACTIQUES-AP.\"><\/object><a id=\"wp-block-file--media-3d88fec2-e9be-4114-8fc6-1f921ddec0db\" href=\"https:\/\/sites.ac-nancy-metz.fr\/arts-plastiques\/wp-content\/uploads\/PARTIE-3_FICHE-11_Didactique-service-apprentissage-AP_EXPOSE-MOTIFS-MATERIAUX-DEFINITIONS-RESSOURCES_ETAT-SOMMAIRE-FORMATIONS-DIDACTIQUES-AP.pdf\">PARTIE-3_FICHE-11_Didactique-service-apprentissage-AP_EXPOSE-MOTIFS-MATERIAUX-DEFINITIONS-RESSOURCES_ETAT-SOMMAIRE-FORMATIONS-DIDACTIQUES-AP<\/a><a href=\"https:\/\/sites.ac-nancy-metz.fr\/arts-plastiques\/wp-content\/uploads\/PARTIE-3_FICHE-11_Didactique-service-apprentissage-AP_EXPOSE-MOTIFS-MATERIAUX-DEFINITIONS-RESSOURCES_ETAT-SOMMAIRE-FORMATIONS-DIDACTIQUES-AP.pdf\" class=\"wp-block-file__button wp-element-button\" download aria-describedby=\"wp-block-file--media-3d88fec2-e9be-4114-8fc6-1f921ddec0db\">T\u00e9l\u00e9charger<\/a><\/div>\n\n\n\n<div data-wp-interactive=\"core\/file\" class=\"wp-block-file\"><object data-wp-bind--hidden=\"!state.hasPdfPreview\" hidden class=\"wp-block-file__embed\" data=\"https:\/\/sites.ac-nancy-metz.fr\/arts-plastiques\/wp-content\/uploads\/PARTIE-3-\u2013-FICHE-12_Didactique-service-apprentissage-AP_BANQUES-DES-SCHEMAS-DU-DOSSIER.pdf\" type=\"application\/pdf\" style=\"width:100%;height:600px\" aria-label=\"Contenu embarqu\u00e9 PARTIE-3-\u2013-FICHE-12_Didactique-service-apprentissage-AP_BANQUES-DES-SCHEMAS-DU-DOSSIER.\"><\/object><a id=\"wp-block-file--media-365f711a-6bc5-463d-a431-cedc2fa27857\" href=\"https:\/\/sites.ac-nancy-metz.fr\/arts-plastiques\/wp-content\/uploads\/PARTIE-3-\u2013-FICHE-12_Didactique-service-apprentissage-AP_BANQUES-DES-SCHEMAS-DU-DOSSIER.pdf\">PARTIE-3-\u2013-FICHE-12_Didactique-service-apprentissage-AP_BANQUES-DES-SCHEMAS-DU-DOSSIER<\/a><a href=\"https:\/\/sites.ac-nancy-metz.fr\/arts-plastiques\/wp-content\/uploads\/PARTIE-3-\u2013-FICHE-12_Didactique-service-apprentissage-AP_BANQUES-DES-SCHEMAS-DU-DOSSIER.pdf\" class=\"wp-block-file__button wp-element-button\" download aria-describedby=\"wp-block-file--media-365f711a-6bc5-463d-a431-cedc2fa27857\">T\u00e9l\u00e9charger<\/a><\/div>\n","protected":false},"excerpt":{"rendered":"<p>Ce travail entrepris depuis 2022 par Christian VIEAUX, Inspecteur G\u00e9n\u00e9ral en arts plastiques, sur la base d\u2019observations en classe, ant\u00e9rieures et actuelles, propose \u00e0 travers 12&#8230;<\/p>\n","protected":false},"author":5,"featured_media":0,"parent":0,"menu_order":0,"comment_status":"closed","ping_status":"closed","template":"","meta":{"footnotes":""},"class_list":["post-9345","page","type-page","status-publish","hentry"],"_links":{"self":[{"href":"https:\/\/sites.ac-nancy-metz.fr\/arts-plastiques\/wp-json\/wp\/v2\/pages\/9345","targetHints":{"allow":["GET"]}}],"collection":[{"href":"https:\/\/sites.ac-nancy-metz.fr\/arts-plastiques\/wp-json\/wp\/v2\/pages"}],"about":[{"href":"https:\/\/sites.ac-nancy-metz.fr\/arts-plastiques\/wp-json\/wp\/v2\/types\/page"}],"author":[{"embeddable":true,"href":"https:\/\/sites.ac-nancy-metz.fr\/arts-plastiques\/wp-json\/wp\/v2\/users\/5"}],"replies":[{"embeddable":true,"href":"https:\/\/sites.ac-nancy-metz.fr\/arts-plastiques\/wp-json\/wp\/v2\/comments?post=9345"}],"version-history":[{"count":7,"href":"https:\/\/sites.ac-nancy-metz.fr\/arts-plastiques\/wp-json\/wp\/v2\/pages\/9345\/revisions"}],"predecessor-version":[{"id":9382,"href":"https:\/\/sites.ac-nancy-metz.fr\/arts-plastiques\/wp-json\/wp\/v2\/pages\/9345\/revisions\/9382"}],"wp:attachment":[{"href":"https:\/\/sites.ac-nancy-metz.fr\/arts-plastiques\/wp-json\/wp\/v2\/media?parent=9345"}],"curies":[{"name":"wp","href":"https:\/\/api.w.org\/{rel}","templated":true}]}}