{"id":9598,"date":"2024-02-04T11:06:31","date_gmt":"2024-02-04T10:06:31","guid":{"rendered":"https:\/\/sites.ac-nancy-metz.fr\/arts-plastiques\/?page_id=9598"},"modified":"2024-10-10T10:04:40","modified_gmt":"2024-10-10T08:04:40","slug":"les-pratiques-dexpostitions-en-etablissements","status":"publish","type":"page","link":"https:\/\/sites.ac-nancy-metz.fr\/arts-plastiques\/les-pratiques-dexpostitions-en-etablissements\/","title":{"rendered":"Les Pratiques D&rsquo;expositions en \u00e9tablissements"},"content":{"rendered":"\n<div data-wp-interactive=\"core\/file\" class=\"wp-block-file\"><object data-wp-bind--hidden=\"!state.hasPdfPreview\" hidden class=\"wp-block-file__embed\" data=\"https:\/\/sites.ac-nancy-metz.fr\/arts-plastiques\/wp-content\/uploads\/2024-10-08_E_LRO-note-information_VF.pdf\" type=\"application\/pdf\" style=\"width:100%;height:600px\" aria-label=\"Contenu embarqu\u00e9 2024 10 08_E_LRO note information_VF.\"><\/object><a id=\"wp-block-file--media-49076e8d-c82a-46ba-83f2-9caabd54d2cd\" href=\"https:\/\/sites.ac-nancy-metz.fr\/arts-plastiques\/wp-content\/uploads\/2024-10-08_E_LRO-note-information_VF.pdf\">2024 10 08_E_LRO note information_VF<\/a><a href=\"https:\/\/sites.ac-nancy-metz.fr\/arts-plastiques\/wp-content\/uploads\/2024-10-08_E_LRO-note-information_VF.pdf\" class=\"wp-block-file__button wp-element-button\" download aria-describedby=\"wp-block-file--media-49076e8d-c82a-46ba-83f2-9caabd54d2cd\">T\u00e9l\u00e9charger<\/a><\/div>\n\n\n\n<div data-wp-interactive=\"core\/file\" class=\"wp-block-file\"><object data-wp-bind--hidden=\"!state.hasPdfPreview\" hidden class=\"wp-block-file__embed\" data=\"https:\/\/sites.ac-nancy-metz.fr\/arts-plastiques\/wp-content\/uploads\/CPS-L.A.C.pdf\" type=\"application\/pdf\" style=\"width:100%;height:600px\" aria-label=\"Contenu embarqu\u00e9 CPS-L.A.C.\"><\/object><a id=\"wp-block-file--media-6a3d40b2-dde3-4eb4-8f58-61039f1b2a6b\" href=\"https:\/\/sites.ac-nancy-metz.fr\/arts-plastiques\/wp-content\/uploads\/CPS-L.A.C.pdf\">CPS-L.A.C<\/a><a href=\"https:\/\/sites.ac-nancy-metz.fr\/arts-plastiques\/wp-content\/uploads\/CPS-L.A.C.pdf\" class=\"wp-block-file__button wp-element-button\" download aria-describedby=\"wp-block-file--media-6a3d40b2-dde3-4eb4-8f58-61039f1b2a6b\">T\u00e9l\u00e9charger<\/a><\/div>\n\n\n\n<h2 class=\"wp-block-heading\"><strong>Les lieux d&rsquo;art et de culture en \u00e9tablissement scolaire : Une br\u00e8ve histoire de la rencontre avec l&rsquo;oeuvre, l&rsquo;art et la culture.<\/strong><\/h2>\n\n\n\n<div data-wp-interactive=\"core\/file\" class=\"wp-block-file\"><object data-wp-bind--hidden=\"!state.hasPdfPreview\" hidden class=\"wp-block-file__embed\" data=\"https:\/\/sites.ac-nancy-metz.fr\/arts-plastiques\/wp-content\/uploads\/Une_breve_histoire_ELRO.pdf\" type=\"application\/pdf\" style=\"width:100%;height:600px\" aria-label=\"Contenu embarqu\u00e9 Une_breve_histoire_ELRO.\"><\/object><a id=\"wp-block-file--media-b4ac1769-2620-4324-98e0-ccbff11ef07d\" href=\"https:\/\/sites.ac-nancy-metz.fr\/arts-plastiques\/wp-content\/uploads\/Une_breve_histoire_ELRO.pdf\">Une_breve_histoire_ELRO<\/a><a href=\"https:\/\/sites.ac-nancy-metz.fr\/arts-plastiques\/wp-content\/uploads\/Une_breve_histoire_ELRO.pdf\" class=\"wp-block-file__button wp-element-button\" download aria-describedby=\"wp-block-file--media-b4ac1769-2620-4324-98e0-ccbff11ef07d\">T\u00e9l\u00e9charger<\/a><\/div>\n\n\n\n<h2 class=\"wp-block-heading\"><strong>Analyse socio-historique des prescriptions en mati\u00e8re de rencontres avec l\u2019\u0153uvre<\/strong>   <\/h2>\n\n\n\n<p>L&rsquo;approche socio-historique de cet extrait du travail doctoral&nbsp; d&rsquo;Isabelle Claverie vise \u00e0 situer la place de l&rsquo;enseignement des arts plastiques et l&rsquo;\u00e9volution de son organisation au sein des apprentissages de l&rsquo;ancien r\u00e9gime \u00e0 nos jours. Il t\u00e9moigne de l&rsquo;importance accord\u00e9e \u00e0 la rencontre avec l\u2019\u0153uvre et questionne l&rsquo;\u00e9volution des pratiques \u00e0 cet \u00e9gard.<\/p>\n\n\n\n<div data-wp-interactive=\"core\/file\" class=\"wp-block-file\"><object data-wp-bind--hidden=\"!state.hasPdfPreview\" hidden class=\"wp-block-file__embed\" data=\"https:\/\/sites.ac-nancy-metz.fr\/arts-plastiques\/wp-content\/uploads\/Claverie-Isabelle-_-Analyse-socio-historique-des-prescriptions-en-matiere-de-rencontres-avec-loeuvre.pdf\" type=\"application\/pdf\" style=\"width:100%;height:600px\" aria-label=\"Contenu embarqu\u00e9 Claverie-Isabelle-_-Analyse-socio-historique-des-prescriptions-en-matiere-de-rencontres-avec-loeuvre.\"><\/object><a id=\"wp-block-file--media-dfa4c993-9e23-426d-9d58-e22e472f0ce5\" href=\"https:\/\/sites.ac-nancy-metz.fr\/arts-plastiques\/wp-content\/uploads\/Claverie-Isabelle-_-Analyse-socio-historique-des-prescriptions-en-matiere-de-rencontres-avec-loeuvre.pdf\">Claverie-Isabelle-_-Analyse-socio-historique-des-prescriptions-en-matiere-de-rencontres-avec-loeuvre<\/a><a href=\"https:\/\/sites.ac-nancy-metz.fr\/arts-plastiques\/wp-content\/uploads\/Claverie-Isabelle-_-Analyse-socio-historique-des-prescriptions-en-matiere-de-rencontres-avec-loeuvre.pdf\" class=\"wp-block-file__button wp-element-button\" download aria-describedby=\"wp-block-file--media-dfa4c993-9e23-426d-9d58-e22e472f0ce5\">T\u00e9l\u00e9charger<\/a><\/div>\n","protected":false},"excerpt":{"rendered":"<p>Les lieux d&rsquo;art et de culture en \u00e9tablissement scolaire : Une br\u00e8ve histoire de la rencontre avec l&rsquo;oeuvre, l&rsquo;art et la culture. Analyse socio-historique des prescriptions&#8230;<\/p>\n","protected":false},"author":5,"featured_media":0,"parent":0,"menu_order":0,"comment_status":"closed","ping_status":"closed","template":"","meta":{"footnotes":""},"class_list":["post-9598","page","type-page","status-publish","hentry"],"_links":{"self":[{"href":"https:\/\/sites.ac-nancy-metz.fr\/arts-plastiques\/wp-json\/wp\/v2\/pages\/9598","targetHints":{"allow":["GET"]}}],"collection":[{"href":"https:\/\/sites.ac-nancy-metz.fr\/arts-plastiques\/wp-json\/wp\/v2\/pages"}],"about":[{"href":"https:\/\/sites.ac-nancy-metz.fr\/arts-plastiques\/wp-json\/wp\/v2\/types\/page"}],"author":[{"embeddable":true,"href":"https:\/\/sites.ac-nancy-metz.fr\/arts-plastiques\/wp-json\/wp\/v2\/users\/5"}],"replies":[{"embeddable":true,"href":"https:\/\/sites.ac-nancy-metz.fr\/arts-plastiques\/wp-json\/wp\/v2\/comments?post=9598"}],"version-history":[{"count":4,"href":"https:\/\/sites.ac-nancy-metz.fr\/arts-plastiques\/wp-json\/wp\/v2\/pages\/9598\/revisions"}],"predecessor-version":[{"id":10011,"href":"https:\/\/sites.ac-nancy-metz.fr\/arts-plastiques\/wp-json\/wp\/v2\/pages\/9598\/revisions\/10011"}],"wp:attachment":[{"href":"https:\/\/sites.ac-nancy-metz.fr\/arts-plastiques\/wp-json\/wp\/v2\/media?parent=9598"}],"curies":[{"name":"wp","href":"https:\/\/api.w.org\/{rel}","templated":true}]}}