{"id":9875,"date":"2024-09-04T12:12:58","date_gmt":"2024-09-04T10:12:58","guid":{"rendered":"https:\/\/sites.ac-nancy-metz.fr\/arts-plastiques\/?page_id=9875"},"modified":"2025-12-07T17:41:27","modified_gmt":"2025-12-07T16:41:27","slug":"dossiers-disciplinaires","status":"publish","type":"page","link":"https:\/\/sites.ac-nancy-metz.fr\/arts-plastiques\/dossiers-disciplinaires\/","title":{"rendered":"Dossiers disciplinaires"},"content":{"rendered":"\n<p><strong>Livret P\u00e9dagogique Artistes femmes<\/strong><\/p>\n\n\n\n<p>Le livret p\u00e9dagogique\u00a0<em>Artistes femmes \u2013 Pistes et propositions pour diversifier l\u2019enseignement des arts plastiques\u00a0<\/em>\u00e0 destination des enseignants et enseignantes de coll\u00e8ge et de lyc\u00e9e, il vise \u00e0 proposer des pistes pour diversifier les r\u00e9f\u00e9rences dans l&rsquo;enseignement des arts, en sollicitant des figures f\u00e9minines majeures de l&rsquo;histoire de l&rsquo;art, directement reli\u00e9es  aux entr\u00e9es des programmes.<\/p>\n\n\n\n<div data-wp-interactive=\"core\/file\" class=\"wp-block-file\"><object data-wp-bind--hidden=\"!state.hasPdfPreview\" hidden class=\"wp-block-file__embed\" data=\"https:\/\/sites.ac-nancy-metz.fr\/arts-plastiques\/wp-content\/uploads\/aware-livret-pedagogique.pdf\" type=\"application\/pdf\" style=\"width:100%;height:600px\" aria-label=\"Contenu embarqu\u00e9 aware-livret-pedagogique.\"><\/object><a id=\"wp-block-file--media-78a2e721-03ab-4655-a0dc-762ae13ba7a6\" href=\"https:\/\/sites.ac-nancy-metz.fr\/arts-plastiques\/wp-content\/uploads\/aware-livret-pedagogique.pdf\">aware-livret-pedagogique<\/a><a href=\"https:\/\/sites.ac-nancy-metz.fr\/arts-plastiques\/wp-content\/uploads\/aware-livret-pedagogique.pdf\" class=\"wp-block-file__button wp-element-button\" download aria-describedby=\"wp-block-file--media-78a2e721-03ab-4655-a0dc-762ae13ba7a6\">T\u00e9l\u00e9charger<\/a><\/div>\n\n\n\n<div data-wp-interactive=\"core\/file\" class=\"wp-block-file\"><object data-wp-bind--hidden=\"!state.hasPdfPreview\" hidden class=\"wp-block-file__embed\" data=\"https:\/\/sites.ac-nancy-metz.fr\/arts-plastiques\/wp-content\/uploads\/Ressource-repere-de-lhistoire-de-lart-1.pdf\" type=\"application\/pdf\" style=\"width:100%;height:600px\" aria-label=\"Contenu embarqu\u00e9 Ressource repe\u0300re de l&apos;histoire de l&apos;art.\"><\/object><a id=\"wp-block-file--media-5939a69f-3ddf-4c94-b29c-1e075dffc551\" href=\"https:\/\/sites.ac-nancy-metz.fr\/arts-plastiques\/wp-content\/uploads\/Ressource-repere-de-lhistoire-de-lart-1.pdf\">Ressource repe\u0300re de l&rsquo;histoire de l&rsquo;art<\/a><a href=\"https:\/\/sites.ac-nancy-metz.fr\/arts-plastiques\/wp-content\/uploads\/Ressource-repere-de-lhistoire-de-lart-1.pdf\" class=\"wp-block-file__button wp-element-button\" download aria-describedby=\"wp-block-file--media-5939a69f-3ddf-4c94-b29c-1e075dffc551\">T\u00e9l\u00e9charger<\/a><\/div>\n\n\n\n<div data-wp-interactive=\"core\/file\" class=\"wp-block-file\"><object data-wp-bind--hidden=\"!state.hasPdfPreview\" hidden class=\"wp-block-file__embed\" data=\"https:\/\/sites.ac-nancy-metz.fr\/arts-plastiques\/wp-content\/uploads\/2018_du_dessin_aux_arts_plastiques_brondeau_colboc_version_mise_a___jour_et_augmente__e_2018-2.pdf\" type=\"application\/pdf\" style=\"width:100%;height:600px\" aria-label=\"Contenu embarqu\u00e9 2018_du_dessin_aux_arts_plastiques_brondeau_colboc_version_mise_a___jour_et_augmente__e_2018.\"><\/object><a id=\"wp-block-file--media-0397d643-c13e-4126-a570-cfb9833fb7c2\" href=\"https:\/\/sites.ac-nancy-metz.fr\/arts-plastiques\/wp-content\/uploads\/2018_du_dessin_aux_arts_plastiques_brondeau_colboc_version_mise_a___jour_et_augmente__e_2018-2.pdf\">2018_du_dessin_aux_arts_plastiques_brondeau_colboc_version_mise_a___jour_et_augmente__e_2018<\/a><a href=\"https:\/\/sites.ac-nancy-metz.fr\/arts-plastiques\/wp-content\/uploads\/2018_du_dessin_aux_arts_plastiques_brondeau_colboc_version_mise_a___jour_et_augmente__e_2018-2.pdf\" class=\"wp-block-file__button wp-element-button\" download aria-describedby=\"wp-block-file--media-0397d643-c13e-4126-a570-cfb9833fb7c2\">T\u00e9l\u00e9charger<\/a><\/div>\n\n\n\n<div data-wp-interactive=\"core\/file\" class=\"wp-block-file\"><object data-wp-bind--hidden=\"!state.hasPdfPreview\" hidden class=\"wp-block-file__embed\" data=\"https:\/\/sites.ac-nancy-metz.fr\/arts-plastiques\/wp-content\/uploads\/Presentation-memoire.pdf\" type=\"application\/pdf\" style=\"width:100%;height:600px\" aria-label=\"Contenu embarqu\u00e9 Pre\u0301sentation - me\u0301moire.\"><\/object><a id=\"wp-block-file--media-d231673d-80aa-4175-ab76-de8cb906aae1\" href=\"https:\/\/sites.ac-nancy-metz.fr\/arts-plastiques\/wp-content\/uploads\/Presentation-memoire.pdf\">Pre\u0301sentation &#8211; me\u0301moire<\/a><a href=\"https:\/\/sites.ac-nancy-metz.fr\/arts-plastiques\/wp-content\/uploads\/Presentation-memoire.pdf\" class=\"wp-block-file__button wp-element-button\" download aria-describedby=\"wp-block-file--media-d231673d-80aa-4175-ab76-de8cb906aae1\">T\u00e9l\u00e9charger<\/a><\/div>\n\n\n\n<div data-wp-interactive=\"core\/file\" class=\"wp-block-file\"><object data-wp-bind--hidden=\"!state.hasPdfPreview\" hidden class=\"wp-block-file__embed\" data=\"https:\/\/sites.ac-nancy-metz.fr\/arts-plastiques\/wp-content\/uploads\/Dossier-inter-academique-support-1.pdf\" type=\"application\/pdf\" style=\"width:100%;height:600px\" aria-label=\"Contenu embarqu\u00e9 Dossier-inter-academique-support-1.\"><\/object><a id=\"wp-block-file--media-14b65f5b-7120-43cd-98b5-cb6771aa9e79\" href=\"https:\/\/sites.ac-nancy-metz.fr\/arts-plastiques\/wp-content\/uploads\/Dossier-inter-academique-support-1.pdf\">Dossier-inter-academique-support-1<\/a><a href=\"https:\/\/sites.ac-nancy-metz.fr\/arts-plastiques\/wp-content\/uploads\/Dossier-inter-academique-support-1.pdf\" class=\"wp-block-file__button wp-element-button\" download aria-describedby=\"wp-block-file--media-14b65f5b-7120-43cd-98b5-cb6771aa9e79\">T\u00e9l\u00e9charger<\/a><\/div>\n\n\n\n<div data-wp-interactive=\"core\/file\" class=\"wp-block-file\"><object data-wp-bind--hidden=\"!state.hasPdfPreview\" hidden class=\"wp-block-file__embed\" data=\"https:\/\/sites.ac-nancy-metz.fr\/arts-plastiques\/wp-content\/uploads\/format-1.pdf\" type=\"application\/pdf\" style=\"width:100%;height:600px\" aria-label=\"Contenu embarqu\u00e9 format-1.\"><\/object><a id=\"wp-block-file--media-6bff072d-2467-4023-844c-aa05da1972e3\" href=\"https:\/\/sites.ac-nancy-metz.fr\/arts-plastiques\/wp-content\/uploads\/format-1.pdf\">format-1<\/a><a href=\"https:\/\/sites.ac-nancy-metz.fr\/arts-plastiques\/wp-content\/uploads\/format-1.pdf\" class=\"wp-block-file__button wp-element-button\" download aria-describedby=\"wp-block-file--media-6bff072d-2467-4023-844c-aa05da1972e3\">T\u00e9l\u00e9charger<\/a><\/div>\n\n\n\n<div data-wp-interactive=\"core\/file\" class=\"wp-block-file\"><object data-wp-bind--hidden=\"!state.hasPdfPreview\" hidden class=\"wp-block-file__embed\" data=\"https:\/\/sites.ac-nancy-metz.fr\/arts-plastiques\/wp-content\/uploads\/ruines.pdf\" type=\"application\/pdf\" style=\"width:100%;height:600px\" aria-label=\"Contenu embarqu\u00e9 ruines.\"><\/object><a id=\"wp-block-file--media-9c6a3c53-fa18-4a82-8221-4641b8e45d83\" href=\"https:\/\/sites.ac-nancy-metz.fr\/arts-plastiques\/wp-content\/uploads\/ruines.pdf\">ruines<\/a><a href=\"https:\/\/sites.ac-nancy-metz.fr\/arts-plastiques\/wp-content\/uploads\/ruines.pdf\" class=\"wp-block-file__button wp-element-button\" download aria-describedby=\"wp-block-file--media-9c6a3c53-fa18-4a82-8221-4641b8e45d83\">T\u00e9l\u00e9charger<\/a><\/div>\n\n\n\n<div data-wp-interactive=\"core\/file\" class=\"wp-block-file\"><object data-wp-bind--hidden=\"!state.hasPdfPreview\" hidden class=\"wp-block-file__embed\" data=\"https:\/\/sites.ac-nancy-metz.fr\/arts-plastiques\/wp-content\/uploads\/maquette-21-1.pdf\" type=\"application\/pdf\" style=\"width:100%;height:600px\" aria-label=\"Contenu embarqu\u00e9 maquette-2(1).\"><\/object><a id=\"wp-block-file--media-cc1065df-984d-4288-9e90-e8e6abaa71ab\" href=\"https:\/\/sites.ac-nancy-metz.fr\/arts-plastiques\/wp-content\/uploads\/maquette-21-1.pdf\">maquette-2(1)<\/a><a href=\"https:\/\/sites.ac-nancy-metz.fr\/arts-plastiques\/wp-content\/uploads\/maquette-21-1.pdf\" class=\"wp-block-file__button wp-element-button\" download aria-describedby=\"wp-block-file--media-cc1065df-984d-4288-9e90-e8e6abaa71ab\">T\u00e9l\u00e9charger<\/a><\/div>\n\n\n\n<p><\/p>\n","protected":false},"excerpt":{"rendered":"<p>Livret P\u00e9dagogique Artistes femmes Le livret p\u00e9dagogique\u00a0Artistes femmes \u2013 Pistes et propositions pour diversifier l\u2019enseignement des arts plastiques\u00a0\u00e0 destination des enseignants et enseignantes de coll\u00e8ge et&#8230;<\/p>\n","protected":false},"author":5,"featured_media":0,"parent":0,"menu_order":0,"comment_status":"closed","ping_status":"closed","template":"","meta":{"footnotes":""},"class_list":["post-9875","page","type-page","status-publish","hentry"],"_links":{"self":[{"href":"https:\/\/sites.ac-nancy-metz.fr\/arts-plastiques\/wp-json\/wp\/v2\/pages\/9875","targetHints":{"allow":["GET"]}}],"collection":[{"href":"https:\/\/sites.ac-nancy-metz.fr\/arts-plastiques\/wp-json\/wp\/v2\/pages"}],"about":[{"href":"https:\/\/sites.ac-nancy-metz.fr\/arts-plastiques\/wp-json\/wp\/v2\/types\/page"}],"author":[{"embeddable":true,"href":"https:\/\/sites.ac-nancy-metz.fr\/arts-plastiques\/wp-json\/wp\/v2\/users\/5"}],"replies":[{"embeddable":true,"href":"https:\/\/sites.ac-nancy-metz.fr\/arts-plastiques\/wp-json\/wp\/v2\/comments?post=9875"}],"version-history":[{"count":8,"href":"https:\/\/sites.ac-nancy-metz.fr\/arts-plastiques\/wp-json\/wp\/v2\/pages\/9875\/revisions"}],"predecessor-version":[{"id":10549,"href":"https:\/\/sites.ac-nancy-metz.fr\/arts-plastiques\/wp-json\/wp\/v2\/pages\/9875\/revisions\/10549"}],"wp:attachment":[{"href":"https:\/\/sites.ac-nancy-metz.fr\/arts-plastiques\/wp-json\/wp\/v2\/media?parent=9875"}],"curies":[{"name":"wp","href":"https:\/\/api.w.org\/{rel}","templated":true}]}}