{"id":3656,"date":"2023-07-05T14:55:20","date_gmt":"2023-07-05T13:55:20","guid":{"rendered":"https:\/\/sites.ac-nancy-metz.fr\/biochimie\/?page_id=3656"},"modified":"2026-03-06T12:16:51","modified_gmt":"2026-03-06T11:16:51","slug":"accueil","status":"publish","type":"page","link":"https:\/\/sites.ac-nancy-metz.fr\/biochimie\/accueil\/","title":{"rendered":"Pr\u00e9sentation STL"},"content":{"rendered":"\n<p>Pour consulter certains fichiers, il faut r\u00e9aliser un clic droit puis \u00ab\u00a0ouvrir dans un nouvel onglet\u00a0\u00bb.<\/p>\n\n\n\n<figure class=\"wp-block-embed is-type-wp-embed is-provider-genially wp-block-embed-genially\"><div class=\"wp-block-embed__wrapper\">\n<iframe class=\"wp-embedded-content\" sandbox=\"allow-scripts\" security=\"restricted\" title=\"La voie technologique Grand Est\" frameborder='0' width='1200' height='675' src='https:\/\/view.genially.com\/604752e0dc1ce00d7ddb26b1#?secret=wtMmZg9ADX' data-secret='wtMmZg9ADX' scrolling='yes'><\/iframe>\n<\/div><\/figure>\n\n\n\n<div class=\"wp-block-columns is-layout-flex wp-container-core-columns-is-layout-9d6595d7 wp-block-columns-is-layout-flex\">\n<div class=\"wp-block-column is-layout-flow wp-block-column-is-layout-flow\" style=\"flex-basis:100%\"><\/div>\n<\/div>\n\n\n\n<h2 class=\"wp-block-heading\">O\u00f9 dans l&rsquo;acad\u00e9mie ?<\/h2>\n\n\n\n<div class=\"wp-block-columns is-layout-flex wp-container-core-columns-is-layout-9d6595d7 wp-block-columns-is-layout-flex\">\n<div class=\"wp-block-column is-layout-flow wp-block-column-is-layout-flow\" style=\"flex-basis:40%\">\n<p class=\"has-large-font-size\"><strong>Meurthe et Moselle (54) <\/strong><\/p>\n\n\n\n<p class=\"has-medium-font-size\"><strong><a href=\"https:\/\/sites.ac-nancy-metz.fr\/lyc-arthur-varoquaux\/\" data-type=\"URL\" data-id=\"https:\/\/sites.ac-nancy-metz.fr\/lyc-arthur-varoquaux\/\" target=\"_blank\" rel=\"noreferrer noopener\">Lyc\u00e9e Arthur Varoquaux<\/a><\/strong><\/p>\n\n\n\n<p>10 rue Jean Moulin, 54510 Tomblaine<\/p>\n\n\n\n<p class=\"has-medium-font-size\"><a href=\"https:\/\/cite-val-de-briey.monbureaunumerique.fr\" data-type=\"URL\" data-id=\"https:\/\/cite-val-de-briey.monbureaunumerique.fr\" target=\"_blank\" rel=\"noreferrer noopener\"><strong>Lyc\u00e9e Louis Bertrand<\/strong><\/a><\/p>\n\n\n\n<p>27 avenue Albert de Briey, 54150 Val de Briey<\/p>\n\n\n\n<p class=\"has-large-font-size\"><strong>Moselle (57) <\/strong><\/p>\n\n\n\n<p class=\"has-medium-font-size\"><strong><a href=\"http:\/\/blaise-pascal-forbach.com\" data-type=\"URL\" data-id=\"http:\/\/blaise-pascal-forbach.com\" target=\"_blank\" rel=\"noreferrer noopener\">Lyc\u00e9e Blaise Pascal<\/a><\/strong><\/p>\n\n\n\n<p>5 rue Paul Ney, 57600 Forbach<\/p>\n\n\n\n<p class=\"has-medium-font-size\"><strong><a href=\"https:\/\/georgesdelatour57.fr\/le-lycee\/\" data-type=\"URL\" data-id=\"https:\/\/georgesdelatour57.fr\/le-lycee\/\" target=\"_blank\" rel=\"noreferrer noopener\">Lyc\u00e9e George de la Tour<\/a><\/strong><\/p>\n\n\n\n<p>1 place Maud\u2019huy 57000 Metz<\/p>\n\n\n\n<p class=\"has-large-font-size\"><strong>Vosges (88)<\/strong><\/p>\n\n\n\n<p class=\"has-medium-font-size\"><strong><a href=\"https:\/\/lyc-lapicque.monbureaunumerique.fr\/\" target=\"_blank\" rel=\"noopener\" title=\"\">Lyc\u00e9e Louis Lapicque<\/a><\/strong><\/p>\n\n\n\n<p>5 rue Nicolas Bellot, 88000 \u00c9pinal<\/p>\n<\/div>\n\n\n\n<div class=\"wp-block-column is-layout-flow wp-block-column-is-layout-flow\" style=\"flex-basis:700px\"><div class=\"wp-block-image\">\n<figure class=\"alignleft size-full is-resized\"><img loading=\"lazy\" decoding=\"async\" width=\"600\" height=\"562\" src=\"https:\/\/sites.ac-nancy-metz.fr\/biochimie\/wp-content\/uploads\/ac-nancy-metz.png\" alt=\"\" class=\"wp-image-4214\" style=\"width:374px;height:350px\" srcset=\"https:\/\/sites.ac-nancy-metz.fr\/biochimie\/wp-content\/uploads\/ac-nancy-metz.png 600w, https:\/\/sites.ac-nancy-metz.fr\/biochimie\/wp-content\/uploads\/ac-nancy-metz-300x281.png 300w\" sizes=\"auto, (max-width: 600px) 100vw, 600px\" \/><\/figure><\/div>\n\n\n<p><\/p>\n\n\n\n<p><\/p>\n\n\n\n<p><\/p>\n\n\n\n<p><\/p>\n\n\n\n<p><\/p>\n\n\n\n<p><\/p>\n\n\n\n<p><\/p>\n\n\n\n<p>Source : <a rel=\"noreferrer noopener\" href=\"https:\/\/www.ac-nancy-metz.fr\/accueil-dans-l-academie\" data-type=\"URL\" data-id=\"https:\/\/www.ac-nancy-metz.fr\/accueil-dans-l-academie\" target=\"_blank\">Acad\u00e9mie de Nancy-Metz &#8211; Accueil<\/a><\/p>\n\n\n\n<div style=\"height:0px\" aria-hidden=\"true\" class=\"wp-block-spacer\"><\/div>\n\n\n<div class=\"wp-block-image\">\n<figure class=\"alignleft size-full is-resized\"><img decoding=\"async\" src=\"https:\/\/sites.ac-nancy-metz.fr\/biochimie\/wp-content\/uploads\/carte-academie-de-Nancy-metz.png\" alt=\"\" class=\"wp-image-4211\" style=\"width:397px;height:365px\"\/><\/figure><\/div>\n\n\n<p><\/p>\n\n\n\n<p><\/p>\n\n\n\n<p><\/p>\n\n\n\n<p><\/p>\n\n\n\n<p><\/p>\n\n\n\n<p><\/p>\n\n\n\n<p><\/p>\n\n\n\n<p>Source : <a rel=\"noreferrer noopener\" href=\"https:\/\/www.ac-nancy-metz.fr\/acteurs-de-l-esprit-de-defense-122174\" data-type=\"URL\" data-id=\"https:\/\/www.ac-nancy-metz.fr\/acteurs-de-l-esprit-de-defense-122174\" target=\"_blank\">Acad\u00e9mie de Nancy-Metz &#8211; Acteur de l&rsquo;esprit de d\u00e9fense<\/a><\/p>\n<\/div>\n<\/div>\n\n\n\n<p><\/p>\n","protected":false},"excerpt":{"rendered":"<p>Pour consulter certains fichiers, il faut r\u00e9aliser un clic droit puis \u00ab\u00a0ouvrir dans un nouvel onglet\u00a0\u00bb. O\u00f9 dans l&rsquo;acad\u00e9mie ? Meurthe et Moselle (54) Lyc\u00e9e Arthur&#8230;<\/p>\n","protected":false},"author":13,"featured_media":0,"parent":0,"menu_order":0,"comment_status":"closed","ping_status":"closed","template":"","meta":{"footnotes":""},"class_list":["post-3656","page","type-page","status-publish","hentry"],"aioseo_notices":[],"_links":{"self":[{"href":"https:\/\/sites.ac-nancy-metz.fr\/biochimie\/wp-json\/wp\/v2\/pages\/3656","targetHints":{"allow":["GET"]}}],"collection":[{"href":"https:\/\/sites.ac-nancy-metz.fr\/biochimie\/wp-json\/wp\/v2\/pages"}],"about":[{"href":"https:\/\/sites.ac-nancy-metz.fr\/biochimie\/wp-json\/wp\/v2\/types\/page"}],"author":[{"embeddable":true,"href":"https:\/\/sites.ac-nancy-metz.fr\/biochimie\/wp-json\/wp\/v2\/users\/13"}],"replies":[{"embeddable":true,"href":"https:\/\/sites.ac-nancy-metz.fr\/biochimie\/wp-json\/wp\/v2\/comments?post=3656"}],"version-history":[{"count":29,"href":"https:\/\/sites.ac-nancy-metz.fr\/biochimie\/wp-json\/wp\/v2\/pages\/3656\/revisions"}],"predecessor-version":[{"id":4727,"href":"https:\/\/sites.ac-nancy-metz.fr\/biochimie\/wp-json\/wp\/v2\/pages\/3656\/revisions\/4727"}],"wp:attachment":[{"href":"https:\/\/sites.ac-nancy-metz.fr\/biochimie\/wp-json\/wp\/v2\/media?parent=3656"}],"curies":[{"name":"wp","href":"https:\/\/api.w.org\/{rel}","templated":true}]}}