{"id":3682,"date":"2023-07-05T15:18:43","date_gmt":"2023-07-05T14:18:43","guid":{"rendered":"https:\/\/sites.ac-nancy-metz.fr\/biochimie\/?page_id=3682"},"modified":"2025-10-29T13:23:45","modified_gmt":"2025-10-29T12:23:45","slug":"ressources","status":"publish","type":"page","link":"https:\/\/sites.ac-nancy-metz.fr\/biochimie\/ressources\/","title":{"rendered":"Sujets de baccalaur\u00e9at en STL"},"content":{"rendered":"\n<p class=\"has-text-align-center has-medium-font-size\"><strong>Ann\u00e9e 2025<\/strong><\/p>\n\n\n\n<div class=\"wp-block-columns is-layout-flex wp-container-core-columns-is-layout-9d6595d7 wp-block-columns-is-layout-flex\">\n<div class=\"wp-block-column is-vertically-aligned-center is-layout-flow wp-block-column-is-layout-flow\">\n<div class=\"wp-block-buttons is-layout-flex wp-block-buttons-is-layout-flex\">\n<div class=\"wp-block-button is-style-outline is-style-outline--1\"><a class=\"wp-block-button__link wp-element-button\" href=\"https:\/\/sites.ac-nancy-metz.fr\/biochimie\/wp-content\/uploads\/BBB_Metropole_juin_2025_Degradtion-de-metaux-lourd-par-les-bacteries-metallo-resistantes.pdf\"><strong>M\u00e9tropole (Juin 2025) &#8211; D\u00e9gradation des m\u00e9taux lourds par des bact\u00e9ries<\/strong><\/a><\/div>\n<\/div>\n<\/div>\n\n\n\n<div class=\"wp-block-column is-vertically-aligned-center is-layout-flow wp-block-column-is-layout-flow\">\n<div class=\"wp-block-buttons is-layout-flex wp-block-buttons-is-layout-flex\">\n<div class=\"wp-block-button is-style-outline is-style-outline--2\"><a class=\"wp-block-button__link wp-element-button\" href=\"https:\/\/sites.ac-nancy-metz.fr\/biochimie\/wp-content\/uploads\/BBB_Polynesie_juin_2025_LEPO-entre-indications-medicales-et-derives-sportives.pdf\"><strong>Polyn\u00e9sie (Juin 2025) &#8211; EPO : Indications m\u00e9dicales et d\u00e9rives<\/strong><\/a><\/div>\n<\/div>\n<\/div>\n<\/div>\n\n\n\n<div style=\"height:85px\" aria-hidden=\"true\" class=\"wp-block-spacer\"><\/div>\n\n\n\n<p class=\"has-text-align-center has-medium-font-size\"><strong>Ann\u00e9e 2024<\/strong><\/p>\n\n\n\n<div class=\"wp-block-columns is-layout-flex wp-container-core-columns-is-layout-9d6595d7 wp-block-columns-is-layout-flex\">\n<div class=\"wp-block-column is-vertically-aligned-center is-layout-flow wp-block-column-is-layout-flow\">\n<div class=\"wp-block-buttons is-layout-flex wp-block-buttons-is-layout-flex\">\n<div class=\"wp-block-button is-style-outline is-style-outline--3\"><a class=\"wp-block-button__link wp-element-button\" href=\"https:\/\/sites.ac-nancy-metz.fr\/biochimie\/wp-content\/uploads\/BBB_Metropole_juin_2024_Etude-de-la-bacterie-Cutibacterium-acnes-dans-la-lutte-contre-lacne.pdf\"><strong>M\u00e9tropole (Juin 2024) &#8211; <em>Cutibacterium acnes<\/em> et acn\u00e9e<\/strong><\/a><\/div>\n<\/div>\n<\/div>\n\n\n\n<div class=\"wp-block-column is-vertically-aligned-center is-layout-flow wp-block-column-is-layout-flow\">\n<div class=\"wp-block-buttons is-layout-flex wp-block-buttons-is-layout-flex\">\n<div class=\"wp-block-button is-style-outline is-style-outline--4\"><a class=\"wp-block-button__link wp-element-button\" href=\"https:\/\/sites.ac-nancy-metz.fr\/biochimie\/wp-content\/uploads\/BBB_Polynesie_juin_2024_Apport-des-biotechnologies-pour-lutter-contre-lintoxication-et-la-pollution-a-larsenic.pdf\"><strong>Polyn\u00e9sie (Juin 2024) &#8211; Intoxication et pollution \u00e0 l&rsquo;arsenic <\/strong><\/a><\/div>\n<\/div>\n<\/div>\n\n\n\n<div class=\"wp-block-column is-vertically-aligned-center is-layout-flow wp-block-column-is-layout-flow\">\n<div class=\"wp-block-buttons is-layout-flex wp-block-buttons-is-layout-flex\">\n<div class=\"wp-block-button is-style-outline is-style-outline--5\"><a class=\"wp-block-button__link wp-element-button\" href=\"https:\/\/sites.ac-nancy-metz.fr\/biochimie\/wp-content\/uploads\/BBB_Metropole_septembre_2024_Biorestauration-dune-fresque-murale.pdf\"><strong>Polyn\u00e9sie (Septembre 2024) &#8211; Biorestauration d&rsquo;une fresque murale<\/strong><\/a><\/div>\n<\/div>\n<\/div>\n<\/div>\n\n\n\n<div style=\"height:85px\" aria-hidden=\"true\" class=\"wp-block-spacer\"><\/div>\n\n\n\n<p class=\"has-text-align-center has-medium-font-size\"><strong>Ann\u00e9e 2023<\/strong><\/p>\n\n\n\n<div class=\"wp-block-columns is-layout-flex wp-container-core-columns-is-layout-9d6595d7 wp-block-columns-is-layout-flex\">\n<div class=\"wp-block-column is-layout-flow wp-block-column-is-layout-flow\">\n<div class=\"wp-block-buttons is-layout-flex wp-block-buttons-is-layout-flex\">\n<div class=\"wp-block-button is-style-outline is-style-outline--6\"><a class=\"wp-block-button__link wp-element-button\" href=\"https:\/\/sites.ac-nancy-metz.fr\/biochimie\/wp-content\/uploads\/BBB_Metropole_juin_2023_Valorisation-de-dechets-agricoles-par-un-organisme-genetiquement-modifie.pdf\"><strong>M\u00e9tropole (Juin 2025) &#8211; Valorisation de d\u00e9chets par un OGM <\/strong><\/a><\/div>\n<\/div>\n<\/div>\n\n\n\n<div class=\"wp-block-column is-layout-flow wp-block-column-is-layout-flow\">\n<div class=\"wp-block-buttons is-layout-flex wp-block-buttons-is-layout-flex\">\n<div class=\"wp-block-button is-style-outline is-style-outline--7\"><a class=\"wp-block-button__link wp-element-button\" href=\"https:\/\/sites.ac-nancy-metz.fr\/biochimie\/wp-content\/uploads\/BBB_Polynesie_mars_2023_TRansition-ecologique-developpement-des-biopesticides.pdf\"><strong>Polyn\u00e9sie (Mars 2023) &#8211; Transition \u00e9cologique et biopesticides<\/strong><\/a><\/div>\n<\/div>\n<\/div>\n\n\n\n<div class=\"wp-block-column is-layout-flow wp-block-column-is-layout-flow\">\n<div class=\"wp-block-buttons is-layout-flex wp-block-buttons-is-layout-flex\">\n<div class=\"wp-block-button is-style-outline is-style-outline--8\"><a class=\"wp-block-button__link wp-element-button\" href=\"https:\/\/sites.ac-nancy-metz.fr\/biochimie\/wp-content\/uploads\/BBB_Nouvelle-caledonie_juin_2023_Production-de-bacteriocine-par-Bacillus.pdf\"><strong>Nouvelle Cal\u00e9donie (Juin 2023) &#8211; Bact\u00e9riocine et <em>Bacillus<\/em><\/strong><\/a><\/div>\n<\/div>\n<\/div>\n<\/div>\n\n\n\n<div style=\"height:85px\" aria-hidden=\"true\" class=\"wp-block-spacer\"><\/div>\n\n\n\n<p class=\"has-text-align-center has-medium-font-size\"><strong>Ann\u00e9e 2022<\/strong><\/p>\n\n\n\n<div class=\"wp-block-columns is-layout-flex wp-container-core-columns-is-layout-9d6595d7 wp-block-columns-is-layout-flex\">\n<div class=\"wp-block-column is-vertically-aligned-center is-layout-flow wp-block-column-is-layout-flow\">\n<div class=\"wp-block-buttons is-layout-flex wp-block-buttons-is-layout-flex\">\n<div class=\"wp-block-button is-style-outline is-style-outline--9\"><a class=\"wp-block-button__link wp-element-button\" href=\"https:\/\/sites.ac-nancy-metz.fr\/biochimie\/wp-content\/uploads\/BBB_Metropole_juin_2022_Demarche-didentification-dune-agent-pathogene.pdf\"><strong>M\u00e9tropole (Juin 2022) &#8211; D\u00e9marche d&rsquo;ID d&rsquo;un agent pathog\u00e8ne<\/strong><\/a><\/div>\n<\/div>\n<\/div>\n\n\n\n<div class=\"wp-block-column is-vertically-aligned-center is-layout-flow wp-block-column-is-layout-flow\">\n<div class=\"wp-block-buttons is-layout-flex wp-block-buttons-is-layout-flex\">\n<div class=\"wp-block-button is-style-outline is-style-outline--10\"><a class=\"wp-block-button__link wp-element-button\" href=\"https:\/\/sites.ac-nancy-metz.fr\/biochimie\/wp-content\/uploads\/BBB_Polynesie_juin_2022_La-ruminococcine-C1-contre-la-resistance-aux-antibiotiques.pdf\"><strong>Polyn\u00e9sie (Juin 2022) &#8211; Ruminococcine C1 contre la r\u00e9sistance aux ATB<\/strong><\/a><\/div>\n<\/div>\n<\/div>\n\n\n\n<div class=\"wp-block-column is-vertically-aligned-center is-layout-flow wp-block-column-is-layout-flow\">\n<div class=\"wp-block-buttons is-layout-flex wp-block-buttons-is-layout-flex\">\n<div class=\"wp-block-button is-style-outline is-style-outline--11\"><a class=\"wp-block-button__link wp-element-button\" href=\"https:\/\/sites.ac-nancy-metz.fr\/biochimie\/wp-content\/uploads\/BBB_Nouvelle-caledonie_juin_2022_Utilisation-de-la-toxine-de-bacillus-dans-lagriculture.pdf\"><strong>Nouvelle Cal\u00e9donie (Juin 2022) &#8211; Toxine de <em>Bacillus<\/em> et agriculture<\/strong><\/a><\/div>\n<\/div>\n<\/div>\n<\/div>\n\n\n\n<div style=\"height:85px\" aria-hidden=\"true\" class=\"wp-block-spacer\"><\/div>\n\n\n\n<p class=\"has-text-align-center has-medium-font-size\"><strong>Ann\u00e9e 2021<\/strong><\/p>\n\n\n\n<div class=\"wp-block-columns is-layout-flex wp-container-core-columns-is-layout-9d6595d7 wp-block-columns-is-layout-flex\">\n<div class=\"wp-block-column is-vertically-aligned-center is-layout-flow wp-block-column-is-layout-flow\">\n<div class=\"wp-block-buttons is-layout-flex wp-block-buttons-is-layout-flex\">\n<div class=\"wp-block-button is-style-outline is-style-outline--12\"><a class=\"wp-block-button__link wp-element-button\" href=\"https:\/\/sites.ac-nancy-metz.fr\/biochimie\/wp-content\/uploads\/BBB_Metropole_juin_2021_Hemochromatose-ou-aquaculture.pdf\"><strong>M\u00e9tropole (juin 2021) &#8211; H\u00e9mochromatose ou aquaculture<\/strong><\/a><\/div>\n<\/div>\n<\/div>\n\n\n\n<div class=\"wp-block-column is-vertically-aligned-center is-layout-flow wp-block-column-is-layout-flow\">\n<div class=\"wp-block-buttons is-layout-flex wp-block-buttons-is-layout-flex\">\n<div class=\"wp-block-button is-style-outline is-style-outline--13\"><a class=\"wp-block-button__link wp-element-button\" href=\"https:\/\/sites.ac-nancy-metz.fr\/biochimie\/wp-content\/uploads\/BBB_Metropole_septembre_2021_sujet-1-pandemie-physiopathologie-et-diagnostic_Sujet-2-lessive-proteases.pdf\"><strong>M\u00e9tropole (Septembre 2021) &#8211; Sujet 1 : Pand\u00e9mie<\/strong> ;<strong> Sujet 2 : Lessive prot\u00e9ase<\/strong><\/a><\/div>\n<\/div>\n<\/div>\n<\/div>\n\n\n\n<p><\/p>\n","protected":false},"excerpt":{"rendered":"<p>Ann\u00e9e 2025 Ann\u00e9e 2024 Ann\u00e9e 2023 Ann\u00e9e 2022 Ann\u00e9e 2021<\/p>\n","protected":false},"author":13,"featured_media":0,"parent":0,"menu_order":0,"comment_status":"closed","ping_status":"closed","template":"","meta":{"footnotes":""},"class_list":["post-3682","page","type-page","status-publish","hentry"],"aioseo_notices":[],"_links":{"self":[{"href":"https:\/\/sites.ac-nancy-metz.fr\/biochimie\/wp-json\/wp\/v2\/pages\/3682","targetHints":{"allow":["GET"]}}],"collection":[{"href":"https:\/\/sites.ac-nancy-metz.fr\/biochimie\/wp-json\/wp\/v2\/pages"}],"about":[{"href":"https:\/\/sites.ac-nancy-metz.fr\/biochimie\/wp-json\/wp\/v2\/types\/page"}],"author":[{"embeddable":true,"href":"https:\/\/sites.ac-nancy-metz.fr\/biochimie\/wp-json\/wp\/v2\/users\/13"}],"replies":[{"embeddable":true,"href":"https:\/\/sites.ac-nancy-metz.fr\/biochimie\/wp-json\/wp\/v2\/comments?post=3682"}],"version-history":[{"count":12,"href":"https:\/\/sites.ac-nancy-metz.fr\/biochimie\/wp-json\/wp\/v2\/pages\/3682\/revisions"}],"predecessor-version":[{"id":4604,"href":"https:\/\/sites.ac-nancy-metz.fr\/biochimie\/wp-json\/wp\/v2\/pages\/3682\/revisions\/4604"}],"wp:attachment":[{"href":"https:\/\/sites.ac-nancy-metz.fr\/biochimie\/wp-json\/wp\/v2\/media?parent=3682"}],"curies":[{"name":"wp","href":"https:\/\/api.w.org\/{rel}","templated":true}]}}