{"id":3698,"date":"2023-07-05T15:21:46","date_gmt":"2023-07-05T14:21:46","guid":{"rendered":"https:\/\/sites.ac-nancy-metz.fr\/biochimie\/?page_id=3698"},"modified":"2026-03-06T12:15:35","modified_gmt":"2026-03-06T11:15:35","slug":"accueil-2","status":"publish","type":"page","link":"https:\/\/sites.ac-nancy-metz.fr\/biochimie\/accueil-2\/","title":{"rendered":"Pr\u00e9sentation ST2S"},"content":{"rendered":"\n<p>Pour consulter certains fichiers, il faut r\u00e9aliser un clic droit puis \u00ab\u00a0ouvrir dans un nouvel onglet\u00a0\u00bb.<\/p>\n\n\n\n<figure class=\"wp-block-embed is-type-wp-embed is-provider-genially wp-block-embed-genially\"><div class=\"wp-block-embed__wrapper\">\n<iframe class=\"wp-embedded-content\" sandbox=\"allow-scripts\" security=\"restricted\" title=\"La voie technologique Grand Est\" frameborder='0' width='1200' height='675' src='https:\/\/view.genially.com\/604752e0dc1ce00d7ddb26b1#?secret=eEASgHMWEH' data-secret='eEASgHMWEH' scrolling='yes'><\/iframe>\n<\/div><\/figure>\n\n\n\n<div style=\"height:57px\" aria-hidden=\"true\" class=\"wp-block-spacer\"><\/div>\n\n\n\n<h2 class=\"wp-block-heading\">O\u00f9 dans l&rsquo;acad\u00e9mie ? <\/h2>\n\n\n\n<div class=\"wp-block-columns is-layout-flex wp-container-core-columns-is-layout-9d6595d7 wp-block-columns-is-layout-flex\">\n<div class=\"wp-block-column is-layout-flow wp-block-column-is-layout-flow\">\n<p class=\"has-large-font-size\"><strong>Meurthe et Moselle (54) <\/strong><\/p>\n\n\n\n<p class=\"has-medium-font-size\"><strong><a href=\"https:\/\/sites.ac-nancy-metz.fr\/lyc-arthur-varoquaux\/\" data-type=\"URL\" data-id=\"https:\/\/sites.ac-nancy-metz.fr\/lyc-arthur-varoquaux\/\" target=\"_blank\" rel=\"noreferrer noopener\">Lyc\u00e9e Arthur Varoquaux<\/a><\/strong><\/p>\n\n\n\n<p>10 rue Jean Moulin, 54510 Tomblaine<\/p>\n\n\n\n<p class=\"has-medium-font-size\"><strong><a rel=\"noreferrer noopener\" href=\"https:\/\/www.cdfnancy.fr\" data-type=\"URL\" data-id=\"https:\/\/www.cdfnancy.fr\" target=\"_blank\">Lyc\u00e9e Charles de Foucaud &#8211; Priv\u00e9<\/a><\/strong><\/p>\n\n\n\n<p>1 rue Jeannot, 54000 Nancy<\/p>\n\n\n\n<p class=\"has-medium-font-size\"><a rel=\"noreferrer noopener\" href=\"https:\/\/cite-val-de-briey.monbureaunumerique.fr\" data-type=\"URL\" data-id=\"https:\/\/cite-val-de-briey.monbureaunumerique.fr\" target=\"_blank\"><strong>Lyc\u00e9e Louis Bertrand<\/strong><\/a><\/p>\n\n\n\n<p>27 avenue Albert de Briey, 54150 Val de Briey<\/p>\n\n\n\n<p class=\"has-large-font-size\"><strong>Meuse (55)<\/strong><\/p>\n\n\n\n<p class=\"has-medium-font-size\"><strong><a href=\"https:\/\/www.lyceemargueritte.fr\" data-type=\"URL\" data-id=\"https:\/\/www.lyceemargueritte.fr\" target=\"_blank\" rel=\"noreferrer noopener\">Lyc\u00e9e Jean Auguste Marguerite<\/a><\/strong><\/p>\n\n\n\n<p>13 place du Commandant Galland, 55100 Verdun<\/p>\n\n\n\n<p class=\"has-medium-font-size\"><strong><a href=\"https:\/\/sainte-anne.eu\" data-type=\"URL\" data-id=\"https:\/\/sainte-anne.eu\">Lyc\u00e9e Sainte-Anne &#8211; Priv\u00e9<\/a><\/strong><\/p>\n\n\n\n<p>14 rue Mautrot\u00e9, 55100 Verdun<\/p>\n\n\n\n<p class=\"has-large-font-size\"><strong>Moselle (57) <\/strong><\/p>\n\n\n\n<p class=\"has-medium-font-size\"><strong><a href=\"http:\/\/blaise-pascal-forbach.com\" data-type=\"URL\" data-id=\"http:\/\/blaise-pascal-forbach.com\" target=\"_blank\" rel=\"noreferrer noopener\">Lyc\u00e9e Blaise Pascal<\/a><\/strong><\/p>\n\n\n\n<p>5 rue Paul Ney, 57600 Forbach<\/p>\n\n\n\n<p class=\"has-medium-font-size\"><strong><a href=\"https:\/\/cite-hermite.monbureaunumerique.fr\" data-type=\"URL\" data-id=\"https:\/\/cite-hermite.monbureaunumerique.fr\" target=\"_blank\" rel=\"noreferrer noopener\">Lyc\u00e9e Charles Hermite<\/a><\/strong><\/p>\n\n\n\n<p>6 chemin du Calvaire, 57260 Dieuze<\/p>\n\n\n\n<p class=\"has-medium-font-size\"><strong><a rel=\"noreferrer noopener\" href=\"https:\/\/cite-erckmann-chatrian.monbureaunumerique.fr\" data-type=\"URL\" data-id=\"https:\/\/cite-erckmann-chatrian.monbureaunumerique.fr\" target=\"_blank\">Lyc\u00e9e Erckmann Chatrian<\/a><\/strong><\/p>\n\n\n\n<p>13 rue de l&rsquo;Arsenal, 57370 Phalsbourg<\/p>\n\n\n\n<p class=\"has-medium-font-size\"><strong><a href=\"https:\/\/georgesdelatour57.fr\/le-lycee\/\" data-type=\"URL\" data-id=\"https:\/\/georgesdelatour57.fr\/le-lycee\/\" target=\"_blank\" rel=\"noreferrer noopener\">Lyc\u00e9e George de la Tour<\/a><\/strong><\/p>\n\n\n\n<p>1 place Maud\u2019huy 57000 Metz<\/p>\n\n\n\n<p class=\"has-medium-font-size\"><strong><a href=\"https:\/\/lyc-nomine.monbureaunumerique.fr\" data-type=\"URL\" data-id=\"https:\/\/lyc-nomine.monbureaunumerique.fr\" target=\"_blank\" rel=\"noreferrer noopener\">Lyc\u00e9e Henri Nomin\u00e9<\/a><\/strong><\/p>\n\n\n\n<p>60 rue du Mar\u00e9chal Foch, 57200 Sarreguemines<\/p>\n\n\n\n<p class=\"has-medium-font-size\"><a rel=\"noreferrer noopener\" href=\"https:\/\/www.ensemble-scolaire-notre-dame-de-peltre.fr\" data-type=\"URL\" data-id=\"https:\/\/www.ensemble-scolaire-notre-dame-de-peltre.fr\" target=\"_blank\"><strong>Lyc\u00e9e Notre-Dame de Peltre- Priv\u00e9<\/strong><\/a><\/p>\n\n\n\n<p>2 rue de Metz, 57245 Peltre<\/p>\n\n\n\n<p class=\"has-medium-font-size\"><strong><a href=\"https:\/\/lyc-parks.monbureaunumerique.fr\" data-type=\"URL\" data-id=\"https:\/\/lyc-parks.monbureaunumerique.fr\" target=\"_blank\" rel=\"noreferrer noopener\">Lyc\u00e9e Rosa Parks<\/a><\/strong><\/p>\n\n\n\n<p>7 impasse Colbert, 57100 Thionville<\/p>\n\n\n\n<p class=\"has-medium-font-size\"><strong><a href=\"https:\/\/www.stechretiennelasallestavold.fr\/lycee\" data-type=\"URL\" data-id=\"https:\/\/www.stechretiennelasallestavold.fr\/lycee\" target=\"_blank\" rel=\"noreferrer noopener\">Lyc\u00e9e Sainte-Chr\u00e9tienne &#8211; Priv\u00e9<\/a><\/strong><\/p>\n\n\n\n<p>1 passage du pensionnat, 57400 Saint-Avold<\/p>\n\n\n\n<p class=\"has-medium-font-size\"><strong><a href=\"https:\/\/saintetiennemetz.fr\/\" target=\"_blank\" rel=\"noopener\" title=\"\">Lyc\u00e9e Saint-\u00c9tienne &#8211; Priv\u00e9<\/a><\/strong><\/p>\n\n\n\n<p>3 rue Goussaud, 57000 Metz<\/p>\n\n\n\n<p class=\"has-medium-font-size\"><strong><a href=\"https:\/\/www.vincentdepaul.net\/lycee\" data-type=\"URL\" data-id=\"https:\/\/www.vincentdepaul.net\/lycee\" target=\"_blank\" rel=\"noreferrer noopener\">Lyc\u00e9e Saint-Vincent de Paul &#8211; Priv\u00e9<\/a><\/strong><\/p>\n\n\n\n<p>4 rue Marie Douchet, 57440 Algrange<\/p>\n\n\n\n<p class=\"has-large-font-size\"><strong>Vosges (88)<\/strong><\/p>\n\n\n\n<p class=\"has-medium-font-size\"><strong><a href=\"https:\/\/jastjo.fr\" data-type=\"URL\" data-id=\"https:\/\/jastjo.fr\" target=\"_blank\" rel=\"noreferrer noopener\">Lyc\u00e9e Jeanne d&rsquo;Arc &#8211; Priv\u00e9<\/a><\/strong><\/p>\n\n\n\n<p>6 rue du Canton, 88200 Remiremont<\/p>\n\n\n\n<p class=\"has-medium-font-size\"><strong><a href=\"https:\/\/lyc-lapicque.monbureaunumerique.fr\/\" target=\"_blank\" rel=\"noopener\" title=\"\">Lyc\u00e9e Louis Lapicque<\/a><\/strong><\/p>\n\n\n\n<p>5 rue Nicolas Bellot, 88000 \u00c9pinal<\/p>\n<\/div>\n\n\n\n<div class=\"wp-block-column is-vertically-aligned-top is-layout-flow wp-block-column-is-layout-flow\">\n<figure class=\"wp-block-image size-full\"><img loading=\"lazy\" decoding=\"async\" width=\"600\" height=\"562\" src=\"https:\/\/sites.ac-nancy-metz.fr\/biochimie\/wp-content\/uploads\/ac-nancy-metz.png\" alt=\"\" class=\"wp-image-4214\" srcset=\"https:\/\/sites.ac-nancy-metz.fr\/biochimie\/wp-content\/uploads\/ac-nancy-metz.png 600w, https:\/\/sites.ac-nancy-metz.fr\/biochimie\/wp-content\/uploads\/ac-nancy-metz-300x281.png 300w\" sizes=\"auto, (max-width: 600px) 100vw, 600px\" \/><\/figure>\n\n\n\n<p>Source : <a rel=\"noreferrer noopener\" href=\"https:\/\/www.ac-nancy-metz.fr\/accueil-dans-l-academie\" data-type=\"URL\" data-id=\"https:\/\/www.ac-nancy-metz.fr\/accueil-dans-l-academie\" target=\"_blank\">Acad\u00e9mie de Nancy-Metz &#8211; Accueil<\/a><\/p>\n\n\n\n<div style=\"height:100px\" aria-hidden=\"true\" class=\"wp-block-spacer\"><\/div>\n\n\n\n<figure class=\"wp-block-image\"><img decoding=\"async\" src=\"https:\/\/sites.ac-nancy-metz.fr\/biochimie\/wp-content\/uploads\/carte-academie-de-Nancy-metz.png\" alt=\"\" class=\"wp-image-4211\"\/><\/figure>\n\n\n\n<p>Source : <a href=\"https:\/\/www.ac-nancy-metz.fr\/acteurs-de-l-esprit-de-defense-122174\" data-type=\"URL\" data-id=\"https:\/\/www.ac-nancy-metz.fr\/acteurs-de-l-esprit-de-defense-122174\" target=\"_blank\" rel=\"noreferrer noopener\">Acad\u00e9mie de Nancy-Metz &#8211; Acteur de l&rsquo;esprit de d\u00e9fense<\/a><\/p>\n<\/div>\n<\/div>\n\n\n\n<p class=\"has-large-font-size\"><\/p>\n","protected":false},"excerpt":{"rendered":"<p>Pour consulter certains fichiers, il faut r\u00e9aliser un clic droit puis \u00ab\u00a0ouvrir dans un nouvel onglet\u00a0\u00bb. O\u00f9 dans l&rsquo;acad\u00e9mie ? Meurthe et Moselle (54) Lyc\u00e9e Arthur&#8230;<\/p>\n","protected":false},"author":13,"featured_media":0,"parent":0,"menu_order":0,"comment_status":"closed","ping_status":"closed","template":"","meta":{"footnotes":""},"class_list":["post-3698","page","type-page","status-publish","hentry"],"aioseo_notices":[],"_links":{"self":[{"href":"https:\/\/sites.ac-nancy-metz.fr\/biochimie\/wp-json\/wp\/v2\/pages\/3698","targetHints":{"allow":["GET"]}}],"collection":[{"href":"https:\/\/sites.ac-nancy-metz.fr\/biochimie\/wp-json\/wp\/v2\/pages"}],"about":[{"href":"https:\/\/sites.ac-nancy-metz.fr\/biochimie\/wp-json\/wp\/v2\/types\/page"}],"author":[{"embeddable":true,"href":"https:\/\/sites.ac-nancy-metz.fr\/biochimie\/wp-json\/wp\/v2\/users\/13"}],"replies":[{"embeddable":true,"href":"https:\/\/sites.ac-nancy-metz.fr\/biochimie\/wp-json\/wp\/v2\/comments?post=3698"}],"version-history":[{"count":13,"href":"https:\/\/sites.ac-nancy-metz.fr\/biochimie\/wp-json\/wp\/v2\/pages\/3698\/revisions"}],"predecessor-version":[{"id":4726,"href":"https:\/\/sites.ac-nancy-metz.fr\/biochimie\/wp-json\/wp\/v2\/pages\/3698\/revisions\/4726"}],"wp:attachment":[{"href":"https:\/\/sites.ac-nancy-metz.fr\/biochimie\/wp-json\/wp\/v2\/media?parent=3698"}],"curies":[{"name":"wp","href":"https:\/\/api.w.org\/{rel}","templated":true}]}}