{"id":3712,"date":"2023-07-05T15:25:59","date_gmt":"2023-07-05T14:25:59","guid":{"rendered":"https:\/\/sites.ac-nancy-metz.fr\/biochimie\/?page_id=3712"},"modified":"2026-03-08T20:49:44","modified_gmt":"2026-03-08T19:49:44","slug":"ressources-academiques","status":"publish","type":"page","link":"https:\/\/sites.ac-nancy-metz.fr\/biochimie\/ressources-academiques\/","title":{"rendered":"Ressources p\u00e9dagogiques ST2S"},"content":{"rendered":"\n<p style=\"font-size:30px\"><strong>Ressources acad\u00e9miques<\/strong><\/p>\n\n\n\n<div class=\"wp-block-columns is-layout-flex wp-container-core-columns-is-layout-9d6595d7 wp-block-columns-is-layout-flex\">\n<div class=\"wp-block-column is-layout-flow wp-block-column-is-layout-flow\" style=\"flex-basis:33.33%\"><div class=\"wp-block-image\">\n<figure class=\"aligncenter size-full is-resized\"><img loading=\"lazy\" decoding=\"async\" width=\"449\" height=\"243\" src=\"https:\/\/sites.ac-nancy-metz.fr\/biochimie\/wp-content\/uploads\/Sans-titre.jpg\" alt=\"\" class=\"wp-image-4314\" style=\"aspect-ratio:1.856353591160221;width:338px;height:auto\" srcset=\"https:\/\/sites.ac-nancy-metz.fr\/biochimie\/wp-content\/uploads\/Sans-titre.jpg 449w, https:\/\/sites.ac-nancy-metz.fr\/biochimie\/wp-content\/uploads\/Sans-titre-300x162.jpg 300w\" sizes=\"auto, (max-width: 449px) 100vw, 449px\" \/><\/figure><\/div><\/div>\n\n\n\n<div class=\"wp-block-column is-layout-flow wp-block-column-is-layout-flow\" style=\"flex-basis:66.66%\">\n<p class=\"has-text-align-left has-medium-font-size\"><strong><a rel=\"noreferrer noopener\" href=\"https:\/\/sites.ac-nancy-metz.fr\/biochimie\/cbph-accompagnement-des-eleves-de-st2s-au-grand-oral\/\" data-type=\"URL\" data-id=\"https:\/\/sites.ac-nancy-metz.fr\/biochimie\/cbph-accompagnement-des-eleves-de-st2s-au-grand-oral\/\" target=\"_blank\">CBPH &#8211; Accompagnement des \u00e9l\u00e8ves de ST2S au Grand Oral<\/a><\/strong><\/p>\n\n\n\n<p class=\"has-text-align-left\" style=\"font-size:17px\"><strong>Objectif&nbsp;: la r\u00e9flexion a port\u00e9 sur l\u2019accompagnement des \u00e9l\u00e8ves par les professeurs de ST2S et de BPH dans la pr\u00e9paration \u00e0 l\u2019\u00e9preuve du Grand Orale et sur l\u2019\u00e9valuation de cette \u00e9preuve.<\/strong><\/p>\n<\/div>\n<\/div>\n\n\n\n<div class=\"wp-block-columns is-layout-flex wp-container-core-columns-is-layout-9d6595d7 wp-block-columns-is-layout-flex\">\n<div class=\"wp-block-column is-layout-flow wp-block-column-is-layout-flow\" style=\"flex-basis:33.33%\"><div class=\"wp-block-image is-style-default\">\n<figure class=\"aligncenter size-large is-resized\"><img loading=\"lazy\" decoding=\"async\" width=\"1024\" height=\"576\" src=\"https:\/\/sites.ac-nancy-metz.fr\/biochimie\/wp-content\/uploads\/pexels-artem-podrez-5726837-1024x576.jpg\" alt=\"\" class=\"wp-image-4007\" style=\"width:338px;height:190px\" srcset=\"https:\/\/sites.ac-nancy-metz.fr\/biochimie\/wp-content\/uploads\/pexels-artem-podrez-5726837-1024x576.jpg 1024w, https:\/\/sites.ac-nancy-metz.fr\/biochimie\/wp-content\/uploads\/pexels-artem-podrez-5726837-300x169.jpg 300w, https:\/\/sites.ac-nancy-metz.fr\/biochimie\/wp-content\/uploads\/pexels-artem-podrez-5726837-768x432.jpg 768w, https:\/\/sites.ac-nancy-metz.fr\/biochimie\/wp-content\/uploads\/pexels-artem-podrez-5726837-1536x864.jpg 1536w, https:\/\/sites.ac-nancy-metz.fr\/biochimie\/wp-content\/uploads\/pexels-artem-podrez-5726837-2048x1152.jpg 2048w\" sizes=\"auto, (max-width: 1024px) 100vw, 1024px\" \/><\/figure><\/div><\/div>\n\n\n\n<div class=\"wp-block-column is-layout-flow wp-block-column-is-layout-flow\" style=\"flex-basis:66.66%\">\n<p class=\"has-medium-font-size\"><strong><a rel=\"noreferrer noopener\" href=\"http:\/\/sites.ac-nancy-metz.fr\/biochimie\/cbph-co-enseigner-avec-physique-chimie\/\" data-type=\"URL\" data-id=\"sites.ac-nancy-metz.fr\/biochimie\/cbph-co-enseigner-avec-physique-chimie\/\" target=\"_blank\">CBPH &#8211; Co-enseigner avec la physique-chimie<\/a><\/strong><\/p>\n\n\n\n<p style=\"font-size:17px\"><strong>Objectif&nbsp;: Illustrer la collaboration entre un professeur de BPH et un professeur de Physique-chimie dans le cadre des cours de CBPH de terminale ST2S.<\/strong><\/p>\n<\/div>\n<\/div>\n\n\n\n<div class=\"wp-block-columns is-layout-flex wp-container-core-columns-is-layout-9d6595d7 wp-block-columns-is-layout-flex\">\n<div class=\"wp-block-column is-layout-flow wp-block-column-is-layout-flow\" style=\"flex-basis:33.33%\">\n<figure class=\"wp-block-image size-large\"><img loading=\"lazy\" decoding=\"async\" width=\"1024\" height=\"388\" src=\"https:\/\/sites.ac-nancy-metz.fr\/biochimie\/wp-content\/uploads\/Capture-decran-2026-03-08-a-20.43.10-1024x388.png\" alt=\"\" class=\"wp-image-4796\" srcset=\"https:\/\/sites.ac-nancy-metz.fr\/biochimie\/wp-content\/uploads\/Capture-decran-2026-03-08-a-20.43.10-1024x388.png 1024w, https:\/\/sites.ac-nancy-metz.fr\/biochimie\/wp-content\/uploads\/Capture-decran-2026-03-08-a-20.43.10-300x114.png 300w, https:\/\/sites.ac-nancy-metz.fr\/biochimie\/wp-content\/uploads\/Capture-decran-2026-03-08-a-20.43.10-768x291.png 768w, https:\/\/sites.ac-nancy-metz.fr\/biochimie\/wp-content\/uploads\/Capture-decran-2026-03-08-a-20.43.10.png 1078w\" sizes=\"auto, (max-width: 1024px) 100vw, 1024px\" \/><\/figure>\n<\/div>\n\n\n\n<div class=\"wp-block-column is-layout-flow wp-block-column-is-layout-flow\" style=\"flex-basis:66.66%\">\n<p class=\"has-medium-font-size\"><strong><a href=\"https:\/\/sites.ac-nancy-metz.fr\/biochimie\/immersion-st2s\/\" target=\"_blank\" rel=\"noopener\" title=\"Immersion ST2S - Diagnostic d'un adolescent\">Immersion ST2S &#8211; Diagnostic d&rsquo;un patient atteint d&rsquo;un diab\u00e8te de type 1<\/a><\/strong><\/p>\n\n\n\n<p class=\"has-medium-font-size\"><strong>Objectif : Offrir une immersion concr\u00e8te dans la sp\u00e9cialit\u00e9 ST2S \u00e0 des \u00e9l\u00e8ves susceptibles de s\u2019y orienter \u00e0 travers une situation professionnelle r\u00e9aliste aboutissant au diagnostic d\u2019un diab\u00e8te de type 1.<\/strong><\/p>\n<\/div>\n<\/div>\n\n\n\n<p><\/p>\n","protected":false},"excerpt":{"rendered":"<p>Ressources acad\u00e9miques CBPH &#8211; Accompagnement des \u00e9l\u00e8ves de ST2S au Grand Oral Objectif&nbsp;: la r\u00e9flexion a port\u00e9 sur l\u2019accompagnement des \u00e9l\u00e8ves par les professeurs de ST2S&#8230;<\/p>\n","protected":false},"author":13,"featured_media":0,"parent":0,"menu_order":0,"comment_status":"closed","ping_status":"closed","template":"","meta":{"footnotes":""},"class_list":["post-3712","page","type-page","status-publish","hentry"],"aioseo_notices":[],"_links":{"self":[{"href":"https:\/\/sites.ac-nancy-metz.fr\/biochimie\/wp-json\/wp\/v2\/pages\/3712","targetHints":{"allow":["GET"]}}],"collection":[{"href":"https:\/\/sites.ac-nancy-metz.fr\/biochimie\/wp-json\/wp\/v2\/pages"}],"about":[{"href":"https:\/\/sites.ac-nancy-metz.fr\/biochimie\/wp-json\/wp\/v2\/types\/page"}],"author":[{"embeddable":true,"href":"https:\/\/sites.ac-nancy-metz.fr\/biochimie\/wp-json\/wp\/v2\/users\/13"}],"replies":[{"embeddable":true,"href":"https:\/\/sites.ac-nancy-metz.fr\/biochimie\/wp-json\/wp\/v2\/comments?post=3712"}],"version-history":[{"count":19,"href":"https:\/\/sites.ac-nancy-metz.fr\/biochimie\/wp-json\/wp\/v2\/pages\/3712\/revisions"}],"predecessor-version":[{"id":4802,"href":"https:\/\/sites.ac-nancy-metz.fr\/biochimie\/wp-json\/wp\/v2\/pages\/3712\/revisions\/4802"}],"wp:attachment":[{"href":"https:\/\/sites.ac-nancy-metz.fr\/biochimie\/wp-json\/wp\/v2\/media?parent=3712"}],"curies":[{"name":"wp","href":"https:\/\/api.w.org\/{rel}","templated":true}]}}