{"id":3716,"date":"2023-07-05T15:26:48","date_gmt":"2023-07-05T14:26:48","guid":{"rendered":"https:\/\/sites.ac-nancy-metz.fr\/biochimie\/?page_id=3716"},"modified":"2026-03-08T21:18:08","modified_gmt":"2026-03-08T20:18:08","slug":"stl-et-poursuites-detude","status":"publish","type":"page","link":"https:\/\/sites.ac-nancy-metz.fr\/biochimie\/stl-et-poursuites-detude\/","title":{"rendered":"STL et poursuites d&rsquo;\u00e9tudes"},"content":{"rendered":"\n<p class=\"has-medium-font-size\"><strong>Accompagnement au choix des \u00e9tudes sup\u00e9rieurs dans le contexte des sciences du vivant.<\/strong><\/p>\n\n\n\n<figure class=\"wp-block-embed is-type-wp-embed is-provider-genially wp-block-embed-genially\"><div class=\"wp-block-embed__wrapper\">\n<iframe class=\"wp-embedded-content\" sandbox=\"allow-scripts\" security=\"restricted\" title=\"m\u00e9tiers-STL-SVT\" frameborder='0' width='1200' height='675' src='https:\/\/view.genial.ly\/5ea7e511d2a2bc0d6c34267d#?secret=Upb9gtPG29' data-secret='Upb9gtPG29' scrolling='yes'><\/iframe>\n<\/div><\/figure>\n\n\n\n<p>Ressource du <a data-type=\"URL\" data-id=\"https:\/\/genie-bio.ac-versailles.fr\/spip.php?rubrique63\" href=\"https:\/\/genie-bio.ac-versailles.fr\/spip.php?rubrique63\">site acad\u00e9mique de Biochimie &#8211; G\u00e9nie Biologique de l&rsquo;acad\u00e9mie de Versailles<\/a>. <em>Ressource non disponible sur leur site<\/em>.<\/p>\n\n\n\n<div style=\"height:100px\" aria-hidden=\"true\" class=\"wp-block-spacer\"><\/div>\n\n\n\n<div data-wp-interactive=\"core\/file\" class=\"wp-block-file\"><object data-wp-bind--hidden=\"!state.hasPdfPreview\" hidden class=\"wp-block-file__embed\" data=\"https:\/\/sites.ac-nancy-metz.fr\/biochimie\/wp-content\/uploads\/Poursuite-etude-STL-Detaille.pdf\" type=\"application\/pdf\" style=\"width:100%;height:684px\" aria-label=\"Contenu embarqu\u00e9 Poursuite e\u0301tude STL - De\u0301taille\u0301.\"><\/object><a id=\"wp-block-file--media-72e9dbba-ed43-47fe-99fb-2d3d6bb7e005\" href=\"https:\/\/sites.ac-nancy-metz.fr\/biochimie\/wp-content\/uploads\/Poursuite-etude-STL-Detaille.pdf\" target=\"_blank\" rel=\"noreferrer noopener\">Poursuite e\u0301tude STL &#8211; De\u0301taille\u0301<\/a><\/div>\n\n\n\n<div style=\"height:76px\" aria-hidden=\"true\" class=\"wp-block-spacer\"><\/div>\n\n\n\n<div class=\"wp-block-columns is-layout-flex wp-container-core-columns-is-layout-9d6595d7 wp-block-columns-is-layout-flex\">\n<div class=\"wp-block-column is-layout-flow wp-block-column-is-layout-flow\" style=\"flex-basis:33.33%\">\n<figure class=\"wp-block-image size-full\"><img loading=\"lazy\" decoding=\"async\" width=\"335\" height=\"230\" src=\"https:\/\/sites.ac-nancy-metz.fr\/biochimie\/wp-content\/uploads\/Capture-decran-2026-03-08-a-21.11.51.png\" alt=\"\" class=\"wp-image-4830\" srcset=\"https:\/\/sites.ac-nancy-metz.fr\/biochimie\/wp-content\/uploads\/Capture-decran-2026-03-08-a-21.11.51.png 335w, https:\/\/sites.ac-nancy-metz.fr\/biochimie\/wp-content\/uploads\/Capture-decran-2026-03-08-a-21.11.51-300x206.png 300w, https:\/\/sites.ac-nancy-metz.fr\/biochimie\/wp-content\/uploads\/Capture-decran-2026-03-08-a-21.11.51-130x90.png 130w\" sizes=\"auto, (max-width: 335px) 100vw, 335px\" \/><\/figure>\n<\/div>\n\n\n\n<div class=\"wp-block-column is-layout-flow wp-block-column-is-layout-flow\" style=\"flex-basis:66.66%\">\n<p class=\"has-medium-font-size\"><strong><a href=\"https:\/\/sites.ac-nancy-metz.fr\/biochimie\/formation-post-bac-stl-ou-st2s-bts-biotechrp-dts-imrt-et-bts-metiers-de-leau\/\" target=\"_blank\" rel=\"noopener\" title=\"\">Formation post-bac STL ou ST2S : BTS BiotechRP, DTS IMRT et BTS M\u00e9tiers de l&rsquo;Eau<\/a><\/strong><\/p>\n\n\n\n<p class=\"has-medium-font-size\">Compl\u00e9ter les informations diffus\u00e9es via le site ONISEP et les plaquettes des \u00e9tablissements scolaires par le t\u00e9moignage d\u2019un ou plusieurs jeunes professionnels ou \u00e9tudiants issus de la formation et le t\u00e9moignage des formateurs.<\/p>\n<\/div>\n<\/div>\n","protected":false},"excerpt":{"rendered":"<p>Accompagnement au choix des \u00e9tudes sup\u00e9rieurs dans le contexte des sciences du vivant. Ressource du site acad\u00e9mique de Biochimie &#8211; G\u00e9nie Biologique de l&rsquo;acad\u00e9mie de Versailles&#8230;.<\/p>\n","protected":false},"author":13,"featured_media":0,"parent":0,"menu_order":0,"comment_status":"closed","ping_status":"closed","template":"","meta":{"footnotes":""},"class_list":["post-3716","page","type-page","status-publish","hentry"],"aioseo_notices":[],"_links":{"self":[{"href":"https:\/\/sites.ac-nancy-metz.fr\/biochimie\/wp-json\/wp\/v2\/pages\/3716","targetHints":{"allow":["GET"]}}],"collection":[{"href":"https:\/\/sites.ac-nancy-metz.fr\/biochimie\/wp-json\/wp\/v2\/pages"}],"about":[{"href":"https:\/\/sites.ac-nancy-metz.fr\/biochimie\/wp-json\/wp\/v2\/types\/page"}],"author":[{"embeddable":true,"href":"https:\/\/sites.ac-nancy-metz.fr\/biochimie\/wp-json\/wp\/v2\/users\/13"}],"replies":[{"embeddable":true,"href":"https:\/\/sites.ac-nancy-metz.fr\/biochimie\/wp-json\/wp\/v2\/comments?post=3716"}],"version-history":[{"count":8,"href":"https:\/\/sites.ac-nancy-metz.fr\/biochimie\/wp-json\/wp\/v2\/pages\/3716\/revisions"}],"predecessor-version":[{"id":4835,"href":"https:\/\/sites.ac-nancy-metz.fr\/biochimie\/wp-json\/wp\/v2\/pages\/3716\/revisions\/4835"}],"wp:attachment":[{"href":"https:\/\/sites.ac-nancy-metz.fr\/biochimie\/wp-json\/wp\/v2\/media?parent=3716"}],"curies":[{"name":"wp","href":"https:\/\/api.w.org\/{rel}","templated":true}]}}