{"id":3718,"date":"2023-07-05T15:27:11","date_gmt":"2023-07-05T14:27:11","guid":{"rendered":"https:\/\/sites.ac-nancy-metz.fr\/biochimie\/?page_id=3718"},"modified":"2026-03-08T21:17:10","modified_gmt":"2026-03-08T20:17:10","slug":"st2s-et-poursuites-detudes","status":"publish","type":"page","link":"https:\/\/sites.ac-nancy-metz.fr\/biochimie\/st2s-et-poursuites-detudes\/","title":{"rendered":"ST2S et poursuites d&rsquo;\u00e9tudes"},"content":{"rendered":"\n<p>Les poursuites d&rsquo;\u00e9tudes les plus fr\u00e9quemment choisies apr\u00e8s la ST2S sont regroup\u00e9es dans le document suivant.<\/p>\n\n\n<a href=\"https:\/\/sites.ac-nancy-metz.fr\/biochimie\/wp-content\/uploads\/Schema-bilan-ST2S-Postbac-0123.pdf\" class=\"pdfemb-viewer\" style=\"\" data-width=\"max\" data-height=\"max\" data-toolbar=\"bottom\" data-toolbar-fixed=\"off\">Schema-bilan-ST2S-Postbac-0123<\/a>\n<p class=\"wp-block-pdfemb-pdf-embedder-viewer\"><\/p>\n\n\n\n<p><strong><a href=\"https:\/\/sites.ac-nancy-metz.fr\/biochimie\/wp-content\/uploads\/Schema-bilan-ST2S-Postbac.pdf\" data-type=\"URL\" data-id=\"https:\/\/sites.ac-nancy-metz.fr\/biochimie\/wp-content\/uploads\/Schema-bilan-ST2S-Postbac.pdf\">Cliquer ici pour t\u00e9l\u00e9charger le fichier<\/a><\/strong><\/p>\n\n\n\n<div style=\"height:64px\" aria-hidden=\"true\" class=\"wp-block-spacer\"><\/div>\n\n\n\n<div class=\"wp-block-group has-medium-font-size\"><div class=\"wp-block-group__inner-container is-layout-constrained wp-block-group-is-layout-constrained\">\n<p class=\"has-medium-font-size\"><strong>Ressources des formations propos\u00e9es apr\u00e8s la ST2S<\/strong><\/p>\n\n\n\n<p>Un ensemble de documents d&rsquo;accompagnement \u00e0 l&rsquo;orientation en ST2S.<\/p>\n\n\n\n<div class=\"wp-block-group\"><div class=\"wp-block-group__inner-container is-layout-constrained wp-block-group-is-layout-constrained\">\n<div class=\"wp-block-file\"><a id=\"wp-block-file--media-7d685676-dafc-4ffc-9778-8cfa558b708a\" href=\"https:\/\/sites.ac-nancy-metz.fr\/biochimie\/wp-content\/uploads\/Ressources-formation-Postbac-0123.docx\" target=\"_blank\" rel=\"noreferrer noopener\"><strong>Ressources formation &#8211; Postbac &#8211; 01:23<\/strong><\/a><\/div>\n<\/div><\/div>\n\n\n\n<div class=\"wp-block-file\"><a id=\"wp-block-file--media-80ed9e58-7e6f-4dc4-b2e8-ab1eab7ae2a9\" href=\"https:\/\/sites.ac-nancy-metz.fr\/biochimie\/wp-content\/uploads\/IRTS-Presentation-0123.pdf\" target=\"_blank\" rel=\"noreferrer noopener\"><strong>IRTS &#8211; Pr\u00e9sentation &#8211; 01:23<\/strong><\/a><\/div>\n\n\n\n<div class=\"wp-block-file\"><a id=\"wp-block-file--media-1f0f415b-5d99-42e4-8d64-1af67ce98252\" href=\"https:\/\/sites.ac-nancy-metz.fr\/biochimie\/wp-content\/uploads\/DEUST-Preparateur-Technicien-en-Pharmacie-Presentation-0123.ppt\" target=\"_blank\" rel=\"noreferrer noopener\"><strong>DEUST Pr\u00e9parateur Technicien en Pharmacie &#8211; Pr\u00e9sentation &#8211; 01:23<\/strong><\/a><\/div>\n<\/div><\/div>\n\n\n\n<div style=\"height:86px\" aria-hidden=\"true\" class=\"wp-block-spacer\"><\/div>\n\n\n\n<div class=\"wp-block-columns is-layout-flex wp-container-core-columns-is-layout-9d6595d7 wp-block-columns-is-layout-flex\">\n<div class=\"wp-block-column is-layout-flow wp-block-column-is-layout-flow\" style=\"flex-basis:33.33%\">\n<figure class=\"wp-block-image size-full\"><img loading=\"lazy\" decoding=\"async\" width=\"335\" height=\"230\" src=\"https:\/\/sites.ac-nancy-metz.fr\/biochimie\/wp-content\/uploads\/Capture-decran-2026-03-08-a-21.11.51.png\" alt=\"\" class=\"wp-image-4830\" srcset=\"https:\/\/sites.ac-nancy-metz.fr\/biochimie\/wp-content\/uploads\/Capture-decran-2026-03-08-a-21.11.51.png 335w, https:\/\/sites.ac-nancy-metz.fr\/biochimie\/wp-content\/uploads\/Capture-decran-2026-03-08-a-21.11.51-300x206.png 300w, https:\/\/sites.ac-nancy-metz.fr\/biochimie\/wp-content\/uploads\/Capture-decran-2026-03-08-a-21.11.51-130x90.png 130w\" sizes=\"auto, (max-width: 335px) 100vw, 335px\" \/><\/figure>\n<\/div>\n\n\n\n<div class=\"wp-block-column is-layout-flow wp-block-column-is-layout-flow\" style=\"flex-basis:66.66%\">\n<p class=\"has-medium-font-size\"><strong><a href=\"https:\/\/sites.ac-nancy-metz.fr\/biochimie\/formation-post-bac-stl-ou-st2s-bts-biotechrp-dts-imrt-et-bts-metiers-de-leau\/\" target=\"_blank\" rel=\"noopener\" title=\"\">Formation post-bac STL ou ST2S : BTS BiotechRP, DTS IMRT et BTS M\u00e9tiers de l&rsquo;Eau<\/a><\/strong><\/p>\n\n\n\n<p class=\"has-medium-font-size\">Compl\u00e9ter les informations diffus\u00e9es via le site ONISEP et les plaquettes des \u00e9tablissements scolaires par le t\u00e9moignage d\u2019un ou plusieurs jeunes professionnels ou \u00e9tudiants issus de la formation et le t\u00e9moignage des formateurs.<\/p>\n<\/div>\n<\/div>\n","protected":false},"excerpt":{"rendered":"<p>Les poursuites d&rsquo;\u00e9tudes les plus fr\u00e9quemment choisies apr\u00e8s la ST2S sont regroup\u00e9es dans le document suivant. Cliquer ici pour t\u00e9l\u00e9charger le fichier Ressources des formations propos\u00e9es&#8230;<\/p>\n","protected":false},"author":13,"featured_media":0,"parent":0,"menu_order":0,"comment_status":"closed","ping_status":"closed","template":"","meta":{"footnotes":""},"class_list":["post-3718","page","type-page","status-publish","hentry"],"aioseo_notices":[],"_links":{"self":[{"href":"https:\/\/sites.ac-nancy-metz.fr\/biochimie\/wp-json\/wp\/v2\/pages\/3718","targetHints":{"allow":["GET"]}}],"collection":[{"href":"https:\/\/sites.ac-nancy-metz.fr\/biochimie\/wp-json\/wp\/v2\/pages"}],"about":[{"href":"https:\/\/sites.ac-nancy-metz.fr\/biochimie\/wp-json\/wp\/v2\/types\/page"}],"author":[{"embeddable":true,"href":"https:\/\/sites.ac-nancy-metz.fr\/biochimie\/wp-json\/wp\/v2\/users\/13"}],"replies":[{"embeddable":true,"href":"https:\/\/sites.ac-nancy-metz.fr\/biochimie\/wp-json\/wp\/v2\/comments?post=3718"}],"version-history":[{"count":15,"href":"https:\/\/sites.ac-nancy-metz.fr\/biochimie\/wp-json\/wp\/v2\/pages\/3718\/revisions"}],"predecessor-version":[{"id":4834,"href":"https:\/\/sites.ac-nancy-metz.fr\/biochimie\/wp-json\/wp\/v2\/pages\/3718\/revisions\/4834"}],"wp:attachment":[{"href":"https:\/\/sites.ac-nancy-metz.fr\/biochimie\/wp-json\/wp\/v2\/media?parent=3718"}],"curies":[{"name":"wp","href":"https:\/\/api.w.org\/{rel}","templated":true}]}}