{"id":3780,"date":"2023-07-05T15:53:01","date_gmt":"2023-07-05T14:53:01","guid":{"rendered":"https:\/\/sites.ac-nancy-metz.fr\/biochimie\/?page_id=3780"},"modified":"2024-11-20T16:32:06","modified_gmt":"2024-11-20T15:32:06","slug":"projets-pedagogiques","status":"publish","type":"page","link":"https:\/\/sites.ac-nancy-metz.fr\/biochimie\/projets-pedagogiques\/","title":{"rendered":"P\u00e9dagogie"},"content":{"rendered":"\n<p class=\"has-medium-font-size\">Retrouvez dans cette rubrique un ensemble de ressources mis \u00e0 disposition pour les fili\u00e8res STL, ST2S et post-bac li\u00e9es aux biotechnologies.<\/p>\n","protected":false},"excerpt":{"rendered":"<p>Retrouvez dans cette rubrique un ensemble de ressources mis \u00e0 disposition pour les fili\u00e8res STL, ST2S et post-bac li\u00e9es aux biotechnologies.<\/p>\n","protected":false},"author":13,"featured_media":0,"parent":0,"menu_order":0,"comment_status":"closed","ping_status":"closed","template":"","meta":{"footnotes":""},"class_list":["post-3780","page","type-page","status-publish","hentry"],"aioseo_notices":[],"_links":{"self":[{"href":"https:\/\/sites.ac-nancy-metz.fr\/biochimie\/wp-json\/wp\/v2\/pages\/3780","targetHints":{"allow":["GET"]}}],"collection":[{"href":"https:\/\/sites.ac-nancy-metz.fr\/biochimie\/wp-json\/wp\/v2\/pages"}],"about":[{"href":"https:\/\/sites.ac-nancy-metz.fr\/biochimie\/wp-json\/wp\/v2\/types\/page"}],"author":[{"embeddable":true,"href":"https:\/\/sites.ac-nancy-metz.fr\/biochimie\/wp-json\/wp\/v2\/users\/13"}],"replies":[{"embeddable":true,"href":"https:\/\/sites.ac-nancy-metz.fr\/biochimie\/wp-json\/wp\/v2\/comments?post=3780"}],"version-history":[{"count":4,"href":"https:\/\/sites.ac-nancy-metz.fr\/biochimie\/wp-json\/wp\/v2\/pages\/3780\/revisions"}],"predecessor-version":[{"id":4530,"href":"https:\/\/sites.ac-nancy-metz.fr\/biochimie\/wp-json\/wp\/v2\/pages\/3780\/revisions\/4530"}],"wp:attachment":[{"href":"https:\/\/sites.ac-nancy-metz.fr\/biochimie\/wp-json\/wp\/v2\/media?parent=3780"}],"curies":[{"name":"wp","href":"https:\/\/api.w.org\/{rel}","templated":true}]}}