{"id":3791,"date":"2023-07-05T15:55:52","date_gmt":"2023-07-05T14:55:52","guid":{"rendered":"https:\/\/sites.ac-nancy-metz.fr\/biochimie\/?page_id=3791"},"modified":"2026-03-06T13:31:12","modified_gmt":"2026-03-06T12:31:12","slug":"analyses-de-biologie-medicale","status":"publish","type":"page","link":"https:\/\/sites.ac-nancy-metz.fr\/biochimie\/analyses-de-biologie-medicale\/","title":{"rendered":"BTS Analyses de biologie m\u00e9dicale"},"content":{"rendered":"\n<p class=\"has-medium-font-size\"><strong>Objectif<\/strong><br>Former des techniciens capables de r\u00e9aliser, sous la responsabilit\u00e9 d\u2019un biologiste m\u00e9dical, les analyses n\u00e9cessaires au diagnostic, au suivi th\u00e9rapeutique et au d\u00e9pistage. Les \u00e9tudiants apprennent \u00e0 s\u00e9curiser le poste de travail, assurer la qualit\u00e9, la tra\u00e7abilit\u00e9 et la transmission fiable des r\u00e9sultats en biologie m\u00e9dicale de routine ou sp\u00e9cialis\u00e9e.<\/p>\n\n\n\n<p class=\"has-medium-font-size\"><strong>Programme<\/strong><br>Enseignements de biologie, biochimie, h\u00e9matologie, immunologie, microbiologie, g\u00e9n\u00e9tique, coupl\u00e9s \u00e0 de la qualit\u00e9, pr\u00e9vention des risques, outils num\u00e9riques en sant\u00e9 et communication professionnelle. La formation alterne travaux pratiques en laboratoire, projets et plusieurs semaines de stage en laboratoire d\u2019analyses de biologie m\u00e9dicale ou d\u2019anatomopathologie.<\/p>\n\n\n\n<p class=\"has-medium-font-size\"><strong>Acc\u00e8s \u00e0 la formation<\/strong><br>Le BTS est accessible principalement apr\u00e8s un bac techno STL (sp\u00e9cialit\u00e9 biotechnologies) ou un bac g\u00e9n\u00e9ral avec sp\u00e9cialit\u00e9s scientifiques, parfois apr\u00e8s certains bacs pro du secteur sant\u00e9-social ou laboratoire selon le dossier. L\u2019admission se fait via Parcoursup, sur \u00e9tude de dossier et, selon les \u00e9tablissements, entretien ou lettre de motivation.<\/p>\n\n\n\n<p class=\"has-medium-font-size\"><strong>D\u00e9bouch\u00e9s professionnels<\/strong><br>Le dipl\u00f4m\u00e9 travaille comme technicien de laboratoire en biologie m\u00e9dicale dans les h\u00f4pitaux, laboratoires priv\u00e9s de ville, centres de transfusion, anatomopathologie, biologie de la reproduction ou R&amp;D \u00e0 vis\u00e9e diagnostique. Il peut \u00e9voluer vers des fonctions de technicien r\u00e9f\u00e9rent, qualit\u00e9, encadrement de proximit\u00e9 ou se sp\u00e9cialiser par la formation tout au long de la vie.<\/p>\n\n\n\n<p class=\"has-medium-font-size\"><strong>Poursuite d\u2019\u00e9tudes<\/strong><br>Avec un tr\u00e8s bon dossier, des poursuites sont possibles en licence professionnelle (biologie m\u00e9dicale, bio-industries, qualit\u00e9, instrumentation\u2026) ou en BUT g\u00e9nie biologique (entr\u00e9e souvent en 2\u1d49 ou 3\u1d49 ann\u00e9e). Des classes pr\u00e9paratoires ATS permettent aussi d\u2019int\u00e9grer des \u00e9coles d\u2019ing\u00e9nieurs en sant\u00e9, biotechnologies ou qualit\u00e9.<\/p>\n\n\n\n<p class=\"has-medium-font-size\">Source : <a href=\"https:\/\/www.onisep.fr\/ressources\/univers-formation\/formations\/post-bac\/bts-biologie-medicale\" target=\"_blank\" rel=\"noopener\" title=\"\"><strong>Onisep<\/strong><\/a>.<\/p>\n\n\n\n<div style=\"height:27px\" aria-hidden=\"true\" class=\"wp-block-spacer\"><\/div>\n\n\n\n<p class=\"has-medium-font-size\">O\u00f9 dans l&rsquo;acad\u00e9mie ?<\/p>\n\n\n\n<h2 class=\"wp-block-heading has-medium-font-size\"><strong>Meurthe et Moselle (54) <\/strong><\/h2>\n\n\n\n<p class=\"has-medium-font-size\"><strong><a href=\"https:\/\/sites.ac-nancy-metz.fr\/lyc-arthur-varoquaux\/bts-abm\/\" data-type=\"URL\" data-id=\"https:\/\/sites.ac-nancy-metz.fr\/lyc-arthur-varoquaux\/bts-abm\/\" target=\"_blank\" rel=\"noreferrer noopener\">Lyc\u00e9e Arthur Varoquaux<\/a><\/strong><\/p>\n\n\n\n<p>10 rue Jean Moulin, 54510 Tomblaine<\/p>\n","protected":false},"excerpt":{"rendered":"<p>ObjectifFormer des techniciens capables de r\u00e9aliser, sous la responsabilit\u00e9 d\u2019un biologiste m\u00e9dical, les analyses n\u00e9cessaires au diagnostic, au suivi th\u00e9rapeutique et au d\u00e9pistage. Les \u00e9tudiants apprennent&#8230;<\/p>\n","protected":false},"author":13,"featured_media":0,"parent":0,"menu_order":0,"comment_status":"closed","ping_status":"closed","template":"","meta":{"footnotes":""},"class_list":["post-3791","page","type-page","status-publish","hentry"],"aioseo_notices":[],"_links":{"self":[{"href":"https:\/\/sites.ac-nancy-metz.fr\/biochimie\/wp-json\/wp\/v2\/pages\/3791","targetHints":{"allow":["GET"]}}],"collection":[{"href":"https:\/\/sites.ac-nancy-metz.fr\/biochimie\/wp-json\/wp\/v2\/pages"}],"about":[{"href":"https:\/\/sites.ac-nancy-metz.fr\/biochimie\/wp-json\/wp\/v2\/types\/page"}],"author":[{"embeddable":true,"href":"https:\/\/sites.ac-nancy-metz.fr\/biochimie\/wp-json\/wp\/v2\/users\/13"}],"replies":[{"embeddable":true,"href":"https:\/\/sites.ac-nancy-metz.fr\/biochimie\/wp-json\/wp\/v2\/comments?post=3791"}],"version-history":[{"count":7,"href":"https:\/\/sites.ac-nancy-metz.fr\/biochimie\/wp-json\/wp\/v2\/pages\/3791\/revisions"}],"predecessor-version":[{"id":4760,"href":"https:\/\/sites.ac-nancy-metz.fr\/biochimie\/wp-json\/wp\/v2\/pages\/3791\/revisions\/4760"}],"wp:attachment":[{"href":"https:\/\/sites.ac-nancy-metz.fr\/biochimie\/wp-json\/wp\/v2\/media?parent=3791"}],"curies":[{"name":"wp","href":"https:\/\/api.w.org\/{rel}","templated":true}]}}