{"id":3795,"date":"2023-07-05T15:56:27","date_gmt":"2023-07-05T14:56:27","guid":{"rendered":"https:\/\/sites.ac-nancy-metz.fr\/biochimie\/?page_id=3795"},"modified":"2026-03-07T16:59:30","modified_gmt":"2026-03-07T15:59:30","slug":"programmes-et-examens-abm","status":"publish","type":"page","link":"https:\/\/sites.ac-nancy-metz.fr\/biochimie\/programmes-et-examens-abm\/","title":{"rendered":"R\u00e9f\u00e9rentiel"},"content":{"rendered":"\n<p class=\"has-medium-font-size\">Version actualis\u00e9e pour le BTS Biologie m\u00e9dicale.<\/p>\n\n\n\n<p class=\"has-text-align-center has-large-font-size\"><strong>BTS Biologie m\u00e9dicale<\/strong><\/p>\n\n\n\n<div data-wp-interactive=\"core\/file\" class=\"wp-block-file\"><object data-wp-bind--hidden=\"!state.hasPdfPreview\" hidden class=\"wp-block-file__embed\" data=\"https:\/\/sites.ac-nancy-metz.fr\/biochimie\/wp-content\/uploads\/Referentiel-BTS-Biologie-medicale.pdf\" type=\"application\/pdf\" style=\"width:100%;height:650px\" aria-label=\"Contenu embarqu\u00e9 Re\u0301fe\u0301rentiel BTS Biologie me\u0301dicale.\"><\/object><a id=\"wp-block-file--media-d5256ce7-cd59-4e54-98b9-35ef966159d6\" href=\"https:\/\/sites.ac-nancy-metz.fr\/biochimie\/wp-content\/uploads\/Referentiel-BTS-Biologie-medicale.pdf\" target=\"_blank\" rel=\"noreferrer noopener\">Re\u0301fe\u0301rentiel BTS Biologie me\u0301dicale<\/a><\/div>\n\n\n\n<p class=\"has-medium-font-size\"><a href=\"https:\/\/sites.ac-nancy-metz.fr\/biochimie\/wp-content\/uploads\/Referentiel-BTS-Biologie-medicale.pdf\" target=\"_blank\" rel=\"noopener\" title=\"\"><strong>Consulter le fichier en ligne<\/strong><\/a><\/p>\n\n\n\n<p><\/p>\n","protected":false},"excerpt":{"rendered":"<p>Version actualis\u00e9e pour le BTS Biologie m\u00e9dicale. BTS Biologie m\u00e9dicale Consulter le fichier en ligne<\/p>\n","protected":false},"author":13,"featured_media":0,"parent":0,"menu_order":0,"comment_status":"closed","ping_status":"closed","template":"","meta":{"footnotes":""},"class_list":["post-3795","page","type-page","status-publish","hentry"],"aioseo_notices":[],"_links":{"self":[{"href":"https:\/\/sites.ac-nancy-metz.fr\/biochimie\/wp-json\/wp\/v2\/pages\/3795","targetHints":{"allow":["GET"]}}],"collection":[{"href":"https:\/\/sites.ac-nancy-metz.fr\/biochimie\/wp-json\/wp\/v2\/pages"}],"about":[{"href":"https:\/\/sites.ac-nancy-metz.fr\/biochimie\/wp-json\/wp\/v2\/types\/page"}],"author":[{"embeddable":true,"href":"https:\/\/sites.ac-nancy-metz.fr\/biochimie\/wp-json\/wp\/v2\/users\/13"}],"replies":[{"embeddable":true,"href":"https:\/\/sites.ac-nancy-metz.fr\/biochimie\/wp-json\/wp\/v2\/comments?post=3795"}],"version-history":[{"count":13,"href":"https:\/\/sites.ac-nancy-metz.fr\/biochimie\/wp-json\/wp\/v2\/pages\/3795\/revisions"}],"predecessor-version":[{"id":4772,"href":"https:\/\/sites.ac-nancy-metz.fr\/biochimie\/wp-json\/wp\/v2\/pages\/3795\/revisions\/4772"}],"wp:attachment":[{"href":"https:\/\/sites.ac-nancy-metz.fr\/biochimie\/wp-json\/wp\/v2\/media?parent=3795"}],"curies":[{"name":"wp","href":"https:\/\/api.w.org\/{rel}","templated":true}]}}