{"id":3818,"date":"2023-07-05T16:06:09","date_gmt":"2023-07-05T15:06:09","guid":{"rendered":"https:\/\/sites.ac-nancy-metz.fr\/biochimie\/?page_id=3818"},"modified":"2026-03-06T13:27:47","modified_gmt":"2026-03-06T12:27:47","slug":"presentation-du-bts-biotechnologies","status":"publish","type":"page","link":"https:\/\/sites.ac-nancy-metz.fr\/biochimie\/presentation-du-bts-biotechnologies\/","title":{"rendered":"BTS Biotechnologie en recherche et en production"},"content":{"rendered":"\n<div class=\"wp-block-columns is-layout-flex wp-container-core-columns-is-layout-9d6595d7 wp-block-columns-is-layout-flex\">\n<div class=\"wp-block-column is-layout-flow wp-block-column-is-layout-flow\">\n<div class=\"wp-block-group has-medium-font-size\"><div class=\"wp-block-group__inner-container is-layout-constrained wp-block-group-is-layout-constrained\">\n<p class=\"has-medium-font-size\"><strong>Objectif<\/strong><br>Former des techniciens sup\u00e9rieurs pour la recherche et la bioproduction dans les secteurs pharmaceutique, agroalimentaire, cosm\u00e9tique, agricole ou environnemental. Ils apprennent \u00e0 organiser un laboratoire, conduire des exp\u00e9rimentations en biologie cellulaire et mol\u00e9culaire, et participer \u00e0 la fabrication de produits biologiques \u00e0 haute valeur ajout\u00e9e.<\/p>\n\n\n\n<p class=\"has-medium-font-size\"><strong>Programme<\/strong><br>Le cursus associe enseignements scientifiques sur le vivant et enseignements professionnels en biotechnologies mol\u00e9culaires et cellulaires, bioproduction, bio-informatique, qualit\u00e9 et pr\u00e9vention des risques. Les \u00e9tudiants pratiquent la pr\u00e9paration d\u2019\u00e9chantillons, la culture cellulaire, les dosages, la purification de biomol\u00e9cules, la conduite de bior\u00e9acteurs et l\u2019analyse de donn\u00e9es, compl\u00e9t\u00e9s par des stages en laboratoires ou en industrie.<\/p>\n\n\n\n<p class=\"has-medium-font-size\"><strong>Acc\u00e8s \u00e0 la formation<\/strong><br>Il s\u2019adresse surtout aux bacheliers STL (sp\u00e9cialit\u00e9 biochimie-biologie-biotechnologie) et aux bacheliers g\u00e9n\u00e9raux \u00e0 forte coloration scientifique ; certains bacs pro des industries pharmaceutiques, alimentaires et cosm\u00e9tiques sont \u00e9galement vis\u00e9s. L\u2019admission se fait via Parcoursup, en formation initiale ou en apprentissage, sur dossier et parfois entretien.<\/p>\n\n\n\n<p class=\"has-medium-font-size\"><strong>D\u00e9bouch\u00e9s professionnels<\/strong><br>Les dipl\u00f4m\u00e9s travaillent comme techniciens sup\u00e9rieurs en recherche ou R&amp;D dans les organismes publics (Inserm, CNRS, universit\u00e9s) ou en industrie, ainsi qu\u2019en bioproduction (biom\u00e9dicaments, vaccins, ferments, etc.). Ils assurent les manipulations, la mise en \u0153uvre des proc\u00e9d\u00e9s, le suivi des \u00e9quipements et la tra\u00e7abilit\u00e9 des r\u00e9sultats sous la responsabilit\u00e9 d\u2019ing\u00e9nieurs ou de chercheurs.<\/p>\n\n\n\n<p class=\"has-medium-font-size\"><strong>Poursuite d\u2019\u00e9tudes<\/strong><br>Des poursuites sont possibles en licence professionnelle (bio-industries, biotechnologies, biologie analytique, g\u00e9nie des proc\u00e9d\u00e9s et bioproc\u00e9d\u00e9s, industries pharmaceutiques et de sant\u00e9) pour se sp\u00e9cialiser en R&amp;D ou production. Avec un tr\u00e8s bon dossier, l\u2019acc\u00e8s \u00e0 des \u00e9coles d\u2019ing\u00e9nieurs ou masters professionnels en biotechnologies, proc\u00e9d\u00e9s ou qualit\u00e9 est envisageable.<\/p>\n<\/div><\/div>\n<\/div>\n\n\n\n<div class=\"wp-block-column is-layout-flow wp-block-column-is-layout-flow\"><a href=\"https:\/\/sites.ac-nancy-metz.fr\/biochimie\/wp-content\/uploads\/BTS-Biotech-Plaquette.pdf\" class=\"pdfemb-viewer\" style=\"\" data-width=\"max\" data-height=\"max\" data-toolbar=\"bottom\" data-toolbar-fixed=\"off\">BTS-Biotech-Plaquette<\/a>\n\n\n<p class=\"has-medium-font-size\"><strong><a href=\"https:\/\/sites.ac-nancy-metz.fr\/biochimie\/wp-content\/uploads\/BTS-Biotech-Plaquette.pdf\" target=\"_blank\" rel=\"noopener\" title=\"Acc\u00e9der \u00e0 la plaquette.\">Plaquette de pr\u00e9sentation.<\/a><\/strong><\/p>\n\n\n\n<p class=\"has-medium-font-size\"><a href=\"https:\/\/sites.ac-nancy-metz.fr\/biochimie\/wp-content\/uploads\/BTS-Biotech-Diaporama.pdf\" target=\"_blank\" rel=\"noopener\" title=\"Diaporama de pr\u00e9sentation de la fili\u00e8re.\"><strong>Diaporama de pr\u00e9sentation de la fili\u00e8re.<\/strong><\/a><\/p>\n\n\n\n<div style=\"height:39px\" aria-hidden=\"true\" class=\"wp-block-spacer\"><\/div>\n\n\n\n<div class=\"wp-block-group\"><div class=\"wp-block-group__inner-container is-layout-constrained wp-block-group-is-layout-constrained\">\n<p class=\"has-medium-font-size\">O\u00f9 dans l&rsquo;acad\u00e9mie ?<\/p>\n\n\n\n<h2 class=\"wp-block-heading has-medium-font-size\"><strong>Meurthe et Moselle (54) <\/strong><\/h2>\n\n\n\n<div class=\"wp-block-group\"><div class=\"wp-block-group__inner-container is-layout-constrained wp-block-group-is-layout-constrained\">\n<p class=\"has-medium-font-size\"><strong><a href=\"https:\/\/sites.ac-nancy-metz.fr\/lyc-arthur-varoquaux\/bts-biotechnologies\/\" data-type=\"URL\" data-id=\"https:\/\/sites.ac-nancy-metz.fr\/lyc-arthur-varoquaux\/bts-biotechnologies\/\" target=\"_blank\" rel=\"noreferrer noopener\">Lyc\u00e9e Arthur Varoquaux<\/a><\/strong><\/p>\n\n\n\n<p><em>10 rue Jean Moulin, 54510 Tomblaine<\/em><\/p>\n<\/div><\/div>\n<\/div><\/div>\n<\/div>\n<\/div>\n\n\n\n<p class=\"has-medium-font-size\">Source : <a href=\"https:\/\/www.onisep.fr\/ressources\/univers-formation\/formations\/post-bac\/bts-biotechnologie-en-recherche-et-en-production\" target=\"_blank\" rel=\"noopener\" title=\"\"><strong>Onisep<\/strong><\/a>.<\/p>\n\n\n\n<p><\/p>\n","protected":false},"excerpt":{"rendered":"<p>ObjectifFormer des techniciens sup\u00e9rieurs pour la recherche et la bioproduction dans les secteurs pharmaceutique, agroalimentaire, cosm\u00e9tique, agricole ou environnemental. Ils apprennent \u00e0 organiser un laboratoire, conduire&#8230;<\/p>\n","protected":false},"author":13,"featured_media":0,"parent":0,"menu_order":0,"comment_status":"closed","ping_status":"closed","template":"","meta":{"footnotes":""},"class_list":["post-3818","page","type-page","status-publish","hentry"],"aioseo_notices":[],"_links":{"self":[{"href":"https:\/\/sites.ac-nancy-metz.fr\/biochimie\/wp-json\/wp\/v2\/pages\/3818","targetHints":{"allow":["GET"]}}],"collection":[{"href":"https:\/\/sites.ac-nancy-metz.fr\/biochimie\/wp-json\/wp\/v2\/pages"}],"about":[{"href":"https:\/\/sites.ac-nancy-metz.fr\/biochimie\/wp-json\/wp\/v2\/types\/page"}],"author":[{"embeddable":true,"href":"https:\/\/sites.ac-nancy-metz.fr\/biochimie\/wp-json\/wp\/v2\/users\/13"}],"replies":[{"embeddable":true,"href":"https:\/\/sites.ac-nancy-metz.fr\/biochimie\/wp-json\/wp\/v2\/comments?post=3818"}],"version-history":[{"count":27,"href":"https:\/\/sites.ac-nancy-metz.fr\/biochimie\/wp-json\/wp\/v2\/pages\/3818\/revisions"}],"predecessor-version":[{"id":4749,"href":"https:\/\/sites.ac-nancy-metz.fr\/biochimie\/wp-json\/wp\/v2\/pages\/3818\/revisions\/4749"}],"wp:attachment":[{"href":"https:\/\/sites.ac-nancy-metz.fr\/biochimie\/wp-json\/wp\/v2\/media?parent=3818"}],"curies":[{"name":"wp","href":"https:\/\/api.w.org\/{rel}","templated":true}]}}