{"id":3828,"date":"2023-07-05T16:07:29","date_gmt":"2023-07-05T15:07:29","guid":{"rendered":"https:\/\/sites.ac-nancy-metz.fr\/biochimie\/?page_id=3828"},"modified":"2024-06-11T11:32:39","modified_gmt":"2024-06-11T10:32:39","slug":"programmes-et-examens-me","status":"publish","type":"page","link":"https:\/\/sites.ac-nancy-metz.fr\/biochimie\/programmes-et-examens-me\/","title":{"rendered":"R\u00e9f\u00e9rentiel"},"content":{"rendered":"\n<p class=\"has-medium-font-size\">Version actualis\u00e9e pour le BTS M\u00e9tiers de l&rsquo;eau.<\/p>\n\n\n\n<p class=\"has-text-align-center has-large-font-size\"><strong>BTS M\u00e9tiers de l&rsquo;eau<\/strong><\/p>\n\n\n\n<div data-wp-interactive=\"core\/file\" class=\"wp-block-file\"><object data-wp-bind--hidden=\"!state.hasPdfPreview\" hidden class=\"wp-block-file__embed\" data=\"https:\/\/sites.ac-nancy-metz.fr\/biochimie\/wp-content\/uploads\/Referentiel-BTS-Metiers-de-leau.pdf\" type=\"application\/pdf\" style=\"width:100%;height:670px\" aria-label=\"PDF embarqu\u00e9\"><\/object><a href=\"https:\/\/sites.ac-nancy-metz.fr\/biochimie\/wp-content\/uploads\/Referentiel-BTS-Metiers-de-leau.pdf\" class=\"wp-block-file__button wp-element-button\" download><strong>Cliquer ici pour t\u00e9l\u00e9charger le fichier<\/strong><\/a><\/div>\n\n\n\n<p class=\"has-medium-font-size\"><a href=\"https:\/\/sites.ac-nancy-metz.fr\/biochimie\/wp-content\/uploads\/Referentiel-BTS-Metiers-de-leau.pdf\" data-type=\"URL\" data-id=\"https:\/\/sites.ac-nancy-metz.fr\/biochimie\/wp-content\/uploads\/Referentiel-BTS-Metiers-de-leau.pdf\" target=\"_blank\" rel=\"noreferrer noopener\"><strong>Consulter le fichier en ligne<\/strong><\/a><\/p>\n","protected":false},"excerpt":{"rendered":"<p>Version actualis\u00e9e pour le BTS M\u00e9tiers de l&rsquo;eau. BTS M\u00e9tiers de l&rsquo;eau Consulter le fichier en ligne<\/p>\n","protected":false},"author":13,"featured_media":0,"parent":0,"menu_order":0,"comment_status":"closed","ping_status":"closed","template":"","meta":{"footnotes":""},"class_list":["post-3828","page","type-page","status-publish","hentry"],"aioseo_notices":[],"_links":{"self":[{"href":"https:\/\/sites.ac-nancy-metz.fr\/biochimie\/wp-json\/wp\/v2\/pages\/3828","targetHints":{"allow":["GET"]}}],"collection":[{"href":"https:\/\/sites.ac-nancy-metz.fr\/biochimie\/wp-json\/wp\/v2\/pages"}],"about":[{"href":"https:\/\/sites.ac-nancy-metz.fr\/biochimie\/wp-json\/wp\/v2\/types\/page"}],"author":[{"embeddable":true,"href":"https:\/\/sites.ac-nancy-metz.fr\/biochimie\/wp-json\/wp\/v2\/users\/13"}],"replies":[{"embeddable":true,"href":"https:\/\/sites.ac-nancy-metz.fr\/biochimie\/wp-json\/wp\/v2\/comments?post=3828"}],"version-history":[{"count":7,"href":"https:\/\/sites.ac-nancy-metz.fr\/biochimie\/wp-json\/wp\/v2\/pages\/3828\/revisions"}],"predecessor-version":[{"id":4449,"href":"https:\/\/sites.ac-nancy-metz.fr\/biochimie\/wp-json\/wp\/v2\/pages\/3828\/revisions\/4449"}],"wp:attachment":[{"href":"https:\/\/sites.ac-nancy-metz.fr\/biochimie\/wp-json\/wp\/v2\/media?parent=3828"}],"curies":[{"name":"wp","href":"https:\/\/api.w.org\/{rel}","templated":true}]}}