{"id":3842,"date":"2023-07-05T16:09:44","date_gmt":"2023-07-05T15:09:44","guid":{"rendered":"https:\/\/sites.ac-nancy-metz.fr\/biochimie\/?page_id=3842"},"modified":"2026-03-23T16:03:11","modified_gmt":"2026-03-23T15:03:11","slug":"formation","status":"publish","type":"page","link":"https:\/\/sites.ac-nancy-metz.fr\/biochimie\/formation\/","title":{"rendered":"Formations"},"content":{"rendered":"\n<div class=\"wp-block-columns is-layout-flex wp-container-core-columns-is-layout-9d6595d7 wp-block-columns-is-layout-flex\">\n<div class=\"wp-block-column is-layout-flow wp-block-column-is-layout-flow\" style=\"flex-basis:66.66%\">\n<p style=\"font-size:26px\"><a href=\"https:\/\/sites.ac-nancy-metz.fr\/biochimie\/programme-de-formation-academique-en-biochimie-biologie\/\" target=\"_blank\" rel=\"noopener\" title=\"Programme acad\u00e9mique de formation en BGB 2025 - 2026\"><strong>Programme acad\u00e9mique de formation en BGB 2025 &#8211; 2026<\/strong><\/a><\/p>\n\n\n\n<p class=\"has-medium-font-size\">Ensemble des formations dispens\u00e9es au cours de l&rsquo;ann\u00e9e 2025 &#8211; 2026.<\/p>\n<\/div>\n\n\n\n<div class=\"wp-block-column is-layout-flow wp-block-column-is-layout-flow\" style=\"flex-basis:33.33%\">\n<figure class=\"wp-block-image size-full is-resized\"><img loading=\"lazy\" decoding=\"async\" width=\"400\" height=\"367\" src=\"https:\/\/sites.ac-nancy-metz.fr\/biochimie\/wp-content\/uploads\/carte-academie-de-Nancy-metz-e1774278149118.png\" alt=\"\" class=\"wp-image-4211\" style=\"width:202px;height:auto\"\/><\/figure>\n<\/div>\n<\/div>\n\n\n\n<div class=\"wp-block-columns is-layout-flex wp-container-core-columns-is-layout-9d6595d7 wp-block-columns-is-layout-flex\">\n<div class=\"wp-block-column is-layout-flow wp-block-column-is-layout-flow\" style=\"flex-basis:66.66%\">\n<p style=\"font-size:26px\"><a href=\"https:\/\/sites.ac-nancy-metz.fr\/biochimie\/le-nutri-score-un-outil-de-sante-publique-base-sur-la-science\/\" target=\"_blank\" rel=\"noopener\" title=\"Le Nutri-Score, un outil de sant\u00e9 publique bas\u00e9 sur la science - 3\/12\/2025 - Distanciel\"><strong>Le Nutri-Score, un outil de sant\u00e9 publique bas\u00e9 sur la science &#8211; 3\/12\/2025 &#8211; Distanciel<\/strong><\/a><\/p>\n\n\n\n<p style=\"font-size:18px\">Objectif&nbsp;:&nbsp;Transmettre les derni\u00e8res avanc\u00e9es scientifiques sur le Nutri-Score afin de permettre une meilleure documentation des cours et activit\u00e9s sur le sujet.<\/p>\n<\/div>\n\n\n\n<div class=\"wp-block-column is-layout-flow wp-block-column-is-layout-flow\" style=\"flex-basis:33.33%\">\n<figure class=\"wp-block-image size-full is-resized\"><img loading=\"lazy\" decoding=\"async\" width=\"800\" height=\"497\" src=\"https:\/\/sites.ac-nancy-metz.fr\/biochimie\/wp-content\/uploads\/Nutriscore.jpg\" alt=\"\" class=\"wp-image-4636\" style=\"width:291px;height:auto\" srcset=\"https:\/\/sites.ac-nancy-metz.fr\/biochimie\/wp-content\/uploads\/Nutriscore.jpg 800w, https:\/\/sites.ac-nancy-metz.fr\/biochimie\/wp-content\/uploads\/Nutriscore-300x186.jpg 300w, https:\/\/sites.ac-nancy-metz.fr\/biochimie\/wp-content\/uploads\/Nutriscore-768x477.jpg 768w\" sizes=\"auto, (max-width: 800px) 100vw, 800px\" \/><\/figure>\n<\/div>\n<\/div>\n\n\n\n<div style=\"height:8px\" aria-hidden=\"true\" class=\"wp-block-spacer\"><\/div>\n\n\n\n<div class=\"wp-block-columns is-layout-flex wp-container-core-columns-is-layout-9d6595d7 wp-block-columns-is-layout-flex\">\n<div class=\"wp-block-column is-layout-flow wp-block-column-is-layout-flow\" style=\"flex-basis:66.66%\">\n<p style=\"font-size:26px\"><a href=\"https:\/\/sites.ac-nancy-metz.fr\/biochimie\/pratiques-pedagogiques-innovantes-en-bph\/\" target=\"_blank\" rel=\"noopener\" title=\"Pratiques p\u00e9dagogiques innovantes en BPH - 12\/11\/2026 - Distanciel\"><strong>Pratiques p\u00e9dagogiques innovantes en BPH &#8211; 12\/11\/2026 &#8211; Distanciel<\/strong><\/a><\/p>\n\n\n\n<p class=\"has-medium-font-size\">Objectif : Pr\u00e9senter une approche repens\u00e9e du programme de BPH en classes de Premi\u00e8re et Terminale ST2S, en privil\u00e9giant une d\u00e9marche contextualis\u00e9e plut\u00f4t qu\u2019un d\u00e9roulement lin\u00e9aire.<\/p>\n<\/div>\n\n\n\n<div class=\"wp-block-column is-layout-flow wp-block-column-is-layout-flow\" style=\"flex-basis:33.33%\"><div class=\"wp-block-image\">\n<figure class=\"aligncenter size-full\"><img loading=\"lazy\" decoding=\"async\" width=\"758\" height=\"346\" src=\"https:\/\/sites.ac-nancy-metz.fr\/biochimie\/wp-content\/uploads\/Capture-decran-2026-03-08-a-21.32.21.png\" alt=\"\" class=\"wp-image-4844\" srcset=\"https:\/\/sites.ac-nancy-metz.fr\/biochimie\/wp-content\/uploads\/Capture-decran-2026-03-08-a-21.32.21.png 758w, https:\/\/sites.ac-nancy-metz.fr\/biochimie\/wp-content\/uploads\/Capture-decran-2026-03-08-a-21.32.21-300x137.png 300w\" sizes=\"auto, (max-width: 758px) 100vw, 758px\" \/><\/figure><\/div><\/div>\n<\/div>\n\n\n\n<div style=\"height:53px\" aria-hidden=\"true\" class=\"wp-block-spacer\"><\/div>\n\n\n\n<div class=\"wp-block-columns is-layout-flex wp-container-core-columns-is-layout-9d6595d7 wp-block-columns-is-layout-flex\">\n<div class=\"wp-block-column is-layout-flow wp-block-column-is-layout-flow\" style=\"flex-basis:66.66%\">\n<p style=\"font-size:26px\"><a href=\"https:\/\/sites.ac-nancy-metz.fr\/biochimie\/cbph-accompagnement-des-eleves-de-st2s-au-grand-oral\/\" target=\"_blank\" rel=\"noopener\" title=\"CBPH - Accompagnement des \u00e9l\u00e8ves de ST2S au Grand Oral - 14\/02\/2024 - Pr\u00e9sentiel\"><strong>CBPH &#8211; Accompagnement des \u00e9l\u00e8ves de ST2S au Grand Oral &#8211; 14\/02\/2024 &#8211; Pr\u00e9sentiel<\/strong><\/a><\/p>\n\n\n\n<p style=\"font-size:18px\">Objectif&nbsp;: la r\u00e9flexion a port\u00e9 sur l\u2019accompagnement des \u00e9l\u00e8ves par les professeurs de ST2S et de BPH dans la pr\u00e9paration \u00e0 l\u2019\u00e9preuve du Grand Orale et sur l\u2019\u00e9valuation de cette \u00e9preuve.<\/p>\n<\/div>\n\n\n\n<div class=\"wp-block-column is-layout-flow wp-block-column-is-layout-flow\" style=\"flex-basis:33.33%\">\n<figure class=\"wp-block-image size-full is-resized\"><img loading=\"lazy\" decoding=\"async\" width=\"449\" height=\"243\" src=\"https:\/\/sites.ac-nancy-metz.fr\/biochimie\/wp-content\/uploads\/Sans-titre.jpg\" alt=\"\" class=\"wp-image-4314\" style=\"width:329px;height:auto\" srcset=\"https:\/\/sites.ac-nancy-metz.fr\/biochimie\/wp-content\/uploads\/Sans-titre.jpg 449w, https:\/\/sites.ac-nancy-metz.fr\/biochimie\/wp-content\/uploads\/Sans-titre-300x162.jpg 300w\" sizes=\"auto, (max-width: 449px) 100vw, 449px\" \/><\/figure>\n<\/div>\n<\/div>\n\n\n\n<div style=\"height:53px\" aria-hidden=\"true\" class=\"wp-block-spacer\"><\/div>\n\n\n\n<div class=\"wp-block-columns is-layout-flex wp-container-core-columns-is-layout-9d6595d7 wp-block-columns-is-layout-flex\">\n<div class=\"wp-block-column is-layout-flow wp-block-column-is-layout-flow\" style=\"flex-basis:66.66%\">\n<div class=\"wp-block-group is-vertical is-layout-flex wp-container-core-group-is-layout-8cf370e7 wp-block-group-is-layout-flex\">\n<p style=\"font-size:26px\"><a href=\"https:\/\/sites.ac-nancy-metz.fr\/biochimie\/cbph-co-enseigner-avec-physique-chimie\/\" target=\"_blank\" rel=\"noopener\" title=\"CBPH - Co-enseigner avec physique-chimie - 02\/2023 - Pr\u00e9sentiel\"><strong>CBPH &#8211; Co-enseigner avec physique-chimie &#8211; 02\/2023 &#8211; Pr\u00e9sentiel<\/strong><\/a><\/p>\n\n\n\n<p style=\"font-size:18px\">Objectif&nbsp;: Illustrer la collaboration entre un professeur de BPH et un professeur de Physique-chimie dans le cadre des cours de CBPH de terminale ST2S.<\/p>\n<\/div>\n<\/div>\n\n\n\n<div class=\"wp-block-column is-layout-flow wp-block-column-is-layout-flow\" style=\"flex-basis:33.33%\">\n<figure class=\"wp-block-image size-large is-resized\"><img loading=\"lazy\" decoding=\"async\" width=\"1024\" height=\"576\" src=\"https:\/\/sites.ac-nancy-metz.fr\/biochimie\/wp-content\/uploads\/pexels-artem-podrez-5726837-1024x576.jpg\" alt=\"\" class=\"wp-image-4007\" style=\"width:331px;height:auto\" srcset=\"https:\/\/sites.ac-nancy-metz.fr\/biochimie\/wp-content\/uploads\/pexels-artem-podrez-5726837-1024x576.jpg 1024w, https:\/\/sites.ac-nancy-metz.fr\/biochimie\/wp-content\/uploads\/pexels-artem-podrez-5726837-300x169.jpg 300w, https:\/\/sites.ac-nancy-metz.fr\/biochimie\/wp-content\/uploads\/pexels-artem-podrez-5726837-768x432.jpg 768w, https:\/\/sites.ac-nancy-metz.fr\/biochimie\/wp-content\/uploads\/pexels-artem-podrez-5726837-1536x864.jpg 1536w, https:\/\/sites.ac-nancy-metz.fr\/biochimie\/wp-content\/uploads\/pexels-artem-podrez-5726837-2048x1152.jpg 2048w\" sizes=\"auto, (max-width: 1024px) 100vw, 1024px\" \/><\/figure>\n<\/div>\n<\/div>\n\n\n\n<div style=\"height:53px\" aria-hidden=\"true\" class=\"wp-block-spacer\"><\/div>\n\n\n\n<div class=\"wp-block-columns is-layout-flex wp-container-core-columns-is-layout-9d6595d7 wp-block-columns-is-layout-flex\">\n<div class=\"wp-block-column is-layout-flow wp-block-column-is-layout-flow\" style=\"flex-basis:66.66%\">\n<p style=\"font-size:26px\"><strong><a href=\"https:\/\/sites.ac-nancy-metz.fr\/biochimie\/exercice-de-preparation-a-un-oral\/\" target=\"_blank\" rel=\"noopener\" title=\"Exercices de pr\u00e9paration \u00e0 un oral - 6\/12\/2022 - Pr\u00e9sentiel\">Exercices de pr\u00e9paration \u00e0 un oral &#8211; 6\/12\/2022 &#8211; Pr\u00e9sentiel<\/a><\/strong><\/p>\n\n\n\n<p style=\"font-size:18px\">Objectif&nbsp;: partager des exercices adapt\u00e9s au d\u00e9veloppement de comp\u00e9tences orales des \u00e9l\u00e8ves en vue de l\u2019\u00e9preuve terminale du baccalaur\u00e9at, le Grand oral.<\/p>\n<\/div>\n\n\n\n<div class=\"wp-block-column is-layout-flow wp-block-column-is-layout-flow\" style=\"flex-basis:33.33%\">\n<figure class=\"wp-block-image size-large is-resized\"><img loading=\"lazy\" decoding=\"async\" width=\"1024\" height=\"683\" src=\"https:\/\/sites.ac-nancy-metz.fr\/biochimie\/wp-content\/uploads\/pexels-cottonbro-studio-6896221-1024x683.jpg\" alt=\"\" class=\"wp-image-4068\" style=\"width:322px;height:auto\" srcset=\"https:\/\/sites.ac-nancy-metz.fr\/biochimie\/wp-content\/uploads\/pexels-cottonbro-studio-6896221-1024x683.jpg 1024w, https:\/\/sites.ac-nancy-metz.fr\/biochimie\/wp-content\/uploads\/pexels-cottonbro-studio-6896221-300x200.jpg 300w, https:\/\/sites.ac-nancy-metz.fr\/biochimie\/wp-content\/uploads\/pexels-cottonbro-studio-6896221-768x512.jpg 768w, https:\/\/sites.ac-nancy-metz.fr\/biochimie\/wp-content\/uploads\/pexels-cottonbro-studio-6896221-1536x1024.jpg 1536w, https:\/\/sites.ac-nancy-metz.fr\/biochimie\/wp-content\/uploads\/pexels-cottonbro-studio-6896221-2048x1365.jpg 2048w\" sizes=\"auto, (max-width: 1024px) 100vw, 1024px\" \/><\/figure>\n<\/div>\n<\/div>\n","protected":false},"excerpt":{"rendered":"<p>Programme acad\u00e9mique de formation en BGB 2025 &#8211; 2026 Ensemble des formations dispens\u00e9es au cours de l&rsquo;ann\u00e9e 2025 &#8211; 2026. Le Nutri-Score, un outil de sant\u00e9&#8230;<\/p>\n","protected":false},"author":13,"featured_media":0,"parent":0,"menu_order":0,"comment_status":"closed","ping_status":"closed","template":"","meta":{"footnotes":""},"class_list":["post-3842","page","type-page","status-publish","hentry"],"aioseo_notices":[],"_links":{"self":[{"href":"https:\/\/sites.ac-nancy-metz.fr\/biochimie\/wp-json\/wp\/v2\/pages\/3842","targetHints":{"allow":["GET"]}}],"collection":[{"href":"https:\/\/sites.ac-nancy-metz.fr\/biochimie\/wp-json\/wp\/v2\/pages"}],"about":[{"href":"https:\/\/sites.ac-nancy-metz.fr\/biochimie\/wp-json\/wp\/v2\/types\/page"}],"author":[{"embeddable":true,"href":"https:\/\/sites.ac-nancy-metz.fr\/biochimie\/wp-json\/wp\/v2\/users\/13"}],"replies":[{"embeddable":true,"href":"https:\/\/sites.ac-nancy-metz.fr\/biochimie\/wp-json\/wp\/v2\/comments?post=3842"}],"version-history":[{"count":28,"href":"https:\/\/sites.ac-nancy-metz.fr\/biochimie\/wp-json\/wp\/v2\/pages\/3842\/revisions"}],"predecessor-version":[{"id":4864,"href":"https:\/\/sites.ac-nancy-metz.fr\/biochimie\/wp-json\/wp\/v2\/pages\/3842\/revisions\/4864"}],"wp:attachment":[{"href":"https:\/\/sites.ac-nancy-metz.fr\/biochimie\/wp-json\/wp\/v2\/media?parent=3842"}],"curies":[{"name":"wp","href":"https:\/\/api.w.org\/{rel}","templated":true}]}}