{"id":4696,"date":"2026-02-06T16:12:44","date_gmt":"2026-02-06T15:12:44","guid":{"rendered":"https:\/\/sites.ac-nancy-metz.fr\/biochimie\/?page_id=4696"},"modified":"2026-02-06T16:18:48","modified_gmt":"2026-02-06T15:18:48","slug":"transversale","status":"publish","type":"page","link":"https:\/\/sites.ac-nancy-metz.fr\/biochimie\/transversale\/","title":{"rendered":"Transversale"},"content":{"rendered":"\n<p style=\"font-size:30px\"><strong>Ressources nationales<\/strong><\/p>\n\n\n\n<div class=\"wp-block-columns is-layout-flex wp-container-core-columns-is-layout-9d6595d7 wp-block-columns-is-layout-flex\">\n<div class=\"wp-block-column is-layout-flow wp-block-column-is-layout-flow\" style=\"flex-basis:33.33%\">\n<figure class=\"wp-block-image size-large\"><img loading=\"lazy\" decoding=\"async\" width=\"1024\" height=\"575\" src=\"https:\/\/sites.ac-nancy-metz.fr\/biochimie\/wp-content\/uploads\/Genially-se-connaitre-1024x575.png\" alt=\"\" class=\"wp-image-4672\" srcset=\"https:\/\/sites.ac-nancy-metz.fr\/biochimie\/wp-content\/uploads\/Genially-se-connaitre-1024x575.png 1024w, https:\/\/sites.ac-nancy-metz.fr\/biochimie\/wp-content\/uploads\/Genially-se-connaitre-300x168.png 300w, https:\/\/sites.ac-nancy-metz.fr\/biochimie\/wp-content\/uploads\/Genially-se-connaitre-768x431.png 768w, https:\/\/sites.ac-nancy-metz.fr\/biochimie\/wp-content\/uploads\/Genially-se-connaitre-1536x862.png 1536w, https:\/\/sites.ac-nancy-metz.fr\/biochimie\/wp-content\/uploads\/Genially-se-connaitre.png 1591w\" sizes=\"auto, (max-width: 1024px) 100vw, 1024px\" \/><\/figure>\n<\/div>\n\n\n\n<div class=\"wp-block-column is-layout-flow wp-block-column-is-layout-flow\" style=\"flex-basis:66.66%\">\n<p class=\"has-medium-font-size\"><strong><a href=\"https:\/\/view.genially.com\/6804a6f19190c65998359fc1\" title=\"Bien se connaitre pour mieux s'orienter \">Bien se connaitre pour mieux s&rsquo;orienter <\/a><\/strong><\/p>\n\n\n\n<p style=\"font-size:17px\"><strong>Objectif : Se connaitre et se fixer des objectifs \/ storyboard des parcours, r\u00e9diger et formaliser son projet motiv\u00e9. Cr\u00e9ation de fiches outils + fiches tutoriels + fiches chatbots.<\/strong><\/p>\n\n\n\n<p>Genially issu de TraAM de l&rsquo;acad\u00e9mie de Toulouse.<\/p>\n<\/div>\n<\/div>\n","protected":false},"excerpt":{"rendered":"<p>Ressources nationales Bien se connaitre pour mieux s&rsquo;orienter Objectif : Se connaitre et se fixer des objectifs \/ storyboard des parcours, r\u00e9diger et formaliser son projet&#8230;<\/p>\n","protected":false},"author":13,"featured_media":0,"parent":0,"menu_order":0,"comment_status":"closed","ping_status":"closed","template":"","meta":{"footnotes":""},"class_list":["post-4696","page","type-page","status-publish","hentry"],"aioseo_notices":[],"_links":{"self":[{"href":"https:\/\/sites.ac-nancy-metz.fr\/biochimie\/wp-json\/wp\/v2\/pages\/4696","targetHints":{"allow":["GET"]}}],"collection":[{"href":"https:\/\/sites.ac-nancy-metz.fr\/biochimie\/wp-json\/wp\/v2\/pages"}],"about":[{"href":"https:\/\/sites.ac-nancy-metz.fr\/biochimie\/wp-json\/wp\/v2\/types\/page"}],"author":[{"embeddable":true,"href":"https:\/\/sites.ac-nancy-metz.fr\/biochimie\/wp-json\/wp\/v2\/users\/13"}],"replies":[{"embeddable":true,"href":"https:\/\/sites.ac-nancy-metz.fr\/biochimie\/wp-json\/wp\/v2\/comments?post=4696"}],"version-history":[{"count":2,"href":"https:\/\/sites.ac-nancy-metz.fr\/biochimie\/wp-json\/wp\/v2\/pages\/4696\/revisions"}],"predecessor-version":[{"id":4699,"href":"https:\/\/sites.ac-nancy-metz.fr\/biochimie\/wp-json\/wp\/v2\/pages\/4696\/revisions\/4699"}],"wp:attachment":[{"href":"https:\/\/sites.ac-nancy-metz.fr\/biochimie\/wp-json\/wp\/v2\/media?parent=4696"}],"curies":[{"name":"wp","href":"https:\/\/api.w.org\/{rel}","templated":true}]}}