{"id":1072,"date":"2021-04-19T07:26:08","date_gmt":"2021-04-19T05:26:08","guid":{"rendered":"https:\/\/sites.ac-nancy-metz.fr\/bonusagedunumerique\/?page_id=1072"},"modified":"2024-08-22T11:48:46","modified_gmt":"2024-08-22T09:48:46","slug":"1072-2","status":"publish","type":"page","link":"https:\/\/sites.ac-nancy-metz.fr\/bonusagedunumerique\/1072-2\/","title":{"rendered":"#aucalmesurleweb"},"content":{"rendered":"\t\t<div data-elementor-type=\"wp-page\" data-elementor-id=\"1072\" class=\"elementor elementor-1072\" data-elementor-post-type=\"page\">\n\t\t\t\t<div class=\"elementor-element elementor-element-19ad253 e-flex e-con-boxed e-con e-parent\" data-id=\"19ad253\" data-element_type=\"container\">\n\t\t\t\t\t<div class=\"e-con-inner\">\n\t\t\t\t<div class=\"elementor-element elementor-element-496ce98b elementor-widget elementor-widget-image\" data-id=\"496ce98b\" data-element_type=\"widget\" data-widget_type=\"image.default\">\n\t\t\t\t<div class=\"elementor-widget-container\">\n\t\t\t\t\t\t\t\t\t\t\t\t\t\t\t<img alt=\"\" fetchpriority=\"high\" decoding=\"async\" width=\"800\" height=\"170\" src=\"https:\/\/sites.ac-nancy-metz.fr\/bonusagedunumerique\/wp-content\/uploads\/2023\/03\/ressources-aucalme-1024x217.png\" class=\"attachment-large size-large wp-image-3134\" alt=\"\" srcset=\"https:\/\/sites.ac-nancy-metz.fr\/bonusagedunumerique\/wp-content\/uploads\/2023\/03\/ressources-aucalme-1024x217.png 1024w, https:\/\/sites.ac-nancy-metz.fr\/bonusagedunumerique\/wp-content\/uploads\/2023\/03\/ressources-aucalme-300x64.png 300w, https:\/\/sites.ac-nancy-metz.fr\/bonusagedunumerique\/wp-content\/uploads\/2023\/03\/ressources-aucalme-768x163.png 768w, https:\/\/sites.ac-nancy-metz.fr\/bonusagedunumerique\/wp-content\/uploads\/2023\/03\/ressources-aucalme-1536x326.png 1536w, https:\/\/sites.ac-nancy-metz.fr\/bonusagedunumerique\/wp-content\/uploads\/2023\/03\/ressources-aucalme-2048x435.png 2048w, https:\/\/sites.ac-nancy-metz.fr\/bonusagedunumerique\/wp-content\/uploads\/2023\/03\/ressources-aucalme-1080x229.png 1080w, https:\/\/sites.ac-nancy-metz.fr\/bonusagedunumerique\/wp-content\/uploads\/2023\/03\/ressources-aucalme-1280x272.png 1280w, https:\/\/sites.ac-nancy-metz.fr\/bonusagedunumerique\/wp-content\/uploads\/2023\/03\/ressources-aucalme-980x208.png 980w, https:\/\/sites.ac-nancy-metz.fr\/bonusagedunumerique\/wp-content\/uploads\/2023\/03\/ressources-aucalme-480x102.png 480w\" sizes=\"(max-width: 800px) 100vw, 800px\" \/>\t\t\t\t\t\t\t\t\t\t\t\t\t\t\t<\/div>\n\t\t\t\t<\/div>\n\t\t\t\t\t<\/div>\n\t\t\t\t<\/div>\n\t\t<div class=\"elementor-element elementor-element-567b87f2 e-flex e-con-boxed e-con e-parent\" data-id=\"567b87f2\" data-element_type=\"container\">\n\t\t\t\t\t<div class=\"e-con-inner\">\n\t\t<div class=\"elementor-element elementor-element-4019b035 e-con-full e-flex e-con e-child\" data-id=\"4019b035\" data-element_type=\"container\">\n\t\t\t\t<div class=\"elementor-element elementor-element-40a049b6 elementor-widget elementor-widget-heading\" data-id=\"40a049b6\" data-element_type=\"widget\" data-widget_type=\"heading.default\">\n\t\t\t\t<div class=\"elementor-widget-container\">\n\t\t\t\t\t<h2 class=\"elementor-heading-title elementor-size-default\">Quel est ce dispositif ? <\/h2>\t\t\t\t<\/div>\n\t\t\t\t<\/div>\n\t\t\t\t<div class=\"elementor-element elementor-element-3d3d03af elementor-widget elementor-widget-text-editor\" data-id=\"3d3d03af\" data-element_type=\"widget\" data-widget_type=\"text-editor.default\">\n\t\t\t\t<div class=\"elementor-widget-container\">\n\t\t\t\t\t\t\t\t\tLa Drane de Nancy Metz a d\u00e9cid\u00e9 de passer \u00e0 l\u2019action face au cyber harc\u00e8lement, \u00e9l\u00e9ment perturbateur r\u00e9current du climat scolaire de l\u2019\u00e9cole\u2026 au lyc\u00e9e.\n\n\t\t\t\t\t\t\t\t<\/div>\n\t\t\t\t<\/div>\n\t\t\t\t<div class=\"elementor-element elementor-element-36ed2fba elementor-widget elementor-widget-text-editor\" data-id=\"36ed2fba\" data-element_type=\"widget\" data-widget_type=\"text-editor.default\">\n\t\t\t\t<div class=\"elementor-widget-container\">\n\t\t\t\t\t\t\t\t\t#aucalmesurleweb est un dispositif d\u2019accompagnement des enseignants, des formateurs, des \u00e9quipes de direction dans les usages raisonn\u00e9s et raisonnables du num\u00e9rique aupr\u00e8s des \u00e9l\u00e8ves et des parents des classes de 5\u00e8me \u00e0 la 3\u00e8me.\n\t\t\t\t\t\t\t\t<\/div>\n\t\t\t\t<\/div>\n\t\t\t\t<\/div>\n\t\t<div class=\"elementor-element elementor-element-52feadf6 e-con-full e-flex e-con e-child\" data-id=\"52feadf6\" data-element_type=\"container\">\n\t\t\t\t<div class=\"elementor-element elementor-element-f5150e3 elementor-widget elementor-widget-video\" data-id=\"f5150e3\" data-element_type=\"widget\" data-settings=\"{&quot;video_type&quot;:&quot;hosted&quot;,&quot;controls&quot;:&quot;yes&quot;}\" data-widget_type=\"video.default\">\n\t\t\t\t<div class=\"elementor-widget-container\">\n\t\t\t\t\t\t\t<div class=\"e-hosted-video elementor-wrapper elementor-open-inline\">\n\t\t\t\t\t<video class=\"elementor-video\" src=\"https:\/\/sites.ac-nancy-metz.fr\/bonusagedunumerique\/wp-content\/uploads\/2022\/03\/video-lancement-aucalme.mp4\" controls=\"\" preload=\"metadata\" controlsList=\"nodownload\"><\/video>\n\t\t\t\t<\/div>\n\t\t\t\t\t\t<\/div>\n\t\t\t\t<\/div>\n\t\t\t\t<\/div>\n\t\t\t\t\t<\/div>\n\t\t\t\t<\/div>\n\t\t<div class=\"elementor-element elementor-element-19d111c e-flex e-con-boxed e-con e-parent\" data-id=\"19d111c\" data-element_type=\"container\">\n\t\t\t\t\t<div class=\"e-con-inner\">\n\t\t<div class=\"elementor-element elementor-element-adf4ac7 e-con-full e-flex e-con e-child\" data-id=\"adf4ac7\" data-element_type=\"container\">\n\t\t\t\t<div class=\"elementor-element elementor-element-9ab7265 elementor-widget elementor-widget-heading\" data-id=\"9ab7265\" data-element_type=\"widget\" data-widget_type=\"heading.default\">\n\t\t\t\t<div class=\"elementor-widget-container\">\n\t\t\t\t\t<h2 class=\"elementor-heading-title elementor-size-default\">D\u00e9couvrir le kit d'animation<\/h2>\t\t\t\t<\/div>\n\t\t\t\t<\/div>\n\t\t\t\t<div class=\"elementor-element elementor-element-8643936 elementor-widget elementor-widget-text-editor\" data-id=\"8643936\" data-element_type=\"widget\" data-widget_type=\"text-editor.default\">\n\t\t\t\t<div class=\"elementor-widget-container\">\n\t\t\t\t\t\t\t\t\t<p>Ce kit d&rsquo;animation va permettre \u00e0 :<\/p><ul><li>aider les parents \u00e0 \u00ab entrer \u00bb dans l\u2019\u00e9cole, le coll\u00e8ge ou le lyc\u00e9e (invitation \u00e0 un \u00e9v\u00e9nement) ;<\/li><li>faire \u00e9voluer les temps d\u2019\u00e9changes avec les familles, (en soir\u00e9e, un samedi matin\u2026)\u00a0;<\/li><li>d\u00e9velopper des actions d\u2019accompagnement \u00e0 la parentalit\u00e9 et des modalit\u00e9s de dialogue entre l\u2019\u00c9cole et les familles \u00e0 partir d\u2019un diagnostic partag\u00e9 avec l\u2019ensemble des partenaires (partenaires multiples, \u00e9quipes de circonscription, BPDJ, associations comme celles des Familles rurales, structure culturelle, commune\u2026)\u00a0;<\/li><li>rassurer et conforter les parents dans leur r\u00f4le d\u2019adultes \u00e9ducateurs de leurs enfants\u00a0;<\/li><li>aider \u00e0 renforcer la s\u00e9r\u00e9nit\u00e9 dans la communaut\u00e9 \u00e9ducative au sens large\u00a0;<\/li><li>repenser les lieux d\u2019accueil et l\u2019animation des espaces d\u2019accueil\u00a0;<\/li><li>faire \u00e9voluer gr\u00e2ce et via le num\u00e9rique les supports de communication, (Twitter, ENT\u2026).<\/li><\/ul>\t\t\t\t\t\t\t\t<\/div>\n\t\t\t\t<\/div>\n\t\t\t\t<\/div>\n\t\t<div class=\"elementor-element elementor-element-a07dd55 e-con-full e-flex e-con e-child\" data-id=\"a07dd55\" data-element_type=\"container\">\n\t\t\t\t<div class=\"elementor-element elementor-element-a09201f elementor-widget elementor-widget-image\" data-id=\"a09201f\" data-element_type=\"widget\" data-widget_type=\"image.default\">\n\t\t\t\t<div class=\"elementor-widget-container\">\n\t\t\t\t\t\t\t\t\t\t\t\t\t\t\t<img alt=\"\" decoding=\"async\" width=\"336\" height=\"477\" src=\"https:\/\/sites.ac-nancy-metz.fr\/bonusagedunumerique\/wp-content\/uploads\/2023\/04\/boite-cartes.jpg\" class=\"attachment-full size-full wp-image-3184\" alt=\"\" srcset=\"https:\/\/sites.ac-nancy-metz.fr\/bonusagedunumerique\/wp-content\/uploads\/2023\/04\/boite-cartes.jpg 336w, https:\/\/sites.ac-nancy-metz.fr\/bonusagedunumerique\/wp-content\/uploads\/2023\/04\/boite-cartes-211x300.jpg 211w\" sizes=\"(max-width: 336px) 100vw, 336px\" \/>\t\t\t\t\t\t\t\t\t\t\t\t\t\t\t<\/div>\n\t\t\t\t<\/div>\n\t\t\t\t<\/div>\n\t\t\t\t\t<\/div>\n\t\t\t\t<\/div>\n\t\t\t\t<\/div>\n\t\t","protected":false},"excerpt":{"rendered":"<p>Quel est ce dispositif ? La Drane de Nancy Metz a d\u00e9cid\u00e9 de passer \u00e0 l\u2019action face au cyber harc\u00e8lement, \u00e9l\u00e9ment perturbateur r\u00e9current du climat scolaire de l\u2019\u00e9cole\u2026 au lyc\u00e9e. #aucalmesurleweb est un dispositif d\u2019accompagnement des enseignants, des formateurs, des \u00e9quipes de direction dans les usages raisonn\u00e9s et raisonnables du num\u00e9rique aupr\u00e8s des \u00e9l\u00e8ves et [&hellip;]<\/p>\n","protected":false},"author":7,"featured_media":0,"parent":0,"menu_order":0,"comment_status":"closed","ping_status":"closed","template":"","meta":{"_seopress_robots_primary_cat":"","_seopress_titles_title":"","_seopress_titles_desc":"","_seopress_robots_index":"","footnotes":""},"categories":[],"tags":[],"class_list":["post-1072","page","type-page","status-publish","hentry"],"_links":{"self":[{"href":"https:\/\/sites.ac-nancy-metz.fr\/bonusagedunumerique\/wp-json\/wp\/v2\/pages\/1072","targetHints":{"allow":["GET"]}}],"collection":[{"href":"https:\/\/sites.ac-nancy-metz.fr\/bonusagedunumerique\/wp-json\/wp\/v2\/pages"}],"about":[{"href":"https:\/\/sites.ac-nancy-metz.fr\/bonusagedunumerique\/wp-json\/wp\/v2\/types\/page"}],"author":[{"embeddable":true,"href":"https:\/\/sites.ac-nancy-metz.fr\/bonusagedunumerique\/wp-json\/wp\/v2\/users\/7"}],"replies":[{"embeddable":true,"href":"https:\/\/sites.ac-nancy-metz.fr\/bonusagedunumerique\/wp-json\/wp\/v2\/comments?post=1072"}],"version-history":[{"count":47,"href":"https:\/\/sites.ac-nancy-metz.fr\/bonusagedunumerique\/wp-json\/wp\/v2\/pages\/1072\/revisions"}],"predecessor-version":[{"id":4228,"href":"https:\/\/sites.ac-nancy-metz.fr\/bonusagedunumerique\/wp-json\/wp\/v2\/pages\/1072\/revisions\/4228"}],"wp:attachment":[{"href":"https:\/\/sites.ac-nancy-metz.fr\/bonusagedunumerique\/wp-json\/wp\/v2\/media?parent=1072"}],"wp:term":[{"taxonomy":"category","embeddable":true,"href":"https:\/\/sites.ac-nancy-metz.fr\/bonusagedunumerique\/wp-json\/wp\/v2\/categories?post=1072"},{"taxonomy":"post_tag","embeddable":true,"href":"https:\/\/sites.ac-nancy-metz.fr\/bonusagedunumerique\/wp-json\/wp\/v2\/tags?post=1072"}],"curies":[{"name":"wp","href":"https:\/\/api.w.org\/{rel}","templated":true}]}}