{"id":15,"date":"2021-04-10T15:51:28","date_gmt":"2021-04-10T13:51:28","guid":{"rendered":"https:\/\/sites.ac-nancy-metz.fr\/bonusagedunumerique\/?page_id=15"},"modified":"2024-08-19T14:52:18","modified_gmt":"2024-08-19T12:52:18","slug":"15-2","status":"publish","type":"page","link":"https:\/\/sites.ac-nancy-metz.fr\/bonusagedunumerique\/15-2\/","title":{"rendered":"Molo Molo sur le web"},"content":{"rendered":"\t\t<div data-elementor-type=\"wp-page\" data-elementor-id=\"15\" class=\"elementor elementor-15\" data-elementor-post-type=\"page\">\n\t\t\t\t<div class=\"elementor-element elementor-element-63a08f3 e-flex e-con-boxed e-con e-parent\" data-id=\"63a08f3\" data-element_type=\"container\">\n\t\t\t\t\t<div class=\"e-con-inner\">\n\t\t<div class=\"elementor-element elementor-element-9543def e-con-full e-flex e-con e-child\" data-id=\"9543def\" data-element_type=\"container\" data-settings=\"{&quot;background_background&quot;:&quot;classic&quot;}\">\n\t\t\t\t<div class=\"elementor-element elementor-element-e6f29de elementor-widget elementor-widget-heading\" data-id=\"e6f29de\" data-element_type=\"widget\" data-widget_type=\"heading.default\">\n\t\t\t\t<div class=\"elementor-widget-container\">\n\t\t\t\t\t<h2 class=\"elementor-heading-title elementor-size-default\">La d\u00e9l\u00e9gation r\u00e9gionale au num\u00e9rique \u00e9ducatif de l\u2019acad\u00e9mie\nde Nancy-Metz et l\u2019association Les Paraboleurs\nvous invitent \u00e0 suivre les aventures de<\/h2>\t\t\t\t<\/div>\n\t\t\t\t<\/div>\n\t\t\t\t<div class=\"elementor-element elementor-element-a8a8664 elementor-widget elementor-widget-image\" data-id=\"a8a8664\" data-element_type=\"widget\" data-widget_type=\"image.default\">\n\t\t\t\t<div class=\"elementor-widget-container\">\n\t\t\t\t\t\t\t\t\t\t\t\t\t\t\t<img alt=\"\" decoding=\"async\" width=\"231\" height=\"71\" src=\"https:\/\/sites.ac-nancy-metz.fr\/bonusagedunumerique\/wp-content\/uploads\/2023\/06\/petitetortue-1.png\" class=\"attachment-large size-large wp-image-3466\" alt=\"\" \/>\t\t\t\t\t\t\t\t\t\t\t\t\t\t\t<\/div>\n\t\t\t\t<\/div>\n\t\t\t\t<div class=\"elementor-element elementor-element-b78b54f elementor-widget elementor-widget-image\" data-id=\"b78b54f\" data-element_type=\"widget\" data-widget_type=\"image.default\">\n\t\t\t\t<div class=\"elementor-widget-container\">\n\t\t\t\t\t\t\t\t\t\t\t\t\t\t\t<img decoding=\"async\" src=\"https:\/\/sites.ac-nancy-metz.fr\/bonusagedunumerique\/wp-content\/uploads\/elementor\/thumbs\/accueil-molo-qt60o7x1ilna96vfergbgoqahepkjbg8iul8fu9aho.png\" title=\"accueil-molo\" alt=\"accueil-molo\" loading=\"lazy\" \/>\t\t\t\t\t\t\t\t\t\t\t\t\t\t\t<\/div>\n\t\t\t\t<\/div>\n\t\t\t\t<\/div>\n\t\t\t\t\t<\/div>\n\t\t\t\t<\/div>\n\t\t<div class=\"elementor-element elementor-element-b60dd8b e-flex e-con-boxed e-con e-parent\" data-id=\"b60dd8b\" data-element_type=\"container\">\n\t\t\t\t\t<div class=\"e-con-inner\">\n\t\t\t\t\t<\/div>\n\t\t\t\t<\/div>\n\t\t<div class=\"elementor-element elementor-element-c796a63 e-flex e-con-boxed e-con e-parent\" data-id=\"c796a63\" data-element_type=\"container\">\n\t\t\t\t\t<div class=\"e-con-inner\">\n\t\t<div class=\"elementor-element elementor-element-c60ce78 e-con-full e-flex e-con e-child\" data-id=\"c60ce78\" data-element_type=\"container\">\n\t\t\t\t<div class=\"elementor-element elementor-element-1435244 elementor-widget elementor-widget-text-editor\" data-id=\"1435244\" data-element_type=\"widget\" data-widget_type=\"text-editor.default\">\n\t\t\t\t<div class=\"elementor-widget-container\">\n\t\t\t\t\t\t\t\t\tMolo Molo sur le web est un dispositif d\u2019accompagnement des enseignants, des formateurs, des \u00e9quipes de direction et de circonscription dans les usages raisonn\u00e9s et raisonnables du num\u00e9rique aupr\u00e8s des \u00e9l\u00e8ves et des parents des classes de CM1-CM2 \u00e0 partir de l\u2019histoire d\u2019une petite tortue \n\u2026 BABAYAGAGOGO \u2026\t\t\t\t\t\t\t\t<\/div>\n\t\t\t\t<\/div>\n\t\t\t\t<\/div>\n\t\t<div class=\"elementor-element elementor-element-2900362 e-con-full e-flex e-con e-child\" data-id=\"2900362\" data-element_type=\"container\">\n\t\t\t\t<div class=\"elementor-element elementor-element-60e7037 elementor-widget elementor-widget-image\" data-id=\"60e7037\" data-element_type=\"widget\" data-widget_type=\"image.default\">\n\t\t\t\t<div class=\"elementor-widget-container\">\n\t\t\t\t\t\t\t\t\t\t\t\t\t\t\t<img alt=\"\" fetchpriority=\"high\" decoding=\"async\" width=\"412\" height=\"381\" src=\"https:\/\/sites.ac-nancy-metz.fr\/bonusagedunumerique\/wp-content\/uploads\/2022\/02\/baba-debat.png\" class=\"attachment-large size-large wp-image-2237\" alt=\"\" srcset=\"https:\/\/sites.ac-nancy-metz.fr\/bonusagedunumerique\/wp-content\/uploads\/2022\/02\/baba-debat.png 412w, https:\/\/sites.ac-nancy-metz.fr\/bonusagedunumerique\/wp-content\/uploads\/2022\/02\/baba-debat-300x277.png 300w\" sizes=\"(max-width: 412px) 100vw, 412px\" \/>\t\t\t\t\t\t\t\t\t\t\t\t\t\t\t<\/div>\n\t\t\t\t<\/div>\n\t\t\t\t<\/div>\n\t\t\t\t\t<\/div>\n\t\t\t\t<\/div>\n\t\t<div class=\"elementor-element elementor-element-ae6878e e-flex e-con-boxed e-con e-parent\" data-id=\"ae6878e\" data-element_type=\"container\">\n\t\t\t\t\t<div class=\"e-con-inner\">\n\t\t\t\t<div class=\"elementor-element elementor-element-f9bfc13 elementor-widget elementor-widget-heading\" data-id=\"f9bfc13\" data-element_type=\"widget\" data-widget_type=\"heading.default\">\n\t\t\t\t<div class=\"elementor-widget-container\">\n\t\t\t\t\t<h2 class=\"elementor-heading-title elementor-size-default\">VENEZ D\u00c9COUVRIR SON HISTOIRE !\n<\/h2>\t\t\t\t<\/div>\n\t\t\t\t<\/div>\n\t\t\t\t<div class=\"elementor-element elementor-element-1a71613 elementor-widget elementor-widget-video\" data-id=\"1a71613\" data-element_type=\"widget\" data-settings=\"{&quot;video_type&quot;:&quot;hosted&quot;,&quot;controls&quot;:&quot;yes&quot;}\" data-widget_type=\"video.default\">\n\t\t\t\t<div class=\"elementor-widget-container\">\n\t\t\t\t\t\t\t<div class=\"e-hosted-video elementor-wrapper elementor-open-inline\">\n\t\t\t\t\t<video class=\"elementor-video\" src=\"https:\/\/sites.ac-nancy-metz.fr\/bonusagedunumerique\/wp-content\/uploads\/2022\/01\/Baba-livre-audio.mp4\" controls=\"\" preload=\"metadata\" controlsList=\"nodownload\"><\/video>\n\t\t\t\t<\/div>\n\t\t\t\t\t\t<\/div>\n\t\t\t\t<\/div>\n\t\t\t\t\t<\/div>\n\t\t\t\t<\/div>\n\t\t<div class=\"elementor-element elementor-element-6339289 e-flex e-con-boxed e-con e-parent\" data-id=\"6339289\" data-element_type=\"container\">\n\t\t\t\t\t<div class=\"e-con-inner\">\n\t\t\t\t<div class=\"elementor-element elementor-element-4370f24 elementor-widget elementor-widget-heading\" data-id=\"4370f24\" data-element_type=\"widget\" data-widget_type=\"heading.default\">\n\t\t\t\t<div class=\"elementor-widget-container\">\n\t\t\t\t\t<h2 class=\"elementor-heading-title elementor-size-default\">Pour aller plus loin \u2026<\/h2>\t\t\t\t<\/div>\n\t\t\t\t<\/div>\n\t\t\t\t\t<\/div>\n\t\t\t\t<\/div>\n\t\t<div class=\"elementor-element elementor-element-0f4a3a4 e-flex e-con-boxed e-con e-parent\" data-id=\"0f4a3a4\" data-element_type=\"container\">\n\t\t\t\t\t<div class=\"e-con-inner\">\n\t\t<div class=\"elementor-element elementor-element-5c7f210 e-con-full e-flex e-con e-child\" data-id=\"5c7f210\" data-element_type=\"container\">\n\t\t\t\t<div class=\"elementor-element elementor-element-628bc3a elementor-widget elementor-widget-image\" data-id=\"628bc3a\" data-element_type=\"widget\" data-widget_type=\"image.default\">\n\t\t\t\t<div class=\"elementor-widget-container\">\n\t\t\t\t\t\t\t\t\t\t\t\t\t\t\t<img alt=\"\" decoding=\"async\" width=\"533\" height=\"376\" src=\"https:\/\/sites.ac-nancy-metz.fr\/bonusagedunumerique\/wp-content\/uploads\/2023\/06\/boite.png\" class=\"attachment-large size-large wp-image-3474\" alt=\"\" srcset=\"https:\/\/sites.ac-nancy-metz.fr\/bonusagedunumerique\/wp-content\/uploads\/2023\/06\/boite.png 533w, https:\/\/sites.ac-nancy-metz.fr\/bonusagedunumerique\/wp-content\/uploads\/2023\/06\/boite-300x212.png 300w, https:\/\/sites.ac-nancy-metz.fr\/bonusagedunumerique\/wp-content\/uploads\/2023\/06\/boite-480x339.png 480w\" sizes=\"(max-width: 533px) 100vw, 533px\" \/>\t\t\t\t\t\t\t\t\t\t\t\t\t\t\t<\/div>\n\t\t\t\t<\/div>\n\t\t\t\t<div class=\"elementor-element elementor-element-c7a1a1b elementor-widget elementor-widget-heading\" data-id=\"c7a1a1b\" data-element_type=\"widget\" data-widget_type=\"heading.default\">\n\t\t\t\t<div class=\"elementor-widget-container\">\n\t\t\t\t\t<h2 class=\"elementor-heading-title elementor-size-default\">MoloMolo sur le web<\/h2>\t\t\t\t<\/div>\n\t\t\t\t<\/div>\n\t\t\t\t<div class=\"elementor-element elementor-element-23ee280 elementor-widget elementor-widget-text-editor\" data-id=\"23ee280\" data-element_type=\"widget\" data-widget_type=\"text-editor.default\">\n\t\t\t\t<div class=\"elementor-widget-container\">\n\t\t\t\t\t\t\t\t\t<p>Kit d&rsquo;animation pour une session de molomo<\/p>\t\t\t\t\t\t\t\t<\/div>\n\t\t\t\t<\/div>\n\t\t\t\t<div class=\"elementor-element elementor-element-16040f5 elementor-align-center elementor-widget elementor-widget-button\" data-id=\"16040f5\" data-element_type=\"widget\" data-widget_type=\"button.default\">\n\t\t\t\t<div class=\"elementor-widget-container\">\n\t\t\t\t\t\t\t\t\t<div class=\"elementor-button-wrapper\">\n\t\t\t\t\t<a class=\"elementor-button elementor-button-link elementor-size-sm\" href=\"https:\/\/sites.ac-nancy-metz.fr\/molomolo\/le-molo-molo-v2\/\">\n\t\t\t\t\t\t<span class=\"elementor-button-content-wrapper\">\n\t\t\t\t\t\t\t\t\t<span class=\"elementor-button-text\">Venez d\u00e9couvrir !<\/span>\n\t\t\t\t\t<\/span>\n\t\t\t\t\t<\/a>\n\t\t\t\t<\/div>\n\t\t\t\t\t\t\t\t<\/div>\n\t\t\t\t<\/div>\n\t\t\t\t<\/div>\n\t\t<div class=\"elementor-element elementor-element-9b8af16 e-con-full e-flex e-con e-child\" data-id=\"9b8af16\" data-element_type=\"container\">\n\t\t\t\t<div class=\"elementor-element elementor-element-7238b90 elementor-widget elementor-widget-image\" data-id=\"7238b90\" data-element_type=\"widget\" data-widget_type=\"image.default\">\n\t\t\t\t<div class=\"elementor-widget-container\">\n\t\t\t\t\t\t\t\t\t\t\t\t\t\t\t<img alt=\"\" loading=\"lazy\" decoding=\"async\" width=\"495\" height=\"400\" src=\"https:\/\/sites.ac-nancy-metz.fr\/bonusagedunumerique\/wp-content\/uploads\/2021\/04\/trombinoznotes-accueil-495x400-1.jpg\" class=\"attachment-large size-large wp-image-168\" alt=\"\" srcset=\"https:\/\/sites.ac-nancy-metz.fr\/bonusagedunumerique\/wp-content\/uploads\/2021\/04\/trombinoznotes-accueil-495x400-1.jpg 495w, https:\/\/sites.ac-nancy-metz.fr\/bonusagedunumerique\/wp-content\/uploads\/2021\/04\/trombinoznotes-accueil-495x400-1-300x242.jpg 300w, https:\/\/sites.ac-nancy-metz.fr\/bonusagedunumerique\/wp-content\/uploads\/2021\/04\/trombinoznotes-accueil-495x400-1-480x388.jpg 480w\" sizes=\"(max-width: 495px) 100vw, 495px\" \/>\t\t\t\t\t\t\t\t\t\t\t\t\t\t\t<\/div>\n\t\t\t\t<\/div>\n\t\t\t\t<div class=\"elementor-element elementor-element-6462c91 elementor-widget elementor-widget-heading\" data-id=\"6462c91\" data-element_type=\"widget\" data-widget_type=\"heading.default\">\n\t\t\t\t<div class=\"elementor-widget-container\">\n\t\t\t\t\t<h2 class=\"elementor-heading-title elementor-size-default\">Rencontre avec les artistes<\/h2>\t\t\t\t<\/div>\n\t\t\t\t<\/div>\n\t\t\t\t<div class=\"elementor-element elementor-element-0233ec2 elementor-widget elementor-widget-text-editor\" data-id=\"0233ec2\" data-element_type=\"widget\" data-widget_type=\"text-editor.default\">\n\t\t\t\t<div class=\"elementor-widget-container\">\n\t\t\t\t\t\t\t\t\t<p>Venez d\u00e9couvrir nos artistes \u2026 Les Trombinoz\u2019notes : Chyc Polhit le conteur, Myriam l\u2019illustratrice-plasticienne, Anselme et Floriane les musiciens<\/p>\t\t\t\t\t\t\t\t<\/div>\n\t\t\t\t<\/div>\n\t\t\t\t<div class=\"elementor-element elementor-element-9ed68ff elementor-align-center elementor-widget elementor-widget-button\" data-id=\"9ed68ff\" data-element_type=\"widget\" data-widget_type=\"button.default\">\n\t\t\t\t<div class=\"elementor-widget-container\">\n\t\t\t\t\t\t\t\t\t<div class=\"elementor-button-wrapper\">\n\t\t\t\t\t<a class=\"elementor-button elementor-button-link elementor-size-sm\" href=\"http:\/\/www.trombinoznotes.maxopieces.info\/\">\n\t\t\t\t\t\t<span class=\"elementor-button-content-wrapper\">\n\t\t\t\t\t\t\t\t\t<span class=\"elementor-button-text\">Les Trombinoz\u2019notes<\/span>\n\t\t\t\t\t<\/span>\n\t\t\t\t\t<\/a>\n\t\t\t\t<\/div>\n\t\t\t\t\t\t\t\t<\/div>\n\t\t\t\t<\/div>\n\t\t\t\t<\/div>\n\t\t<div class=\"elementor-element elementor-element-303ca9c e-con-full e-flex e-con e-child\" data-id=\"303ca9c\" data-element_type=\"container\">\n\t\t\t\t<div class=\"elementor-element elementor-element-e93d6f2 elementor-widget elementor-widget-image\" data-id=\"e93d6f2\" data-element_type=\"widget\" data-widget_type=\"image.default\">\n\t\t\t\t<div class=\"elementor-widget-container\">\n\t\t\t\t\t\t\t\t\t\t\t\t\t\t\t<img alt=\"\" loading=\"lazy\" decoding=\"async\" width=\"543\" height=\"448\" src=\"https:\/\/sites.ac-nancy-metz.fr\/bonusagedunumerique\/wp-content\/uploads\/2021\/04\/logo-_r17_c4.jpg\" class=\"attachment-large size-large wp-image-419\" alt=\"\" srcset=\"https:\/\/sites.ac-nancy-metz.fr\/bonusagedunumerique\/wp-content\/uploads\/2021\/04\/logo-_r17_c4.jpg 543w, https:\/\/sites.ac-nancy-metz.fr\/bonusagedunumerique\/wp-content\/uploads\/2021\/04\/logo-_r17_c4-300x248.jpg 300w, https:\/\/sites.ac-nancy-metz.fr\/bonusagedunumerique\/wp-content\/uploads\/2021\/04\/logo-_r17_c4-480x396.jpg 480w\" sizes=\"(max-width: 543px) 100vw, 543px\" \/>\t\t\t\t\t\t\t\t\t\t\t\t\t\t\t<\/div>\n\t\t\t\t<\/div>\n\t\t\t\t<div class=\"elementor-element elementor-element-7020e55 elementor-widget elementor-widget-heading\" data-id=\"7020e55\" data-element_type=\"widget\" data-widget_type=\"heading.default\">\n\t\t\t\t<div class=\"elementor-widget-container\">\n\t\t\t\t\t<h2 class=\"elementor-heading-title elementor-size-default\">Vous voulez plus d'infos ?<\/h2>\t\t\t\t<\/div>\n\t\t\t\t<\/div>\n\t\t\t\t<div class=\"elementor-element elementor-element-c18386b elementor-widget elementor-widget-text-editor\" data-id=\"c18386b\" data-element_type=\"widget\" data-widget_type=\"text-editor.default\">\n\t\t\t\t<div class=\"elementor-widget-container\">\n\t\t\t\t\t\t\t\t\tPour de plus amples informations, n\u2019h\u00e9sitez pas \u00e0 contacter Chyc Polhit !\n\t\t\t\t\t\t\t\t<\/div>\n\t\t\t\t<\/div>\n\t\t\t\t<div class=\"elementor-element elementor-element-a5cb842 elementor-align-center elementor-widget elementor-widget-button\" data-id=\"a5cb842\" data-element_type=\"widget\" data-widget_type=\"button.default\">\n\t\t\t\t<div class=\"elementor-widget-container\">\n\t\t\t\t\t\t\t\t\t<div class=\"elementor-button-wrapper\">\n\t\t\t\t\t<a class=\"elementor-button elementor-button-link elementor-size-sm\" href=\"mailto:contact@conteurafricain.fr%20\">\n\t\t\t\t\t\t<span class=\"elementor-button-content-wrapper\">\n\t\t\t\t\t\t\t\t\t<span class=\"elementor-button-text\">Contacter<\/span>\n\t\t\t\t\t<\/span>\n\t\t\t\t\t<\/a>\n\t\t\t\t<\/div>\n\t\t\t\t\t\t\t\t<\/div>\n\t\t\t\t<\/div>\n\t\t\t\t<\/div>\n\t\t\t\t\t<\/div>\n\t\t\t\t<\/div>\n\t\t\t\t<\/div>\n\t\t","protected":false},"excerpt":{"rendered":"<p>La d\u00e9l\u00e9gation r\u00e9gionale au num\u00e9rique \u00e9ducatif de l\u2019acad\u00e9mie de Nancy-Metz et l\u2019association Les Paraboleurs vous invitent \u00e0 suivre les aventures de Molo Molo sur le web est un dispositif d\u2019accompagnement des enseignants, des formateurs, des \u00e9quipes de direction et de circonscription dans les usages raisonn\u00e9s et raisonnables du num\u00e9rique aupr\u00e8s des \u00e9l\u00e8ves et des parents [&hellip;]<\/p>\n","protected":false},"author":7,"featured_media":0,"parent":0,"menu_order":0,"comment_status":"closed","ping_status":"closed","template":"","meta":{"_seopress_robots_primary_cat":"","_seopress_titles_title":"","_seopress_titles_desc":"","_seopress_robots_index":"","footnotes":""},"categories":[],"tags":[],"class_list":["post-15","page","type-page","status-publish","hentry"],"_links":{"self":[{"href":"https:\/\/sites.ac-nancy-metz.fr\/bonusagedunumerique\/wp-json\/wp\/v2\/pages\/15","targetHints":{"allow":["GET"]}}],"collection":[{"href":"https:\/\/sites.ac-nancy-metz.fr\/bonusagedunumerique\/wp-json\/wp\/v2\/pages"}],"about":[{"href":"https:\/\/sites.ac-nancy-metz.fr\/bonusagedunumerique\/wp-json\/wp\/v2\/types\/page"}],"author":[{"embeddable":true,"href":"https:\/\/sites.ac-nancy-metz.fr\/bonusagedunumerique\/wp-json\/wp\/v2\/users\/7"}],"replies":[{"embeddable":true,"href":"https:\/\/sites.ac-nancy-metz.fr\/bonusagedunumerique\/wp-json\/wp\/v2\/comments?post=15"}],"version-history":[{"count":343,"href":"https:\/\/sites.ac-nancy-metz.fr\/bonusagedunumerique\/wp-json\/wp\/v2\/pages\/15\/revisions"}],"predecessor-version":[{"id":4141,"href":"https:\/\/sites.ac-nancy-metz.fr\/bonusagedunumerique\/wp-json\/wp\/v2\/pages\/15\/revisions\/4141"}],"wp:attachment":[{"href":"https:\/\/sites.ac-nancy-metz.fr\/bonusagedunumerique\/wp-json\/wp\/v2\/media?parent=15"}],"wp:term":[{"taxonomy":"category","embeddable":true,"href":"https:\/\/sites.ac-nancy-metz.fr\/bonusagedunumerique\/wp-json\/wp\/v2\/categories?post=15"},{"taxonomy":"post_tag","embeddable":true,"href":"https:\/\/sites.ac-nancy-metz.fr\/bonusagedunumerique\/wp-json\/wp\/v2\/tags?post=15"}],"curies":[{"name":"wp","href":"https:\/\/api.w.org\/{rel}","templated":true}]}}