{"id":1894,"date":"2021-12-15T22:41:22","date_gmt":"2021-12-15T21:41:22","guid":{"rendered":"https:\/\/sites.ac-nancy-metz.fr\/bonusagedunumerique\/?page_id=1894"},"modified":"2024-08-22T10:23:12","modified_gmt":"2024-08-22T08:23:12","slug":"extension-cycle4","status":"publish","type":"page","link":"https:\/\/sites.ac-nancy-metz.fr\/bonusagedunumerique\/extension-cycle4\/","title":{"rendered":"Kit d&rsquo;animation cycle 4 et lyc\u00e9e"},"content":{"rendered":"\t\t<div data-elementor-type=\"wp-page\" data-elementor-id=\"1894\" class=\"elementor elementor-1894\" data-elementor-post-type=\"page\">\n\t\t\t\t<div class=\"elementor-element elementor-element-7b1bbe5 e-flex e-con-boxed e-con e-parent\" data-id=\"7b1bbe5\" data-element_type=\"container\">\n\t\t\t\t\t<div class=\"e-con-inner\">\n\t\t\t\t<div class=\"elementor-element elementor-element-64aaee27 elementor-widget elementor-widget-image\" data-id=\"64aaee27\" data-element_type=\"widget\" data-widget_type=\"image.default\">\n\t\t\t\t<div class=\"elementor-widget-container\">\n\t\t\t\t\t\t\t\t\t\t\t\t\t\t\t<img alt=\"\" fetchpriority=\"high\" decoding=\"async\" width=\"800\" height=\"170\" src=\"https:\/\/sites.ac-nancy-metz.fr\/bonusagedunumerique\/wp-content\/uploads\/2023\/03\/ressources-aucalme-1024x217.png\" class=\"attachment-large size-large wp-image-3134\" alt=\"\" srcset=\"https:\/\/sites.ac-nancy-metz.fr\/bonusagedunumerique\/wp-content\/uploads\/2023\/03\/ressources-aucalme-1024x217.png 1024w, https:\/\/sites.ac-nancy-metz.fr\/bonusagedunumerique\/wp-content\/uploads\/2023\/03\/ressources-aucalme-300x64.png 300w, https:\/\/sites.ac-nancy-metz.fr\/bonusagedunumerique\/wp-content\/uploads\/2023\/03\/ressources-aucalme-768x163.png 768w, https:\/\/sites.ac-nancy-metz.fr\/bonusagedunumerique\/wp-content\/uploads\/2023\/03\/ressources-aucalme-1536x326.png 1536w, https:\/\/sites.ac-nancy-metz.fr\/bonusagedunumerique\/wp-content\/uploads\/2023\/03\/ressources-aucalme-2048x435.png 2048w, https:\/\/sites.ac-nancy-metz.fr\/bonusagedunumerique\/wp-content\/uploads\/2023\/03\/ressources-aucalme-1080x229.png 1080w, https:\/\/sites.ac-nancy-metz.fr\/bonusagedunumerique\/wp-content\/uploads\/2023\/03\/ressources-aucalme-1280x272.png 1280w, https:\/\/sites.ac-nancy-metz.fr\/bonusagedunumerique\/wp-content\/uploads\/2023\/03\/ressources-aucalme-980x208.png 980w, https:\/\/sites.ac-nancy-metz.fr\/bonusagedunumerique\/wp-content\/uploads\/2023\/03\/ressources-aucalme-480x102.png 480w\" sizes=\"(max-width: 800px) 100vw, 800px\" \/>\t\t\t\t\t\t\t\t\t\t\t\t\t\t\t<\/div>\n\t\t\t\t<\/div>\n\t\t\t\t\t<\/div>\n\t\t\t\t<\/div>\n\t\t<div class=\"elementor-element elementor-element-700e4c24 e-flex e-con-boxed e-con e-parent\" data-id=\"700e4c24\" data-element_type=\"container\">\n\t\t\t\t\t<div class=\"e-con-inner\">\n\t\t<div class=\"elementor-element elementor-element-16716068 e-con-full e-flex e-con e-child\" data-id=\"16716068\" data-element_type=\"container\">\n\t\t\t\t<div class=\"elementor-element elementor-element-4fca8e95 elementor-widget elementor-widget-heading\" data-id=\"4fca8e95\" data-element_type=\"widget\" data-widget_type=\"heading.default\">\n\t\t\t\t<div class=\"elementor-widget-container\">\n\t\t\t\t\t<h2 class=\"elementor-heading-title elementor-size-default\">Venez d\u00e9couvrir \u2026 le kit d\u2019animation cycle 4 et lyc\u00e9e\n<\/h2>\t\t\t\t<\/div>\n\t\t\t\t<\/div>\n\t\t\t\t<div class=\"elementor-element elementor-element-2538fd0d elementor-widget elementor-widget-text-editor\" data-id=\"2538fd0d\" data-element_type=\"widget\" data-widget_type=\"text-editor.default\">\n\t\t\t\t<div class=\"elementor-widget-container\">\n\t\t\t\t\t\t\t\t\t<p><b>#aucalmesurleweb<\/b>\u00a0est un dispositif d\u2019accompagnement des enseignants, des formateurs, des \u00e9quipes de direction et de circonscription dans les usages raisonn\u00e9s et raisonnables du num\u00e9rique \u00e0 destination des \u00e9l\u00e8ves de l\u2019\u00e9cole au lyc\u00e9e en partenariat avec l\u2019\u00e9quipe mobile de s\u00e9curit\u00e9, la gendarmerie et la police, en \u00e9quipe inter-degr\u00e9s, pilot\u00e9e par la DANE de Nancy-Metz.<\/p>\t\t\t\t\t\t\t\t<\/div>\n\t\t\t\t<\/div>\n\t\t\t\t<div class=\"elementor-element elementor-element-7314315b elementor-widget elementor-widget-text-editor\" data-id=\"7314315b\" data-element_type=\"widget\" data-widget_type=\"text-editor.default\">\n\t\t\t\t<div class=\"elementor-widget-container\">\n\t\t\t\t\t\t\t\t\t<p>L\u2019objectif d\u2019une \u00e9ducation au num\u00e9rique responsable est de permettre aux \u00e9l\u00e8ves d\u2019exercer leur citoyennet\u00e9 dans une soci\u00e9t\u00e9 de l\u2019information et de la communication mais \u00e9galement de former les \u00ab\u00a0cybercitoyens\u00a0\u00bb actifs, \u00e9clair\u00e9s et responsables de demain.<\/p>\t\t\t\t\t\t\t\t<\/div>\n\t\t\t\t<\/div>\n\t\t\t\t<\/div>\n\t\t<div class=\"elementor-element elementor-element-7e2b6a0b e-con-full e-flex e-con e-child\" data-id=\"7e2b6a0b\" data-element_type=\"container\">\n\t\t\t\t<div class=\"elementor-element elementor-element-ede5bb8 elementor-widget elementor-widget-image\" data-id=\"ede5bb8\" data-element_type=\"widget\" data-widget_type=\"image.default\">\n\t\t\t\t<div class=\"elementor-widget-container\">\n\t\t\t\t\t\t\t\t\t\t\t\t\t\t\t<img alt=\"\" decoding=\"async\" width=\"800\" height=\"454\" src=\"https:\/\/sites.ac-nancy-metz.fr\/bonusagedunumerique\/wp-content\/uploads\/2023\/03\/synopsis-1024x581.jpg\" class=\"attachment-large size-large wp-image-3161\" alt=\"\" srcset=\"https:\/\/sites.ac-nancy-metz.fr\/bonusagedunumerique\/wp-content\/uploads\/2023\/03\/synopsis-1024x581.jpg 1024w, https:\/\/sites.ac-nancy-metz.fr\/bonusagedunumerique\/wp-content\/uploads\/2023\/03\/synopsis-300x170.jpg 300w, https:\/\/sites.ac-nancy-metz.fr\/bonusagedunumerique\/wp-content\/uploads\/2023\/03\/synopsis-768x436.jpg 768w, https:\/\/sites.ac-nancy-metz.fr\/bonusagedunumerique\/wp-content\/uploads\/2023\/03\/synopsis-1080x612.jpg 1080w, https:\/\/sites.ac-nancy-metz.fr\/bonusagedunumerique\/wp-content\/uploads\/2023\/03\/synopsis-980x556.jpg 980w, https:\/\/sites.ac-nancy-metz.fr\/bonusagedunumerique\/wp-content\/uploads\/2023\/03\/synopsis-480x272.jpg 480w, https:\/\/sites.ac-nancy-metz.fr\/bonusagedunumerique\/wp-content\/uploads\/2023\/03\/synopsis.jpg 1222w\" sizes=\"(max-width: 800px) 100vw, 800px\" \/>\t\t\t\t\t\t\t\t\t\t\t\t\t\t\t<\/div>\n\t\t\t\t<\/div>\n\t\t\t\t<\/div>\n\t\t\t\t\t<\/div>\n\t\t\t\t<\/div>\n\t\t<div class=\"elementor-element elementor-element-df66acd e-flex e-con-boxed e-con e-parent\" data-id=\"df66acd\" data-element_type=\"container\">\n\t\t\t\t\t<div class=\"e-con-inner\">\n\t\t<div class=\"elementor-element elementor-element-3b66f4b e-con-full e-flex e-con e-child\" data-id=\"3b66f4b\" data-element_type=\"container\">\n\t\t\t\t<div class=\"elementor-element elementor-element-42bf9d4 elementor-widget elementor-widget-heading\" data-id=\"42bf9d4\" data-element_type=\"widget\" data-widget_type=\"heading.default\">\n\t\t\t\t<div class=\"elementor-widget-container\">\n\t\t\t\t\t<h2 class=\"elementor-heading-title elementor-size-default\">Un jeu de carte pour animer des d\u00e9bats<\/h2>\t\t\t\t<\/div>\n\t\t\t\t<\/div>\n\t\t\t\t<div class=\"elementor-element elementor-element-f499c71 elementor-widget elementor-widget-text-editor\" data-id=\"f499c71\" data-element_type=\"widget\" data-widget_type=\"text-editor.default\">\n\t\t\t\t<div class=\"elementor-widget-container\">\n\t\t\t\t\t\t\t\t\t<p>Ce dispositif vise \u00e9galement \u00e0 renforcer la relation \u00e9cole\/famille en construisant de nouvelles modalit\u00e9s de coop\u00e9ration avec les parents dans une perspective de co\u00e9ducation :\u00a0<strong>accueillir, dialoguer, informer, rassurer\u00a0; tels sont les objectifs vis\u00e9s.\u00a0<\/strong>Les ateliers ou temps forts organis\u00e9s dans les \u00e9coles, les \u00e9tablissements ou les m\u00e9diath\u00e8ques entrent tout \u00e0 fait dans ce cadre.<\/p>\t\t\t\t\t\t\t\t<\/div>\n\t\t\t\t<\/div>\n\t\t\t\t<div class=\"elementor-element elementor-element-db22c2d elementor-widget elementor-widget-text-editor\" data-id=\"db22c2d\" data-element_type=\"widget\" data-widget_type=\"text-editor.default\">\n\t\t\t\t<div class=\"elementor-widget-container\">\n\t\t\t\t\t\t\t\t\t<p>Retrouvez ci-dessous plusieurs ressources destin\u00e9es aux lyc\u00e9es vous permettant d&rsquo;engager la discussion dans vos classes<\/p><p>\u00a0<\/p>\t\t\t\t\t\t\t\t<\/div>\n\t\t\t\t<\/div>\n\t\t\t\t<\/div>\n\t\t<div class=\"elementor-element elementor-element-b2d1913 e-con-full e-flex e-con e-child\" data-id=\"b2d1913\" data-element_type=\"container\">\n\t\t\t\t<div class=\"elementor-element elementor-element-02bad8d elementor-widget elementor-widget-image\" data-id=\"02bad8d\" data-element_type=\"widget\" data-widget_type=\"image.default\">\n\t\t\t\t<div class=\"elementor-widget-container\">\n\t\t\t\t\t\t\t\t\t\t\t\t\t\t\t<img alt=\"\" decoding=\"async\" width=\"336\" height=\"477\" src=\"https:\/\/sites.ac-nancy-metz.fr\/bonusagedunumerique\/wp-content\/uploads\/2023\/04\/boite-cartes.jpg\" class=\"attachment-full size-full wp-image-3184\" alt=\"\" srcset=\"https:\/\/sites.ac-nancy-metz.fr\/bonusagedunumerique\/wp-content\/uploads\/2023\/04\/boite-cartes.jpg 336w, https:\/\/sites.ac-nancy-metz.fr\/bonusagedunumerique\/wp-content\/uploads\/2023\/04\/boite-cartes-211x300.jpg 211w\" sizes=\"(max-width: 336px) 100vw, 336px\" \/>\t\t\t\t\t\t\t\t\t\t\t\t\t\t\t<\/div>\n\t\t\t\t<\/div>\n\t\t\t\t<\/div>\n\t\t\t\t\t<\/div>\n\t\t\t\t<\/div>\n\t\t<div class=\"elementor-element elementor-element-50bd85b e-flex e-con-boxed e-con e-parent\" data-id=\"50bd85b\" data-element_type=\"container\">\n\t\t\t\t\t<div class=\"e-con-inner\">\n\t\t<div class=\"elementor-element elementor-element-90ae648 e-con-full e-flex e-con e-child\" data-id=\"90ae648\" data-element_type=\"container\">\n\t\t\t\t<div class=\"elementor-element elementor-element-39f69e7 elementor-widget elementor-widget-heading\" data-id=\"39f69e7\" data-element_type=\"widget\" data-widget_type=\"heading.default\">\n\t\t\t\t<div class=\"elementor-widget-container\">\n\t\t\t\t\t<h2 class=\"elementor-heading-title elementor-size-default\">Identit\u00e9 num\u00e9rique<\/h2>\t\t\t\t<\/div>\n\t\t\t\t<\/div>\n\t\t\t\t<div class=\"elementor-element elementor-element-9e87e03 elementor-widget elementor-widget-image\" data-id=\"9e87e03\" data-element_type=\"widget\" data-widget_type=\"image.default\">\n\t\t\t\t<div class=\"elementor-widget-container\">\n\t\t\t\t\t\t\t\t\t\t\t\t\t\t\t\t<a href=\"https:\/\/sites.ac-nancy-metz.fr\/molomolo\/wp-content\/uploads\/2023\/04\/jeu-de-cartes-IN-1.pdf\">\n\t\t\t\t\t\t\t<img alt=\"\" loading=\"lazy\" decoding=\"async\" width=\"288\" height=\"341\" src=\"https:\/\/sites.ac-nancy-metz.fr\/bonusagedunumerique\/wp-content\/uploads\/2023\/04\/Cartes-IN-1.jpg\" class=\"attachment-full size-full wp-image-3229\" alt=\"\" srcset=\"https:\/\/sites.ac-nancy-metz.fr\/bonusagedunumerique\/wp-content\/uploads\/2023\/04\/Cartes-IN-1.jpg 288w, https:\/\/sites.ac-nancy-metz.fr\/bonusagedunumerique\/wp-content\/uploads\/2023\/04\/Cartes-IN-1-253x300.jpg 253w\" sizes=\"(max-width: 288px) 100vw, 288px\" \/>\t\t\t\t\t\t\t\t<\/a>\n\t\t\t\t\t\t\t\t\t\t\t\t\t\t\t<\/div>\n\t\t\t\t<\/div>\n\t\t\t\t<\/div>\n\t\t<div class=\"elementor-element elementor-element-fa51aca e-con-full e-flex e-con e-child\" data-id=\"fa51aca\" data-element_type=\"container\">\n\t\t\t\t<div class=\"elementor-element elementor-element-ac121ad elementor-widget elementor-widget-heading\" data-id=\"ac121ad\" data-element_type=\"widget\" data-widget_type=\"heading.default\">\n\t\t\t\t<div class=\"elementor-widget-container\">\n\t\t\t\t\t<h2 class=\"elementor-heading-title elementor-size-default\">R\u00e9seaux sociaux<\/h2>\t\t\t\t<\/div>\n\t\t\t\t<\/div>\n\t\t\t\t<div class=\"elementor-element elementor-element-39b92f6 elementor-widget elementor-widget-image\" data-id=\"39b92f6\" data-element_type=\"widget\" data-widget_type=\"image.default\">\n\t\t\t\t<div class=\"elementor-widget-container\">\n\t\t\t\t\t\t\t\t\t\t\t\t\t\t\t\t<a href=\"https:\/\/sites.ac-nancy-metz.fr\/molomolo\/wp-content\/uploads\/2023\/04\/jeu-de-cartes-RS-1.pdf\">\n\t\t\t\t\t\t\t<img alt=\"\" loading=\"lazy\" decoding=\"async\" width=\"316\" height=\"336\" src=\"https:\/\/sites.ac-nancy-metz.fr\/bonusagedunumerique\/wp-content\/uploads\/2023\/04\/Cartes-RS.jpg\" class=\"attachment-full size-full wp-image-3230\" alt=\"\" srcset=\"https:\/\/sites.ac-nancy-metz.fr\/bonusagedunumerique\/wp-content\/uploads\/2023\/04\/Cartes-RS.jpg 316w, https:\/\/sites.ac-nancy-metz.fr\/bonusagedunumerique\/wp-content\/uploads\/2023\/04\/Cartes-RS-282x300.jpg 282w\" sizes=\"(max-width: 316px) 100vw, 316px\" \/>\t\t\t\t\t\t\t\t<\/a>\n\t\t\t\t\t\t\t\t\t\t\t\t\t\t\t<\/div>\n\t\t\t\t<\/div>\n\t\t\t\t<\/div>\n\t\t<div class=\"elementor-element elementor-element-7d4f751 e-con-full e-flex e-con e-child\" data-id=\"7d4f751\" data-element_type=\"container\">\n\t\t\t\t<div class=\"elementor-element elementor-element-65d644a elementor-widget elementor-widget-heading\" data-id=\"65d644a\" data-element_type=\"widget\" data-widget_type=\"heading.default\">\n\t\t\t\t<div class=\"elementor-widget-container\">\n\t\t\t\t\t<h2 class=\"elementor-heading-title elementor-size-default\">Info \u2013 Infox<\/h2>\t\t\t\t<\/div>\n\t\t\t\t<\/div>\n\t\t\t\t<div class=\"elementor-element elementor-element-4931e7e elementor-widget elementor-widget-image\" data-id=\"4931e7e\" data-element_type=\"widget\" data-widget_type=\"image.default\">\n\t\t\t\t<div class=\"elementor-widget-container\">\n\t\t\t\t\t\t\t\t\t\t\t\t\t\t\t\t<a href=\"https:\/\/sites.ac-nancy-metz.fr\/molomolo\/wp-content\/uploads\/2023\/04\/jeu-de-cartes-II-1.pdf\">\n\t\t\t\t\t\t\t<img alt=\"\" loading=\"lazy\" decoding=\"async\" width=\"244\" height=\"333\" src=\"https:\/\/sites.ac-nancy-metz.fr\/bonusagedunumerique\/wp-content\/uploads\/2023\/04\/Cartes-II.jpg\" class=\"attachment-full size-full wp-image-3231\" alt=\"\" srcset=\"https:\/\/sites.ac-nancy-metz.fr\/bonusagedunumerique\/wp-content\/uploads\/2023\/04\/Cartes-II.jpg 244w, https:\/\/sites.ac-nancy-metz.fr\/bonusagedunumerique\/wp-content\/uploads\/2023\/04\/Cartes-II-220x300.jpg 220w\" sizes=\"(max-width: 244px) 100vw, 244px\" \/>\t\t\t\t\t\t\t\t<\/a>\n\t\t\t\t\t\t\t\t\t\t\t\t\t\t\t<\/div>\n\t\t\t\t<\/div>\n\t\t\t\t<\/div>\n\t\t<div class=\"elementor-element elementor-element-48f7d4b e-con-full e-flex e-con e-child\" data-id=\"48f7d4b\" data-element_type=\"container\">\n\t\t\t\t<div class=\"elementor-element elementor-element-95c4727 elementor-widget elementor-widget-heading\" data-id=\"95c4727\" data-element_type=\"widget\" data-widget_type=\"heading.default\">\n\t\t\t\t<div class=\"elementor-widget-container\">\n\t\t\t\t\t<h2 class=\"elementor-heading-title elementor-size-default\">\u00c9cran et Sant\u00e9\n\n<\/h2>\t\t\t\t<\/div>\n\t\t\t\t<\/div>\n\t\t\t\t<div class=\"elementor-element elementor-element-e6c53ed elementor-widget elementor-widget-image\" data-id=\"e6c53ed\" data-element_type=\"widget\" data-widget_type=\"image.default\">\n\t\t\t\t<div class=\"elementor-widget-container\">\n\t\t\t\t\t\t\t\t\t\t\t\t\t\t\t\t<a href=\"https:\/\/sites.ac-nancy-metz.fr\/molomolo\/wp-content\/uploads\/2023\/04\/jeu-de-cartes-ES.pdf\">\n\t\t\t\t\t\t\t<img alt=\"\" loading=\"lazy\" decoding=\"async\" width=\"394\" height=\"388\" src=\"https:\/\/sites.ac-nancy-metz.fr\/bonusagedunumerique\/wp-content\/uploads\/2023\/04\/Cartes-ES.jpg\" class=\"attachment-full size-full wp-image-3232\" alt=\"\" srcset=\"https:\/\/sites.ac-nancy-metz.fr\/bonusagedunumerique\/wp-content\/uploads\/2023\/04\/Cartes-ES.jpg 394w, https:\/\/sites.ac-nancy-metz.fr\/bonusagedunumerique\/wp-content\/uploads\/2023\/04\/Cartes-ES-300x295.jpg 300w\" sizes=\"(max-width: 394px) 100vw, 394px\" \/>\t\t\t\t\t\t\t\t<\/a>\n\t\t\t\t\t\t\t\t\t\t\t\t\t\t\t<\/div>\n\t\t\t\t<\/div>\n\t\t\t\t<\/div>\n\t\t<div class=\"elementor-element elementor-element-d157ac0 e-con-full e-flex e-con e-child\" data-id=\"d157ac0\" data-element_type=\"container\">\n\t\t\t\t<div class=\"elementor-element elementor-element-bf86b6e elementor-widget elementor-widget-heading\" data-id=\"bf86b6e\" data-element_type=\"widget\" data-widget_type=\"heading.default\">\n\t\t\t\t<div class=\"elementor-widget-container\">\n\t\t\t\t\t<h2 class=\"elementor-heading-title elementor-size-default\">Cyber \u2013 menaces\n\n<\/h2>\t\t\t\t<\/div>\n\t\t\t\t<\/div>\n\t\t\t\t<div class=\"elementor-element elementor-element-1949764 elementor-widget elementor-widget-image\" data-id=\"1949764\" data-element_type=\"widget\" data-widget_type=\"image.default\">\n\t\t\t\t<div class=\"elementor-widget-container\">\n\t\t\t\t\t\t\t\t\t\t\t\t\t\t\t\t<a href=\"https:\/\/sites.ac-nancy-metz.fr\/molomolo\/wp-content\/uploads\/2023\/04\/jeu-de-cartes-CM.pdf\">\n\t\t\t\t\t\t\t<img alt=\"\" loading=\"lazy\" decoding=\"async\" width=\"358\" height=\"278\" src=\"https:\/\/sites.ac-nancy-metz.fr\/bonusagedunumerique\/wp-content\/uploads\/2023\/04\/Cartes-Menaces.jpg\" class=\"attachment-full size-full wp-image-3233\" alt=\"\" srcset=\"https:\/\/sites.ac-nancy-metz.fr\/bonusagedunumerique\/wp-content\/uploads\/2023\/04\/Cartes-Menaces.jpg 358w, https:\/\/sites.ac-nancy-metz.fr\/bonusagedunumerique\/wp-content\/uploads\/2023\/04\/Cartes-Menaces-300x233.jpg 300w\" sizes=\"(max-width: 358px) 100vw, 358px\" \/>\t\t\t\t\t\t\t\t<\/a>\n\t\t\t\t\t\t\t\t\t\t\t\t\t\t\t<\/div>\n\t\t\t\t<\/div>\n\t\t\t\t<\/div>\n\t\t\t\t\t<\/div>\n\t\t\t\t<\/div>\n\t\t<div class=\"elementor-element elementor-element-2c832a4f e-flex e-con-boxed e-con e-parent\" data-id=\"2c832a4f\" data-element_type=\"container\">\n\t\t\t\t\t<div class=\"e-con-inner\">\n\t\t<div class=\"elementor-element elementor-element-7b6b48bc e-con-full e-flex e-con e-child\" data-id=\"7b6b48bc\" data-element_type=\"container\">\n\t\t\t\t<div class=\"elementor-element elementor-element-59edf05c elementor-widget elementor-widget-heading\" data-id=\"59edf05c\" data-element_type=\"widget\" data-widget_type=\"heading.default\">\n\t\t\t\t<div class=\"elementor-widget-container\">\n\t\t\t\t\t<h2 class=\"elementor-heading-title elementor-size-default\">Pour aller plus loin<\/h2>\t\t\t\t<\/div>\n\t\t\t\t<\/div>\n\t\t\t\t<div class=\"elementor-element elementor-element-be58111 elementor-widget elementor-widget-text-editor\" data-id=\"be58111\" data-element_type=\"widget\" data-widget_type=\"text-editor.default\">\n\t\t\t\t<div class=\"elementor-widget-container\">\n\t\t\t\t\t\t\t\t\t<p>En France, un enfant re\u00e7oit son premier appareil num\u00e9rique en moyenne \u00e0 l&rsquo;\u00e2ge de 10 ans et 20% des jeunes de 8-18 ans d\u00e9clarent avoir d\u00e9j\u00e0 \u00e9t\u00e9 confront\u00e9s \u00e0 une situation de cyberharc\u00e8lement. C&rsquo;est pour mieux accompagner les victimes de cyberharc\u00e8lement que l&rsquo;application 3018 a \u00e9t\u00e9 lanc\u00e9e. \u00c0 l&rsquo;occasion du Safer Internet Day , le Gouvernement soutient le lancement de cet outil, un nouveau point d&rsquo;entr\u00e9e pour signaler toute situation de cyberharc\u00e8lement des enfants , afin d&rsquo;assurer une prise en charge rapide et globale de la victime. Depuis le 8 f\u00e9vrier, l&rsquo;application est disponible en t\u00e9l\u00e9chargement gratuit.<\/p>\t\t\t\t\t\t\t\t<\/div>\n\t\t\t\t<\/div>\n\t\t\t\t<div class=\"elementor-element elementor-element-1768c04e elementor-widget elementor-widget-button\" data-id=\"1768c04e\" data-element_type=\"widget\" data-widget_type=\"button.default\">\n\t\t\t\t<div class=\"elementor-widget-container\">\n\t\t\t\t\t\t\t\t\t<div class=\"elementor-button-wrapper\">\n\t\t\t\t\t<a class=\"elementor-button elementor-button-link elementor-size-sm\" href=\"https:\/\/e-enfance.org\/app-3018\/\">\n\t\t\t\t\t\t<span class=\"elementor-button-content-wrapper\">\n\t\t\t\t\t\t\t\t\t<span class=\"elementor-button-text\">T\u00e9l\u00e9charger l'application 3018<\/span>\n\t\t\t\t\t<\/span>\n\t\t\t\t\t<\/a>\n\t\t\t\t<\/div>\n\t\t\t\t\t\t\t\t<\/div>\n\t\t\t\t<\/div>\n\t\t\t\t<\/div>\n\t\t<div class=\"elementor-element elementor-element-798da93e e-con-full e-flex e-con e-child\" data-id=\"798da93e\" data-element_type=\"container\">\n\t\t\t\t<div class=\"elementor-element elementor-element-434a69af elementor-widget elementor-widget-image\" data-id=\"434a69af\" data-element_type=\"widget\" data-widget_type=\"image.default\">\n\t\t\t\t<div class=\"elementor-widget-container\">\n\t\t\t\t\t\t\t\t\t\t\t\t\t\t\t<img alt=\"\" loading=\"lazy\" decoding=\"async\" width=\"800\" height=\"437\" src=\"https:\/\/sites.ac-nancy-metz.fr\/bonusagedunumerique\/wp-content\/uploads\/2022\/10\/3018.jpg\" class=\"attachment-large size-large wp-image-2879\" alt=\"\" srcset=\"https:\/\/sites.ac-nancy-metz.fr\/bonusagedunumerique\/wp-content\/uploads\/2022\/10\/3018.jpg 800w, https:\/\/sites.ac-nancy-metz.fr\/bonusagedunumerique\/wp-content\/uploads\/2022\/10\/3018-300x164.jpg 300w, https:\/\/sites.ac-nancy-metz.fr\/bonusagedunumerique\/wp-content\/uploads\/2022\/10\/3018-768x420.jpg 768w, https:\/\/sites.ac-nancy-metz.fr\/bonusagedunumerique\/wp-content\/uploads\/2022\/10\/3018-480x262.jpg 480w\" sizes=\"(max-width: 800px) 100vw, 800px\" \/>\t\t\t\t\t\t\t\t\t\t\t\t\t\t\t<\/div>\n\t\t\t\t<\/div>\n\t\t\t\t<\/div>\n\t\t\t\t\t<\/div>\n\t\t\t\t<\/div>\n\t\t\t\t<\/div>\n\t\t","protected":false},"excerpt":{"rendered":"<p>Venez d\u00e9couvrir \u2026 le kit d\u2019animation cycle 4 et lyc\u00e9e #aucalmesurleweb\u00a0est un dispositif d\u2019accompagnement des enseignants, des formateurs, des \u00e9quipes de direction et de circonscription dans les usages raisonn\u00e9s et raisonnables du num\u00e9rique \u00e0 destination des \u00e9l\u00e8ves de l\u2019\u00e9cole au lyc\u00e9e en partenariat avec l\u2019\u00e9quipe mobile de s\u00e9curit\u00e9, la gendarmerie et la police, en \u00e9quipe [&hellip;]<\/p>\n","protected":false},"author":7,"featured_media":0,"parent":0,"menu_order":0,"comment_status":"closed","ping_status":"closed","template":"","meta":{"_seopress_robots_primary_cat":"","_seopress_titles_title":"","_seopress_titles_desc":"","_seopress_robots_index":"","footnotes":""},"categories":[],"tags":[],"class_list":["post-1894","page","type-page","status-publish","hentry"],"_links":{"self":[{"href":"https:\/\/sites.ac-nancy-metz.fr\/bonusagedunumerique\/wp-json\/wp\/v2\/pages\/1894","targetHints":{"allow":["GET"]}}],"collection":[{"href":"https:\/\/sites.ac-nancy-metz.fr\/bonusagedunumerique\/wp-json\/wp\/v2\/pages"}],"about":[{"href":"https:\/\/sites.ac-nancy-metz.fr\/bonusagedunumerique\/wp-json\/wp\/v2\/types\/page"}],"author":[{"embeddable":true,"href":"https:\/\/sites.ac-nancy-metz.fr\/bonusagedunumerique\/wp-json\/wp\/v2\/users\/7"}],"replies":[{"embeddable":true,"href":"https:\/\/sites.ac-nancy-metz.fr\/bonusagedunumerique\/wp-json\/wp\/v2\/comments?post=1894"}],"version-history":[{"count":46,"href":"https:\/\/sites.ac-nancy-metz.fr\/bonusagedunumerique\/wp-json\/wp\/v2\/pages\/1894\/revisions"}],"predecessor-version":[{"id":4211,"href":"https:\/\/sites.ac-nancy-metz.fr\/bonusagedunumerique\/wp-json\/wp\/v2\/pages\/1894\/revisions\/4211"}],"wp:attachment":[{"href":"https:\/\/sites.ac-nancy-metz.fr\/bonusagedunumerique\/wp-json\/wp\/v2\/media?parent=1894"}],"wp:term":[{"taxonomy":"category","embeddable":true,"href":"https:\/\/sites.ac-nancy-metz.fr\/bonusagedunumerique\/wp-json\/wp\/v2\/categories?post=1894"},{"taxonomy":"post_tag","embeddable":true,"href":"https:\/\/sites.ac-nancy-metz.fr\/bonusagedunumerique\/wp-json\/wp\/v2\/tags?post=1894"}],"curies":[{"name":"wp","href":"https:\/\/api.w.org\/{rel}","templated":true}]}}