{"id":2109,"date":"2022-01-21T14:47:28","date_gmt":"2022-01-21T13:47:28","guid":{"rendered":"https:\/\/sites.ac-nancy-metz.fr\/bonusagedunumerique\/?page_id=2109"},"modified":"2024-08-26T10:32:28","modified_gmt":"2024-08-26T08:32:28","slug":"nah-ecole","status":"publish","type":"page","link":"https:\/\/sites.ac-nancy-metz.fr\/bonusagedunumerique\/nah-ecole\/","title":{"rendered":"NAH-ecole"},"content":{"rendered":"\t\t<div data-elementor-type=\"wp-page\" data-elementor-id=\"2109\" class=\"elementor elementor-2109\" data-elementor-post-type=\"page\">\n\t\t\t\t<div class=\"elementor-element elementor-element-66c26db e-flex e-con-boxed e-con e-parent\" data-id=\"66c26db\" data-element_type=\"container\">\n\t\t\t\t\t<div class=\"e-con-inner\">\n\t\t<div class=\"elementor-element elementor-element-9c7e338 e-con-full e-flex e-con e-child\" data-id=\"9c7e338\" data-element_type=\"container\">\n\t\t\t\t<div class=\"elementor-element elementor-element-59d2ffa elementor-widget elementor-widget-image\" data-id=\"59d2ffa\" data-element_type=\"widget\" data-widget_type=\"image.default\">\n\t\t\t\t<div class=\"elementor-widget-container\">\n\t\t\t\t\t\t\t\t\t\t\t\t\t\t\t<img alt=\"\" fetchpriority=\"high\" decoding=\"async\" width=\"800\" height=\"170\" src=\"https:\/\/sites.ac-nancy-metz.fr\/bonusagedunumerique\/wp-content\/uploads\/2023\/03\/ressources-aucalme-1024x217.png\" class=\"attachment-large size-large wp-image-3134\" alt=\"\" srcset=\"https:\/\/sites.ac-nancy-metz.fr\/bonusagedunumerique\/wp-content\/uploads\/2023\/03\/ressources-aucalme-1024x217.png 1024w, https:\/\/sites.ac-nancy-metz.fr\/bonusagedunumerique\/wp-content\/uploads\/2023\/03\/ressources-aucalme-300x64.png 300w, https:\/\/sites.ac-nancy-metz.fr\/bonusagedunumerique\/wp-content\/uploads\/2023\/03\/ressources-aucalme-768x163.png 768w, https:\/\/sites.ac-nancy-metz.fr\/bonusagedunumerique\/wp-content\/uploads\/2023\/03\/ressources-aucalme-1536x326.png 1536w, https:\/\/sites.ac-nancy-metz.fr\/bonusagedunumerique\/wp-content\/uploads\/2023\/03\/ressources-aucalme-2048x435.png 2048w, https:\/\/sites.ac-nancy-metz.fr\/bonusagedunumerique\/wp-content\/uploads\/2023\/03\/ressources-aucalme-1080x229.png 1080w, https:\/\/sites.ac-nancy-metz.fr\/bonusagedunumerique\/wp-content\/uploads\/2023\/03\/ressources-aucalme-1280x272.png 1280w, https:\/\/sites.ac-nancy-metz.fr\/bonusagedunumerique\/wp-content\/uploads\/2023\/03\/ressources-aucalme-980x208.png 980w, https:\/\/sites.ac-nancy-metz.fr\/bonusagedunumerique\/wp-content\/uploads\/2023\/03\/ressources-aucalme-480x102.png 480w\" sizes=\"(max-width: 800px) 100vw, 800px\" \/>\t\t\t\t\t\t\t\t\t\t\t\t\t\t\t<\/div>\n\t\t\t\t<\/div>\n\t\t\t\t<\/div>\n\t\t\t\t\t<\/div>\n\t\t\t\t<\/div>\n\t\t<div class=\"elementor-element elementor-element-064a62c e-flex e-con-boxed e-con e-parent\" data-id=\"064a62c\" data-element_type=\"container\">\n\t\t\t\t\t<div class=\"e-con-inner\">\n\t\t\t\t<div class=\"elementor-element elementor-element-63d2539 elementor-widget elementor-widget-heading\" data-id=\"63d2539\" data-element_type=\"widget\" data-widget_type=\"heading.default\">\n\t\t\t\t<div class=\"elementor-widget-container\">\n\t\t\t\t\t<h2 class=\"elementor-heading-title elementor-size-default\">Cyberharc\u00e8lement, \u00e9l\u00e9ment perturbateur r\u00e9current du climat scolaire \u00e0 l\u2019\u00e9cole\u2026\n\n<\/h2>\t\t\t\t<\/div>\n\t\t\t\t<\/div>\n\t\t\t\t\t<\/div>\n\t\t\t\t<\/div>\n\t\t<div class=\"elementor-element elementor-element-db79825 e-flex e-con-boxed e-con e-parent\" data-id=\"db79825\" data-element_type=\"container\">\n\t\t\t\t\t<div class=\"e-con-inner\">\n\t\t<div class=\"elementor-element elementor-element-93787fd e-con-full e-flex e-con e-child\" data-id=\"93787fd\" data-element_type=\"container\">\n\t\t\t\t<div class=\"elementor-element elementor-element-0500653 elementor-widget elementor-widget-heading\" data-id=\"0500653\" data-element_type=\"widget\" data-widget_type=\"heading.default\">\n\t\t\t\t<div class=\"elementor-widget-container\">\n\t\t\t\t\t<h2 class=\"elementor-heading-title elementor-size-default\">Proposition initiale\n<\/h2>\t\t\t\t<\/div>\n\t\t\t\t<\/div>\n\t\t\t\t<div class=\"elementor-element elementor-element-f4bf759 elementor-widget elementor-widget-text-editor\" data-id=\"f4bf759\" data-element_type=\"widget\" data-widget_type=\"text-editor.default\">\n\t\t\t\t<div class=\"elementor-widget-container\">\n\t\t\t\t\t\t\t\t\t<p>Un processus didactique au centre de la proposition. Compos\u00e9 d&rsquo;un ensembles de ressources, le kit d&rsquo;animation permet d&rsquo;appr\u00e9hender de fa\u00e7on ludique et rassurante la notion de cyber harc\u00e8lement.\u00a0<\/p>\t\t\t\t\t\t\t\t<\/div>\n\t\t\t\t<\/div>\n\t\t\t\t<div class=\"elementor-element elementor-element-84d21fb elementor-widget elementor-widget-button\" data-id=\"84d21fb\" data-element_type=\"widget\" data-widget_type=\"button.default\">\n\t\t\t\t<div class=\"elementor-widget-container\">\n\t\t\t\t\t\t\t\t\t<div class=\"elementor-button-wrapper\">\n\t\t\t\t\t<a class=\"elementor-button elementor-button-link elementor-size-sm\" href=\"https:\/\/sites.ac-nancy-metz.fr\/molomolo\/wp-content\/uploads\/2022\/11\/fiche-cyber-1.pdf\">\n\t\t\t\t\t\t<span class=\"elementor-button-content-wrapper\">\n\t\t\t\t\t\t\t\t\t<span class=\"elementor-button-text\">T\u00e9l\u00e9charger le livret p\u00e9dagogique (PDF)<\/span>\n\t\t\t\t\t<\/span>\n\t\t\t\t\t<\/a>\n\t\t\t\t<\/div>\n\t\t\t\t\t\t\t\t<\/div>\n\t\t\t\t<\/div>\n\t\t\t\t<div class=\"elementor-element elementor-element-841e662 elementor-widget elementor-widget-button\" data-id=\"841e662\" data-element_type=\"widget\" data-widget_type=\"button.default\">\n\t\t\t\t<div class=\"elementor-widget-container\">\n\t\t\t\t\t\t\t\t\t<div class=\"elementor-button-wrapper\">\n\t\t\t\t\t<a class=\"elementor-button elementor-button-link elementor-size-sm\" href=\"https:\/\/sites.ac-nancy-metz.fr\/molomolo\/wp-content\/uploads\/2022\/03\/cartes-EXTENSION-NAH-cycle3-1.pdf\">\n\t\t\t\t\t\t<span class=\"elementor-button-content-wrapper\">\n\t\t\t\t\t\t\t\t\t<span class=\"elementor-button-text\">T\u00e9l\u00e9charger les cartes (PDF)<\/span>\n\t\t\t\t\t<\/span>\n\t\t\t\t\t<\/a>\n\t\t\t\t<\/div>\n\t\t\t\t\t\t\t\t<\/div>\n\t\t\t\t<\/div>\n\t\t\t\t<div class=\"elementor-element elementor-element-e2cbeca elementor-widget elementor-widget-button\" data-id=\"e2cbeca\" data-element_type=\"widget\" data-widget_type=\"button.default\">\n\t\t\t\t<div class=\"elementor-widget-container\">\n\t\t\t\t\t\t\t\t\t<div class=\"elementor-button-wrapper\">\n\t\t\t\t\t<a class=\"elementor-button elementor-button-link elementor-size-sm\" href=\"https:\/\/www.youtube.com\/watch?v=_QJtt-V5sLw&#038;t=14s\">\n\t\t\t\t\t\t<span class=\"elementor-button-content-wrapper\">\n\t\t\t\t\t\t\t\t\t<span class=\"elementor-button-text\">Voir le stop motion (You Tube)<\/span>\n\t\t\t\t\t<\/span>\n\t\t\t\t\t<\/a>\n\t\t\t\t<\/div>\n\t\t\t\t\t\t\t\t<\/div>\n\t\t\t\t<\/div>\n\t\t\t\t<\/div>\n\t\t<div class=\"elementor-element elementor-element-bc5a65f e-con-full e-flex e-con e-child\" data-id=\"bc5a65f\" data-element_type=\"container\">\n\t\t\t\t<div class=\"elementor-element elementor-element-b39298e elementor-widget elementor-widget-image-carousel\" data-id=\"b39298e\" data-element_type=\"widget\" data-settings=\"{&quot;slides_to_show&quot;:&quot;1&quot;,&quot;navigation&quot;:&quot;none&quot;,&quot;autoplay&quot;:&quot;yes&quot;,&quot;pause_on_hover&quot;:&quot;yes&quot;,&quot;pause_on_interaction&quot;:&quot;yes&quot;,&quot;autoplay_speed&quot;:5000,&quot;infinite&quot;:&quot;yes&quot;,&quot;effect&quot;:&quot;slide&quot;,&quot;speed&quot;:500}\" data-widget_type=\"image-carousel.default\">\n\t\t\t\t<div class=\"elementor-widget-container\">\n\t\t\t\t\t\t\t<div class=\"elementor-image-carousel-wrapper swiper\" role=\"region\" aria-roledescription=\"carousel\" aria-label=\"Carrousel d\u2019images\" dir=\"ltr\">\n\t\t\t<div class=\"elementor-image-carousel swiper-wrapper\" aria-live=\"off\">\n\t\t\t\t\t\t\t\t<div class=\"swiper-slide\" role=\"group\" aria-roledescription=\"slide\" aria-label=\"1 sur 3\"><figure class=\"swiper-slide-inner\"><img decoding=\"async\" class=\"swiper-slide-image\" src=\"https:\/\/sites.ac-nancy-metz.fr\/bonusagedunumerique\/wp-content\/uploads\/2024\/08\/Capture-decran-2024-08-19-a-15.07.48.png\" alt=\"Capture d\u2019e\u0301cran 2024-08-19 a\u0300 15.07.48\" \/><\/figure><\/div><div class=\"swiper-slide\" role=\"group\" aria-roledescription=\"slide\" aria-label=\"2 sur 3\"><figure class=\"swiper-slide-inner\"><img decoding=\"async\" class=\"swiper-slide-image\" src=\"https:\/\/sites.ac-nancy-metz.fr\/bonusagedunumerique\/wp-content\/uploads\/2023\/06\/boite.png\" alt=\"boite\" \/><\/figure><\/div><div class=\"swiper-slide\" role=\"group\" aria-roledescription=\"slide\" aria-label=\"3 sur 3\"><figure class=\"swiper-slide-inner\"><img decoding=\"async\" class=\"swiper-slide-image\" src=\"https:\/\/sites.ac-nancy-metz.fr\/bonusagedunumerique\/wp-content\/uploads\/2021\/09\/carte-NAH-1.png\" alt=\"carte-NAH\" \/><\/figure><\/div>\t\t\t<\/div>\n\t\t\t\t\t\t\t\n\t\t\t\t\t\t\t\t\t<\/div>\n\t\t\t\t\t\t<\/div>\n\t\t\t\t<\/div>\n\t\t\t\t<\/div>\n\t\t\t\t\t<\/div>\n\t\t\t\t<\/div>\n\t\t<div class=\"elementor-element elementor-element-d37071d e-flex e-con-boxed e-con e-parent\" data-id=\"d37071d\" data-element_type=\"container\">\n\t\t\t\t\t<div class=\"e-con-inner\">\n\t\t<div class=\"elementor-element elementor-element-90ed213 e-con-full e-flex e-con e-child\" data-id=\"90ed213\" data-element_type=\"container\">\n\t\t\t\t<div class=\"elementor-element elementor-element-a8c403d elementor-widget elementor-widget-heading\" data-id=\"a8c403d\" data-element_type=\"widget\" data-widget_type=\"heading.default\">\n\t\t\t\t<div class=\"elementor-widget-container\">\n\t\t\t\t\t<h2 class=\"elementor-heading-title elementor-size-default\">Prolongement <\/h2>\t\t\t\t<\/div>\n\t\t\t\t<\/div>\n\t\t\t\t<div class=\"elementor-element elementor-element-ee969ba elementor-widget elementor-widget-text-editor\" data-id=\"ee969ba\" data-element_type=\"widget\" data-widget_type=\"text-editor.default\">\n\t\t\t\t<div class=\"elementor-widget-container\">\n\t\t\t\t\t\t\t\t\t<p>Un processus didactique au centre de la proposition. Compos\u00e9 d&rsquo;un ensembles de ressources, le kit d&rsquo;animation permet d&rsquo;appr\u00e9hender de fa\u00e7on ludique et rassurante la notion de cyber harc\u00e8lement.\u00a0<\/p>\t\t\t\t\t\t\t\t<\/div>\n\t\t\t\t<\/div>\n\t\t\t\t<div class=\"elementor-element elementor-element-b926e3f elementor-widget elementor-widget-button\" data-id=\"b926e3f\" data-element_type=\"widget\" data-widget_type=\"button.default\">\n\t\t\t\t<div class=\"elementor-widget-container\">\n\t\t\t\t\t\t\t\t\t<div class=\"elementor-button-wrapper\">\n\t\t\t\t\t<a class=\"elementor-button elementor-button-link elementor-size-sm\" href=\"https:\/\/sites.ac-nancy-metz.fr\/molomolo\/wp-content\/uploads\/2023\/06\/RS-Cycle3-molo.pdf\">\n\t\t\t\t\t\t<span class=\"elementor-button-content-wrapper\">\n\t\t\t\t\t\t\t\t\t<span class=\"elementor-button-text\">T\u00e9l\u00e9charger l'activit\u00e9 (PDF)<\/span>\n\t\t\t\t\t<\/span>\n\t\t\t\t\t<\/a>\n\t\t\t\t<\/div>\n\t\t\t\t\t\t\t\t<\/div>\n\t\t\t\t<\/div>\n\t\t\t\t<\/div>\n\t\t<div class=\"elementor-element elementor-element-d9d18e5 e-con-full e-flex e-con e-child\" data-id=\"d9d18e5\" data-element_type=\"container\">\n\t\t\t\t<div class=\"elementor-element elementor-element-bee1948 elementor-widget elementor-widget-image\" data-id=\"bee1948\" data-element_type=\"widget\" data-widget_type=\"image.default\">\n\t\t\t\t<div class=\"elementor-widget-container\">\n\t\t\t\t\t\t\t\t\t\t\t\t\t\t\t<img alt=\"\" decoding=\"async\" width=\"800\" height=\"282\" src=\"https:\/\/sites.ac-nancy-metz.fr\/bonusagedunumerique\/wp-content\/uploads\/2023\/06\/extension-discussion-baba-1024x361.png\" class=\"attachment-large size-large wp-image-3484\" alt=\"\" srcset=\"https:\/\/sites.ac-nancy-metz.fr\/bonusagedunumerique\/wp-content\/uploads\/2023\/06\/extension-discussion-baba-1024x361.png 1024w, https:\/\/sites.ac-nancy-metz.fr\/bonusagedunumerique\/wp-content\/uploads\/2023\/06\/extension-discussion-baba-300x106.png 300w, https:\/\/sites.ac-nancy-metz.fr\/bonusagedunumerique\/wp-content\/uploads\/2023\/06\/extension-discussion-baba-768x271.png 768w, https:\/\/sites.ac-nancy-metz.fr\/bonusagedunumerique\/wp-content\/uploads\/2023\/06\/extension-discussion-baba-1536x541.png 1536w, https:\/\/sites.ac-nancy-metz.fr\/bonusagedunumerique\/wp-content\/uploads\/2023\/06\/extension-discussion-baba-1080x380.png 1080w, https:\/\/sites.ac-nancy-metz.fr\/bonusagedunumerique\/wp-content\/uploads\/2023\/06\/extension-discussion-baba-1280x451.png 1280w, https:\/\/sites.ac-nancy-metz.fr\/bonusagedunumerique\/wp-content\/uploads\/2023\/06\/extension-discussion-baba-980x345.png 980w, https:\/\/sites.ac-nancy-metz.fr\/bonusagedunumerique\/wp-content\/uploads\/2023\/06\/extension-discussion-baba-480x169.png 480w, https:\/\/sites.ac-nancy-metz.fr\/bonusagedunumerique\/wp-content\/uploads\/2023\/06\/extension-discussion-baba.png 1655w\" sizes=\"(max-width: 800px) 100vw, 800px\" \/>\t\t\t\t\t\t\t\t\t\t\t\t\t\t\t<\/div>\n\t\t\t\t<\/div>\n\t\t\t\t<\/div>\n\t\t\t\t\t<\/div>\n\t\t\t\t<\/div>\n\t\t<div class=\"elementor-element elementor-element-f42c9a7 e-flex e-con-boxed e-con e-parent\" data-id=\"f42c9a7\" data-element_type=\"container\">\n\t\t\t\t\t<div class=\"e-con-inner\">\n\t\t<div class=\"elementor-element elementor-element-42afa77 e-con-full e-flex e-con e-child\" data-id=\"42afa77\" data-element_type=\"container\">\n\t\t\t\t<div class=\"elementor-element elementor-element-43fe97e elementor-widget elementor-widget-heading\" data-id=\"43fe97e\" data-element_type=\"widget\" data-widget_type=\"heading.default\">\n\t\t\t\t<div class=\"elementor-widget-container\">\n\t\t\t\t\t<h2 class=\"elementor-heading-title elementor-size-default\">Pour aller plus loin<\/h2>\t\t\t\t<\/div>\n\t\t\t\t<\/div>\n\t\t\t\t<div class=\"elementor-element elementor-element-2daace5 elementor-widget elementor-widget-text-editor\" data-id=\"2daace5\" data-element_type=\"widget\" data-widget_type=\"text-editor.default\">\n\t\t\t\t<div class=\"elementor-widget-container\">\n\t\t\t\t\t\t\t\t\t<p>En France, un enfant re\u00e7oit son premier appareil num\u00e9rique en moyenne \u00e0 l&rsquo;\u00e2ge de 10 ans et 20% des jeunes de 8-18 ans d\u00e9clarent avoir d\u00e9j\u00e0 \u00e9t\u00e9 confront\u00e9s \u00e0 une situation de cyberharc\u00e8lement. C&rsquo;est pour mieux accompagner les victimes de cyberharc\u00e8lement que l&rsquo;application 3018 a \u00e9t\u00e9 lanc\u00e9e. \u00c0 l&rsquo;occasion du Safer Internet Day , le Gouvernement soutient le lancement de cet outil, un nouveau point d&rsquo;entr\u00e9e pour signaler toute situation de cyberharc\u00e8lement des enfants , afin d&rsquo;assurer une prise en charge rapide et globale de la victime. Depuis le 8 f\u00e9vrier, l&rsquo;application est disponible en t\u00e9l\u00e9chargement gratuit.<\/p>\t\t\t\t\t\t\t\t<\/div>\n\t\t\t\t<\/div>\n\t\t\t\t<div class=\"elementor-element elementor-element-69961c0 elementor-widget elementor-widget-button\" data-id=\"69961c0\" data-element_type=\"widget\" data-widget_type=\"button.default\">\n\t\t\t\t<div class=\"elementor-widget-container\">\n\t\t\t\t\t\t\t\t\t<div class=\"elementor-button-wrapper\">\n\t\t\t\t\t<a class=\"elementor-button elementor-button-link elementor-size-sm\" href=\"https:\/\/e-enfance.org\/app-3018\/\">\n\t\t\t\t\t\t<span class=\"elementor-button-content-wrapper\">\n\t\t\t\t\t\t\t\t\t<span class=\"elementor-button-text\">T\u00e9l\u00e9charger l'application 3018<\/span>\n\t\t\t\t\t<\/span>\n\t\t\t\t\t<\/a>\n\t\t\t\t<\/div>\n\t\t\t\t\t\t\t\t<\/div>\n\t\t\t\t<\/div>\n\t\t\t\t<\/div>\n\t\t<div class=\"elementor-element elementor-element-964aaba e-con-full e-flex e-con e-child\" data-id=\"964aaba\" data-element_type=\"container\">\n\t\t\t\t<div class=\"elementor-element elementor-element-9f78989 elementor-widget elementor-widget-image\" data-id=\"9f78989\" data-element_type=\"widget\" data-widget_type=\"image.default\">\n\t\t\t\t<div class=\"elementor-widget-container\">\n\t\t\t\t\t\t\t\t\t\t\t\t\t\t\t<img alt=\"\" decoding=\"async\" width=\"800\" height=\"437\" src=\"https:\/\/sites.ac-nancy-metz.fr\/bonusagedunumerique\/wp-content\/uploads\/2022\/10\/3018.jpg\" class=\"attachment-large size-large wp-image-2879\" alt=\"\" srcset=\"https:\/\/sites.ac-nancy-metz.fr\/bonusagedunumerique\/wp-content\/uploads\/2022\/10\/3018.jpg 800w, https:\/\/sites.ac-nancy-metz.fr\/bonusagedunumerique\/wp-content\/uploads\/2022\/10\/3018-300x164.jpg 300w, https:\/\/sites.ac-nancy-metz.fr\/bonusagedunumerique\/wp-content\/uploads\/2022\/10\/3018-768x420.jpg 768w, https:\/\/sites.ac-nancy-metz.fr\/bonusagedunumerique\/wp-content\/uploads\/2022\/10\/3018-480x262.jpg 480w\" sizes=\"(max-width: 800px) 100vw, 800px\" \/>\t\t\t\t\t\t\t\t\t\t\t\t\t\t\t<\/div>\n\t\t\t\t<\/div>\n\t\t\t\t<\/div>\n\t\t\t\t\t<\/div>\n\t\t\t\t<\/div>\n\t\t\t\t<\/div>\n\t\t","protected":false},"excerpt":{"rendered":"<p>Cyberharc\u00e8lement, \u00e9l\u00e9ment perturbateur r\u00e9current du climat scolaire \u00e0 l\u2019\u00e9cole\u2026 Proposition initiale Un processus didactique au centre de la proposition. Compos\u00e9 d&rsquo;un ensembles de ressources, le kit d&rsquo;animation permet d&rsquo;appr\u00e9hender de fa\u00e7on ludique et rassurante la notion de cyber harc\u00e8lement.\u00a0 T\u00e9l\u00e9charger le livret p\u00e9dagogique (PDF) T\u00e9l\u00e9charger les cartes (PDF) Voir le stop motion (You Tube) Prolongement [&hellip;]<\/p>\n","protected":false},"author":7,"featured_media":0,"parent":0,"menu_order":0,"comment_status":"closed","ping_status":"closed","template":"","meta":{"_seopress_robots_primary_cat":"","_seopress_titles_title":"","_seopress_titles_desc":"","_seopress_robots_index":"","footnotes":""},"categories":[],"tags":[],"class_list":["post-2109","page","type-page","status-publish","hentry"],"_links":{"self":[{"href":"https:\/\/sites.ac-nancy-metz.fr\/bonusagedunumerique\/wp-json\/wp\/v2\/pages\/2109","targetHints":{"allow":["GET"]}}],"collection":[{"href":"https:\/\/sites.ac-nancy-metz.fr\/bonusagedunumerique\/wp-json\/wp\/v2\/pages"}],"about":[{"href":"https:\/\/sites.ac-nancy-metz.fr\/bonusagedunumerique\/wp-json\/wp\/v2\/types\/page"}],"author":[{"embeddable":true,"href":"https:\/\/sites.ac-nancy-metz.fr\/bonusagedunumerique\/wp-json\/wp\/v2\/users\/7"}],"replies":[{"embeddable":true,"href":"https:\/\/sites.ac-nancy-metz.fr\/bonusagedunumerique\/wp-json\/wp\/v2\/comments?post=2109"}],"version-history":[{"count":45,"href":"https:\/\/sites.ac-nancy-metz.fr\/bonusagedunumerique\/wp-json\/wp\/v2\/pages\/2109\/revisions"}],"predecessor-version":[{"id":4486,"href":"https:\/\/sites.ac-nancy-metz.fr\/bonusagedunumerique\/wp-json\/wp\/v2\/pages\/2109\/revisions\/4486"}],"wp:attachment":[{"href":"https:\/\/sites.ac-nancy-metz.fr\/bonusagedunumerique\/wp-json\/wp\/v2\/media?parent=2109"}],"wp:term":[{"taxonomy":"category","embeddable":true,"href":"https:\/\/sites.ac-nancy-metz.fr\/bonusagedunumerique\/wp-json\/wp\/v2\/categories?post=2109"},{"taxonomy":"post_tag","embeddable":true,"href":"https:\/\/sites.ac-nancy-metz.fr\/bonusagedunumerique\/wp-json\/wp\/v2\/tags?post=2109"}],"curies":[{"name":"wp","href":"https:\/\/api.w.org\/{rel}","templated":true}]}}