{"id":2111,"date":"2022-01-28T17:40:20","date_gmt":"2022-01-28T16:40:20","guid":{"rendered":"https:\/\/sites.ac-nancy-metz.fr\/bonusagedunumerique\/?page_id=2111"},"modified":"2024-08-22T14:44:29","modified_gmt":"2024-08-22T12:44:29","slug":"nah-lycee-3","status":"publish","type":"page","link":"https:\/\/sites.ac-nancy-metz.fr\/bonusagedunumerique\/nah-lycee-3\/","title":{"rendered":"NAH-Lyc\u00e9e"},"content":{"rendered":"\t\t<div data-elementor-type=\"wp-page\" data-elementor-id=\"2111\" class=\"elementor elementor-2111\" data-elementor-post-type=\"page\">\n\t\t\t\t<div class=\"elementor-element elementor-element-46fa339b e-flex e-con-boxed e-con e-parent\" data-id=\"46fa339b\" data-element_type=\"container\">\n\t\t\t\t\t<div class=\"e-con-inner\">\n\t\t\t\t<div class=\"elementor-element elementor-element-21ad6943 elementor-widget elementor-widget-image\" data-id=\"21ad6943\" data-element_type=\"widget\" data-widget_type=\"image.default\">\n\t\t\t\t<div class=\"elementor-widget-container\">\n\t\t\t\t\t\t\t\t\t\t\t\t\t\t\t<img alt=\"\" fetchpriority=\"high\" decoding=\"async\" width=\"800\" height=\"170\" src=\"https:\/\/sites.ac-nancy-metz.fr\/bonusagedunumerique\/wp-content\/uploads\/2023\/03\/ressources-aucalme-1024x217.png\" class=\"attachment-large size-large wp-image-3134\" alt=\"\" srcset=\"https:\/\/sites.ac-nancy-metz.fr\/bonusagedunumerique\/wp-content\/uploads\/2023\/03\/ressources-aucalme-1024x217.png 1024w, https:\/\/sites.ac-nancy-metz.fr\/bonusagedunumerique\/wp-content\/uploads\/2023\/03\/ressources-aucalme-300x64.png 300w, https:\/\/sites.ac-nancy-metz.fr\/bonusagedunumerique\/wp-content\/uploads\/2023\/03\/ressources-aucalme-768x163.png 768w, https:\/\/sites.ac-nancy-metz.fr\/bonusagedunumerique\/wp-content\/uploads\/2023\/03\/ressources-aucalme-1536x326.png 1536w, https:\/\/sites.ac-nancy-metz.fr\/bonusagedunumerique\/wp-content\/uploads\/2023\/03\/ressources-aucalme-2048x435.png 2048w, https:\/\/sites.ac-nancy-metz.fr\/bonusagedunumerique\/wp-content\/uploads\/2023\/03\/ressources-aucalme-1080x229.png 1080w, https:\/\/sites.ac-nancy-metz.fr\/bonusagedunumerique\/wp-content\/uploads\/2023\/03\/ressources-aucalme-1280x272.png 1280w, https:\/\/sites.ac-nancy-metz.fr\/bonusagedunumerique\/wp-content\/uploads\/2023\/03\/ressources-aucalme-980x208.png 980w, https:\/\/sites.ac-nancy-metz.fr\/bonusagedunumerique\/wp-content\/uploads\/2023\/03\/ressources-aucalme-480x102.png 480w\" sizes=\"(max-width: 800px) 100vw, 800px\" \/>\t\t\t\t\t\t\t\t\t\t\t\t\t\t\t<\/div>\n\t\t\t\t<\/div>\n\t\t\t\t\t<\/div>\n\t\t\t\t<\/div>\n\t\t<div class=\"elementor-element elementor-element-795fa45a e-flex e-con-boxed e-con e-parent\" data-id=\"795fa45a\" data-element_type=\"container\">\n\t\t\t\t\t<div class=\"e-con-inner\">\n\t\t<div class=\"elementor-element elementor-element-1733dd97 e-con-full e-flex e-con e-child\" data-id=\"1733dd97\" data-element_type=\"container\">\n\t\t\t\t<div class=\"elementor-element elementor-element-6b5e81e0 elementor-widget elementor-widget-heading\" data-id=\"6b5e81e0\" data-element_type=\"widget\" data-widget_type=\"heading.default\">\n\t\t\t\t<div class=\"elementor-widget-container\">\n\t\t\t\t\t<h2 class=\"elementor-heading-title elementor-size-default\">LUTTER CONTRE LE CYBER HARC\u00c8LEMENT\n<\/h2>\t\t\t\t<\/div>\n\t\t\t\t<\/div>\n\t\t\t\t<div class=\"elementor-element elementor-element-44748858 elementor-widget elementor-widget-text-editor\" data-id=\"44748858\" data-element_type=\"widget\" data-widget_type=\"text-editor.default\">\n\t\t\t\t<div class=\"elementor-widget-container\">\n\t\t\t\t\t\t\t\t\tLa Drane de Nancy Metz a d\u00e9cid\u00e9 de passer \u00e0 l\u2019action face au cyber harc\u00e8lement, \u00e9l\u00e9ment perturbateur r\u00e9current du climat scolaire de l\u2019\u00e9cole\u2026 au lyc\u00e9e.\n\n\t\t\t\t\t\t\t\t<\/div>\n\t\t\t\t<\/div>\n\t\t\t\t<div class=\"elementor-element elementor-element-44af256f elementor-widget elementor-widget-text-editor\" data-id=\"44af256f\" data-element_type=\"widget\" data-widget_type=\"text-editor.default\">\n\t\t\t\t<div class=\"elementor-widget-container\">\n\t\t\t\t\t\t\t\t\t<p>Retrouvez ci-dessous plusieurs ressources vous permettant d&rsquo;engager la discussion dans vos classes<\/p><p>\u00a0<\/p>\t\t\t\t\t\t\t\t<\/div>\n\t\t\t\t<\/div>\n\t\t\t\t<\/div>\n\t\t<div class=\"elementor-element elementor-element-6d1f43d0 e-con-full e-flex e-con e-child\" data-id=\"6d1f43d0\" data-element_type=\"container\">\n\t\t\t\t<div class=\"elementor-element elementor-element-ce10eae elementor-widget elementor-widget-image\" data-id=\"ce10eae\" data-element_type=\"widget\" data-widget_type=\"image.default\">\n\t\t\t\t<div class=\"elementor-widget-container\">\n\t\t\t\t\t\t\t\t\t\t\t\t\t\t\t<img alt=\"\" decoding=\"async\" width=\"1210\" height=\"687\" src=\"https:\/\/sites.ac-nancy-metz.fr\/bonusagedunumerique\/wp-content\/uploads\/2022\/12\/synopsis-NAH-college.jpg\" class=\"attachment-full size-full wp-image-3068\" alt=\"\" srcset=\"https:\/\/sites.ac-nancy-metz.fr\/bonusagedunumerique\/wp-content\/uploads\/2022\/12\/synopsis-NAH-college.jpg 1210w, https:\/\/sites.ac-nancy-metz.fr\/bonusagedunumerique\/wp-content\/uploads\/2022\/12\/synopsis-NAH-college-300x170.jpg 300w, https:\/\/sites.ac-nancy-metz.fr\/bonusagedunumerique\/wp-content\/uploads\/2022\/12\/synopsis-NAH-college-1024x581.jpg 1024w, https:\/\/sites.ac-nancy-metz.fr\/bonusagedunumerique\/wp-content\/uploads\/2022\/12\/synopsis-NAH-college-768x436.jpg 768w, https:\/\/sites.ac-nancy-metz.fr\/bonusagedunumerique\/wp-content\/uploads\/2022\/12\/synopsis-NAH-college-1080x613.jpg 1080w, https:\/\/sites.ac-nancy-metz.fr\/bonusagedunumerique\/wp-content\/uploads\/2022\/12\/synopsis-NAH-college-980x556.jpg 980w, https:\/\/sites.ac-nancy-metz.fr\/bonusagedunumerique\/wp-content\/uploads\/2022\/12\/synopsis-NAH-college-480x273.jpg 480w\" sizes=\"(max-width: 1210px) 100vw, 1210px\" \/>\t\t\t\t\t\t\t\t\t\t\t\t\t\t\t<\/div>\n\t\t\t\t<\/div>\n\t\t\t\t<\/div>\n\t\t\t\t\t<\/div>\n\t\t\t\t<\/div>\n\t\t<div class=\"elementor-element elementor-element-51a255f4 e-flex e-con-boxed e-con e-parent\" data-id=\"51a255f4\" data-element_type=\"container\">\n\t\t\t\t\t<div class=\"e-con-inner\">\n\t\t<div class=\"elementor-element elementor-element-480ef60a e-con-full e-flex e-con e-child\" data-id=\"480ef60a\" data-element_type=\"container\">\n\t\t\t\t<div class=\"elementor-element elementor-element-5e1e6d54 elementor-widget elementor-widget-heading\" data-id=\"5e1e6d54\" data-element_type=\"widget\" data-widget_type=\"heading.default\">\n\t\t\t\t<div class=\"elementor-widget-container\">\n\t\t\t\t\t<h3 class=\"elementor-heading-title elementor-size-default\">La vid\u00e9o d'accroche<\/h3>\t\t\t\t<\/div>\n\t\t\t\t<\/div>\n\t\t\t\t<div class=\"elementor-element elementor-element-1194f64 elementor-widget elementor-widget-video\" data-id=\"1194f64\" data-element_type=\"widget\" data-settings=\"{&quot;youtube_url&quot;:&quot;https:\\\/\\\/youtu.be\\\/kTJoyhprYWc&quot;,&quot;video_type&quot;:&quot;youtube&quot;,&quot;controls&quot;:&quot;yes&quot;}\" data-widget_type=\"video.default\">\n\t\t\t\t<div class=\"elementor-widget-container\">\n\t\t\t\t\t\t\t<div class=\"elementor-wrapper elementor-open-inline\">\n\t\t\t<div class=\"elementor-video\"><\/div>\t\t<\/div>\n\t\t\t\t\t\t<\/div>\n\t\t\t\t<\/div>\n\t\t\t\t<\/div>\n\t\t<div class=\"elementor-element elementor-element-60c5168b e-con-full e-flex e-con e-child\" data-id=\"60c5168b\" data-element_type=\"container\">\n\t\t\t\t<div class=\"elementor-element elementor-element-7471784c elementor-widget elementor-widget-heading\" data-id=\"7471784c\" data-element_type=\"widget\" data-widget_type=\"heading.default\">\n\t\t\t\t<div class=\"elementor-widget-container\">\n\t\t\t\t\t<h3 class=\"elementor-heading-title elementor-size-default\">Le dossier p\u00e9dagogique<\/h3>\t\t\t\t<\/div>\n\t\t\t\t<\/div>\n\t\t\t\t<div class=\"elementor-element elementor-element-15b6979c elementor-widget elementor-widget-image\" data-id=\"15b6979c\" data-element_type=\"widget\" data-widget_type=\"image.default\">\n\t\t\t\t<div class=\"elementor-widget-container\">\n\t\t\t\t\t\t\t\t\t\t\t\t\t\t\t<img alt=\"\" decoding=\"async\" width=\"794\" height=\"711\" src=\"https:\/\/sites.ac-nancy-metz.fr\/bonusagedunumerique\/wp-content\/uploads\/2024\/08\/Capture-decran-2024-08-22-a-10.57.52.jpg\" class=\"attachment-full size-full wp-image-4217\" alt=\"\" srcset=\"https:\/\/sites.ac-nancy-metz.fr\/bonusagedunumerique\/wp-content\/uploads\/2024\/08\/Capture-decran-2024-08-22-a-10.57.52.jpg 794w, https:\/\/sites.ac-nancy-metz.fr\/bonusagedunumerique\/wp-content\/uploads\/2024\/08\/Capture-decran-2024-08-22-a-10.57.52-300x269.jpg 300w, https:\/\/sites.ac-nancy-metz.fr\/bonusagedunumerique\/wp-content\/uploads\/2024\/08\/Capture-decran-2024-08-22-a-10.57.52-768x688.jpg 768w\" sizes=\"(max-width: 794px) 100vw, 794px\" \/>\t\t\t\t\t\t\t\t\t\t\t\t\t\t\t<\/div>\n\t\t\t\t<\/div>\n\t\t\t\t<div class=\"elementor-element elementor-element-5bff45d1 elementor-widget elementor-widget-button\" data-id=\"5bff45d1\" data-element_type=\"widget\" data-widget_type=\"button.default\">\n\t\t\t\t<div class=\"elementor-widget-container\">\n\t\t\t\t\t\t\t\t\t<div class=\"elementor-button-wrapper\">\n\t\t\t\t\t<a class=\"elementor-button elementor-button-link elementor-size-sm\" href=\"https:\/\/sites.ac-nancy-metz.fr\/molomolo\/wp-content\/uploads\/2023\/01\/fiche-cyber.pdf\">\n\t\t\t\t\t\t<span class=\"elementor-button-content-wrapper\">\n\t\t\t\t\t\t\t\t\t<span class=\"elementor-button-text\">T\u00e9l\u00e9charger le dossier (PDF)<\/span>\n\t\t\t\t\t<\/span>\n\t\t\t\t\t<\/a>\n\t\t\t\t<\/div>\n\t\t\t\t\t\t\t\t<\/div>\n\t\t\t\t<\/div>\n\t\t\t\t<\/div>\n\t\t<div class=\"elementor-element elementor-element-f00f4ee e-con-full e-flex e-con e-child\" data-id=\"f00f4ee\" data-element_type=\"container\">\n\t\t\t\t<div class=\"elementor-element elementor-element-596f50a3 elementor-widget elementor-widget-heading\" data-id=\"596f50a3\" data-element_type=\"widget\" data-widget_type=\"heading.default\">\n\t\t\t\t<div class=\"elementor-widget-container\">\n\t\t\t\t\t<h3 class=\"elementor-heading-title elementor-size-default\">Les cartes du d\u00e9bat<\/h3>\t\t\t\t<\/div>\n\t\t\t\t<\/div>\n\t\t\t\t<div class=\"elementor-element elementor-element-51479463 elementor-widget elementor-widget-image\" data-id=\"51479463\" data-element_type=\"widget\" data-widget_type=\"image.default\">\n\t\t\t\t<div class=\"elementor-widget-container\">\n\t\t\t\t\t\t\t\t\t\t\t\t\t\t\t<img alt=\"\" loading=\"lazy\" decoding=\"async\" width=\"234\" height=\"275\" src=\"https:\/\/sites.ac-nancy-metz.fr\/bonusagedunumerique\/wp-content\/uploads\/2022\/12\/NAH-college.jpg\" class=\"attachment-full size-full wp-image-3069\" alt=\"\" \/>\t\t\t\t\t\t\t\t\t\t\t\t\t\t\t<\/div>\n\t\t\t\t<\/div>\n\t\t\t\t<div class=\"elementor-element elementor-element-47057d71 elementor-widget elementor-widget-button\" data-id=\"47057d71\" data-element_type=\"widget\" data-widget_type=\"button.default\">\n\t\t\t\t<div class=\"elementor-widget-container\">\n\t\t\t\t\t\t\t\t\t<div class=\"elementor-button-wrapper\">\n\t\t\t\t\t<a class=\"elementor-button elementor-button-link elementor-size-sm\" href=\"https:\/\/sites.ac-nancy-metz.fr\/molomolo\/wp-content\/uploads\/2022\/12\/Cartes_CyberHarcelement_Lycee.pdf\">\n\t\t\t\t\t\t<span class=\"elementor-button-content-wrapper\">\n\t\t\t\t\t\t\t\t\t<span class=\"elementor-button-text\">T\u00e9l\u00e9charger les cartes (PDF)<\/span>\n\t\t\t\t\t<\/span>\n\t\t\t\t\t<\/a>\n\t\t\t\t<\/div>\n\t\t\t\t\t\t\t\t<\/div>\n\t\t\t\t<\/div>\n\t\t\t\t<\/div>\n\t\t\t\t\t<\/div>\n\t\t\t\t<\/div>\n\t\t<div class=\"elementor-element elementor-element-4e9245df e-flex e-con-boxed e-con e-parent\" data-id=\"4e9245df\" data-element_type=\"container\">\n\t\t\t\t\t<div class=\"e-con-inner\">\n\t\t<div class=\"elementor-element elementor-element-5a5506f3 e-con-full e-flex e-con e-child\" data-id=\"5a5506f3\" data-element_type=\"container\">\n\t\t\t\t<div class=\"elementor-element elementor-element-14ddd50b elementor-widget elementor-widget-heading\" data-id=\"14ddd50b\" data-element_type=\"widget\" data-widget_type=\"heading.default\">\n\t\t\t\t<div class=\"elementor-widget-container\">\n\t\t\t\t\t<h2 class=\"elementor-heading-title elementor-size-default\">Pour aller plus loin<\/h2>\t\t\t\t<\/div>\n\t\t\t\t<\/div>\n\t\t\t\t<div class=\"elementor-element elementor-element-637b5870 elementor-widget elementor-widget-text-editor\" data-id=\"637b5870\" data-element_type=\"widget\" data-widget_type=\"text-editor.default\">\n\t\t\t\t<div class=\"elementor-widget-container\">\n\t\t\t\t\t\t\t\t\t<p>En France, un enfant re\u00e7oit son premier appareil num\u00e9rique en moyenne \u00e0 l&rsquo;\u00e2ge de 10 ans et 20% des jeunes de 8-18 ans d\u00e9clarent avoir d\u00e9j\u00e0 \u00e9t\u00e9 confront\u00e9s \u00e0 une situation de cyberharc\u00e8lement. C&rsquo;est pour mieux accompagner les victimes de cyberharc\u00e8lement que l&rsquo;application 3018 a \u00e9t\u00e9 lanc\u00e9e. \u00c0 l&rsquo;occasion du Safer Internet Day , le Gouvernement soutient le lancement de cet outil, un nouveau point d&rsquo;entr\u00e9e pour signaler toute situation de cyberharc\u00e8lement des enfants , afin d&rsquo;assurer une prise en charge rapide et globale de la victime. Depuis le 8 f\u00e9vrier, l&rsquo;application est disponible en t\u00e9l\u00e9chargement gratuit.<\/p>\t\t\t\t\t\t\t\t<\/div>\n\t\t\t\t<\/div>\n\t\t\t\t<div class=\"elementor-element elementor-element-31d1af9e elementor-widget elementor-widget-button\" data-id=\"31d1af9e\" data-element_type=\"widget\" data-widget_type=\"button.default\">\n\t\t\t\t<div class=\"elementor-widget-container\">\n\t\t\t\t\t\t\t\t\t<div class=\"elementor-button-wrapper\">\n\t\t\t\t\t<a class=\"elementor-button elementor-button-link elementor-size-sm\" href=\"https:\/\/e-enfance.org\/app-3018\/\">\n\t\t\t\t\t\t<span class=\"elementor-button-content-wrapper\">\n\t\t\t\t\t\t\t\t\t<span class=\"elementor-button-text\">T\u00e9l\u00e9charger l'application 3018<\/span>\n\t\t\t\t\t<\/span>\n\t\t\t\t\t<\/a>\n\t\t\t\t<\/div>\n\t\t\t\t\t\t\t\t<\/div>\n\t\t\t\t<\/div>\n\t\t\t\t<\/div>\n\t\t<div class=\"elementor-element elementor-element-54a5eaca e-con-full e-flex e-con e-child\" data-id=\"54a5eaca\" data-element_type=\"container\">\n\t\t\t\t<div class=\"elementor-element elementor-element-56433aa5 elementor-widget elementor-widget-image\" data-id=\"56433aa5\" data-element_type=\"widget\" data-widget_type=\"image.default\">\n\t\t\t\t<div class=\"elementor-widget-container\">\n\t\t\t\t\t\t\t\t\t\t\t\t\t\t\t<img alt=\"\" loading=\"lazy\" decoding=\"async\" width=\"800\" height=\"437\" src=\"https:\/\/sites.ac-nancy-metz.fr\/bonusagedunumerique\/wp-content\/uploads\/2022\/10\/3018.jpg\" class=\"attachment-large size-large wp-image-2879\" alt=\"\" srcset=\"https:\/\/sites.ac-nancy-metz.fr\/bonusagedunumerique\/wp-content\/uploads\/2022\/10\/3018.jpg 800w, https:\/\/sites.ac-nancy-metz.fr\/bonusagedunumerique\/wp-content\/uploads\/2022\/10\/3018-300x164.jpg 300w, https:\/\/sites.ac-nancy-metz.fr\/bonusagedunumerique\/wp-content\/uploads\/2022\/10\/3018-768x420.jpg 768w, https:\/\/sites.ac-nancy-metz.fr\/bonusagedunumerique\/wp-content\/uploads\/2022\/10\/3018-480x262.jpg 480w\" sizes=\"(max-width: 800px) 100vw, 800px\" \/>\t\t\t\t\t\t\t\t\t\t\t\t\t\t\t<\/div>\n\t\t\t\t<\/div>\n\t\t\t\t<\/div>\n\t\t\t\t\t<\/div>\n\t\t\t\t<\/div>\n\t\t\t\t<\/div>\n\t\t","protected":false},"excerpt":{"rendered":"<p>LUTTER CONTRE LE CYBER HARC\u00c8LEMENT La Drane de Nancy Metz a d\u00e9cid\u00e9 de passer \u00e0 l\u2019action face au cyber harc\u00e8lement, \u00e9l\u00e9ment perturbateur r\u00e9current du climat scolaire de l\u2019\u00e9cole\u2026 au lyc\u00e9e. Retrouvez ci-dessous plusieurs ressources vous permettant d&rsquo;engager la discussion dans vos classes \u00a0 La vid\u00e9o d&rsquo;accroche Le dossier p\u00e9dagogique T\u00e9l\u00e9charger le dossier (PDF) Les cartes [&hellip;]<\/p>\n","protected":false},"author":7,"featured_media":0,"parent":0,"menu_order":0,"comment_status":"closed","ping_status":"closed","template":"","meta":{"_seopress_robots_primary_cat":"","_seopress_titles_title":"","_seopress_titles_desc":"","_seopress_robots_index":"","footnotes":""},"categories":[],"tags":[],"class_list":["post-2111","page","type-page","status-publish","hentry"],"_links":{"self":[{"href":"https:\/\/sites.ac-nancy-metz.fr\/bonusagedunumerique\/wp-json\/wp\/v2\/pages\/2111","targetHints":{"allow":["GET"]}}],"collection":[{"href":"https:\/\/sites.ac-nancy-metz.fr\/bonusagedunumerique\/wp-json\/wp\/v2\/pages"}],"about":[{"href":"https:\/\/sites.ac-nancy-metz.fr\/bonusagedunumerique\/wp-json\/wp\/v2\/types\/page"}],"author":[{"embeddable":true,"href":"https:\/\/sites.ac-nancy-metz.fr\/bonusagedunumerique\/wp-json\/wp\/v2\/users\/7"}],"replies":[{"embeddable":true,"href":"https:\/\/sites.ac-nancy-metz.fr\/bonusagedunumerique\/wp-json\/wp\/v2\/comments?post=2111"}],"version-history":[{"count":28,"href":"https:\/\/sites.ac-nancy-metz.fr\/bonusagedunumerique\/wp-json\/wp\/v2\/pages\/2111\/revisions"}],"predecessor-version":[{"id":4245,"href":"https:\/\/sites.ac-nancy-metz.fr\/bonusagedunumerique\/wp-json\/wp\/v2\/pages\/2111\/revisions\/4245"}],"wp:attachment":[{"href":"https:\/\/sites.ac-nancy-metz.fr\/bonusagedunumerique\/wp-json\/wp\/v2\/media?parent=2111"}],"wp:term":[{"taxonomy":"category","embeddable":true,"href":"https:\/\/sites.ac-nancy-metz.fr\/bonusagedunumerique\/wp-json\/wp\/v2\/categories?post=2111"},{"taxonomy":"post_tag","embeddable":true,"href":"https:\/\/sites.ac-nancy-metz.fr\/bonusagedunumerique\/wp-json\/wp\/v2\/tags?post=2111"}],"curies":[{"name":"wp","href":"https:\/\/api.w.org\/{rel}","templated":true}]}}