{"id":3522,"date":"2023-06-13T09:54:27","date_gmt":"2023-06-13T07:54:27","guid":{"rendered":"https:\/\/sites.ac-nancy-metz.fr\/bonusagedunumerique\/?page_id=3522"},"modified":"2024-08-22T18:09:02","modified_gmt":"2024-08-22T16:09:02","slug":"initiative-1-10-conseils-de-la-cnil","status":"publish","type":"page","link":"https:\/\/sites.ac-nancy-metz.fr\/bonusagedunumerique\/initiative-1-10-conseils-de-la-cnil\/","title":{"rendered":"INITIATIVE 1  : 10 conseils de la CNIL"},"content":{"rendered":"\n<p>Ressources num\u00e9riques propos\u00e9es par la CNIL et particuli\u00e8rement une&nbsp;<a href=\"https:\/\/www.cnil.fr\/sites\/default\/files\/atoms\/files\/poster_10-conseils-pour-rester-net-sur-le-web_ok.pdf\">affiche&nbsp;<\/a>pr\u00e9sentant dix pr\u00e9cautions \u00e9l\u00e9mentaires pour prot\u00e9ger sa vie priv\u00e9e en ligne.<\/p>\n\n\n\n<p>A d\u00e9couvrir \u00e9galement une s\u00e9lection de fiches propos\u00e9es par la CNIL&nbsp;:<\/p>\n\n\n\n<ul class=\"wp-block-list\">\n<li>Ma\u00eetriser les informations publi\u00e9es sur les r\u00e9seaux sociaux<\/li>\n\n\n\n<li>Pr\u00e9venir, rep\u00e9rer et r\u00e9agir face au piratage de ses comptes sociaux<\/li>\n\n\n\n<li>Cr\u00e9er des emails diff\u00e9rents selon les services<\/li>\n\n\n\n<li>Trouver des pseudonymes diff\u00e9rents selon les services<\/li>\n\n\n\n<li>Comment construire un mot de passe s\u00fbr<\/li>\n\n\n\n<li>Comment effacer des informations me concernant sur un moteur de recherche<\/li>\n<\/ul>\n\n\n\n<p>Public : \u00c9l\u00e8ves et parents<\/p>\n\n\n\n<p><strong>Et vous, o\u00f9 en \u00eates-vous avec votre vie priv\u00e9e ?<\/strong><\/p>\n\n\n\n<div class=\"wp-block-columns is-layout-flex wp-container-core-columns-is-layout-28f84493 wp-block-columns-is-layout-flex\">\n<div class=\"wp-block-column is-layout-flow wp-block-column-is-layout-flow\">\n<div class=\"wp-block-buttons is-layout-flex wp-block-buttons-is-layout-flex\">\n<div class=\"wp-block-button\"><a class=\"wp-block-button__link wp-element-button\" href=\"https:\/\/www.cnil.fr\/sites\/cnil\/files\/atoms\/files\/poster_10-conseils-pour-rester-net-sur-le-web_ok.pdf\">Acc\u00e9der \u00e0 la ressource<\/a><\/div>\n<\/div>\n<\/div>\n\n\n\n<div class=\"wp-block-column is-layout-flow wp-block-column-is-layout-flow\">\n<div class=\"wp-block-buttons is-layout-flex wp-block-buttons-is-layout-flex\">\n<div class=\"wp-block-button\"><a class=\"wp-block-button__link wp-element-button\" href=\"https:\/\/sites.ac-nancy-metz.fr\/molomolo\/wp-content\/uploads\/2023\/06\/01_dixconseils.pdf\">Fiche ressource<\/a><\/div>\n<\/div>\n<\/div>\n<\/div>\n","protected":false},"excerpt":{"rendered":"<p>Ressources num\u00e9riques propos\u00e9es par la CNIL et particuli\u00e8rement une&nbsp;affiche&nbsp;pr\u00e9sentant dix pr\u00e9cautions \u00e9l\u00e9mentaires pour prot\u00e9ger sa vie priv\u00e9e en ligne. A d\u00e9couvrir \u00e9galement une s\u00e9lection de fiches propos\u00e9es par la CNIL&nbsp;: Public : \u00c9l\u00e8ves et parents Et vous, o\u00f9 en \u00eates-vous avec votre vie priv\u00e9e ?<\/p>\n","protected":false},"author":7,"featured_media":3310,"parent":0,"menu_order":0,"comment_status":"closed","ping_status":"closed","template":"","meta":{"_seopress_robots_primary_cat":"","_seopress_titles_title":"","_seopress_titles_desc":"","_seopress_robots_index":"","footnotes":""},"categories":[19],"tags":[],"class_list":["post-3522","page","type-page","status-publish","has-post-thumbnail","hentry","category-initiative"],"_links":{"self":[{"href":"https:\/\/sites.ac-nancy-metz.fr\/bonusagedunumerique\/wp-json\/wp\/v2\/pages\/3522","targetHints":{"allow":["GET"]}}],"collection":[{"href":"https:\/\/sites.ac-nancy-metz.fr\/bonusagedunumerique\/wp-json\/wp\/v2\/pages"}],"about":[{"href":"https:\/\/sites.ac-nancy-metz.fr\/bonusagedunumerique\/wp-json\/wp\/v2\/types\/page"}],"author":[{"embeddable":true,"href":"https:\/\/sites.ac-nancy-metz.fr\/bonusagedunumerique\/wp-json\/wp\/v2\/users\/7"}],"replies":[{"embeddable":true,"href":"https:\/\/sites.ac-nancy-metz.fr\/bonusagedunumerique\/wp-json\/wp\/v2\/comments?post=3522"}],"version-history":[{"count":12,"href":"https:\/\/sites.ac-nancy-metz.fr\/bonusagedunumerique\/wp-json\/wp\/v2\/pages\/3522\/revisions"}],"predecessor-version":[{"id":4333,"href":"https:\/\/sites.ac-nancy-metz.fr\/bonusagedunumerique\/wp-json\/wp\/v2\/pages\/3522\/revisions\/4333"}],"wp:featuredmedia":[{"embeddable":true,"href":"https:\/\/sites.ac-nancy-metz.fr\/bonusagedunumerique\/wp-json\/wp\/v2\/media\/3310"}],"wp:attachment":[{"href":"https:\/\/sites.ac-nancy-metz.fr\/bonusagedunumerique\/wp-json\/wp\/v2\/media?parent=3522"}],"wp:term":[{"taxonomy":"category","embeddable":true,"href":"https:\/\/sites.ac-nancy-metz.fr\/bonusagedunumerique\/wp-json\/wp\/v2\/categories?post=3522"},{"taxonomy":"post_tag","embeddable":true,"href":"https:\/\/sites.ac-nancy-metz.fr\/bonusagedunumerique\/wp-json\/wp\/v2\/tags?post=3522"}],"curies":[{"name":"wp","href":"https:\/\/api.w.org\/{rel}","templated":true}]}}