{"id":3529,"date":"2023-06-13T10:02:09","date_gmt":"2023-06-13T08:02:09","guid":{"rendered":"https:\/\/sites.ac-nancy-metz.fr\/bonusagedunumerique\/?page_id=3529"},"modified":"2024-08-23T09:11:27","modified_gmt":"2024-08-23T07:11:27","slug":"initiative-2-la-hack-academy","status":"publish","type":"page","link":"https:\/\/sites.ac-nancy-metz.fr\/bonusagedunumerique\/initiative-2-la-hack-academy\/","title":{"rendered":"INITIATIVE 2 : La hack academy"},"content":{"rendered":"\n<p><strong>La hack academy<\/strong>&nbsp;: Comment \u00e9viter les arnaques sur les r\u00e9seaux sociaux et internet ?<\/p>\n\n\n\n<p>La fiche d\u00e9crypte \u00e0 travers des&nbsp;<a href=\"https:\/\/www.youtube.com\/@hackacademy2895\/videos\">vid\u00e9os&nbsp;<\/a>les m\u00e9canismes des arnaques les plus courantes sur le web.<\/p>\n\n\n\n<p>A r\u00e9aliser \u00e0 la maison ou lors d\u2019une s\u00e9ance d\u2019EMI.<\/p>\n\n\n\n<p>Activit\u00e9 r\u00e9alis\u00e9e en autonomie et collaborative sous forme de d\u00e9bats d\u2019id\u00e9es aliment\u00e9s par une s\u00e9quence vid\u00e9o. Accompagn\u00e9e par un adulte pour le lancement et la synth\u00e8se.<\/p>\n\n\n\n<figure class=\"wp-block-video\"><video controls src=\"https:\/\/dai.ly\/x38a64i\"><\/video><\/figure>\n\n\n\n<p>Public : \u00c9l\u00e8ves de coll\u00e8ge ou lyc\u00e9e et parents<\/p>\n\n\n\n<p>Dur\u00e9e estim\u00e9e : 1 heure<\/p>\n\n\n\n<p><strong>Et vous, o\u00f9 en \u00eates-vous avec vos pratiques num\u00e9riques ?<\/strong><\/p>\n\n\n\n<div class=\"wp-block-columns is-layout-flex wp-container-core-columns-is-layout-28f84493 wp-block-columns-is-layout-flex\">\n<div class=\"wp-block-column is-layout-flow wp-block-column-is-layout-flow\">\n<div class=\"wp-block-buttons is-layout-flex wp-block-buttons-is-layout-flex\">\n<div class=\"wp-block-button\"><a class=\"wp-block-button__link wp-element-button\" href=\"https:\/\/www.youtube.com\/@hackacademy2895\/videos\">Acc\u00e8s \u00e0 la ressource<\/a><\/div>\n<\/div>\n<\/div>\n\n\n\n<div class=\"wp-block-column is-layout-flow wp-block-column-is-layout-flow\">\n<div class=\"wp-block-buttons is-layout-flex wp-block-buttons-is-layout-flex\">\n<div class=\"wp-block-button\"><a class=\"wp-block-button__link wp-element-button\" href=\"https:\/\/sites.ac-nancy-metz.fr\/molomolo\/wp-content\/uploads\/2023\/06\/Hackacademy-2023.pdf\">Fiche ressource<\/a><\/div>\n<\/div>\n<\/div>\n<\/div>\n","protected":false},"excerpt":{"rendered":"<p>La hack academy&nbsp;: Comment \u00e9viter les arnaques sur les r\u00e9seaux sociaux et internet ? La fiche d\u00e9crypte \u00e0 travers des&nbsp;vid\u00e9os&nbsp;les m\u00e9canismes des arnaques les plus courantes sur le web. A r\u00e9aliser \u00e0 la maison ou lors d\u2019une s\u00e9ance d\u2019EMI. Activit\u00e9 r\u00e9alis\u00e9e en autonomie et collaborative sous forme de d\u00e9bats d\u2019id\u00e9es aliment\u00e9s par une s\u00e9quence vid\u00e9o. [&hellip;]<\/p>\n","protected":false},"author":7,"featured_media":3311,"parent":0,"menu_order":0,"comment_status":"closed","ping_status":"closed","template":"","meta":{"_seopress_robots_primary_cat":"","_seopress_titles_title":"","_seopress_titles_desc":"","_seopress_robots_index":"","footnotes":""},"categories":[19],"tags":[],"class_list":["post-3529","page","type-page","status-publish","has-post-thumbnail","hentry","category-initiative"],"_links":{"self":[{"href":"https:\/\/sites.ac-nancy-metz.fr\/bonusagedunumerique\/wp-json\/wp\/v2\/pages\/3529","targetHints":{"allow":["GET"]}}],"collection":[{"href":"https:\/\/sites.ac-nancy-metz.fr\/bonusagedunumerique\/wp-json\/wp\/v2\/pages"}],"about":[{"href":"https:\/\/sites.ac-nancy-metz.fr\/bonusagedunumerique\/wp-json\/wp\/v2\/types\/page"}],"author":[{"embeddable":true,"href":"https:\/\/sites.ac-nancy-metz.fr\/bonusagedunumerique\/wp-json\/wp\/v2\/users\/7"}],"replies":[{"embeddable":true,"href":"https:\/\/sites.ac-nancy-metz.fr\/bonusagedunumerique\/wp-json\/wp\/v2\/comments?post=3529"}],"version-history":[{"count":8,"href":"https:\/\/sites.ac-nancy-metz.fr\/bonusagedunumerique\/wp-json\/wp\/v2\/pages\/3529\/revisions"}],"predecessor-version":[{"id":4365,"href":"https:\/\/sites.ac-nancy-metz.fr\/bonusagedunumerique\/wp-json\/wp\/v2\/pages\/3529\/revisions\/4365"}],"wp:featuredmedia":[{"embeddable":true,"href":"https:\/\/sites.ac-nancy-metz.fr\/bonusagedunumerique\/wp-json\/wp\/v2\/media\/3311"}],"wp:attachment":[{"href":"https:\/\/sites.ac-nancy-metz.fr\/bonusagedunumerique\/wp-json\/wp\/v2\/media?parent=3529"}],"wp:term":[{"taxonomy":"category","embeddable":true,"href":"https:\/\/sites.ac-nancy-metz.fr\/bonusagedunumerique\/wp-json\/wp\/v2\/categories?post=3529"},{"taxonomy":"post_tag","embeddable":true,"href":"https:\/\/sites.ac-nancy-metz.fr\/bonusagedunumerique\/wp-json\/wp\/v2\/tags?post=3529"}],"curies":[{"name":"wp","href":"https:\/\/api.w.org\/{rel}","templated":true}]}}