{"id":3537,"date":"2023-06-16T14:59:11","date_gmt":"2023-06-16T12:59:11","guid":{"rendered":"https:\/\/sites.ac-nancy-metz.fr\/bonusagedunumerique\/?page_id=3537"},"modified":"2024-08-23T09:23:18","modified_gmt":"2024-08-23T07:23:18","slug":"initiatives-3","status":"publish","type":"page","link":"https:\/\/sites.ac-nancy-metz.fr\/bonusagedunumerique\/initiatives-3\/","title":{"rendered":"INITIATIVES 3  : Nous sommes suivis !"},"content":{"rendered":"\n<p><strong>Parcours multim\u00e9dia<\/strong>\u00a0: Comment prot\u00e9ger ses donn\u00e9es personnelles ?<br>Dans cette fiche, vous trouverez 5 parcours pour comprendre ce que sont les donn\u00e9es personnelles et savoir comment les prot\u00e9ger : d\u00e9finition, ciblage et profilage, utilisations, risques, protections.<\/p>\n\n\n\n<p>Public :&nbsp;Parents et \u00e9l\u00e8ves de cycle 4 (5e\u20134e\u20133e)<\/p>\n\n\n\n<p><strong>Et vous, o\u00f9 en \u00eates-vous avec vos donn\u00e9es personnelles ?<\/strong><\/p>\n\n\n\n<div class=\"wp-block-columns is-layout-flex wp-container-core-columns-is-layout-28f84493 wp-block-columns-is-layout-flex\">\n<div class=\"wp-block-column is-layout-flow wp-block-column-is-layout-flow\">\n<div class=\"wp-block-buttons is-layout-flex wp-block-buttons-is-layout-flex\">\n<div class=\"wp-block-button\"><a class=\"wp-block-button__link wp-element-button\" href=\"https:\/\/view.genially.com\/5baf613838d43e0f956e3197\/interactive-content-donneespersos\">Acc\u00e8s \u00e0 la ressource<\/a><\/div>\n<\/div>\n<\/div>\n\n\n\n<div class=\"wp-block-column is-layout-flow wp-block-column-is-layout-flow\">\n<div class=\"wp-block-buttons is-layout-flex wp-block-buttons-is-layout-flex\">\n<div class=\"wp-block-button\"><a class=\"wp-block-button__link wp-element-button\" href=\"https:\/\/sites.ac-nancy-metz.fr\/molomolo\/wp-content\/uploads\/2023\/06\/03_donnees_big_data-1.pdf\">Fiche ressource<\/a><\/div>\n<\/div>\n<\/div>\n<\/div>\n","protected":false},"excerpt":{"rendered":"<p>Parcours multim\u00e9dia\u00a0: Comment prot\u00e9ger ses donn\u00e9es personnelles ?Dans cette fiche, vous trouverez 5 parcours pour comprendre ce que sont les donn\u00e9es personnelles et savoir comment les prot\u00e9ger : d\u00e9finition, ciblage et profilage, utilisations, risques, protections. Public :&nbsp;Parents et \u00e9l\u00e8ves de cycle 4 (5e\u20134e\u20133e) Et vous, o\u00f9 en \u00eates-vous avec vos donn\u00e9es personnelles ?<\/p>\n","protected":false},"author":7,"featured_media":3312,"parent":0,"menu_order":0,"comment_status":"closed","ping_status":"closed","template":"","meta":{"_seopress_robots_primary_cat":"","_seopress_titles_title":"","_seopress_titles_desc":"","_seopress_robots_index":"","footnotes":""},"categories":[19],"tags":[],"class_list":["post-3537","page","type-page","status-publish","has-post-thumbnail","hentry","category-initiative"],"_links":{"self":[{"href":"https:\/\/sites.ac-nancy-metz.fr\/bonusagedunumerique\/wp-json\/wp\/v2\/pages\/3537","targetHints":{"allow":["GET"]}}],"collection":[{"href":"https:\/\/sites.ac-nancy-metz.fr\/bonusagedunumerique\/wp-json\/wp\/v2\/pages"}],"about":[{"href":"https:\/\/sites.ac-nancy-metz.fr\/bonusagedunumerique\/wp-json\/wp\/v2\/types\/page"}],"author":[{"embeddable":true,"href":"https:\/\/sites.ac-nancy-metz.fr\/bonusagedunumerique\/wp-json\/wp\/v2\/users\/7"}],"replies":[{"embeddable":true,"href":"https:\/\/sites.ac-nancy-metz.fr\/bonusagedunumerique\/wp-json\/wp\/v2\/comments?post=3537"}],"version-history":[{"count":10,"href":"https:\/\/sites.ac-nancy-metz.fr\/bonusagedunumerique\/wp-json\/wp\/v2\/pages\/3537\/revisions"}],"predecessor-version":[{"id":4377,"href":"https:\/\/sites.ac-nancy-metz.fr\/bonusagedunumerique\/wp-json\/wp\/v2\/pages\/3537\/revisions\/4377"}],"wp:featuredmedia":[{"embeddable":true,"href":"https:\/\/sites.ac-nancy-metz.fr\/bonusagedunumerique\/wp-json\/wp\/v2\/media\/3312"}],"wp:attachment":[{"href":"https:\/\/sites.ac-nancy-metz.fr\/bonusagedunumerique\/wp-json\/wp\/v2\/media?parent=3537"}],"wp:term":[{"taxonomy":"category","embeddable":true,"href":"https:\/\/sites.ac-nancy-metz.fr\/bonusagedunumerique\/wp-json\/wp\/v2\/categories?post=3537"},{"taxonomy":"post_tag","embeddable":true,"href":"https:\/\/sites.ac-nancy-metz.fr\/bonusagedunumerique\/wp-json\/wp\/v2\/tags?post=3537"}],"curies":[{"name":"wp","href":"https:\/\/api.w.org\/{rel}","templated":true}]}}