{"id":3543,"date":"2023-06-16T15:05:02","date_gmt":"2023-06-16T13:05:02","guid":{"rendered":"https:\/\/sites.ac-nancy-metz.fr\/bonusagedunumerique\/?page_id=3543"},"modified":"2024-08-23T09:08:29","modified_gmt":"2024-08-23T07:08:29","slug":"initiative-4-la-face-cachee-de-tik-tok","status":"publish","type":"page","link":"https:\/\/sites.ac-nancy-metz.fr\/bonusagedunumerique\/initiative-4-la-face-cachee-de-tik-tok\/","title":{"rendered":"INITIATIVE 4 : La face cach\u00e9e de Tik-Tok"},"content":{"rendered":"\n<p><strong>Tik-Tok<\/strong>\u00a0: Comment construire son identit\u00e9 num\u00e9rique et lutter contre le harc\u00e8lement ?<br>Le youtubeur \u00ab Le roi des rats \u00bb expose les d\u00e9rives et les risques de Tiktok dans une vid\u00e9o.<\/p>\n\n\n\n<p>\u00c9criture collective d&rsquo;une charte d\u2019usage d\u2019un r\u00e9seau social, comme Tik Tok.<\/p>\n\n\n\n<p>Public : \u00c9l\u00e8ves et parents<\/p>\n\n\n\n<p><strong>Et vous, o\u00f9 en \u00eates-vous avec les r\u00e9seaux sociaux ?<\/strong><\/p>\n\n\n\n<div class=\"wp-block-columns is-layout-flex wp-container-core-columns-is-layout-28f84493 wp-block-columns-is-layout-flex\">\n<div class=\"wp-block-column is-layout-flow wp-block-column-is-layout-flow\">\n<div class=\"wp-block-buttons is-layout-flex wp-block-buttons-is-layout-flex\">\n<div class=\"wp-block-button\"><a class=\"wp-block-button__link wp-element-button\" href=\"https:\/\/ladigitale.dev\/digiview\/#\/v\/648c5e62495ba\">Acc\u00e8s \u00e0 la ressource<\/a><\/div>\n<\/div>\n<\/div>\n\n\n\n<div class=\"wp-block-column is-layout-flow wp-block-column-is-layout-flow\">\n<div class=\"wp-block-buttons is-layout-flex wp-block-buttons-is-layout-flex\">\n<div class=\"wp-block-button\"><a class=\"wp-block-button__link wp-element-button\" href=\"https:\/\/sites.ac-nancy-metz.fr\/molomolo\/wp-content\/uploads\/2023\/06\/04_la_face_cachee_de_Tik_Tok-1.pdf\">Fiche ressource<\/a><\/div>\n<\/div>\n<\/div>\n<\/div>\n","protected":false},"excerpt":{"rendered":"<p>Tik-Tok\u00a0: Comment construire son identit\u00e9 num\u00e9rique et lutter contre le harc\u00e8lement ?Le youtubeur \u00ab Le roi des rats \u00bb expose les d\u00e9rives et les risques de Tiktok dans une vid\u00e9o. \u00c9criture collective d&rsquo;une charte d\u2019usage d\u2019un r\u00e9seau social, comme Tik Tok. Public : \u00c9l\u00e8ves et parents Et vous, o\u00f9 en \u00eates-vous avec les r\u00e9seaux sociaux [&hellip;]<\/p>\n","protected":false},"author":7,"featured_media":3313,"parent":0,"menu_order":0,"comment_status":"closed","ping_status":"closed","template":"","meta":{"_seopress_robots_primary_cat":"","_seopress_titles_title":"","_seopress_titles_desc":"","_seopress_robots_index":"","footnotes":""},"categories":[19],"tags":[],"class_list":["post-3543","page","type-page","status-publish","has-post-thumbnail","hentry","category-initiative"],"_links":{"self":[{"href":"https:\/\/sites.ac-nancy-metz.fr\/bonusagedunumerique\/wp-json\/wp\/v2\/pages\/3543","targetHints":{"allow":["GET"]}}],"collection":[{"href":"https:\/\/sites.ac-nancy-metz.fr\/bonusagedunumerique\/wp-json\/wp\/v2\/pages"}],"about":[{"href":"https:\/\/sites.ac-nancy-metz.fr\/bonusagedunumerique\/wp-json\/wp\/v2\/types\/page"}],"author":[{"embeddable":true,"href":"https:\/\/sites.ac-nancy-metz.fr\/bonusagedunumerique\/wp-json\/wp\/v2\/users\/7"}],"replies":[{"embeddable":true,"href":"https:\/\/sites.ac-nancy-metz.fr\/bonusagedunumerique\/wp-json\/wp\/v2\/comments?post=3543"}],"version-history":[{"count":7,"href":"https:\/\/sites.ac-nancy-metz.fr\/bonusagedunumerique\/wp-json\/wp\/v2\/pages\/3543\/revisions"}],"predecessor-version":[{"id":4361,"href":"https:\/\/sites.ac-nancy-metz.fr\/bonusagedunumerique\/wp-json\/wp\/v2\/pages\/3543\/revisions\/4361"}],"wp:featuredmedia":[{"embeddable":true,"href":"https:\/\/sites.ac-nancy-metz.fr\/bonusagedunumerique\/wp-json\/wp\/v2\/media\/3313"}],"wp:attachment":[{"href":"https:\/\/sites.ac-nancy-metz.fr\/bonusagedunumerique\/wp-json\/wp\/v2\/media?parent=3543"}],"wp:term":[{"taxonomy":"category","embeddable":true,"href":"https:\/\/sites.ac-nancy-metz.fr\/bonusagedunumerique\/wp-json\/wp\/v2\/categories?post=3543"},{"taxonomy":"post_tag","embeddable":true,"href":"https:\/\/sites.ac-nancy-metz.fr\/bonusagedunumerique\/wp-json\/wp\/v2\/tags?post=3543"}],"curies":[{"name":"wp","href":"https:\/\/api.w.org\/{rel}","templated":true}]}}