{"id":3628,"date":"2023-06-16T17:31:00","date_gmt":"2023-06-16T15:31:00","guid":{"rendered":"https:\/\/sites.ac-nancy-metz.fr\/bonusagedunumerique\/?page_id=3628"},"modified":"2024-08-23T09:11:51","modified_gmt":"2024-08-23T07:11:51","slug":"initiative-17-e-reputation-et-entretien-dembauche","status":"publish","type":"page","link":"https:\/\/sites.ac-nancy-metz.fr\/bonusagedunumerique\/initiative-17-e-reputation-et-entretien-dembauche\/","title":{"rendered":"INITIATIVE 17 :  E-r\u00e9putation et entretien d\u2019embauche"},"content":{"rendered":"\n<p><strong>E-r\u00e9putation et entretien d\u2019embauche&nbsp;:&nbsp;<\/strong>Comment r\u00e9fl\u00e9chir sur les traces laiss\u00e9es sur internet et les r\u00e9seaux sociaux ?<\/p>\n\n\n\n<p>Vous aidez \u00e0 mieux comprendre ce qu\u2019est l\u2019identit\u00e9 num\u00e9rique, aborder ensemble la protection<br>des donn\u00e9es, r\u00e9fl\u00e9chir sur les traces laiss\u00e9es sur internet et les r\u00e9seaux sociaux.<\/p>\n\n\n\n<figure class=\"wp-block-embed is-type-video is-provider-youtube wp-block-embed-youtube wp-embed-aspect-16-9 wp-has-aspect-ratio\"><div class=\"wp-block-embed__wrapper\">\n<iframe title=\"ACTION INNOCENCE Campagne 2012 - Ne laisse pas ton image t&#039;\u00e9chapper\" width=\"800\" height=\"450\" src=\"https:\/\/www.youtube.com\/embed\/MT1YgGlx5PQ?feature=oembed\" frameborder=\"0\" allow=\"accelerometer; autoplay; clipboard-write; encrypted-media; gyroscope; picture-in-picture; web-share\" referrerpolicy=\"strict-origin-when-cross-origin\" allowfullscreen><\/iframe>\n<\/div><\/figure>\n\n\n\n<p>Public :&nbsp;parents, \u00e9l\u00e8ves de fin de 3\u00e8me jusqu\u2019\u00e0 post bac.<\/p>\n\n\n\n<p><strong>Et vous, o\u00f9 en \u00eates-vous avec votre e-r\u00e9putation ?<\/strong><\/p>\n\n\n\n<div class=\"wp-block-columns is-layout-flex wp-container-core-columns-is-layout-28f84493 wp-block-columns-is-layout-flex\">\n<div class=\"wp-block-column is-layout-flow wp-block-column-is-layout-flow\">\n<div class=\"wp-block-buttons is-layout-flex wp-block-buttons-is-layout-flex\">\n<div class=\"wp-block-button\"><a class=\"wp-block-button__link wp-element-button\" href=\"https:\/\/ladigitale.dev\/digiview\/#\/v\/648c7fa74c689\">Acc\u00e8s \u00e0 la ressource<\/a><\/div>\n<\/div>\n<\/div>\n\n\n\n<div class=\"wp-block-column is-layout-flow wp-block-column-is-layout-flow\">\n<div class=\"wp-block-buttons is-layout-flex wp-block-buttons-is-layout-flex\">\n<div class=\"wp-block-button\"><a class=\"wp-block-button__link wp-element-button\" href=\"https:\/\/sites.ac-nancy-metz.fr\/molomolo\/wp-content\/uploads\/2023\/06\/e-reputation_embauche.pdf\">Fiche ressource<\/a><\/div>\n<\/div>\n<\/div>\n\n\n\n<div class=\"wp-block-column is-layout-flow wp-block-column-is-layout-flow\">\n<div class=\"wp-block-buttons is-layout-flex wp-block-buttons-is-layout-flex\">\n<div class=\"wp-block-button\"><a class=\"wp-block-button__link wp-element-button\" href=\"https:\/\/sites.ac-nancy-metz.fr\/molomolo\/wp-content\/uploads\/2023\/06\/Cartes-Attitudes.pdf\">Cartes \u00ab\u00a0attitudes\u00a0\u00bb<\/a><\/div>\n<\/div>\n<\/div>\n<\/div>\n\n\n\n<p><\/p>\n","protected":false},"excerpt":{"rendered":"<p>E-r\u00e9putation et entretien d\u2019embauche&nbsp;:&nbsp;Comment r\u00e9fl\u00e9chir sur les traces laiss\u00e9es sur internet et les r\u00e9seaux sociaux ? Vous aidez \u00e0 mieux comprendre ce qu\u2019est l\u2019identit\u00e9 num\u00e9rique, aborder ensemble la protectiondes donn\u00e9es, r\u00e9fl\u00e9chir sur les traces laiss\u00e9es sur internet et les r\u00e9seaux sociaux. Public :&nbsp;parents, \u00e9l\u00e8ves de fin de 3\u00e8me jusqu\u2019\u00e0 post bac. Et vous, o\u00f9 en [&hellip;]<\/p>\n","protected":false},"author":7,"featured_media":3325,"parent":0,"menu_order":0,"comment_status":"closed","ping_status":"closed","template":"","meta":{"_seopress_robots_primary_cat":"","_seopress_titles_title":"","_seopress_titles_desc":"","_seopress_robots_index":"","footnotes":""},"categories":[19],"tags":[],"class_list":["post-3628","page","type-page","status-publish","has-post-thumbnail","hentry","category-initiative"],"_links":{"self":[{"href":"https:\/\/sites.ac-nancy-metz.fr\/bonusagedunumerique\/wp-json\/wp\/v2\/pages\/3628","targetHints":{"allow":["GET"]}}],"collection":[{"href":"https:\/\/sites.ac-nancy-metz.fr\/bonusagedunumerique\/wp-json\/wp\/v2\/pages"}],"about":[{"href":"https:\/\/sites.ac-nancy-metz.fr\/bonusagedunumerique\/wp-json\/wp\/v2\/types\/page"}],"author":[{"embeddable":true,"href":"https:\/\/sites.ac-nancy-metz.fr\/bonusagedunumerique\/wp-json\/wp\/v2\/users\/7"}],"replies":[{"embeddable":true,"href":"https:\/\/sites.ac-nancy-metz.fr\/bonusagedunumerique\/wp-json\/wp\/v2\/comments?post=3628"}],"version-history":[{"count":9,"href":"https:\/\/sites.ac-nancy-metz.fr\/bonusagedunumerique\/wp-json\/wp\/v2\/pages\/3628\/revisions"}],"predecessor-version":[{"id":4368,"href":"https:\/\/sites.ac-nancy-metz.fr\/bonusagedunumerique\/wp-json\/wp\/v2\/pages\/3628\/revisions\/4368"}],"wp:featuredmedia":[{"embeddable":true,"href":"https:\/\/sites.ac-nancy-metz.fr\/bonusagedunumerique\/wp-json\/wp\/v2\/media\/3325"}],"wp:attachment":[{"href":"https:\/\/sites.ac-nancy-metz.fr\/bonusagedunumerique\/wp-json\/wp\/v2\/media?parent=3628"}],"wp:term":[{"taxonomy":"category","embeddable":true,"href":"https:\/\/sites.ac-nancy-metz.fr\/bonusagedunumerique\/wp-json\/wp\/v2\/categories?post=3628"},{"taxonomy":"post_tag","embeddable":true,"href":"https:\/\/sites.ac-nancy-metz.fr\/bonusagedunumerique\/wp-json\/wp\/v2\/tags?post=3628"}],"curies":[{"name":"wp","href":"https:\/\/api.w.org\/{rel}","templated":true}]}}