{"id":3705,"date":"2023-06-20T14:24:26","date_gmt":"2023-06-20T12:24:26","guid":{"rendered":"https:\/\/sites.ac-nancy-metz.fr\/bonusagedunumerique\/?page_id=3705"},"modified":"2024-08-23T09:25:17","modified_gmt":"2024-08-23T07:25:17","slug":"initiatives-6","status":"publish","type":"page","link":"https:\/\/sites.ac-nancy-metz.fr\/bonusagedunumerique\/initiatives-6\/","title":{"rendered":"INITIATIVES 6 : Comprendre l&rsquo;info"},"content":{"rendered":"\n<p><strong>Comprendre l\u2019info avec \u00ab 1 jour 1 question \u00bb :\u00a0<\/strong>comment diffuser une information juste ?<br>L\u2019information est partout autour de toi\/vous pour apporter des renseignements utiles, annoncer des \u00e9v\u00e9nements importants, et m\u00eame pr\u00e9venir de certains dangers ! Mais attention aux fausses informations ! Bien s\u2019informer, \u00e7a s\u2019apprend !<br>Lumni propose un dossier sp\u00e9cial \u00ab 1 jour 1 question \u00bb pr\u00e9sent\u00e9 sous la forme de petites animations vid\u00e9o pour d\u00e9couvrir les diff\u00e9rents m\u00e9dias et comment les journalistes m\u00e8nent l\u2019enqu\u00eate pour diffuser une information juste.<\/p>\n\n\n\n<p>Public :&nbsp;Parents et \u00e9l\u00e8ves de primaire<\/p>\n\n\n\n<p><strong>Et vous, o\u00f9 en \u00eates-vous avec les informations ?<\/strong><\/p>\n\n\n\n<div class=\"wp-block-columns is-layout-flex wp-container-core-columns-is-layout-28f84493 wp-block-columns-is-layout-flex\">\n<div class=\"wp-block-column is-layout-flow wp-block-column-is-layout-flow\">\n<div class=\"wp-block-buttons is-layout-flex wp-block-buttons-is-layout-flex\">\n<div class=\"wp-block-button\"><a class=\"wp-block-button__link wp-element-button\" href=\"https:\/\/www.lumni.fr\/video\/c-est-quoi-les-medias\">Acc\u00e8s \u00e0 la ressource<\/a><\/div>\n<\/div>\n<\/div>\n\n\n\n<div class=\"wp-block-column is-layout-flow wp-block-column-is-layout-flow\">\n<div class=\"wp-block-buttons is-layout-flex wp-block-buttons-is-layout-flex\">\n<div class=\"wp-block-button\"><a class=\"wp-block-button__link wp-element-button\" href=\"https:\/\/sites.ac-nancy-metz.fr\/molomolo\/wp-content\/uploads\/2023\/06\/06_Comprendre_info_avec_un_jour_une_question.pdf\">Fiche ressource<\/a><\/div>\n<\/div>\n<\/div>\n<\/div>\n","protected":false},"excerpt":{"rendered":"<p>Comprendre l\u2019info avec \u00ab 1 jour 1 question \u00bb :\u00a0comment diffuser une information juste ?L\u2019information est partout autour de toi\/vous pour apporter des renseignements utiles, annoncer des \u00e9v\u00e9nements importants, et m\u00eame pr\u00e9venir de certains dangers ! Mais attention aux fausses informations ! Bien s\u2019informer, \u00e7a s\u2019apprend !Lumni propose un dossier sp\u00e9cial \u00ab 1 jour 1 [&hellip;]<\/p>\n","protected":false},"author":7,"featured_media":3314,"parent":0,"menu_order":0,"comment_status":"closed","ping_status":"closed","template":"","meta":{"_seopress_robots_primary_cat":"","_seopress_titles_title":"","_seopress_titles_desc":"","_seopress_robots_index":"","footnotes":""},"categories":[19],"tags":[],"class_list":["post-3705","page","type-page","status-publish","has-post-thumbnail","hentry","category-initiative"],"_links":{"self":[{"href":"https:\/\/sites.ac-nancy-metz.fr\/bonusagedunumerique\/wp-json\/wp\/v2\/pages\/3705","targetHints":{"allow":["GET"]}}],"collection":[{"href":"https:\/\/sites.ac-nancy-metz.fr\/bonusagedunumerique\/wp-json\/wp\/v2\/pages"}],"about":[{"href":"https:\/\/sites.ac-nancy-metz.fr\/bonusagedunumerique\/wp-json\/wp\/v2\/types\/page"}],"author":[{"embeddable":true,"href":"https:\/\/sites.ac-nancy-metz.fr\/bonusagedunumerique\/wp-json\/wp\/v2\/users\/7"}],"replies":[{"embeddable":true,"href":"https:\/\/sites.ac-nancy-metz.fr\/bonusagedunumerique\/wp-json\/wp\/v2\/comments?post=3705"}],"version-history":[{"count":10,"href":"https:\/\/sites.ac-nancy-metz.fr\/bonusagedunumerique\/wp-json\/wp\/v2\/pages\/3705\/revisions"}],"predecessor-version":[{"id":4379,"href":"https:\/\/sites.ac-nancy-metz.fr\/bonusagedunumerique\/wp-json\/wp\/v2\/pages\/3705\/revisions\/4379"}],"wp:featuredmedia":[{"embeddable":true,"href":"https:\/\/sites.ac-nancy-metz.fr\/bonusagedunumerique\/wp-json\/wp\/v2\/media\/3314"}],"wp:attachment":[{"href":"https:\/\/sites.ac-nancy-metz.fr\/bonusagedunumerique\/wp-json\/wp\/v2\/media?parent=3705"}],"wp:term":[{"taxonomy":"category","embeddable":true,"href":"https:\/\/sites.ac-nancy-metz.fr\/bonusagedunumerique\/wp-json\/wp\/v2\/categories?post=3705"},{"taxonomy":"post_tag","embeddable":true,"href":"https:\/\/sites.ac-nancy-metz.fr\/bonusagedunumerique\/wp-json\/wp\/v2\/tags?post=3705"}],"curies":[{"name":"wp","href":"https:\/\/api.w.org\/{rel}","templated":true}]}}