{"id":3714,"date":"2023-06-20T14:34:49","date_gmt":"2023-06-20T12:34:49","guid":{"rendered":"https:\/\/sites.ac-nancy-metz.fr\/bonusagedunumerique\/?page_id=3714"},"modified":"2024-08-23T09:14:58","modified_gmt":"2024-08-23T07:14:58","slug":"initiative-7","status":"publish","type":"page","link":"https:\/\/sites.ac-nancy-metz.fr\/bonusagedunumerique\/initiative-7\/","title":{"rendered":"INITIATIVE 7 : Prouve-le !"},"content":{"rendered":"\n<p><strong>Prouve-le !\u00a0:\u00a0<\/strong>comment identifier une fake news ?<br>Prouve-Le !\u00bb est un dispositif qui propose r\u00e9guli\u00e8rement aux enfants de confirmer (ou non) la v\u00e9racit\u00e9 d\u2019une information \u00e0 partir d&rsquo;une photographie ou d&rsquo;une vid\u00e9o.<\/p>\n\n\n\n<p>Travail autour de l\u2019argumentation, de l&rsquo;esprit critique lors d\u2019un \u00e9change oral.<\/p>\n\n\n\n<p>Public :&nbsp;Parents, \u00e9l\u00e8ves du CP \u00e0 la 6\u00e8me<\/p>\n\n\n\n<p><strong>Et vous, o\u00f9 en \u00eates-vous avec les fake news ?<\/strong><\/p>\n\n\n\n<div class=\"wp-block-columns is-layout-flex wp-container-core-columns-is-layout-28f84493 wp-block-columns-is-layout-flex\">\n<div class=\"wp-block-column is-layout-flow wp-block-column-is-layout-flow\">\n<div class=\"wp-block-buttons is-layout-flex wp-block-buttons-is-layout-flex\">\n<div class=\"wp-block-button\"><a class=\"wp-block-button__link wp-element-button\">Acc\u00e8s \u00e0 la ressource<\/a><\/div>\n<\/div>\n<\/div>\n\n\n\n<div class=\"wp-block-column is-layout-flow wp-block-column-is-layout-flow\">\n<div class=\"wp-block-buttons is-layout-flex wp-block-buttons-is-layout-flex\">\n<div class=\"wp-block-button\"><a class=\"wp-block-button__link wp-element-button\" href=\"https:\/\/sites.ac-nancy-metz.fr\/molomolo\/wp-content\/uploads\/2023\/06\/07_Prouve_le.pdf\">Fiche ressource<\/a><\/div>\n<\/div>\n<\/div>\n<\/div>\n\n\n\n<p><\/p>\n","protected":false},"excerpt":{"rendered":"<p>Prouve-le !\u00a0:\u00a0comment identifier une fake news ?Prouve-Le !\u00bb est un dispositif qui propose r\u00e9guli\u00e8rement aux enfants de confirmer (ou non) la v\u00e9racit\u00e9 d\u2019une information \u00e0 partir d&rsquo;une photographie ou d&rsquo;une vid\u00e9o. Travail autour de l\u2019argumentation, de l&rsquo;esprit critique lors d\u2019un \u00e9change oral. Public :&nbsp;Parents, \u00e9l\u00e8ves du CP \u00e0 la 6\u00e8me Et vous, o\u00f9 en \u00eates-vous [&hellip;]<\/p>\n","protected":false},"author":7,"featured_media":3315,"parent":0,"menu_order":0,"comment_status":"closed","ping_status":"closed","template":"","meta":{"_seopress_robots_primary_cat":"","_seopress_titles_title":"","_seopress_titles_desc":"","_seopress_robots_index":"","footnotes":""},"categories":[19],"tags":[],"class_list":["post-3714","page","type-page","status-publish","has-post-thumbnail","hentry","category-initiative"],"_links":{"self":[{"href":"https:\/\/sites.ac-nancy-metz.fr\/bonusagedunumerique\/wp-json\/wp\/v2\/pages\/3714","targetHints":{"allow":["GET"]}}],"collection":[{"href":"https:\/\/sites.ac-nancy-metz.fr\/bonusagedunumerique\/wp-json\/wp\/v2\/pages"}],"about":[{"href":"https:\/\/sites.ac-nancy-metz.fr\/bonusagedunumerique\/wp-json\/wp\/v2\/types\/page"}],"author":[{"embeddable":true,"href":"https:\/\/sites.ac-nancy-metz.fr\/bonusagedunumerique\/wp-json\/wp\/v2\/users\/7"}],"replies":[{"embeddable":true,"href":"https:\/\/sites.ac-nancy-metz.fr\/bonusagedunumerique\/wp-json\/wp\/v2\/comments?post=3714"}],"version-history":[{"count":8,"href":"https:\/\/sites.ac-nancy-metz.fr\/bonusagedunumerique\/wp-json\/wp\/v2\/pages\/3714\/revisions"}],"predecessor-version":[{"id":4371,"href":"https:\/\/sites.ac-nancy-metz.fr\/bonusagedunumerique\/wp-json\/wp\/v2\/pages\/3714\/revisions\/4371"}],"wp:featuredmedia":[{"embeddable":true,"href":"https:\/\/sites.ac-nancy-metz.fr\/bonusagedunumerique\/wp-json\/wp\/v2\/media\/3315"}],"wp:attachment":[{"href":"https:\/\/sites.ac-nancy-metz.fr\/bonusagedunumerique\/wp-json\/wp\/v2\/media?parent=3714"}],"wp:term":[{"taxonomy":"category","embeddable":true,"href":"https:\/\/sites.ac-nancy-metz.fr\/bonusagedunumerique\/wp-json\/wp\/v2\/categories?post=3714"},{"taxonomy":"post_tag","embeddable":true,"href":"https:\/\/sites.ac-nancy-metz.fr\/bonusagedunumerique\/wp-json\/wp\/v2\/tags?post=3714"}],"curies":[{"name":"wp","href":"https:\/\/api.w.org\/{rel}","templated":true}]}}