{"id":3728,"date":"2023-06-20T14:58:11","date_gmt":"2023-06-20T12:58:11","guid":{"rendered":"https:\/\/sites.ac-nancy-metz.fr\/bonusagedunumerique\/?page_id=3728"},"modified":"2024-08-22T18:20:54","modified_gmt":"2024-08-22T16:20:54","slug":"initiative-10","status":"publish","type":"page","link":"https:\/\/sites.ac-nancy-metz.fr\/bonusagedunumerique\/initiative-10\/","title":{"rendered":"INITIATIVE 10 : \u00e9crans et sant\u00e9"},"content":{"rendered":"\n<p><strong>Les \u00e9crans\u00a0:\u00a0<\/strong>un danger pour la sant\u00e9 ?<\/p>\n\n\n\n<p>Les \u00e9crans sont partout ! T\u00e9l\u00e9vision, ordinateur, tablettes, t\u00e9l\u00e9phones portables\u2026 Ils occupent<br>toujours davantage de place tant dans notre vie priv\u00e9e, que relationnelle ou professionnelle.<br>A l\u2019heure du confinement, ils sont m\u00eame devenus indispensables pour assurer la continuit\u00e9<br>p\u00e9dagogique et \u00e9conomique.<\/p>\n\n\n\n<p>Public :&nbsp;Parents et enfants de tous \u00e2ges<\/p>\n\n\n\n<p><strong>Et vous, o\u00f9 en \u00eates-vous avec votre consommation d\u2019\u00e9cran ?<\/strong><\/p>\n\n\n\n<div class=\"wp-block-columns is-layout-flex wp-container-core-columns-is-layout-28f84493 wp-block-columns-is-layout-flex\">\n<div class=\"wp-block-column is-layout-flow wp-block-column-is-layout-flow\">\n<div class=\"wp-block-buttons is-layout-flex wp-block-buttons-is-layout-flex\">\n<div class=\"wp-block-button\"><a class=\"wp-block-button__link wp-element-button\" href=\"https:\/\/www.lumni.fr\/video\/les-ecrans-un-danger-pour-la-sante\">Acc\u00e9der \u00e0 la ressource<\/a><\/div>\n<\/div>\n<\/div>\n\n\n\n<div class=\"wp-block-column is-layout-flow wp-block-column-is-layout-flow\">\n<div class=\"wp-block-buttons is-layout-flex wp-block-buttons-is-layout-flex\">\n<div class=\"wp-block-button\"><a class=\"wp-block-button__link wp-element-button\">Fiche ressource<\/a><\/div>\n<\/div>\n<\/div>\n<\/div>\n\n\n\n<p><\/p>\n","protected":false},"excerpt":{"rendered":"<p>Les \u00e9crans\u00a0:\u00a0un danger pour la sant\u00e9 ? Les \u00e9crans sont partout ! T\u00e9l\u00e9vision, ordinateur, tablettes, t\u00e9l\u00e9phones portables\u2026 Ils occupenttoujours davantage de place tant dans notre vie priv\u00e9e, que relationnelle ou professionnelle.A l\u2019heure du confinement, ils sont m\u00eame devenus indispensables pour assurer la continuit\u00e9p\u00e9dagogique et \u00e9conomique. Public :&nbsp;Parents et enfants de tous \u00e2ges Et vous, o\u00f9 [&hellip;]<\/p>\n","protected":false},"author":7,"featured_media":3318,"parent":0,"menu_order":0,"comment_status":"closed","ping_status":"closed","template":"","meta":{"_seopress_robots_primary_cat":"","_seopress_titles_title":"","_seopress_titles_desc":"","_seopress_robots_index":"","footnotes":""},"categories":[19],"tags":[],"class_list":["post-3728","page","type-page","status-publish","has-post-thumbnail","hentry","category-initiative"],"_links":{"self":[{"href":"https:\/\/sites.ac-nancy-metz.fr\/bonusagedunumerique\/wp-json\/wp\/v2\/pages\/3728","targetHints":{"allow":["GET"]}}],"collection":[{"href":"https:\/\/sites.ac-nancy-metz.fr\/bonusagedunumerique\/wp-json\/wp\/v2\/pages"}],"about":[{"href":"https:\/\/sites.ac-nancy-metz.fr\/bonusagedunumerique\/wp-json\/wp\/v2\/types\/page"}],"author":[{"embeddable":true,"href":"https:\/\/sites.ac-nancy-metz.fr\/bonusagedunumerique\/wp-json\/wp\/v2\/users\/7"}],"replies":[{"embeddable":true,"href":"https:\/\/sites.ac-nancy-metz.fr\/bonusagedunumerique\/wp-json\/wp\/v2\/comments?post=3728"}],"version-history":[{"count":7,"href":"https:\/\/sites.ac-nancy-metz.fr\/bonusagedunumerique\/wp-json\/wp\/v2\/pages\/3728\/revisions"}],"predecessor-version":[{"id":4337,"href":"https:\/\/sites.ac-nancy-metz.fr\/bonusagedunumerique\/wp-json\/wp\/v2\/pages\/3728\/revisions\/4337"}],"wp:featuredmedia":[{"embeddable":true,"href":"https:\/\/sites.ac-nancy-metz.fr\/bonusagedunumerique\/wp-json\/wp\/v2\/media\/3318"}],"wp:attachment":[{"href":"https:\/\/sites.ac-nancy-metz.fr\/bonusagedunumerique\/wp-json\/wp\/v2\/media?parent=3728"}],"wp:term":[{"taxonomy":"category","embeddable":true,"href":"https:\/\/sites.ac-nancy-metz.fr\/bonusagedunumerique\/wp-json\/wp\/v2\/categories?post=3728"},{"taxonomy":"post_tag","embeddable":true,"href":"https:\/\/sites.ac-nancy-metz.fr\/bonusagedunumerique\/wp-json\/wp\/v2\/tags?post=3728"}],"curies":[{"name":"wp","href":"https:\/\/api.w.org\/{rel}","templated":true}]}}