{"id":3733,"date":"2023-06-20T15:02:53","date_gmt":"2023-06-20T13:02:53","guid":{"rendered":"https:\/\/sites.ac-nancy-metz.fr\/bonusagedunumerique\/?page_id=3733"},"modified":"2024-08-22T18:24:10","modified_gmt":"2024-08-22T16:24:10","slug":"initiative-11","status":"publish","type":"page","link":"https:\/\/sites.ac-nancy-metz.fr\/bonusagedunumerique\/initiative-11\/","title":{"rendered":"INITIATIVE 11 : naviguer en super h\u00e9ros"},"content":{"rendered":"\n<p><strong>Naviguer sur internet en super h\u00e9ros :\u00a0<\/strong>comment responsabiliser les \u00e9l\u00e8ves aux r\u00e9seaux sociaux ?<br>Ce parcours a \u00e9t\u00e9 r\u00e9alis\u00e9 pour sensibiliser et responsabiliser vos enfants aux bons usages d\u2019internet et des r\u00e9seaux sociaux.<\/p>\n\n\n\n<p>Pour bien utiliser internet, trois choses doivent \u00eatre apprises :&nbsp;<\/p>\n\n\n\n<ul class=\"wp-block-list\">\n<li>chaque personne poss\u00e8de une \u00abidentit\u00e9 num\u00e9rique \u00bb<\/li>\n\n\n\n<li>chaque personne laisse des \u00ab traces \u00bb et des \u00ab donn\u00e9es \u00bb\u00a0<\/li>\n\n\n\n<li>chaque personne doit prot\u00e9ger ses \u00ab traces \u00bb et\u00a0ses \u00ab donn\u00e9es \u00bb\u00a0<\/li>\n<\/ul>\n\n\n\n<p>Pour cela, vous disposez d\u2019un jeu de 3 cartes. Chacune des cartes aborde un de ces aspects et est accompagn\u00e9e d\u2019une vid\u00e9o explicative.<\/p>\n\n\n\n<p>Public :&nbsp;Parents et \u00e9l\u00e8ves cycle 4 (5\u00e8me, 4\u00e8me, 3\u00e8me)<\/p>\n\n\n\n<p><strong>Gr\u00e2ce \u00e0 cela vous serez un utilisateur \u00ab responsable d\u2019internet \u00bb !<\/strong><\/p>\n\n\n\n<figure class=\"wp-block-image size-large\"><img alt=\"\" fetchpriority=\"high\" decoding=\"async\" width=\"1024\" height=\"310\" src=\"https:\/\/sites.ac-nancy-metz.fr\/bonusagedunumerique\/wp-content\/uploads\/2023\/06\/cartes-IN-1024x310.jpg\" alt=\"\" class=\"wp-image-3586\" srcset=\"https:\/\/sites.ac-nancy-metz.fr\/bonusagedunumerique\/wp-content\/uploads\/2023\/06\/cartes-IN-1024x310.jpg 1024w, https:\/\/sites.ac-nancy-metz.fr\/bonusagedunumerique\/wp-content\/uploads\/2023\/06\/cartes-IN-300x91.jpg 300w, https:\/\/sites.ac-nancy-metz.fr\/bonusagedunumerique\/wp-content\/uploads\/2023\/06\/cartes-IN-768x233.jpg 768w, https:\/\/sites.ac-nancy-metz.fr\/bonusagedunumerique\/wp-content\/uploads\/2023\/06\/cartes-IN-1536x466.jpg 1536w, https:\/\/sites.ac-nancy-metz.fr\/bonusagedunumerique\/wp-content\/uploads\/2023\/06\/cartes-IN-1080x327.jpg 1080w, https:\/\/sites.ac-nancy-metz.fr\/bonusagedunumerique\/wp-content\/uploads\/2023\/06\/cartes-IN-1280x388.jpg 1280w, https:\/\/sites.ac-nancy-metz.fr\/bonusagedunumerique\/wp-content\/uploads\/2023\/06\/cartes-IN-980x297.jpg 980w, https:\/\/sites.ac-nancy-metz.fr\/bonusagedunumerique\/wp-content\/uploads\/2023\/06\/cartes-IN-480x145.jpg 480w, https:\/\/sites.ac-nancy-metz.fr\/bonusagedunumerique\/wp-content\/uploads\/2023\/06\/cartes-IN.jpg 1630w\" sizes=\"(max-width: 1024px) 100vw, 1024px\" \/><\/figure>\n\n\n\n<div class=\"wp-block-columns is-layout-flex wp-container-core-columns-is-layout-28f84493 wp-block-columns-is-layout-flex\">\n<div class=\"wp-block-column is-layout-flow wp-block-column-is-layout-flow\">\n<div class=\"wp-block-buttons is-layout-flex wp-block-buttons-is-layout-flex\">\n<div class=\"wp-block-button\"><a class=\"wp-block-button__link wp-element-button\" href=\"https:\/\/sites.ac-nancy-metz.fr\/molomolo\/wp-content\/uploads\/2023\/06\/11_navigue_en_super_heros.pdf\">fiche ressource<\/a><\/div>\n<\/div>\n<\/div>\n\n\n\n<div class=\"wp-block-column is-layout-flow wp-block-column-is-layout-flow\"><\/div>\n<\/div>\n","protected":false},"excerpt":{"rendered":"<p>Naviguer sur internet en super h\u00e9ros :\u00a0comment responsabiliser les \u00e9l\u00e8ves aux r\u00e9seaux sociaux ?Ce parcours a \u00e9t\u00e9 r\u00e9alis\u00e9 pour sensibiliser et responsabiliser vos enfants aux bons usages d\u2019internet et des r\u00e9seaux sociaux. Pour bien utiliser internet, trois choses doivent \u00eatre apprises :&nbsp; Pour cela, vous disposez d\u2019un jeu de 3 cartes. Chacune des cartes aborde [&hellip;]<\/p>\n","protected":false},"author":7,"featured_media":3319,"parent":0,"menu_order":0,"comment_status":"closed","ping_status":"closed","template":"","meta":{"_seopress_robots_primary_cat":"","_seopress_titles_title":"","_seopress_titles_desc":"","_seopress_robots_index":"","footnotes":""},"categories":[19],"tags":[],"class_list":["post-3733","page","type-page","status-publish","has-post-thumbnail","hentry","category-initiative"],"_links":{"self":[{"href":"https:\/\/sites.ac-nancy-metz.fr\/bonusagedunumerique\/wp-json\/wp\/v2\/pages\/3733","targetHints":{"allow":["GET"]}}],"collection":[{"href":"https:\/\/sites.ac-nancy-metz.fr\/bonusagedunumerique\/wp-json\/wp\/v2\/pages"}],"about":[{"href":"https:\/\/sites.ac-nancy-metz.fr\/bonusagedunumerique\/wp-json\/wp\/v2\/types\/page"}],"author":[{"embeddable":true,"href":"https:\/\/sites.ac-nancy-metz.fr\/bonusagedunumerique\/wp-json\/wp\/v2\/users\/7"}],"replies":[{"embeddable":true,"href":"https:\/\/sites.ac-nancy-metz.fr\/bonusagedunumerique\/wp-json\/wp\/v2\/comments?post=3733"}],"version-history":[{"count":9,"href":"https:\/\/sites.ac-nancy-metz.fr\/bonusagedunumerique\/wp-json\/wp\/v2\/pages\/3733\/revisions"}],"predecessor-version":[{"id":4338,"href":"https:\/\/sites.ac-nancy-metz.fr\/bonusagedunumerique\/wp-json\/wp\/v2\/pages\/3733\/revisions\/4338"}],"wp:featuredmedia":[{"embeddable":true,"href":"https:\/\/sites.ac-nancy-metz.fr\/bonusagedunumerique\/wp-json\/wp\/v2\/media\/3319"}],"wp:attachment":[{"href":"https:\/\/sites.ac-nancy-metz.fr\/bonusagedunumerique\/wp-json\/wp\/v2\/media?parent=3733"}],"wp:term":[{"taxonomy":"category","embeddable":true,"href":"https:\/\/sites.ac-nancy-metz.fr\/bonusagedunumerique\/wp-json\/wp\/v2\/categories?post=3733"},{"taxonomy":"post_tag","embeddable":true,"href":"https:\/\/sites.ac-nancy-metz.fr\/bonusagedunumerique\/wp-json\/wp\/v2\/tags?post=3733"}],"curies":[{"name":"wp","href":"https:\/\/api.w.org\/{rel}","templated":true}]}}