{"id":3736,"date":"2023-06-20T15:06:53","date_gmt":"2023-06-20T13:06:53","guid":{"rendered":"https:\/\/sites.ac-nancy-metz.fr\/bonusagedunumerique\/?page_id=3736"},"modified":"2024-08-22T18:24:03","modified_gmt":"2024-08-22T16:24:03","slug":"initiative-12","status":"publish","type":"page","link":"https:\/\/sites.ac-nancy-metz.fr\/bonusagedunumerique\/initiative-12\/","title":{"rendered":"INITIATIVE 12 : Dave le medium"},"content":{"rendered":"\n<p><strong>Dave le Medium\u00a0:\u00a0<\/strong>Comment garder un esprit critique sur l\u2019utilisation des r\u00e9seaux sociaux ?<\/p>\n\n\n\n<p>Un reportage de l\u2019\u00e9mission \u00ab Envoy\u00e9 Sp\u00e9cial \u00bb montre une mise en sc\u00e8ne r\u00e9alis\u00e9e par une entreprise de communication pour une banque d\u2019Anvers en Belgique qui souhaite sensibiliser ses clients sur l\u2019usage des r\u00e9seaux sociaux.<\/p>\n\n\n\n<p>Les habitants viennent consulter un m\u00e9dium qui leur r\u00e9v\u00e8le des informations tr\u00e8s confidentielles sur leur vie, les mettant parfois mal \u00e0 l\u2019aise. La supercherie est expliqu\u00e9e \u00e0 la fin de la s\u00e9ance.<\/p>\n\n\n\n<p>Public :&nbsp;\u00c9l\u00e8ves \u00e0 partir de la 6\u00e8me \u00e0 la terminale, parents<\/p>\n\n\n\n<p><strong>Et vous, o\u00f9 en \u00eates-vous avec vos r\u00e9seaux ?<\/strong><\/p>\n\n\n\n<div class=\"wp-block-columns is-layout-flex wp-container-core-columns-is-layout-28f84493 wp-block-columns-is-layout-flex\">\n<div class=\"wp-block-column is-layout-flow wp-block-column-is-layout-flow\">\n<div class=\"wp-block-buttons is-layout-flex wp-block-buttons-is-layout-flex\">\n<div class=\"wp-block-button\"><a class=\"wp-block-button__link wp-element-button\" href=\"https:\/\/www.dailymotion.com\/video\/xx06es\">Acc\u00e9der \u00e0 la ressource<\/a><\/div>\n<\/div>\n<\/div>\n\n\n\n<div class=\"wp-block-column is-layout-flow wp-block-column-is-layout-flow\">\n<div class=\"wp-block-buttons is-layout-flex wp-block-buttons-is-layout-flex\">\n<div class=\"wp-block-button\"><a class=\"wp-block-button__link wp-element-button\" href=\"https:\/\/sites.ac-nancy-metz.fr\/molomolo\/wp-content\/uploads\/2023\/06\/12_Dave_le_Medium-1.pdf\">Fiche ressource<\/a><\/div>\n<\/div>\n<\/div>\n<\/div>\n","protected":false},"excerpt":{"rendered":"<p>Dave le Medium\u00a0:\u00a0Comment garder un esprit critique sur l\u2019utilisation des r\u00e9seaux sociaux ? Un reportage de l\u2019\u00e9mission \u00ab Envoy\u00e9 Sp\u00e9cial \u00bb montre une mise en sc\u00e8ne r\u00e9alis\u00e9e par une entreprise de communication pour une banque d\u2019Anvers en Belgique qui souhaite sensibiliser ses clients sur l\u2019usage des r\u00e9seaux sociaux. Les habitants viennent consulter un m\u00e9dium qui [&hellip;]<\/p>\n","protected":false},"author":7,"featured_media":3320,"parent":0,"menu_order":0,"comment_status":"closed","ping_status":"closed","template":"","meta":{"_seopress_robots_primary_cat":"","_seopress_titles_title":"","_seopress_titles_desc":"","_seopress_robots_index":"","footnotes":""},"categories":[19],"tags":[],"class_list":["post-3736","page","type-page","status-publish","has-post-thumbnail","hentry","category-initiative"],"_links":{"self":[{"href":"https:\/\/sites.ac-nancy-metz.fr\/bonusagedunumerique\/wp-json\/wp\/v2\/pages\/3736","targetHints":{"allow":["GET"]}}],"collection":[{"href":"https:\/\/sites.ac-nancy-metz.fr\/bonusagedunumerique\/wp-json\/wp\/v2\/pages"}],"about":[{"href":"https:\/\/sites.ac-nancy-metz.fr\/bonusagedunumerique\/wp-json\/wp\/v2\/types\/page"}],"author":[{"embeddable":true,"href":"https:\/\/sites.ac-nancy-metz.fr\/bonusagedunumerique\/wp-json\/wp\/v2\/users\/7"}],"replies":[{"embeddable":true,"href":"https:\/\/sites.ac-nancy-metz.fr\/bonusagedunumerique\/wp-json\/wp\/v2\/comments?post=3736"}],"version-history":[{"count":7,"href":"https:\/\/sites.ac-nancy-metz.fr\/bonusagedunumerique\/wp-json\/wp\/v2\/pages\/3736\/revisions"}],"predecessor-version":[{"id":4341,"href":"https:\/\/sites.ac-nancy-metz.fr\/bonusagedunumerique\/wp-json\/wp\/v2\/pages\/3736\/revisions\/4341"}],"wp:featuredmedia":[{"embeddable":true,"href":"https:\/\/sites.ac-nancy-metz.fr\/bonusagedunumerique\/wp-json\/wp\/v2\/media\/3320"}],"wp:attachment":[{"href":"https:\/\/sites.ac-nancy-metz.fr\/bonusagedunumerique\/wp-json\/wp\/v2\/media?parent=3736"}],"wp:term":[{"taxonomy":"category","embeddable":true,"href":"https:\/\/sites.ac-nancy-metz.fr\/bonusagedunumerique\/wp-json\/wp\/v2\/categories?post=3736"},{"taxonomy":"post_tag","embeddable":true,"href":"https:\/\/sites.ac-nancy-metz.fr\/bonusagedunumerique\/wp-json\/wp\/v2\/tags?post=3736"}],"curies":[{"name":"wp","href":"https:\/\/api.w.org\/{rel}","templated":true}]}}