{"id":3746,"date":"2023-06-20T15:16:28","date_gmt":"2023-06-20T13:16:28","guid":{"rendered":"https:\/\/sites.ac-nancy-metz.fr\/bonusagedunumerique\/?page_id=3746"},"modified":"2024-08-23T08:43:35","modified_gmt":"2024-08-23T06:43:35","slug":"initiative-14","status":"publish","type":"page","link":"https:\/\/sites.ac-nancy-metz.fr\/bonusagedunumerique\/initiative-14\/","title":{"rendered":"INITIATIVE 14 : ma\u00eetriser mes donn\u00e9es"},"content":{"rendered":"\n<p><strong>Maitriser ses donn\u00e9es\u00a0:\u00a0<\/strong>Comment r\u00e9agir en cas de probl\u00e8mes sur les r\u00e9seaux sociaux ?<\/p>\n\n\n\n<p>Dans ce jeu, vous allez apprendre \u00e0 mieux ma\u00eetriser vos donn\u00e9es gr\u00e2ce \u00e0 un ensemble de ressources propos\u00e9es par la Commission Nationale de l\u2019Informatique et des Libert\u00e9s (CNIL).<\/p>\n\n\n\n<p>Ces ressources abordent 4 th\u00e9matiques&nbsp;pour :<\/p>\n\n\n\n<ul class=\"wp-block-list\">\n<li>\u00a0conna\u00eetre les principes de base pour prot\u00e9ger sa vie priv\u00e9e ;<\/li>\n\n\n\n<li>comprendre les traces laiss\u00e9es en ligne et tout savoir sur les pistes pour prot\u00e9ger sa vie priv\u00e9e\u00a0;<\/li>\n\n\n\n<li>configurer ses outils\u00a0(terminaux et comptes sociaux) et limiter le nombre d\u2019informations personnelles mises en ligne\u00a0;<\/li>\n\n\n\n<li>r\u00e9agir rapidement et efficacement en cas de probl\u00e8me avec son identit\u00e9 num\u00e9rique.<\/li>\n<\/ul>\n\n\n\n<p>Public :&nbsp;\u00c9l\u00e8ves \u00e0 partir du CE2 (accompagn\u00e9 par un adulte) \u00e0 la terminale, parents<\/p>\n\n\n\n<p><strong>Testez-vous !<\/strong><\/p>\n\n\n\n<div class=\"wp-block-columns is-layout-flex wp-container-core-columns-is-layout-28f84493 wp-block-columns-is-layout-flex\">\n<div class=\"wp-block-column is-layout-flow wp-block-column-is-layout-flow\">\n<div class=\"wp-block-buttons is-layout-flex wp-block-buttons-is-layout-flex\">\n<div class=\"wp-block-button\"><a class=\"wp-block-button__link wp-element-button\" href=\"https:\/\/www.cnil.fr\/sites\/cnil\/files\/atoms\/files\/poster_10-conseils-pour-rester-net-sur-le-web_ok.pdf\">Acc\u00e8s \u00e0 la ressource<\/a><\/div>\n<\/div>\n<\/div>\n\n\n\n<div class=\"wp-block-column is-layout-flow wp-block-column-is-layout-flow\">\n<div class=\"wp-block-buttons is-layout-flex wp-block-buttons-is-layout-flex\">\n<div class=\"wp-block-button\"><a class=\"wp-block-button__link wp-element-button\" href=\"https:\/\/sites.ac-nancy-metz.fr\/molomolo\/wp-content\/uploads\/2023\/06\/maitriser_donnees-2023.pdf\">Fiche ressource<\/a><\/div>\n<\/div>\n<\/div>\n<\/div>\n","protected":false},"excerpt":{"rendered":"<p>Maitriser ses donn\u00e9es\u00a0:\u00a0Comment r\u00e9agir en cas de probl\u00e8mes sur les r\u00e9seaux sociaux ? Dans ce jeu, vous allez apprendre \u00e0 mieux ma\u00eetriser vos donn\u00e9es gr\u00e2ce \u00e0 un ensemble de ressources propos\u00e9es par la Commission Nationale de l\u2019Informatique et des Libert\u00e9s (CNIL). Ces ressources abordent 4 th\u00e9matiques&nbsp;pour : Public :&nbsp;\u00c9l\u00e8ves \u00e0 partir du CE2 (accompagn\u00e9 par [&hellip;]<\/p>\n","protected":false},"author":7,"featured_media":3322,"parent":0,"menu_order":0,"comment_status":"closed","ping_status":"closed","template":"","meta":{"_seopress_robots_primary_cat":"","_seopress_titles_title":"","_seopress_titles_desc":"","_seopress_robots_index":"","footnotes":""},"categories":[19],"tags":[],"class_list":["post-3746","page","type-page","status-publish","has-post-thumbnail","hentry","category-initiative"],"_links":{"self":[{"href":"https:\/\/sites.ac-nancy-metz.fr\/bonusagedunumerique\/wp-json\/wp\/v2\/pages\/3746","targetHints":{"allow":["GET"]}}],"collection":[{"href":"https:\/\/sites.ac-nancy-metz.fr\/bonusagedunumerique\/wp-json\/wp\/v2\/pages"}],"about":[{"href":"https:\/\/sites.ac-nancy-metz.fr\/bonusagedunumerique\/wp-json\/wp\/v2\/types\/page"}],"author":[{"embeddable":true,"href":"https:\/\/sites.ac-nancy-metz.fr\/bonusagedunumerique\/wp-json\/wp\/v2\/users\/7"}],"replies":[{"embeddable":true,"href":"https:\/\/sites.ac-nancy-metz.fr\/bonusagedunumerique\/wp-json\/wp\/v2\/comments?post=3746"}],"version-history":[{"count":6,"href":"https:\/\/sites.ac-nancy-metz.fr\/bonusagedunumerique\/wp-json\/wp\/v2\/pages\/3746\/revisions"}],"predecessor-version":[{"id":4345,"href":"https:\/\/sites.ac-nancy-metz.fr\/bonusagedunumerique\/wp-json\/wp\/v2\/pages\/3746\/revisions\/4345"}],"wp:featuredmedia":[{"embeddable":true,"href":"https:\/\/sites.ac-nancy-metz.fr\/bonusagedunumerique\/wp-json\/wp\/v2\/media\/3322"}],"wp:attachment":[{"href":"https:\/\/sites.ac-nancy-metz.fr\/bonusagedunumerique\/wp-json\/wp\/v2\/media?parent=3746"}],"wp:term":[{"taxonomy":"category","embeddable":true,"href":"https:\/\/sites.ac-nancy-metz.fr\/bonusagedunumerique\/wp-json\/wp\/v2\/categories?post=3746"},{"taxonomy":"post_tag","embeddable":true,"href":"https:\/\/sites.ac-nancy-metz.fr\/bonusagedunumerique\/wp-json\/wp\/v2\/tags?post=3746"}],"curies":[{"name":"wp","href":"https:\/\/api.w.org\/{rel}","templated":true}]}}