{"id":3750,"date":"2023-06-20T15:24:14","date_gmt":"2023-06-20T13:24:14","guid":{"rendered":"https:\/\/sites.ac-nancy-metz.fr\/bonusagedunumerique\/?page_id=3750"},"modified":"2024-08-23T08:47:18","modified_gmt":"2024-08-23T06:47:18","slug":"initiative-15","status":"publish","type":"page","link":"https:\/\/sites.ac-nancy-metz.fr\/bonusagedunumerique\/initiative-15\/","title":{"rendered":"INITIATIVE 15 : webMii"},"content":{"rendered":"\n<p><strong>WebMii\u00a0:\u00a0<\/strong>comment conna\u00eetre son identit\u00e9 num\u00e9rique ?<br>Recherchez des personnes et d\u00e9couvrez leur score de visibilit\u00e9 sur Internet.<\/p>\n\n\n\n<p>WebMii est un moteur de recherche de personnes qui vous aide \u00e0 trouver toutes les informations publiques sur n&rsquo;importe quelle personne.<\/p>\n\n\n\n<p>Cet outil permet de r\u00e9fl\u00e9chir, se questionner sur la e-r\u00e9putation et l\u2019identit\u00e9&nbsp;num\u00e9rique.<\/p>\n\n\n\n<p><strong>Faites-vous me buzz ? Testez-vous !<\/strong><\/p>\n\n\n\n<div class=\"wp-block-columns is-layout-flex wp-container-core-columns-is-layout-28f84493 wp-block-columns-is-layout-flex\">\n<div class=\"wp-block-column is-layout-flow wp-block-column-is-layout-flow\">\n<div class=\"wp-block-buttons is-layout-flex wp-block-buttons-is-layout-flex\">\n<div class=\"wp-block-button\"><a class=\"wp-block-button__link wp-element-button\" href=\"https:\/\/webmii.com\/\">Acc\u00e8s \u00e0 la ressource<\/a><\/div>\n<\/div>\n<\/div>\n\n\n\n<div class=\"wp-block-column is-layout-flow wp-block-column-is-layout-flow\">\n<div class=\"wp-block-buttons is-layout-flex wp-block-buttons-is-layout-flex\">\n<div class=\"wp-block-button\"><a class=\"wp-block-button__link wp-element-button\" href=\"https:\/\/sites.ac-nancy-metz.fr\/molomolo\/wp-content\/uploads\/2023\/06\/webmii-2023.pdf\">Fiche ressource<\/a><\/div>\n<\/div>\n<\/div>\n<\/div>\n","protected":false},"excerpt":{"rendered":"<p>WebMii\u00a0:\u00a0comment conna\u00eetre son identit\u00e9 num\u00e9rique ?Recherchez des personnes et d\u00e9couvrez leur score de visibilit\u00e9 sur Internet. WebMii est un moteur de recherche de personnes qui vous aide \u00e0 trouver toutes les informations publiques sur n&rsquo;importe quelle personne. Cet outil permet de r\u00e9fl\u00e9chir, se questionner sur la e-r\u00e9putation et l\u2019identit\u00e9&nbsp;num\u00e9rique. Faites-vous me buzz ? Testez-vous !<\/p>\n","protected":false},"author":7,"featured_media":3323,"parent":0,"menu_order":0,"comment_status":"closed","ping_status":"closed","template":"","meta":{"_seopress_robots_primary_cat":"","_seopress_titles_title":"","_seopress_titles_desc":"","_seopress_robots_index":"","footnotes":""},"categories":[19],"tags":[],"class_list":["post-3750","page","type-page","status-publish","has-post-thumbnail","hentry","category-initiative"],"_links":{"self":[{"href":"https:\/\/sites.ac-nancy-metz.fr\/bonusagedunumerique\/wp-json\/wp\/v2\/pages\/3750","targetHints":{"allow":["GET"]}}],"collection":[{"href":"https:\/\/sites.ac-nancy-metz.fr\/bonusagedunumerique\/wp-json\/wp\/v2\/pages"}],"about":[{"href":"https:\/\/sites.ac-nancy-metz.fr\/bonusagedunumerique\/wp-json\/wp\/v2\/types\/page"}],"author":[{"embeddable":true,"href":"https:\/\/sites.ac-nancy-metz.fr\/bonusagedunumerique\/wp-json\/wp\/v2\/users\/7"}],"replies":[{"embeddable":true,"href":"https:\/\/sites.ac-nancy-metz.fr\/bonusagedunumerique\/wp-json\/wp\/v2\/comments?post=3750"}],"version-history":[{"count":6,"href":"https:\/\/sites.ac-nancy-metz.fr\/bonusagedunumerique\/wp-json\/wp\/v2\/pages\/3750\/revisions"}],"predecessor-version":[{"id":4347,"href":"https:\/\/sites.ac-nancy-metz.fr\/bonusagedunumerique\/wp-json\/wp\/v2\/pages\/3750\/revisions\/4347"}],"wp:featuredmedia":[{"embeddable":true,"href":"https:\/\/sites.ac-nancy-metz.fr\/bonusagedunumerique\/wp-json\/wp\/v2\/media\/3323"}],"wp:attachment":[{"href":"https:\/\/sites.ac-nancy-metz.fr\/bonusagedunumerique\/wp-json\/wp\/v2\/media?parent=3750"}],"wp:term":[{"taxonomy":"category","embeddable":true,"href":"https:\/\/sites.ac-nancy-metz.fr\/bonusagedunumerique\/wp-json\/wp\/v2\/categories?post=3750"},{"taxonomy":"post_tag","embeddable":true,"href":"https:\/\/sites.ac-nancy-metz.fr\/bonusagedunumerique\/wp-json\/wp\/v2\/tags?post=3750"}],"curies":[{"name":"wp","href":"https:\/\/api.w.org\/{rel}","templated":true}]}}