{"id":3763,"date":"2023-06-20T15:55:46","date_gmt":"2023-06-20T13:55:46","guid":{"rendered":"https:\/\/sites.ac-nancy-metz.fr\/bonusagedunumerique\/?page_id=3763"},"modified":"2024-08-23T09:11:43","modified_gmt":"2024-08-23T07:11:43","slug":"initiative-18","status":"publish","type":"page","link":"https:\/\/sites.ac-nancy-metz.fr\/bonusagedunumerique\/initiative-18\/","title":{"rendered":"INITIATIVE 18 : NAH"},"content":{"rendered":"\n<p><strong>Non au harc\u00e8lement<\/strong>&nbsp;: Comment mieux comprendre les comportements sur les r\u00e9seaux sociaux ?<br>La fiche est construite sous la forme d\u2019un jeu de r\u00f4le et de cartes \u00e0 d\u00e9couvrir afin d\u2019aider le jeune \u00e0 se questionner sur le r\u00f4le de chacun des acteurs d\u2019un cas de harc\u00e8lement.<\/p>\n\n\n\n<figure class=\"wp-block-embed is-type-video is-provider-youtube wp-block-embed-youtube wp-embed-aspect-16-9 wp-has-aspect-ratio\"><div class=\"wp-block-embed__wrapper\">\n<iframe title=\"Les claques - Agir contre le harc\u00e8lement \u00e0 l&#039;\u00c9cole\" width=\"800\" height=\"450\" src=\"https:\/\/www.youtube.com\/embed\/wvnotcnHiMo?feature=oembed\" frameborder=\"0\" allow=\"accelerometer; autoplay; clipboard-write; encrypted-media; gyroscope; picture-in-picture; web-share\" referrerpolicy=\"strict-origin-when-cross-origin\" allowfullscreen><\/iframe>\n<\/div><\/figure>\n\n\n\n<p>Public :&nbsp;parents, \u00e9l\u00e8ves \u00e0 partir de 10 ans<\/p>\n\n\n\n<p><strong>Et vous, o\u00f9 en \u00eates-vous avec vos relations aux autres ?<\/strong><\/p>\n\n\n\n<div class=\"wp-block-columns is-layout-flex wp-container-core-columns-is-layout-28f84493 wp-block-columns-is-layout-flex\">\n<div class=\"wp-block-column is-layout-flow wp-block-column-is-layout-flow\">\n<div class=\"wp-block-buttons is-layout-flex wp-block-buttons-is-layout-flex\">\n<div class=\"wp-block-button\"><a class=\"wp-block-button__link wp-element-button\" href=\"https:\/\/dane.nancy-metz.fr\/wp-content\/uploads\/2020\/cartes_NAH.pdf\">Acc\u00e8s \u00e0 la ressource<\/a><\/div>\n<\/div>\n<\/div>\n\n\n\n<div class=\"wp-block-column is-layout-flow wp-block-column-is-layout-flow\">\n<div class=\"wp-block-buttons is-layout-flex wp-block-buttons-is-layout-flex\">\n<div class=\"wp-block-button\"><a class=\"wp-block-button__link wp-element-button\" href=\"https:\/\/sites.ac-nancy-metz.fr\/molomolo\/wp-content\/uploads\/2023\/06\/18_NAH.pdf\">Fiche ressource<\/a><\/div>\n<\/div>\n<\/div>\n<\/div>\n\n\n\n<p><\/p>\n","protected":false},"excerpt":{"rendered":"<p>Non au harc\u00e8lement&nbsp;: Comment mieux comprendre les comportements sur les r\u00e9seaux sociaux ?La fiche est construite sous la forme d\u2019un jeu de r\u00f4le et de cartes \u00e0 d\u00e9couvrir afin d\u2019aider le jeune \u00e0 se questionner sur le r\u00f4le de chacun des acteurs d\u2019un cas de harc\u00e8lement. Public :&nbsp;parents, \u00e9l\u00e8ves \u00e0 partir de 10 ans Et [&hellip;]<\/p>\n","protected":false},"author":7,"featured_media":3326,"parent":0,"menu_order":0,"comment_status":"closed","ping_status":"closed","template":"","meta":{"_seopress_robots_primary_cat":"","_seopress_titles_title":"","_seopress_titles_desc":"","_seopress_robots_index":"","footnotes":""},"categories":[19],"tags":[],"class_list":["post-3763","page","type-page","status-publish","has-post-thumbnail","hentry","category-initiative"],"_links":{"self":[{"href":"https:\/\/sites.ac-nancy-metz.fr\/bonusagedunumerique\/wp-json\/wp\/v2\/pages\/3763","targetHints":{"allow":["GET"]}}],"collection":[{"href":"https:\/\/sites.ac-nancy-metz.fr\/bonusagedunumerique\/wp-json\/wp\/v2\/pages"}],"about":[{"href":"https:\/\/sites.ac-nancy-metz.fr\/bonusagedunumerique\/wp-json\/wp\/v2\/types\/page"}],"author":[{"embeddable":true,"href":"https:\/\/sites.ac-nancy-metz.fr\/bonusagedunumerique\/wp-json\/wp\/v2\/users\/7"}],"replies":[{"embeddable":true,"href":"https:\/\/sites.ac-nancy-metz.fr\/bonusagedunumerique\/wp-json\/wp\/v2\/comments?post=3763"}],"version-history":[{"count":6,"href":"https:\/\/sites.ac-nancy-metz.fr\/bonusagedunumerique\/wp-json\/wp\/v2\/pages\/3763\/revisions"}],"predecessor-version":[{"id":4367,"href":"https:\/\/sites.ac-nancy-metz.fr\/bonusagedunumerique\/wp-json\/wp\/v2\/pages\/3763\/revisions\/4367"}],"wp:featuredmedia":[{"embeddable":true,"href":"https:\/\/sites.ac-nancy-metz.fr\/bonusagedunumerique\/wp-json\/wp\/v2\/media\/3326"}],"wp:attachment":[{"href":"https:\/\/sites.ac-nancy-metz.fr\/bonusagedunumerique\/wp-json\/wp\/v2\/media?parent=3763"}],"wp:term":[{"taxonomy":"category","embeddable":true,"href":"https:\/\/sites.ac-nancy-metz.fr\/bonusagedunumerique\/wp-json\/wp\/v2\/categories?post=3763"},{"taxonomy":"post_tag","embeddable":true,"href":"https:\/\/sites.ac-nancy-metz.fr\/bonusagedunumerique\/wp-json\/wp\/v2\/tags?post=3763"}],"curies":[{"name":"wp","href":"https:\/\/api.w.org\/{rel}","templated":true}]}}