{"id":3767,"date":"2023-06-20T15:58:59","date_gmt":"2023-06-20T13:58:59","guid":{"rendered":"https:\/\/sites.ac-nancy-metz.fr\/bonusagedunumerique\/?page_id=3767"},"modified":"2024-08-23T09:11:36","modified_gmt":"2024-08-23T07:11:36","slug":"initiative-19","status":"publish","type":"page","link":"https:\/\/sites.ac-nancy-metz.fr\/bonusagedunumerique\/initiative-19\/","title":{"rendered":"INITIATIVE 19 : Black mirror"},"content":{"rendered":"\n<p><strong>Black mirror<\/strong>&nbsp;: Comment garder un esprit critique sur l\u2019impact des technologies ?<\/p>\n\n\n\n<p>Qui n\u2019a jamais imagin\u00e9 que les&nbsp;#robots&nbsp;&amp; nouvelles technologies prendraient le pas sur l\u2019homme pour le contr\u00f4ler dans un futur plus ou moins proche ?<\/p>\n\n\n\n<p>Pour aller plus loin, article du journal la tribune :&nbsp;<a href=\"https:\/\/www.latribune.fr\/opinions\/tribunes\/black-mirror-ou-la-partie-sombre-de-la-technologie-d-aujourd-hui-818758.html\" target=\"_blank\" rel=\"noreferrer noopener\">\u00ab&nbsp;Black Mirror&nbsp;\u00bb ou la partie sombre de la technologie d\u2019aujourd\u2019hui<\/a><\/p>\n\n\n\n<figure class=\"wp-block-embed is-type-video is-provider-youtube wp-block-embed-youtube wp-embed-aspect-16-9 wp-has-aspect-ratio\"><div class=\"wp-block-embed__wrapper\">\n<iframe title=\"Black Mirror | Trailer [HD] | Netflix\" width=\"800\" height=\"450\" src=\"https:\/\/www.youtube.com\/embed\/V0XOApF5nLU?feature=oembed\" frameborder=\"0\" allow=\"accelerometer; autoplay; clipboard-write; encrypted-media; gyroscope; picture-in-picture; web-share\" referrerpolicy=\"strict-origin-when-cross-origin\" allowfullscreen><\/iframe>\n<\/div><\/figure>\n\n\n\n<p>Public :&nbsp;\u00e9l\u00e8ves de lyc\u00e9e<\/p>\n\n\n\n<p>ATTENTION&nbsp;:&nbsp;&nbsp;certaines sc\u00e8nes peuvent heurter la sensibilit\u00e9 des plus jeunes ainsi que des personnes non averties.<\/p>\n\n\n\n<p><strong>Et vous, o\u00f9 en \u00eates-vous avec les nouvelles technologies ?<\/strong><\/p>\n\n\n\n<div class=\"wp-block-columns is-layout-flex wp-container-core-columns-is-layout-28f84493 wp-block-columns-is-layout-flex\">\n<div class=\"wp-block-column is-layout-flow wp-block-column-is-layout-flow\">\n<div class=\"wp-block-buttons is-layout-flex wp-block-buttons-is-layout-flex\">\n<div class=\"wp-block-button\"><a class=\"wp-block-button__link wp-element-button\" href=\"https:\/\/www.netflix.com\/fr\/title\/70264888\">Acc\u00e8s \u00e0 la ressource<\/a><\/div>\n<\/div>\n<\/div>\n\n\n\n<div class=\"wp-block-column is-layout-flow wp-block-column-is-layout-flow\">\n<div class=\"wp-block-buttons is-layout-flex wp-block-buttons-is-layout-flex\">\n<div class=\"wp-block-button\"><a class=\"wp-block-button__link wp-element-button\" href=\"https:\/\/sites.ac-nancy-metz.fr\/molomolo\/wp-content\/uploads\/2023\/06\/19_black_mirror.pdf\">Fiche ressource<\/a><\/div>\n<\/div>\n<\/div>\n<\/div>\n","protected":false},"excerpt":{"rendered":"<p>Black mirror&nbsp;: Comment garder un esprit critique sur l\u2019impact des technologies ? Qui n\u2019a jamais imagin\u00e9 que les&nbsp;#robots&nbsp;&amp; nouvelles technologies prendraient le pas sur l\u2019homme pour le contr\u00f4ler dans un futur plus ou moins proche ? Pour aller plus loin, article du journal la tribune :&nbsp;\u00ab&nbsp;Black Mirror&nbsp;\u00bb ou la partie sombre de la technologie d\u2019aujourd\u2019hui [&hellip;]<\/p>\n","protected":false},"author":7,"featured_media":3327,"parent":0,"menu_order":0,"comment_status":"closed","ping_status":"closed","template":"","meta":{"_seopress_robots_primary_cat":"","_seopress_titles_title":"","_seopress_titles_desc":"","_seopress_robots_index":"","footnotes":""},"categories":[19],"tags":[],"class_list":["post-3767","page","type-page","status-publish","has-post-thumbnail","hentry","category-initiative"],"_links":{"self":[{"href":"https:\/\/sites.ac-nancy-metz.fr\/bonusagedunumerique\/wp-json\/wp\/v2\/pages\/3767","targetHints":{"allow":["GET"]}}],"collection":[{"href":"https:\/\/sites.ac-nancy-metz.fr\/bonusagedunumerique\/wp-json\/wp\/v2\/pages"}],"about":[{"href":"https:\/\/sites.ac-nancy-metz.fr\/bonusagedunumerique\/wp-json\/wp\/v2\/types\/page"}],"author":[{"embeddable":true,"href":"https:\/\/sites.ac-nancy-metz.fr\/bonusagedunumerique\/wp-json\/wp\/v2\/users\/7"}],"replies":[{"embeddable":true,"href":"https:\/\/sites.ac-nancy-metz.fr\/bonusagedunumerique\/wp-json\/wp\/v2\/comments?post=3767"}],"version-history":[{"count":8,"href":"https:\/\/sites.ac-nancy-metz.fr\/bonusagedunumerique\/wp-json\/wp\/v2\/pages\/3767\/revisions"}],"predecessor-version":[{"id":4366,"href":"https:\/\/sites.ac-nancy-metz.fr\/bonusagedunumerique\/wp-json\/wp\/v2\/pages\/3767\/revisions\/4366"}],"wp:featuredmedia":[{"embeddable":true,"href":"https:\/\/sites.ac-nancy-metz.fr\/bonusagedunumerique\/wp-json\/wp\/v2\/media\/3327"}],"wp:attachment":[{"href":"https:\/\/sites.ac-nancy-metz.fr\/bonusagedunumerique\/wp-json\/wp\/v2\/media?parent=3767"}],"wp:term":[{"taxonomy":"category","embeddable":true,"href":"https:\/\/sites.ac-nancy-metz.fr\/bonusagedunumerique\/wp-json\/wp\/v2\/categories?post=3767"},{"taxonomy":"post_tag","embeddable":true,"href":"https:\/\/sites.ac-nancy-metz.fr\/bonusagedunumerique\/wp-json\/wp\/v2\/tags?post=3767"}],"curies":[{"name":"wp","href":"https:\/\/api.w.org\/{rel}","templated":true}]}}