{"id":3773,"date":"2023-06-20T16:06:34","date_gmt":"2023-06-20T14:06:34","guid":{"rendered":"https:\/\/sites.ac-nancy-metz.fr\/bonusagedunumerique\/?page_id=3773"},"modified":"2024-08-23T09:11:08","modified_gmt":"2024-08-23T07:11:08","slug":"initiative-20","status":"publish","type":"page","link":"https:\/\/sites.ac-nancy-metz.fr\/bonusagedunumerique\/initiative-20\/","title":{"rendered":"INITIATIVE 20 : Pix"},"content":{"rendered":"\n<p><strong>Pix<\/strong>&nbsp;: Comment construire ses comp\u00e9tences num\u00e9riques ?<br>La fiche accompagne l\u2019\u00e9l\u00e8ve dans la d\u00e9couverte de&nbsp;<a href=\"https:\/\/pix.fr\/\">l\u2019application PIX<\/a>&nbsp;d\u00e9velopp\u00e9e pour permettre l\u2019\u00e9valuation et la certification des comp\u00e9tences num\u00e9riques pour tous, tout au long de la vie.<\/p>\n\n\n\n<figure class=\"wp-block-embed is-type-video is-provider-youtube wp-block-embed-youtube wp-embed-aspect-16-9 wp-has-aspect-ratio\"><div class=\"wp-block-embed__wrapper\">\n<iframe title=\"Pix - Cultivez vos comp\u00e9tences num\u00e9riques\" width=\"800\" height=\"450\" src=\"https:\/\/www.youtube.com\/embed\/1B8fBmLIsh8?feature=oembed\" frameborder=\"0\" allow=\"accelerometer; autoplay; clipboard-write; encrypted-media; gyroscope; picture-in-picture; web-share\" referrerpolicy=\"strict-origin-when-cross-origin\" allowfullscreen><\/iframe>\n<\/div><\/figure>\n\n\n\n<p>Public :&nbsp;parents et \u00e9l\u00e8ves du coll\u00e8ge au lyc\u00e9e<\/p>\n\n\n\n<p><strong>Testez-vous !<\/strong><\/p>\n\n\n\n<div class=\"wp-block-columns is-layout-flex wp-container-core-columns-is-layout-28f84493 wp-block-columns-is-layout-flex\">\n<div class=\"wp-block-column is-layout-flow wp-block-column-is-layout-flow\">\n<div class=\"wp-block-buttons is-layout-flex wp-block-buttons-is-layout-flex\">\n<div class=\"wp-block-button\"><a class=\"wp-block-button__link wp-element-button\">Acc\u00e8s \u00e0 la ressource<\/a><\/div>\n<\/div>\n<\/div>\n\n\n\n<div class=\"wp-block-column is-layout-flow wp-block-column-is-layout-flow\">\n<div class=\"wp-block-buttons is-layout-flex wp-block-buttons-is-layout-flex\">\n<div class=\"wp-block-button\"><a class=\"wp-block-button__link wp-element-button\" href=\"https:\/\/sites.ac-nancy-metz.fr\/molomolo\/wp-content\/uploads\/2023\/06\/20_pix.pdf\">Fiche ressource<\/a><\/div>\n<\/div>\n<\/div>\n<\/div>\n\n\n\n<p><\/p>\n","protected":false},"excerpt":{"rendered":"<p>Pix&nbsp;: Comment construire ses comp\u00e9tences num\u00e9riques ?La fiche accompagne l\u2019\u00e9l\u00e8ve dans la d\u00e9couverte de&nbsp;l\u2019application PIX&nbsp;d\u00e9velopp\u00e9e pour permettre l\u2019\u00e9valuation et la certification des comp\u00e9tences num\u00e9riques pour tous, tout au long de la vie. Public :&nbsp;parents et \u00e9l\u00e8ves du coll\u00e8ge au lyc\u00e9e Testez-vous !<\/p>\n","protected":false},"author":7,"featured_media":3328,"parent":0,"menu_order":0,"comment_status":"closed","ping_status":"closed","template":"","meta":{"_seopress_robots_primary_cat":"","_seopress_titles_title":"","_seopress_titles_desc":"","_seopress_robots_index":"","footnotes":""},"categories":[19],"tags":[],"class_list":["post-3773","page","type-page","status-publish","has-post-thumbnail","hentry","category-initiative"],"_links":{"self":[{"href":"https:\/\/sites.ac-nancy-metz.fr\/bonusagedunumerique\/wp-json\/wp\/v2\/pages\/3773","targetHints":{"allow":["GET"]}}],"collection":[{"href":"https:\/\/sites.ac-nancy-metz.fr\/bonusagedunumerique\/wp-json\/wp\/v2\/pages"}],"about":[{"href":"https:\/\/sites.ac-nancy-metz.fr\/bonusagedunumerique\/wp-json\/wp\/v2\/types\/page"}],"author":[{"embeddable":true,"href":"https:\/\/sites.ac-nancy-metz.fr\/bonusagedunumerique\/wp-json\/wp\/v2\/users\/7"}],"replies":[{"embeddable":true,"href":"https:\/\/sites.ac-nancy-metz.fr\/bonusagedunumerique\/wp-json\/wp\/v2\/comments?post=3773"}],"version-history":[{"count":6,"href":"https:\/\/sites.ac-nancy-metz.fr\/bonusagedunumerique\/wp-json\/wp\/v2\/pages\/3773\/revisions"}],"predecessor-version":[{"id":4364,"href":"https:\/\/sites.ac-nancy-metz.fr\/bonusagedunumerique\/wp-json\/wp\/v2\/pages\/3773\/revisions\/4364"}],"wp:featuredmedia":[{"embeddable":true,"href":"https:\/\/sites.ac-nancy-metz.fr\/bonusagedunumerique\/wp-json\/wp\/v2\/media\/3328"}],"wp:attachment":[{"href":"https:\/\/sites.ac-nancy-metz.fr\/bonusagedunumerique\/wp-json\/wp\/v2\/media?parent=3773"}],"wp:term":[{"taxonomy":"category","embeddable":true,"href":"https:\/\/sites.ac-nancy-metz.fr\/bonusagedunumerique\/wp-json\/wp\/v2\/categories?post=3773"},{"taxonomy":"post_tag","embeddable":true,"href":"https:\/\/sites.ac-nancy-metz.fr\/bonusagedunumerique\/wp-json\/wp\/v2\/tags?post=3773"}],"curies":[{"name":"wp","href":"https:\/\/api.w.org\/{rel}","templated":true}]}}