{"id":10335,"date":"2024-10-25T12:09:48","date_gmt":"2024-10-25T10:09:48","guid":{"rendered":"https:\/\/sites.ac-nancy-metz.fr\/cachecachemicro\/?page_id=10335"},"modified":"2024-10-25T12:10:09","modified_gmt":"2024-10-25T10:10:09","slug":"classes-decouvertes","status":"publish","type":"page","link":"https:\/\/sites.ac-nancy-metz.fr\/cachecachemicro\/classes-decouvertes\/","title":{"rendered":"Classes d\u00e9couvertes"},"content":{"rendered":"\n<p>Le principe :<br>Faire d\u00e9couvrir la radio \u00e0 une classe enti\u00e8re sur une journ\u00e9e, avec transport des<br>enfants jusqu&rsquo;\u00e0 la Maison de la Communication \u00e0 Villey-le-Sec.<br>\u00c0 partir d&rsquo;un projet d\u00e9fini pr\u00e9alablement avec la classe, diff\u00e9rents ateliers sont propos\u00e9s : Pr\u00e9paration d&rsquo;une \u00e9mission en direct, travail sur l&rsquo;interview et la prise de parole , initiation au montage et \u00e0 la prise de son, intervention d&rsquo;artistes ou de professionnel de la presse.  Deux sessions sont propos\u00e9es chaque ann\u00e9e en novembre et en mars \u00e0 l&rsquo;occasion de la Semaine de la Presse \u00e0 l\u2019\u00c9cole.<\/p>\n\n\n\n<p>Cache-Cache M\u00e9dias, gr\u00e2ce aux subventions, prend en charge en partie l&rsquo;intervention et les transports. Il reste \u00e0 charge pour la classe 150 euros et 30 euros d&rsquo;adh\u00e9sion \u00e0 l&rsquo;ACT Radio D\u00e9clic ( Attention!  l&rsquo;enseignant se charge de la r\u00e9servation du transport ). <br><\/p>\n\n\n\n<p><br><\/p>\n","protected":false},"excerpt":{"rendered":"<p>Le principe :Faire d\u00e9couvrir la radio \u00e0 une classe enti\u00e8re sur une journ\u00e9e, avec transport desenfants jusqu&rsquo;\u00e0 la Maison de la Communication \u00e0 Villey-le-Sec.\u00c0 partir d&rsquo;un projet d\u00e9fini pr\u00e9alablement avec la classe, diff\u00e9rents ateliers sont propos\u00e9s : Pr\u00e9paration d&rsquo;une \u00e9mission en direct, travail sur l&rsquo;interview et la prise de parole , initiation au montage et [&hellip;]<\/p>\n","protected":false},"author":3,"featured_media":0,"parent":0,"menu_order":0,"comment_status":"closed","ping_status":"closed","template":"","meta":{"footnotes":""},"_links":{"self":[{"href":"https:\/\/sites.ac-nancy-metz.fr\/cachecachemicro\/wp-json\/wp\/v2\/pages\/10335"}],"collection":[{"href":"https:\/\/sites.ac-nancy-metz.fr\/cachecachemicro\/wp-json\/wp\/v2\/pages"}],"about":[{"href":"https:\/\/sites.ac-nancy-metz.fr\/cachecachemicro\/wp-json\/wp\/v2\/types\/page"}],"author":[{"embeddable":true,"href":"https:\/\/sites.ac-nancy-metz.fr\/cachecachemicro\/wp-json\/wp\/v2\/users\/3"}],"replies":[{"embeddable":true,"href":"https:\/\/sites.ac-nancy-metz.fr\/cachecachemicro\/wp-json\/wp\/v2\/comments?post=10335"}],"version-history":[{"count":2,"href":"https:\/\/sites.ac-nancy-metz.fr\/cachecachemicro\/wp-json\/wp\/v2\/pages\/10335\/revisions"}],"predecessor-version":[{"id":10337,"href":"https:\/\/sites.ac-nancy-metz.fr\/cachecachemicro\/wp-json\/wp\/v2\/pages\/10335\/revisions\/10337"}],"wp:attachment":[{"href":"https:\/\/sites.ac-nancy-metz.fr\/cachecachemicro\/wp-json\/wp\/v2\/media?parent=10335"}],"curies":[{"name":"wp","href":"https:\/\/api.w.org\/{rel}","templated":true}]}}