{"id":113,"date":"2014-04-18T16:17:02","date_gmt":"2014-04-18T14:17:02","guid":{"rendered":"https:\/\/sites.ac-nancy-metz.fr\/cachecachemicro\/?page_id=113"},"modified":"2022-01-07T14:42:26","modified_gmt":"2022-01-07T12:42:26","slug":"invites","status":"publish","type":"page","link":"https:\/\/sites.ac-nancy-metz.fr\/cachecachemicro\/invites\/","title":{"rendered":"Interviews"},"content":{"rendered":"<p style=\"text-align: justify;\">En suivant le lien, vous pouvez retrouver la page de chacune des interviews\u00a0 t\u00e9l\u00e9phoniques accord\u00e9es avec gentillesse et simplicit\u00e9 par des personnalit\u00e9s des m\u00e9dias<\/p>\n<p><span style=\"color: #008080;\"><strong>2021<\/strong><\/span><\/p>\n<ul>\n<li><a href=\"https:\/\/sites.ac-nancy-metz.fr\/cachecachemicro\/wp-content\/uploads\/2021\/12\/211207_itw_annie_levy_cyferman_classe_dec_pad.mp3\">Annie Levi-Cyferman- avocate -Lucey<\/a><\/li>\n<li><a href=\"https:\/\/sites.ac-nancy-metz.fr\/cachecachemicro\/wp-content\/uploads\/2021\/11\/211126_poa_classedec_mathis_auteur_illustrateur_pad.mp3\">Mathis &#8211; auteur\/illustrateur &#8211; Toul (Maurice Humbert)<\/a><\/li>\n<li><a href=\"https:\/\/sites.ac-nancy-metz.fr\/cachecachemicro\/wp-content\/uploads\/2021\/11\/211119_poa_favieres_pierre_medy_videaste_pad.mp3\">Pierre Medy &#8211; r\u00e9alisateur &#8211; Favi\u00e8res<\/a><\/li>\n<li><a href=\"https:\/\/sites.ac-nancy-metz.fr\/cachecachemicro\/wp-content\/uploads\/2021\/04\/210329_sps_itw_daniel_fievet_pad.mp3\">Daniel Fi\u00e9vet &#8211; France Inter &#8211;\u00a0Saulxures-les-Vannes<\/a><\/li>\n<li><a href=\"https:\/\/sites.ac-nancy-metz.fr\/cachecachemicro\/wp-content\/uploads\/2021\/03\/210326_sps_itw_sonia_devillers_pad.mp3\">Sonia Devillers &#8211; \u00a0France Inter &#8211; Bruley<\/a><\/li>\n<li><a href=\"https:\/\/sites.ac-nancy-metz.fr\/cachecachemicro\/wp-content\/uploads\/2021\/03\/210325_sps_itw_bruno_heitz_pad.mp3\">Bruno Heitz &#8211; dessinateur de presse et auteur jeunesse &#8211; Choloy-M\u00e9nillot<\/a><\/li>\n<li><a href=\"https:\/\/sites.ac-nancy-metz.fr\/cachecachemicro\/wp-content\/uploads\/2021\/03\/210323_sps_itw_laurence_de_cock_pad.mp3\">Laurence De Cock &#8211; Mediapart &#8211;\u00a0Villey-Saint-Etienne<\/a><\/li>\n<li><a href=\"https:\/\/sites.ac-nancy-metz.fr\/cachecachemicro\/wp-content\/uploads\/2021\/03\/210322_sps_itw_dorothee_barba_pad.mp3\">Doroth\u00e9e Barba &#8211; \u00a0France Inter &#8211; Allamps<\/a><\/li>\n<\/ul>\n<p><span style=\"color: #008080;\"><strong>2019<\/strong><\/span><\/p>\n<ul style=\"list-style-type: disc;\">\n<li><a href=\"https:\/\/sites.ac-nancy-metz.fr\/cachecachemicro\/favieres-2019\/\">Sylvie Guillaume &#8211; Photographe &#8211; Favi\u00e8res<\/a><\/li>\n<li><a href=\"https:\/\/sites.ac-nancy-metz.fr\/cachecachemicro\/foug-le-luton-2019\/\">Nicolas Stoufflet &#8211; Animateur France Inter &#8211; Foug (Le Luton)<\/a><\/li>\n<li><a href=\"https:\/\/sites.ac-nancy-metz.fr\/cachecachemicro\/foug-2019\/\">Pascal Ayerbe &#8211; Musicien &#8211; Foug<\/a><\/li>\n<li><a href=\"https:\/\/sites.ac-nancy-metz.fr\/cachecachemicro\/lucey-2019\/\">Simon Attenot &#8211; Radio D\u00e9clic &#8211; Lucey<\/a><\/li>\n<li><a href=\"https:\/\/sites.ac-nancy-metz.fr\/cachecachemicro\/ochey-2019\/\">Michel Ocelot &#8211; R\u00e9alisateur &#8211; Ochey<\/a><\/li>\n<li><a href=\"https:\/\/sites.ac-nancy-metz.fr\/cachecachemicro\/pagney-derriere-barine-2019\/\">Mathieu Vidard &#8211; France Inter &#8211; Pagney-derri\u00e8re-Barine<\/a><\/li>\n<\/ul>\n<p><span style=\"color: #008080;\"><strong>2018<\/strong><\/span><\/p>\n<ul>\n<li><a href=\"https:\/\/sites.ac-nancy-metz.fr\/cachecachemicro\/pagney-derriere-barine-2018-2\/\" target=\"_blank\" rel=\"noopener\"><span style=\"background-color: #ffffff;\">Eric Frasiak &#8211; Artiste &#8211; Pagney-derri\u00e8re-Barine<\/span><\/a><\/li>\n<li><a href=\"https:\/\/sites.ac-nancy-metz.fr\/cachecachemicro\/choloy-menillot-2018\/\" target=\"_blank\" rel=\"noopener\">Olivier Jacquin &#8211; S\u00e9nateur &#8211; Choloy-M\u00e9nillot<\/a><\/li>\n<li><a href=\"https:\/\/sites.ac-nancy-metz.fr\/cachecachemicro\/allain-2018\/\" target=\"_blank\" rel=\"noopener\">Alexandre Lefranc &#8211; Com\u00e9dien &#8211; Allain<\/a><\/li>\n<li><a href=\"https:\/\/sites.ac-nancy-metz.fr\/cachecachemicro\/college-colombey-2018\/\" target=\"_blank\" rel=\"noopener\">Baptiste Cozzupoli &#8211; Artiste Photographe &#8211; Coll\u00e8ge Colombey-les-Belles<\/a><\/li>\n<li><a href=\"https:\/\/sites.ac-nancy-metz.fr\/cachecachemicro\/colombey-2018\/\" target=\"_blank\" rel=\"noopener\">Fran\u00e7ois Saltiel &#8211; Arte &#8211; Colombey-les-Belles<\/a><\/li>\n<li><a href=\"https:\/\/sites.ac-nancy-metz.fr\/cachecachemicro\/wp-content\/uploads\/2018\/03\/180320_sps_phon_decaune_pagney_pad.mp3\" target=\"_blank\" rel=\"noopener\">Antoine Decaunes &#8211; France Inter- Pagney-derri\u00e8re-Barine<\/a><\/li>\n<li><a href=\"https:\/\/sites.ac-nancy-metz.fr\/cachecachemicro\/bicqueley-2018\/\" target=\"_blank\" rel=\"noopener\">Eric Fottorino &#8211; Le 1 &#8211; Bicqueley<\/a><\/li>\n<\/ul>\n<p style=\"text-align: justify;\"><span style=\"color: #008080;\"><strong>2017<\/strong><\/span><\/p>\n<ul>\n<li><a href=\"https:\/\/sites.ac-nancy-metz.fr\/cachecachemicro\/college-j-gruber-colombey-belles-2017\/\">Pierrick Juin &#8211; Charlie Hebdo &#8211; Coll\u00e8ge Colombey-les-Belles<\/a><\/li>\n<li><a href=\"https:\/\/sites.ac-nancy-metz.fr\/cachecachemicro\/toul-sapiniere-2017-2\/\">Tota Compania &#8211; Lutte contre le racisme et l&rsquo;antis\u00e9mitisme &#8211; Sapini\u00e8re Toul<\/a><\/li>\n<li><a href=\"https:\/\/sites.ac-nancy-metz.fr\/cachecachemicro\/toul-sapiniere-2017-2\/\">Guillaume Meurice &#8211; France Inter &#8211; Sapini\u00e8re Toul<\/a><\/li>\n<li><a href=\"https:\/\/sites.ac-nancy-metz.fr\/cachecachemicro\/toul-st-evre-2017\/\">Andr\u00e9 Manoukian &#8211; France Inter &#8211; St Evre Toul<\/a><\/li>\n<li><a href=\"https:\/\/sites.ac-nancy-metz.fr\/cachecachemicro\/classe-decouverte-de-lecole-s-pierson-villey-saint-etienne\/\">Xavier Mauduit &#8211; France Inter \/ Arte &#8211; Villey-Saint-Etienne<\/a><\/li>\n<li><a href=\"https:\/\/sites.ac-nancy-metz.fr\/cachecachemicro\/classe-de-cm2-de-lecole-maurice-humbert-a-toul\/\">Didier Daeninckx &#8211; \u00c9crivain &#8211; M. Humbert Toul<\/a><\/li>\n<\/ul>\n<div class=\"article_text\">\n<p><span style=\"color: #008080;\"><strong>2016<\/strong><\/span><\/p>\n<ul>\n<li><a href=\"https:\/\/sites.ac-nancy-metz.fr\/cachecachemicro\/colombey-belles-2016\/\">Michel Brunner &#8211; Journaliste &#8211; Colombey-les-Belles<\/a><\/li>\n<li><a href=\"https:\/\/sites.ac-nancy-metz.fr\/cachecachemicro\/toul-m-humbert-2\/\">Estelle Faure &#8211; France Inter &#8211; M. Humbert Toul<\/a><\/li>\n<li><a href=\"https:\/\/sites.ac-nancy-metz.fr\/cachecachemicro\/neuves-maisons-francois-villon\/\">Claire Burgain &#8211; SapienSapiens &#8211; F. Villon Neuves-Maisons<\/a><\/li>\n<li><a href=\"https:\/\/sites.ac-nancy-metz.fr\/cachecachemicro\/toul-pierre-marie-curie-ce2\/\">Michel Brunner &#8211; Journaliste &#8211; Pierre et Marie Curie CE2 Toul<\/a><\/li>\n<li><a href=\"https:\/\/sites.ac-nancy-metz.fr\/cachecachemicro\/toul-pierre-marie-curie-ce2\/\">Philippe Bertrand &#8211; France Inter &#8211; Pierre et Marie Curie CE2 Toul<\/a><\/li>\n<li><a href=\"https:\/\/sites.ac-nancy-metz.fr\/cachecachemicro\/pagney-derriere-barine-4\/\">Renaud &#8211; Artiste &#8211; Pagney-derri\u00e8re-Barine<\/a><\/li>\n<li><a href=\"https:\/\/sites.ac-nancy-metz.fr\/cachecachemicro\/college-de-colombey\/\">Dominique Potier &#8211; D\u00e9put\u00e9 de Meurthe-et-Moselle &#8211; Coll\u00e8ge Colombey-les-Belles<\/a><\/li>\n<\/ul>\n<p><span style=\"color: #008080;\"><strong>2015<\/strong><\/span><\/p>\n<ul style=\"list-style-type: disc;\">\n<li><a href=\"https:\/\/sites.ac-nancy-metz.fr\/cachecachemicro\/2643\/noviant\/#ITW\">Vincent Josse &#8211; France Inter &#8211; Choloy-M\u00e9nillot<\/a><\/li>\n<li><a href=\"https:\/\/sites.ac-nancy-metz.fr\/cachecachemicro\/classe-decouverte-ce2-cm1-cm2-de-lecole-dallamps\/\">Jean-Jacques Janot &#8211; Radio D\u00e9clic &#8211; Allamps<\/a><\/li>\n<li><a href=\"https:\/\/sites.ac-nancy-metz.fr\/cachecachemicro\/classe-decouverte-ce2-cm1-cm2-de-lecole-dallamps\/\">Philippe Terrillon &#8211; Cigar Box &#8211; Allamps<\/a><\/li>\n<li><a href=\"https:\/\/sites.ac-nancy-metz.fr\/cachecachemicro\/2643\/noviant\/#ITW\">Pierrick Juin &#8211; Dessinateur de presse &#8211; Noviant-aux-pr\u00e9s<\/a><\/li>\n<li><a href=\"https:\/\/sites.ac-nancy-metz.fr\/cachecachemicro\/2591\/toul-m-humbert\/#ITW\">Val\u00e9rie Susset &#8211; Est R\u00e9publicain &#8211; Toul, M.Humbert<\/a><\/li>\n<li><a href=\"https:\/\/sites.ac-nancy-metz.fr\/cachecachemicro\/2591\/toul-m-humbert\/#ITW\">Thomas Legrand &#8211; France Inter &#8211; Toul, M.Humber<\/a><\/li>\n<li><a href=\"https:\/\/sites.ac-nancy-metz.fr\/cachecachemicro\/2565\/vannes-le-chatel-2\/#ITW\">Kathleen Evin &#8211; France Inter &#8211; Vannes-le-Ch\u00e2tel<\/a><\/li>\n<li><a href=\"https:\/\/sites.ac-nancy-metz.fr\/cachecachemicro\/2517\/saulxures-les-vannes\/#ITW\">Fr\u00e9deric Bonnaud &#8211; Les Inrocks &#8211; Saulxures-les-vannes<\/a><\/li>\n<li><a href=\"https:\/\/sites.ac-nancy-metz.fr\/cachecachemicro\/2499\/toul-st-mansuy-2\/#ITW\">Charline Van Hoenacker &#8211; France Inter &#8211; Toul, St Mansuy<\/a><\/li>\n<li><a href=\"https:\/\/sites.ac-nancy-metz.fr\/cachecachemicro\/2435\/pagney-derriere-barine-3\/#ITW\">Daniel Conrad &#8211; RCN &#8211; Pagney-derri\u00e8re-Barine<\/a><\/li>\n<li><a href=\"https:\/\/sites.ac-nancy-metz.fr\/cachecachemicro\/2193\/colombey-3\/#ITW\">Virginie Legrand &#8211; Ayud&rsquo;art &#8211; Colombey-les-Belles<\/a><\/li>\n<\/ul>\n<\/div>\n<div class=\"article_text\">\n<p style=\"text-align: justify;\"><span style=\"color: #008080;\"><strong>2014<\/strong><\/span><\/p>\n<p style=\"text-align: justify; padding-left: 30px;\"><a title=\"Pagney derri\u00e8re Barine\" href=\"https:\/\/sites.ac-nancy-metz.fr\/cachecachemicro\/1581\/pagney-derriere-barine\/#baum\"><span style=\"color: #99cc00;\">Thomas Baumgartner<\/span>, Radio France (France Culture -Le Mouv) &#8211; Pagney-derri\u00e8re-Barine<\/a><\/p>\n<p style=\"text-align: justify; padding-left: 30px;\"><a title=\"Pagney derri\u00e8re Barine\" href=\"https:\/\/sites.ac-nancy-metz.fr\/cachecachemicro\/1581\/pagney-derriere-barine\/#mermet\"><span style=\"color: #33cccc;\">Daniel Mermet<\/span>, France Inter \u00ab\u00a0l\u00e0 bas si j&rsquo;y suis\u00a0\u00bb &#8211; Pagney-derri\u00e8re-Barine<\/a><\/p>\n<p style=\"text-align: justify; padding-left: 30px;\"><a title=\"Moutrot \u2013 CE2\/CM1\" href=\"https:\/\/sites.ac-nancy-metz.fr\/cachecachemicro\/1541\/1541\/#gapp\"><span style=\"color: #ff00ff;\">Estelle Gapp<\/span>, Radio France, assistante de production \u00ab\u00a0Ca ne peut pas faire de mal\u00a0\u00bb &#8211; Moutrot<\/a><\/p>\n<p style=\"text-align: justify; padding-left: 30px;\"><a title=\"Moutrot \u2013 CM1\/CM2\" href=\"https:\/\/sites.ac-nancy-metz.fr\/cachecachemicro\/1485\/moutrot-cm1cm2\/#pommier\"><span style=\"color: #0000ff;\">\u00a0Fr\u00e9d\u00e9ric Pommier<\/span>, France Inter \u00a0\u00ab\u00a0l&rsquo;\u00e9ph\u00e9m\u00e9ride de Fr\u00e9d\u00e9ric Pommier\u00a0\u00bb &#8211;\u00a0Moutrot<\/a><\/p>\n<p style=\"text-align: justify; padding-left: 30px;\"><a title=\"Colombey\" href=\"https:\/\/sites.ac-nancy-metz.fr\/cachecachemicro\/1397\/colombey-2\/#kobylak\"><span style=\"color: #993366;\">Anne Kobylak<\/span>, France Inter, R\u00e9alisatrice \u00ab\u00a0Il existe un endroit\u00a0\u00bb &#8211;\u00a0Colombey<\/a><\/p>\n<p style=\"text-align: justify; padding-left: 30px;\"><a title=\"Colombey\" href=\"https:\/\/sites.ac-nancy-metz.fr\/cachecachemicro\/1397\/colombey-2\/#diaz\"><span style=\"color: #99cc00;\">Jean-Baptiste Diaz<\/span>, producteur de \u00ab\u00a0Polemix\u00a0\u00bb \u00a0&#8211;\u00a0Colombey<\/a><\/p>\n<p style=\"text-align: justify; padding-left: 30px;\"><a title=\"P &amp; M Curie \u2013 Toul\" href=\"https:\/\/sites.ac-nancy-metz.fr\/cachecachemicro\/1339\/p-m-curie-toul-2\/#cheissoux\"><span style=\"color: #ff9900;\">Denis Cheissoux<\/span>, France Inter \u00ab\u00a0CO2, mon amour\u00a0\u00bb &#8211;\u00a0P et M Curie.<\/a><\/p>\n<p style=\"text-align: justify;\"><span style=\"color: #008080;\"><strong>2013<\/strong><\/span><\/p>\n<p style=\"text-align: justify; padding-left: 30px;\"><a title=\"St-Evre\" href=\"https:\/\/sites.ac-nancy-metz.fr\/cachecachemicro\/1155\/st-evre\/#hassoux\"><span style=\"color: #993366;\">Didier Hassoux<\/span>, journaliste Canard Enchain\u00e9 : St Evre 2013<\/a><\/p>\n<p style=\"text-align: justify; padding-left: 30px;\"><a title=\"St mansuy\" href=\"https:\/\/sites.ac-nancy-metz.fr\/cachecachemicro\/1193\/st-mansuy\/#clark\"><span style=\"color: #ff0000;\">Pascale Clark<\/span>, France Inter \u00ab\u00a0Comme on vous parle\u00a0\u00bb: St Mansuy<\/a><\/p>\n<p style=\"text-align: justify; padding-left: 30px;\"><a title=\"P &amp; M Curie\" href=\"https:\/\/sites.ac-nancy-metz.fr\/cachecachemicro\/1245\/p-m-curie\/#pauchon\"><span style=\"color: #0000ff;\">Herv\u00e9 Pauchon<\/span>, France Inter : P &amp; M Curie<\/a><\/p>\n<p style=\"text-align: justify; padding-left: 30px;\"><span style=\"color: #ff9900;\">Jean-Marie Pelt<\/span>, Biologiste &amp; \u00e9cologiste \u00e9minent, <span style=\"color: #3366ff;\">Bl\u00e9nod-les-Toul<\/span><\/p>\n<p style=\"text-align: justify; padding-left: 30px;\"><a title=\"Domgermain\" href=\"https:\/\/sites.ac-nancy-metz.fr\/cachecachemicro\/971\/domgermain\/#Xavier\"><span style=\"color: #ffcc00;\">Xavier Mauduit<\/span>, animateur producteur France inter : Domgermain<\/a><\/p>\n<p style=\"text-align: justify; padding-left: 30px;\"><a href=\"https:\/\/sites.ac-nancy-metz.fr\/cachecachemicro\/921\/gondreville\/#claire\"><span style=\"color: #ff00ff;\">Claire Sophie Caulay<\/span>, assistante de production France Inter Downtown : <span style=\"color: #ff6600;\">Gondreville<\/span><\/a><\/p>\n<p style=\"text-align: justify; padding-left: 30px;\"><a title=\"P. &amp; M. Curie \u2013 Toul\" href=\"https:\/\/sites.ac-nancy-metz.fr\/cachecachemicro\/865\/p-m-curie-toul\/#Mutel\"><span style=\"color: #00ff00;\">Henri Marc Mutel<\/span>, r\u00e9alisateur France Inter : P et M Curie 2012<\/a><\/p>\n<p style=\"text-align: justify; padding-left: 30px;\"><a title=\"Foug centre\" href=\"https:\/\/sites.ac-nancy-metz.fr\/cachecachemicro\/807\/foug-centre\/#Phil\"><span style=\"color: #99cc00;\">Philippe Collin<\/span>, animateur producteur de Downtown, France Inter: <span style=\"color: #ff9900;\">Foug<\/span><\/a><\/p>\n<p style=\"text-align: justify; padding-left: 30px;\"><a title=\"P. &amp; M. Curie \u2013 Toul\" href=\"https:\/\/sites.ac-nancy-metz.fr\/cachecachemicro\/865\/p-m-curie-toul\/#Daynac\"><span style=\"color: #008000;\">Elsa Daynac<\/span>, chroniqueuse France Inter : P et M Curie<\/a><\/p>\n<p style=\"text-align: justify; padding-left: 30px;\"><a title=\"Foug centre\" href=\"https:\/\/sites.ac-nancy-metz.fr\/cachecachemicro\/807\/foug-centre\/\"><span style=\"color: #ffcc00;\">Pierrick Juin<\/span>, dessinateur de presse Le Gouvernement : Foug<\/a><\/p>\n<p style=\"text-align: justify; padding-left: 30px;\"><a title=\"P &amp; M Curie\" href=\"https:\/\/sites.ac-nancy-metz.fr\/cachecachemicro\/1245\/p-m-curie\/#sapiens\"><span style=\"color: #ff00ff;\">Claire Burgain<\/span> de sapiens sapiens, c&rsquo;est\u00a0ici<\/a><\/p>\n<p style=\"text-align: justify;\"><a href=\"http:\/\/classeradio.eklablog.com\/domgermain-c21028040\">\u00a0<\/a><\/p>\n<\/div>\n","protected":false},"excerpt":{"rendered":"<p>En suivant le lien, vous pouvez retrouver la page de chacune des interviews\u00a0 t\u00e9l\u00e9phoniques accord\u00e9es avec gentillesse et simplicit\u00e9 par des personnalit\u00e9s des m\u00e9dias 2021 Annie Levi-Cyferman- avocate -Lucey Mathis &#8211; auteur\/illustrateur &#8211; Toul (Maurice Humbert) Pierre Medy &#8211; r\u00e9alisateur &#8211; Favi\u00e8res Daniel Fi\u00e9vet &#8211; France Inter &#8211;\u00a0Saulxures-les-Vannes Sonia Devillers &#8211; \u00a0France Inter &#8211; Bruley [&hellip;]<\/p>\n","protected":false},"author":1,"featured_media":0,"parent":0,"menu_order":5,"comment_status":"closed","ping_status":"closed","template":"","meta":{"footnotes":""},"_links":{"self":[{"href":"https:\/\/sites.ac-nancy-metz.fr\/cachecachemicro\/wp-json\/wp\/v2\/pages\/113"}],"collection":[{"href":"https:\/\/sites.ac-nancy-metz.fr\/cachecachemicro\/wp-json\/wp\/v2\/pages"}],"about":[{"href":"https:\/\/sites.ac-nancy-metz.fr\/cachecachemicro\/wp-json\/wp\/v2\/types\/page"}],"author":[{"embeddable":true,"href":"https:\/\/sites.ac-nancy-metz.fr\/cachecachemicro\/wp-json\/wp\/v2\/users\/1"}],"replies":[{"embeddable":true,"href":"https:\/\/sites.ac-nancy-metz.fr\/cachecachemicro\/wp-json\/wp\/v2\/comments?post=113"}],"version-history":[{"count":28,"href":"https:\/\/sites.ac-nancy-metz.fr\/cachecachemicro\/wp-json\/wp\/v2\/pages\/113\/revisions"}],"predecessor-version":[{"id":9419,"href":"https:\/\/sites.ac-nancy-metz.fr\/cachecachemicro\/wp-json\/wp\/v2\/pages\/113\/revisions\/9419"}],"wp:attachment":[{"href":"https:\/\/sites.ac-nancy-metz.fr\/cachecachemicro\/wp-json\/wp\/v2\/media?parent=113"}],"curies":[{"name":"wp","href":"https:\/\/api.w.org\/{rel}","templated":true}]}}