{"id":125,"date":"2014-04-18T16:34:03","date_gmt":"2014-04-18T14:34:03","guid":{"rendered":"https:\/\/sites.ac-nancy-metz.fr\/cachecachemicro\/?page_id=125"},"modified":"2024-10-25T10:51:32","modified_gmt":"2024-10-25T08:51:32","slug":"ressources-pedagogiques","status":"publish","type":"page","link":"https:\/\/sites.ac-nancy-metz.fr\/cachecachemicro\/ressources-pedagogiques\/","title":{"rendered":"Ressources p\u00e9dagogiques"},"content":{"rendered":"\n<p class=\"has-text-align-center\"><strong><span style=\"color: #008080;\">LES RESSOURCES<\/span><\/strong><\/p>\n\n\n\n<p class=\"has-text-align-center\"><a href=\"http:\/\/ekladata.com\/4Vp-ReHR8JnRLBr4rhrHYmBPPzo\/fascicule_version2013.pdf\">Plaquette de pr\u00e9sentation Cache-Cache-Micro<\/a><\/p>\n\n\n\n<p class=\"has-text-align-center\"><a href=\"https:\/\/sites.ac-nancy-metz.fr\/cachecachemicro\/wp-content\/uploads\/2014\/04\/education_medias.pdf\">L&rsquo;\u00e9ducation aux m\u00e9dias<\/a><\/p>\n\n\n\n<p class=\"has-text-align-center\"><a href=\"https:\/\/lite.framacalc.org\/archives-ccm-2024-2025-a9xl.html\">Planning saison 2024-2025<\/a><\/p>\n\n\n\n<p class=\"has-text-align-center\"><a href=\"https:\/\/sites.ac-nancy-metz.fr\/dsden54-circo\/ientoul\/spip.php?article2255\">Les jingles Cache-Cache et Coucou Mag&rsquo;<\/a><\/p>\n\n\n\n<p class=\"has-text-align-center\"><a href=\"https:\/\/digipad.app\/p\/619651\/471232b5342c4\">Digipad<\/a><\/p>\n\n\n\n<p class=\"has-text-align-center\"><strong><span style=\"color: #008080;\">LES INSTITUTIONS<\/span><\/strong><\/p>\n\n\n\n<p class=\"has-text-align-center\"><a href=\"http:\/\/www.clemi.org\/fr\/ressources_pour_la_classe\/\" target=\"_blank\" rel=\"noopener\">Centre de Liaison de l&rsquo;Enseignement et des Medias d&rsquo;Information &#8211; CLEMI<\/a><\/p>\n\n\n\n<p class=\"has-text-align-center\"><a href=\"https:\/\/sites.ac-nancy-metz.fr\/dsden54-circo\/ientoul\/spip.php?page=sommaire\" target=\"_blank\" rel=\"noopener\">Acad\u00e9mie de Nancy-Metz &#8211; Circonscription de Toul<\/a><\/p>\n\n\n\n<p class=\"has-text-align-center\"><strong><span style=\"color: #008080;\">LES ENFANTS \u00c0 LA RADIO<\/span><\/strong><\/p>\n\n\n\n<p class=\"has-text-align-center\"><a href=\"http:\/\/audioblog.arteradio.com\/lenfanfare\/frontUser.do?method=getHomePage&amp;rubricId=3041641&amp;blogName=lenfanfare\" target=\"_blank\" rel=\"noopener\">Lenfanfare &#8211; Radiocom3pommes<\/a><\/p>\n\n\n\n<p class=\"has-text-align-center\"><a href=\"http:\/\/www.arteradio.com\/;jsessionid=2ED934F1FE2DBC61EACD46103C86C263.tc6m\" target=\"_blank\" rel=\"noopener\">Arte Radio<\/a><\/p>\n\n\n\n<p class=\"has-text-align-center\"><strong><span style=\"color: #008080;\">RESSOURCES SONORES<\/span><\/strong><\/p>\n\n\n\n<p class=\"has-text-align-center\"><a href=\"http:\/\/www.universal-soundbank.com\/\" target=\"_blank\" rel=\"noopener\">Universal Soundbank<\/a><\/p>\n\n\n\n<p class=\"has-text-align-center\"><a href=\"http:\/\/www.sound-fishing.net\/\" target=\"_blank\" rel=\"noopener\">Sound Fishing<\/a><\/p>\n\n\n\n<p><\/p>\n","protected":false},"excerpt":{"rendered":"<p>LES RESSOURCES Plaquette de pr\u00e9sentation Cache-Cache-Micro L&rsquo;\u00e9ducation aux m\u00e9dias Planning saison 2024-2025 Les jingles Cache-Cache et Coucou Mag&rsquo; Digipad LES INSTITUTIONS Centre de Liaison de l&rsquo;Enseignement et des Medias d&rsquo;Information &#8211; CLEMI Acad\u00e9mie de Nancy-Metz &#8211; Circonscription de Toul LES ENFANTS \u00c0 LA RADIO Lenfanfare &#8211; Radiocom3pommes Arte Radio RESSOURCES SONORES Universal Soundbank Sound Fishing<\/p>\n","protected":false},"author":1,"featured_media":0,"parent":0,"menu_order":0,"comment_status":"closed","ping_status":"closed","template":"","meta":{"footnotes":""},"_links":{"self":[{"href":"https:\/\/sites.ac-nancy-metz.fr\/cachecachemicro\/wp-json\/wp\/v2\/pages\/125"}],"collection":[{"href":"https:\/\/sites.ac-nancy-metz.fr\/cachecachemicro\/wp-json\/wp\/v2\/pages"}],"about":[{"href":"https:\/\/sites.ac-nancy-metz.fr\/cachecachemicro\/wp-json\/wp\/v2\/types\/page"}],"author":[{"embeddable":true,"href":"https:\/\/sites.ac-nancy-metz.fr\/cachecachemicro\/wp-json\/wp\/v2\/users\/1"}],"replies":[{"embeddable":true,"href":"https:\/\/sites.ac-nancy-metz.fr\/cachecachemicro\/wp-json\/wp\/v2\/comments?post=125"}],"version-history":[{"count":16,"href":"https:\/\/sites.ac-nancy-metz.fr\/cachecachemicro\/wp-json\/wp\/v2\/pages\/125\/revisions"}],"predecessor-version":[{"id":10320,"href":"https:\/\/sites.ac-nancy-metz.fr\/cachecachemicro\/wp-json\/wp\/v2\/pages\/125\/revisions\/10320"}],"wp:attachment":[{"href":"https:\/\/sites.ac-nancy-metz.fr\/cachecachemicro\/wp-json\/wp\/v2\/media?parent=125"}],"curies":[{"name":"wp","href":"https:\/\/api.w.org\/{rel}","templated":true}]}}