{"id":2337,"date":"2015-03-16T15:11:40","date_gmt":"2015-03-16T13:11:40","guid":{"rendered":"https:\/\/sites.ac-nancy-metz.fr\/cachecachemicro\/?page_id=2337"},"modified":"2024-10-25T11:02:57","modified_gmt":"2024-10-25T09:02:57","slug":"contact","status":"publish","type":"page","link":"https:\/\/sites.ac-nancy-metz.fr\/cachecachemicro\/contact\/","title":{"rendered":"Contacts"},"content":{"rendered":"\n<p>Informations et inscription au planning : Aur\u00e9lien ( 06.11.80.86.99 \/ coordination@radiodeclic.fr )<\/p>\n\n\n\n<p>Informations sur le studio Malraux (Croix de Metz)  : Franck ( 06.15.61.86.28 \/ animation@radiodeclic.fr )<\/p>\n\n\n\n<p>Aide au montage et \u00e0 l&rsquo;enregistrement : Jean-Pierre ( 06.79.46.69.00 )<\/p>\n\n\n\n<p>\u00c9mission collective : H\u00e9l\u00e8ne ( helene.dangien@ac-nancy-metz.fr )<\/p>\n\n\n<p><iframe loading=\"lazy\" src=\"https:\/\/www.google.com\/maps\/embed?pb=!1m18!1m12!1m3!1d2635.3259884615013!2d5.9757739999997375!3d48.66100799752888!2m3!1f0!2f0!3f0!3m2!1i1024!2i768!4f13.1!3m3!1m2!1s0x4794a5f3eb27f333%3A0xfa908e2301ba57cb!2sRadio+D%C3%A9clic+(87.7+%2B+89.6+%2B+101.3)+Loi+1901!5e0!3m2!1sfr!2sfr!4v1428583298954\" width=\"600\" height=\"450\" frameborder=\"0\" style=\"border:0\"><\/iframe><\/p>\n<p>[formforall formid=\u00a0\u00bb072d6f7f-2726-41e0-9785-3ffd8c571e8d\u00a0\u00bb ts=\u00a0\u00bb1428582963908&Prime;]<\/p>","protected":false},"excerpt":{"rendered":"<p>Informations et inscription au planning : Aur\u00e9lien ( 06.11.80.86.99 \/ coordination@radiodeclic.fr ) Informations sur le studio Malraux (Croix de Metz) : Franck ( 06.15.61.86.28 \/ animation@radiodeclic.fr ) Aide au montage et \u00e0 l&rsquo;enregistrement : Jean-Pierre ( 06.79.46.69.00 ) \u00c9mission collective : H\u00e9l\u00e8ne ( helene.dangien@ac-nancy-metz.fr ) [formforall formid=\u00a0\u00bb072d6f7f-2726-41e0-9785-3ffd8c571e8d\u00a0\u00bb ts=\u00a0\u00bb1428582963908&Prime;]<\/p>\n","protected":false},"author":1,"featured_media":0,"parent":0,"menu_order":0,"comment_status":"closed","ping_status":"closed","template":"","meta":{"footnotes":""},"_links":{"self":[{"href":"https:\/\/sites.ac-nancy-metz.fr\/cachecachemicro\/wp-json\/wp\/v2\/pages\/2337"}],"collection":[{"href":"https:\/\/sites.ac-nancy-metz.fr\/cachecachemicro\/wp-json\/wp\/v2\/pages"}],"about":[{"href":"https:\/\/sites.ac-nancy-metz.fr\/cachecachemicro\/wp-json\/wp\/v2\/types\/page"}],"author":[{"embeddable":true,"href":"https:\/\/sites.ac-nancy-metz.fr\/cachecachemicro\/wp-json\/wp\/v2\/users\/1"}],"replies":[{"embeddable":true,"href":"https:\/\/sites.ac-nancy-metz.fr\/cachecachemicro\/wp-json\/wp\/v2\/comments?post=2337"}],"version-history":[{"count":4,"href":"https:\/\/sites.ac-nancy-metz.fr\/cachecachemicro\/wp-json\/wp\/v2\/pages\/2337\/revisions"}],"predecessor-version":[{"id":10323,"href":"https:\/\/sites.ac-nancy-metz.fr\/cachecachemicro\/wp-json\/wp\/v2\/pages\/2337\/revisions\/10323"}],"wp:attachment":[{"href":"https:\/\/sites.ac-nancy-metz.fr\/cachecachemicro\/wp-json\/wp\/v2\/media?parent=2337"}],"curies":[{"name":"wp","href":"https:\/\/api.w.org\/{rel}","templated":true}]}}